{"id":309,"date":"2019-01-14T13:36:16","date_gmt":"2019-01-14T13:36:16","guid":{"rendered":"https:\/\/democontent.codex-themes.com\/sites-wpb-v5\/shop-online\/?page_id=309"},"modified":"2022-08-23T07:59:48","modified_gmt":"2022-08-23T07:59:48","slug":"logistics","status":"publish","type":"page","link":"https:\/\/www.mtekstil.com\/en\/logistics\/","title":{"rendered":"LOGISTICS"},"content":{"rendered":"<p>[vc_row css=&#8221;.vc_custom_1547473050373{margin-bottom: 0px !important;}&#8221;][vc_column]<div class=\"clearboth\"><\/div><div class=\"gem-divider \" style=\"margin-top: 150px;\"><\/div>[\/vc_column][\/vc_row][vc_row css=&#8221;.vc_custom_1547473050373{margin-bottom: 0px !important;}&#8221;][vc_column width=&#8221;1\/2&#8243;]<div class=\"gem-image gem-wrapbox gem-wrapbox-style-default gem-wrapbox-position-below\"  style=\"\"><div class=\"gem-wrapbox-inner \" ><img class=\"gem-wrapbox-element img-responsive\" src=\"https:\/\/www.mtekstil.com\/en\/wp-content\/uploads\/2019\/01\/2-1.png\" alt=\"\"\/><\/div><\/div>[\/vc_column][vc_column width=&#8221;1\/2&#8243;][vc_column_text]After production, your products are checked, packaged and sent to your warehouse through contracted cargo or shipping companies. If requested, your products can be delivered from our warehouse to be picked up by you. You can get information from our team according to the cargo or shipping method you choose during your order.[\/vc_column_text]<div class=\"clearboth\"><\/div><div class=\"gem-divider \" style=\"margin-top: 35px;\"><\/div><div class=\"gem-list gem-list-type-square gem-list-color-8\" ><ul>\n<li>UPS<\/li>\n<li>DHL<\/li>\n<li>ARAMEX<\/li>\n<li>ARAS KARGO<\/li>\n<\/ul>\n<\/div>[\/vc_column][\/vc_row][vc_row css=&#8221;.vc_custom_1547473050373{margin-bottom: 0px !important;}&#8221;][vc_column]<div class=\"clearboth\"><\/div><div class=\"gem-divider \" style=\"margin-top: 115px;\"><\/div><div class=\"gem-icon-with-text gem-icon-with-text-icon-size-small\" ><div style=\"margin-bottom:0px;padding-top: 5px;margin-top:0px; \" class=\"gem-icon-with-text-icon\"><div class=\"gem-icon gem-icon-pack-material gem-icon-size-small  gem-icon-shape-square gem-simple-icon\"  style=\"opacity: 1;\"><div class=\"gem-icon-inner\" style=\"\"><span class=\"gem-icon-half-1\" style=\"color: #212121;\"><span class=\"back-angle\">&#xf3e3;<\/span><\/span><span class=\"gem-icon-half-2\" style=\"color: #212121;\"><span class=\"back-angle\">&#xf3e3;<\/span><\/span><\/div><\/div><\/div><div class=\"gem-icon-with-text-content\" ><div class=\"gem-icon-with-text-text\">[vc_column_text]<\/p>\n<div class=\"title-h4\">\n<p><strong>DOMESTIC SHIPPING OPTIONS<\/strong><\/p>\n<\/div>\n<p>[\/vc_column_text]<\/div><\/div><div class=\"clearboth\"><\/div><\/div>[vc_row_inner css=&#8221;.vc_custom_1552648553052{margin-bottom: 50px !important;}&#8221;][vc_column_inner css=&#8221;.vc_custom_1547474679271{padding-left: 60px !important;}&#8221;][vc_tta_accordion style=&#8221;simple_solid&#8221; color=&#8221;black&#8221; c_icon=&#8221;solid_squared&#8221; active_section=&#8221;0&#8243;][vc_tta_section title=&#8221;Warehouse Delivery&#8221; tab_id=&#8221;1547474881984-507071c0-bc90&#8243;][vc_column_text css=&#8221;.vc_custom_1656492377001{margin-top: -10px !important;margin-bottom: -20px !important;}&#8221;]Your products can be shipped from our production facilities by being loaded onto the vehicle you will arrange.[\/vc_column_text][\/vc_tta_section][vc_tta_section title=&#8221;Deliver to Address in Istanbul&#8221; tab_id=&#8221;1547474881986-6020393c-12b7&#8243;][vc_column_text css=&#8221;.vc_custom_1656492417512{margin-top: -10px !important;margin-bottom: -20px !important;}&#8221;]Delivery can be made to addresses in Istanbul by vehicles belonging to our company.[\/vc_column_text][\/vc_tta_section][vc_tta_section title=&#8221;Delivery To Domestic Address By Shipping Vehicles&#8221; tab_id=&#8221;1547474881988-84ec755c-84ae&#8221;][vc_column_text css=&#8221;.vc_custom_1656492468102{margin-top: -10px !important;margin-bottom: -20px !important;}&#8221;]Delivery can be made to domestic addresses with contracted shipping companies. We recommend using this method, especially for high-volume products.[\/vc_column_text][\/vc_tta_section][vc_tta_section title=&#8221;Delivery To Domestic Address By Cargo Companies&#8221; tab_id=&#8221;1649889757708-feed751c-1a96&#8243;][vc_column_text css=&#8221;.vc_custom_1656492508017{margin-top: -10px !important;margin-bottom: -20px !important;}&#8221;]Your low-volume urgent products can be delivered to your address with contracted cargo companies. We do not recommend using this method for high-volume products, as shipping costs will be high.[\/vc_column_text][\/vc_tta_section][vc_tta_section title=&#8221;Storage And Period\u0131c Shipment&#8221; tab_id=&#8221;1649889868476-5486566c-ff7a&#8221;][vc_column_text css=&#8221;.vc_custom_1649889965423{margin-top: -10px !important;margin-bottom: -20px !important;}&#8221;]Talep edilirse ek servis olarak \u00fcr\u00fcnleriniz depolar\u0131m\u0131zda saklan\u0131p belirledi\u011finiz tarihlerde belirledi\u011finiz adetlerde teslim edilecek \u015fekilde sevk edilebilir.[\/vc_column_text][\/vc_tta_section][\/vc_tta_accordion][\/vc_column_inner][\/vc_row_inner][vc_row_inner][vc_column_inner]<div class=\"gem-icon-with-text gem-icon-with-text-icon-size-small\" ><div style=\"margin-bottom:0px;padding-top: 5px;margin-top:0px; \" class=\"gem-icon-with-text-icon\"><div class=\"gem-icon gem-icon-pack-material gem-icon-size-small  gem-icon-shape-square gem-simple-icon\"  style=\"opacity: 1;\"><div class=\"gem-icon-inner\" style=\"\"><span class=\"gem-icon-half-1\" style=\"color: #212121;\"><span class=\"back-angle\">&#xf3e3;<\/span><\/span><span class=\"gem-icon-half-2\" style=\"color: #212121;\"><span class=\"back-angle\">&#xf3e3;<\/span><\/span><\/div><\/div><\/div><div class=\"gem-icon-with-text-content\" ><div class=\"gem-icon-with-text-text\">[vc_column_text]<\/p>\n<div class=\"title-h4\">\n<p><strong>ABROAD SHIPPING OPTIONS<\/strong><\/p>\n<\/div>\n<p>[\/vc_column_text]<\/div><\/div><div class=\"clearboth\"><\/div><\/div>[\/vc_column_inner][vc_column_inner css=&#8221;.vc_custom_1547474679271{padding-left: 60px !important;}&#8221;][vc_tta_accordion style=&#8221;simple_solid&#8221; color=&#8221;black&#8221; c_icon=&#8221;solid_squared&#8221; active_section=&#8221;0&#8243;][vc_tta_section title=&#8221;Air Cargo&#8221; tab_id=&#8221;1547474948965-3a36cd5f-1784&#8243;][vc_column_text css=&#8221;.vc_custom_1656492573627{margin-top: -10px !important;margin-bottom: -20px !important;}&#8221;]With the air cargo option used for your fast production requests, your parcels reach you within 2 to 7 days. Since it is a more expensive method, we recommend it to be used for urgent and small shipments.[\/vc_column_text][\/vc_tta_section][vc_tta_section title=&#8221;Shipping Via Truck&#8221; tab_id=&#8221;1547474948966-c4157817-4cf8&#8243;][vc_column_text css=&#8221;.vc_custom_1656492602615{margin-top: -10px !important;margin-bottom: -20px !important;}&#8221;]This is a more affordable production option that can be used for your high-volume shipments. Shipping time varies according to the country of shipment. Your products are delivered to the truck by our company and delivered to you from the warehouse in the country of destinat\u0130on.[\/vc_column_text][\/vc_tta_section][\/vc_tta_accordion][\/vc_column_inner][\/vc_row_inner]<div class=\"clearboth\"><\/div><div class=\"gem-divider \" style=\"margin-top: 105px;\"><\/div>[\/vc_column][\/vc_row][vc_row full_width=&#8221;stretch_row&#8221; css=&#8221;.vc_custom_1547473016623{margin-bottom: 0px !important;background-color: #f4f4f4 !important;}&#8221;][vc_column]<div class=\"clearboth\"><\/div><div class=\"gem-divider \" style=\"margin-top: 120px;\"><\/div>[vc_column_text css=&#8221;.vc_custom_1656492613595{margin-bottom: 5px !important;}&#8221;]<\/p>\n<div class=\"title-h2\" style=\"text-align: center;\">\n<p><strong>QUESTIONS ABOUT SHIPPING?<\/strong><\/p>\n<\/div>\n<p>[\/vc_column_text][vc_column_text]<\/p>\n<div class=\"styled-subtitle\" style=\"text-align: center;\">\n<p>To contact us, fill out and submit the form below.<\/p>\n<\/div>\n<p>[\/vc_column_text]<div class=\"clearboth\"><\/div><div class=\"gem-divider \" style=\"margin-top: 60px;\"><\/div><div role=\"form\" class=\"wpcf7\" id=\"wpcf7-f3585-o1\" lang=\"en-US\" dir=\"ltr\">\n<div class=\"screen-reader-response\"><p role=\"status\" aria-live=\"polite\" aria-atomic=\"true\"><\/p> <ul><\/ul><\/div>\n<form action=\"\/en\/wp-json\/wp\/v2\/pages\/309#wpcf7-f3585-o1\" method=\"post\" class=\"wpcf7-form init gem-contact-form-white\" novalidate=\"novalidate\" data-status=\"init\">\n<div style=\"display: none;\">\n<input type=\"hidden\" name=\"_wpcf7\" value=\"3585\" \/>\n<input type=\"hidden\" name=\"_wpcf7_version\" value=\"5.5.6\" \/>\n<input type=\"hidden\" name=\"_wpcf7_locale\" value=\"en_US\" \/>\n<input type=\"hidden\" name=\"_wpcf7_unit_tag\" value=\"wpcf7-f3585-o1\" \/>\n<input type=\"hidden\" name=\"_wpcf7_container_post\" value=\"0\" \/>\n<input type=\"hidden\" name=\"_wpcf7_posted_data_hash\" value=\"\" \/>\n<\/div>\n<div class=\"row\">\n<div class=\"form-line col-lg-4 col-md-4 col-xs-12\">\n<div class=\"gem-form-icon-name\"><span class=\"wpcf7-form-control-wrap Your\"><input type=\"text\" name=\"Your\" value=\"\" size=\"40\" class=\"wpcf7-form-control wpcf7-text wpcf7-validates-as-required\" aria-required=\"true\" aria-invalid=\"false\" placeholder=\"Name *\" \/><\/span><\/div>\n<\/div>\n<div class=\"form-line col-lg-4 col-md-4 col-xs-12\">\n<div class=\"gem-form-icon-email\"><span class=\"wpcf7-form-control-wrap your-email\"><input type=\"email\" name=\"your-email\" value=\"\" size=\"40\" class=\"wpcf7-form-control wpcf7-text wpcf7-email wpcf7-validates-as-required wpcf7-validates-as-email\" aria-required=\"true\" aria-invalid=\"false\" placeholder=\"Email *\" \/><\/span><\/div>\n<\/div>\n<div class=\"form-line col-lg-4 col-md-4 col-xs-12\">\n<div class=\"gem-form-icon-phone\"><span class=\"wpcf7-form-control-wrap Telefon\"><input type=\"text\" name=\"Telefon\" value=\"\" size=\"40\" class=\"wpcf7-form-control wpcf7-text wpcf7-validates-as-required\" aria-required=\"true\" aria-invalid=\"false\" placeholder=\"Phone Number *\" \/><\/span><\/div>\n<\/div>\n<div class=\"form-line col-lg-4 col-md-4 col-xs-12\">\n<div class=\"gem-form-icon-website\"><span class=\"wpcf7-form-control-wrap firma\"><input type=\"text\" name=\"firma\" value=\"\" size=\"40\" class=\"wpcf7-form-control wpcf7-text\" aria-invalid=\"false\" placeholder=\"Website\" \/><\/span><\/div>\n<\/div>\n<div class=\"form-line col-lg-4 col-md-4 col-xs-12\">\n<div class=\"gem-form-logo\"><span class=\"wpcf7-form-control-wrap Marka\"><input type=\"text\" name=\"Marka\" value=\"\" size=\"40\" class=\"wpcf7-form-control wpcf7-text\" aria-invalid=\"false\" placeholder=\"Company\" \/><\/span><\/div>\n<\/div>\n<div class=\"form-line col-lg-12 col-md-12 col-xs-12\"><span class=\"wpcf7-form-control-wrap your-message\"><textarea name=\"your-message\" cols=\"40\" rows=\"10\" class=\"wpcf7-form-control wpcf7-textarea wpcf7-validates-as-required\" aria-required=\"true\" aria-invalid=\"false\" placeholder=\"Message\"><\/textarea><\/span><\/div>\n<div class=\"col-lg-12 col-md-12 col-xs-12\"><div class=\"gem-button-container gem-button-position-center thegem-button-69dff481977646458\"  ><input class=\"gem-button gem-button-size-medium gem-button-style-flat gem-button-text-weight-normal wpcf7-form-control has-spinner wpcf7-submit gem-button-wpcf-custom\" data-ll-effect=\"drop-right-without-wrap\" style=\"border-radius: 3px;background-color: #d7b398;color: #fff;\" onmouseleave=\"this.style.backgroundColor='#d7b398';this.style.color='#fff';\" onmouseenter=\"this.style.backgroundColor='#212121';this.style.color='#d7b398';\" id=\"\" tabindex=\"\" type=\"submit\" value=\"Send Message\" \/><\/div> <\/div>\n<\/div>\n<div class=\"wpcf7-response-output\" aria-hidden=\"true\"><\/div><\/form><\/div><div class=\"clearboth\"><\/div><div class=\"gem-divider \" style=\"margin-top: 120px;\"><\/div>[\/vc_column][\/vc_row][vc_row][vc_column][vc_raw_html]JTNDc3R5bGUlM0UlMEEudmNfdHRhLnZjX2dlbmVyYWwlMjAudmNfdHRhLXBhbmVsLnZjX2FjdGl2ZSUyMC52Y190dGEtcGFuZWwtYm9keSUyMCU3QmNvbG9yJTNBJTIwYmxhY2slMjFpbXBvcnRhbnQlN0QlMEElM0MlMkZzdHlsZSUzRQ==[\/vc_raw_html][\/vc_column][\/vc_row]<\/p>\n","protected":false},"excerpt":{"rendered":"<p>[vc_row css=&#8221;.vc_custom_1547473050373{margin-bottom: 0px !important;}&#8221;][vc_column][\/vc_column][\/vc_row][vc_row css=&#8221;.vc_custom_1547473050373{margin-bottom: 0px !important;}&#8221;][vc_column width=&#8221;1\/2&#8243;][\/vc_column][vc_column width=&#8221;1\/2&#8243;][vc_column_text]After production, your products are checked, packaged and sent to your warehouse&#8230;<\/p>\n","protected":false},"author":1,"featured_media":0,"parent":0,"menu_order":0,"comment_status":"closed","ping_status":"closed","template":"","meta":[],"yoast_head":"<!-- This site is optimized with the Yoast SEO plugin v18.8 - https:\/\/yoast.com\/wordpress\/plugins\/seo\/ -->\n<title>Logistics<\/title>\n<meta name=\"description\" content=\"Domestic &amp; Abroad Shipping Options: UPS, DHL, ARAMEX, ARAS KARGO - Storage &amp; Periodic Shipment - Air Cargo - Shipping via Truck\" \/>\n<meta name=\"robots\" content=\"index, follow, max-snippet:-1, max-image-preview:large, max-video-preview:-1\" \/>\n<link rel=\"canonical\" href=\"https:\/\/www.mtekstil.com\/en\/logistics\/\" \/>\n<meta property=\"og:locale\" content=\"en_US\" \/>\n<meta property=\"og:type\" content=\"article\" \/>\n<meta property=\"og:title\" content=\"Logistics\" \/>\n<meta property=\"og:description\" content=\"Domestic &amp; Abroad Shipping Options: UPS, DHL, ARAMEX, ARAS KARGO - Storage &amp; Periodic Shipment - Air Cargo - Shipping via Truck\" \/>\n<meta property=\"og:url\" content=\"https:\/\/www.mtekstil.com\/en\/logistics\/\" \/>\n<meta property=\"og:site_name\" content=\"Mtekstil-Tekstil Promosyon &Uuml;r&uuml;nleri\" \/>\n<meta property=\"article:modified_time\" content=\"2022-08-23T07:59:48+00:00\" \/>\n<meta name=\"twitter:card\" content=\"summary_large_image\" \/>\n<meta name=\"twitter:label1\" content=\"Est. reading time\" \/>\n\t<meta name=\"twitter:data1\" content=\"2 minutes\" \/>\n<script type=\"application\/ld+json\" class=\"yoast-schema-graph\">{\"@context\":\"https:\/\/schema.org\",\"@graph\":[{\"@type\":\"WebSite\",\"@id\":\"https:\/\/www.mtekstil.com\/en\/#website\",\"url\":\"https:\/\/www.mtekstil.com\/en\/\",\"name\":\"Mtekstil-Tekstil Promosyon &Uuml;r&uuml;nleri\",\"description\":\"Tekstil Promosyon &Uuml;r&uuml;nleri\",\"potentialAction\":[{\"@type\":\"SearchAction\",\"target\":{\"@type\":\"EntryPoint\",\"urlTemplate\":\"https:\/\/www.mtekstil.com\/en\/?s={search_term_string}\"},\"query-input\":\"required name=search_term_string\"}],\"inLanguage\":\"en\"},{\"@type\":\"WebPage\",\"@id\":\"https:\/\/www.mtekstil.com\/en\/logistics\/#webpage\",\"url\":\"https:\/\/www.mtekstil.com\/en\/logistics\/\",\"name\":\"Logistics\",\"isPartOf\":{\"@id\":\"https:\/\/www.mtekstil.com\/en\/#website\"},\"datePublished\":\"2019-01-14T13:36:16+00:00\",\"dateModified\":\"2022-08-23T07:59:48+00:00\",\"description\":\"Domestic & Abroad Shipping Options: UPS, DHL, ARAMEX, ARAS KARGO - Storage & Periodic Shipment - Air Cargo - Shipping via Truck\",\"breadcrumb\":{\"@id\":\"https:\/\/www.mtekstil.com\/en\/logistics\/#breadcrumb\"},\"inLanguage\":\"en\",\"potentialAction\":[{\"@type\":\"ReadAction\",\"target\":[\"https:\/\/www.mtekstil.com\/en\/logistics\/\"]}]},{\"@type\":\"BreadcrumbList\",\"@id\":\"https:\/\/www.mtekstil.com\/en\/logistics\/#breadcrumb\",\"itemListElement\":[{\"@type\":\"ListItem\",\"position\":1,\"name\":\"Home\",\"item\":\"https:\/\/www.mtekstil.com\/en\/\"},{\"@type\":\"ListItem\",\"position\":2,\"name\":\"LOGISTICS\"}]}]}<\/script>\n<!-- \/ Yoast SEO plugin. -->","yoast_head_json":{"title":"Logistics","description":"Domestic & Abroad Shipping Options: UPS, DHL, ARAMEX, ARAS KARGO - Storage & Periodic Shipment - Air Cargo - Shipping via Truck","robots":{"index":"index","follow":"follow","max-snippet":"max-snippet:-1","max-image-preview":"max-image-preview:large","max-video-preview":"max-video-preview:-1"},"canonical":"https:\/\/www.mtekstil.com\/en\/logistics\/","og_locale":"en_US","og_type":"article","og_title":"Logistics","og_description":"Domestic & Abroad Shipping Options: UPS, DHL, ARAMEX, ARAS KARGO - Storage & Periodic Shipment - Air Cargo - Shipping via Truck","og_url":"https:\/\/www.mtekstil.com\/en\/logistics\/","og_site_name":"Mtekstil-Tekstil Promosyon &Uuml;r&uuml;nleri","article_modified_time":"2022-08-23T07:59:48+00:00","twitter_card":"summary_large_image","twitter_misc":{"Est. reading time":"2 minutes"},"schema":{"@context":"https:\/\/schema.org","@graph":[{"@type":"WebSite","@id":"https:\/\/www.mtekstil.com\/en\/#website","url":"https:\/\/www.mtekstil.com\/en\/","name":"Mtekstil-Tekstil Promosyon &Uuml;r&uuml;nleri","description":"Tekstil Promosyon &Uuml;r&uuml;nleri","potentialAction":[{"@type":"SearchAction","target":{"@type":"EntryPoint","urlTemplate":"https:\/\/www.mtekstil.com\/en\/?s={search_term_string}"},"query-input":"required name=search_term_string"}],"inLanguage":"en"},{"@type":"WebPage","@id":"https:\/\/www.mtekstil.com\/en\/logistics\/#webpage","url":"https:\/\/www.mtekstil.com\/en\/logistics\/","name":"Logistics","isPartOf":{"@id":"https:\/\/www.mtekstil.com\/en\/#website"},"datePublished":"2019-01-14T13:36:16+00:00","dateModified":"2022-08-23T07:59:48+00:00","description":"Domestic & Abroad Shipping Options: UPS, DHL, ARAMEX, ARAS KARGO - Storage & Periodic Shipment - Air Cargo - Shipping via Truck","breadcrumb":{"@id":"https:\/\/www.mtekstil.com\/en\/logistics\/#breadcrumb"},"inLanguage":"en","potentialAction":[{"@type":"ReadAction","target":["https:\/\/www.mtekstil.com\/en\/logistics\/"]}]},{"@type":"BreadcrumbList","@id":"https:\/\/www.mtekstil.com\/en\/logistics\/#breadcrumb","itemListElement":[{"@type":"ListItem","position":1,"name":"Home","item":"https:\/\/www.mtekstil.com\/en\/"},{"@type":"ListItem","position":2,"name":"LOGISTICS"}]}]}},"_links":{"self":[{"href":"https:\/\/www.mtekstil.com\/en\/wp-json\/wp\/v2\/pages\/309"}],"collection":[{"href":"https:\/\/www.mtekstil.com\/en\/wp-json\/wp\/v2\/pages"}],"about":[{"href":"https:\/\/www.mtekstil.com\/en\/wp-json\/wp\/v2\/types\/page"}],"author":[{"embeddable":true,"href":"https:\/\/www.mtekstil.com\/en\/wp-json\/wp\/v2\/users\/1"}],"replies":[{"embeddable":true,"href":"https:\/\/www.mtekstil.com\/en\/wp-json\/wp\/v2\/comments?post=309"}],"version-history":[{"count":16,"href":"https:\/\/www.mtekstil.com\/en\/wp-json\/wp\/v2\/pages\/309\/revisions"}],"predecessor-version":[{"id":4913,"href":"https:\/\/www.mtekstil.com\/en\/wp-json\/wp\/v2\/pages\/309\/revisions\/4913"}],"wp:attachment":[{"href":"https:\/\/www.mtekstil.com\/en\/wp-json\/wp\/v2\/media?parent=309"}],"curies":[{"name":"wp","href":"https:\/\/api.w.org\/{rel}","templated":true}]}}