{"id":258,"date":"2019-01-14T10:41:04","date_gmt":"2019-01-14T10:41:04","guid":{"rendered":"https:\/\/democontent.codex-themes.com\/sites-wpb-v5\/shop-online\/?page_id=258"},"modified":"2022-11-18T13:00:44","modified_gmt":"2022-11-18T13:00:44","slug":"iletisim","status":"publish","type":"page","link":"https:\/\/www.mtekstil.com\/tr\/iletisim\/","title":{"rendered":"\u0130LET\u0130\u015e\u0130M"},"content":{"rendered":"<p>[vc_row full_width=&#8221;stretch_row&#8221; css=&#8221;.vc_custom_1547463277387{margin-bottom: 0px !important;}&#8221;][vc_column]<div class=\"clearboth\"><\/div><div class=\"gem-divider \" style=\"margin-top: 130px;\"><\/div>[vc_tta_accordion style=&#8221;simple_solid&#8221; shape=&#8221;square&#8221; color=&#8221;black&#8221; c_icon=&#8221;solid_squared&#8221; active_section=&#8221;1&#8243; el_class=&#8221;site-footer&#8221;][vc_tta_section title=&#8221;MERKEZ OF\u0130S&#8221; tab_id=&#8221;1547463272708-d53128be-c304&#8243;][vc_row_inner][vc_column_inner offset=&#8221;vc_col-md-3&#8243;][vc_column_text css=&#8221;.vc_custom_1639036381424{margin-top: -8px !important;}&#8221;]<\/p>\n<div class=\"title-h4\"><span class=\"light\">ileti\u015fim bilgileri<\/span><\/div>\n<p>[\/vc_column_text]<div class=\"clearboth\"><\/div><div class=\"gem-divider \" style=\"margin-top: 35px;\"><\/div>[vc_column_text]Atat\u00fcrk Mah. Polat Sok.<br \/>\nNo: 39 \/ 3<br \/>\nK\u00fc\u00e7\u00fck\u00e7ekmece \/ \u0130STANBUL[\/vc_column_text][vc_column_text]Phone: <a href=\"tel:05316540569\">+90 (531) 654 05 69<\/a>[\/vc_column_text][vc_column_text]Email: <a href=\"mailto:info@mtekstil.com\">info@mtekstil.com<\/a>[\/vc_column_text][\/vc_column_inner][vc_column_inner offset=&#8221;vc_col-md-9&#8243;]<div class=\"gem-map-with-text\"><div class=\"gem-map-with-text-content\" style=\"\"><\/div><div class=\"gem-map-with-text-map grayscale\">[vc_gmaps link=\"#E-8_JTNDaWZyYW1lJTIwc3JjJTNEJTIyaHR0cHMlM0ElMkYlMkZ3d3cuZ29vZ2xlLmNvbSUyRm1hcHMlMkZkJTJGZW1iZWQlM0ZtaWQlM0QxUjdiM1RTTFRVVGtEbXVPdnExeDF2ODd4ZUMxRDBaayUyNmVoYmMlM0QyRTMxMkYlMjIlMjB3aWR0aCUzRCUyMjY0MCUyMiUyMGhlaWdodCUzRCUyMjQ4MCUyMiUzRSUzQyUyRmlmcmFtZSUzRQ==\" size=\"402\" disable_scroll=\"1\"]<\/div><\/div>[\/vc_column_inner][\/vc_row_inner][\/vc_tta_section][\/vc_tta_accordion][\/vc_column][\/vc_row][vc_row full_width=&#8221;stretch_row&#8221; css=&#8221;.vc_custom_1547462937709{margin-bottom: 0px !important;background-image: url(https:\/\/www.mtekstil.com\/wp-content\/uploads\/2019\/01\/6-2.jpg?id=264) !important;background-position: center !important;background-repeat: no-repeat !important;background-size: cover !important;}&#8221;][vc_column css=&#8221;.vc_custom_1547462727166{padding-top: 0px !important;}&#8221;][vc_column_text]<\/p>\n<h2><span style=\"color: #ffffff;\">B\u0130Z\u0130MLE <strong>\u0130LET\u0130\u015e\u0130ME <\/strong>GE\u00c7\u0130N<\/span><\/h2>\n<p>[\/vc_column_text]<div role=\"form\" class=\"wpcf7\" id=\"wpcf7-f3585-o1\" lang=\"en-US\" dir=\"ltr\">\n<div class=\"screen-reader-response\"><p role=\"status\" aria-live=\"polite\" aria-atomic=\"true\"><\/p> <ul><\/ul><\/div>\n<form action=\"\/tr\/wp-json\/wp\/v2\/pages\/258#wpcf7-f3585-o1\" method=\"post\" class=\"wpcf7-form init\" novalidate=\"novalidate\" data-status=\"init\">\n<div style=\"display: none;\">\n<input type=\"hidden\" name=\"_wpcf7\" value=\"3585\" \/>\n<input type=\"hidden\" name=\"_wpcf7_version\" value=\"5.5.6\" \/>\n<input type=\"hidden\" name=\"_wpcf7_locale\" value=\"en_US\" \/>\n<input type=\"hidden\" name=\"_wpcf7_unit_tag\" value=\"wpcf7-f3585-o1\" \/>\n<input type=\"hidden\" name=\"_wpcf7_container_post\" value=\"0\" \/>\n<input type=\"hidden\" name=\"_wpcf7_posted_data_hash\" value=\"\" \/>\n<\/div>\n<div class=\"row\">\n<div class=\"form-line col-lg-4 col-md-4 col-xs-12\">\n<div class=\"gem-form-icon-name\"><span class=\"wpcf7-form-control-wrap Your\"><input type=\"text\" name=\"Your\" value=\"\" size=\"40\" class=\"wpcf7-form-control wpcf7-text wpcf7-validates-as-required\" aria-required=\"true\" aria-invalid=\"false\" placeholder=\"Ad \/ Soyad *\" \/><\/span><\/div>\n<\/div>\n<div class=\"form-line col-lg-4 col-md-4 col-xs-12\">\n<div class=\"gem-form-icon-email\"><span class=\"wpcf7-form-control-wrap your-email\"><input type=\"email\" name=\"your-email\" value=\"\" size=\"40\" class=\"wpcf7-form-control wpcf7-text wpcf7-email wpcf7-validates-as-required wpcf7-validates-as-email\" aria-required=\"true\" aria-invalid=\"false\" placeholder=\"Email *\" \/><\/span><\/div>\n<\/div>\n<div class=\"form-line col-lg-4 col-md-4 col-xs-12\">\n<div class=\"gem-form-icon-phone\"><span class=\"wpcf7-form-control-wrap Telefon\"><input type=\"text\" name=\"Telefon\" value=\"\" size=\"40\" class=\"wpcf7-form-control wpcf7-text wpcf7-validates-as-required\" aria-required=\"true\" aria-invalid=\"false\" placeholder=\"Telefon *\" \/><\/span><\/div>\n<\/div>\n<div class=\"form-line col-lg-4 col-md-4 col-xs-12\">\n<div class=\"gem-form-icon-website\"><span class=\"wpcf7-form-control-wrap firma\"><input type=\"text\" name=\"firma\" value=\"\" size=\"40\" class=\"wpcf7-form-control wpcf7-text\" aria-invalid=\"false\" placeholder=\"Websitesi\" \/><\/span><\/div>\n<\/div>\n<div class=\"form-line col-lg-4 col-md-4 col-xs-12\">\n<div class=\"gem-form-logo\"><span class=\"wpcf7-form-control-wrap Marka\"><input type=\"text\" name=\"Marka\" value=\"\" size=\"40\" class=\"wpcf7-form-control wpcf7-text\" aria-invalid=\"false\" placeholder=\"Firma Ad\u0131\" \/><\/span><\/div>\n<\/div>\n<div class=\"form-line col-lg-12 col-md-12 col-xs-12\"><span class=\"wpcf7-form-control-wrap your-message\"><textarea name=\"your-message\" cols=\"40\" rows=\"10\" class=\"wpcf7-form-control wpcf7-textarea wpcf7-validates-as-required\" aria-required=\"true\" aria-invalid=\"false\" placeholder=\"Mesaj\"><\/textarea><\/span><\/div>\n<div class=\"col-lg-12 col-md-12 col-xs-12\"><input type=\"submit\" value=\"G\u00f6nder\" class=\"wpcf7-form-control has-spinner wpcf7-submit\" \/><\/div>\n<\/div>\n<div class=\"wpcf7-response-output\" aria-hidden=\"true\"><\/div><\/form><\/div>[\/vc_column][\/vc_row]<\/p>\n","protected":false},"excerpt":{"rendered":"<p>[vc_row full_width=&#8221;stretch_row&#8221; css=&#8221;.vc_custom_1547463277387{margin-bottom: 0px !important;}&#8221;][vc_column][vc_tta_accordion style=&#8221;simple_solid&#8221; shape=&#8221;square&#8221; color=&#8221;black&#8221; c_icon=&#8221;solid_squared&#8221; active_section=&#8221;1&#8243; el_class=&#8221;site-footer&#8221;][vc_tta_section title=&#8221;MERKEZ OF\u0130S&#8221; tab_id=&#8221;1547463272708-d53128be-c304&#8243;][vc_row_inner][vc_column_inner offset=&#8221;vc_col-md-3&#8243;][vc_column_text css=&#8221;.vc_custom_1639036381424{margin-top: -8px !important;}&#8221;] ileti\u015fim bilgileri&#8230;<\/p>\n","protected":false},"author":1,"featured_media":0,"parent":0,"menu_order":0,"comment_status":"closed","ping_status":"closed","template":"","meta":[],"yoast_head":"<!-- This site is optimized with the Yoast SEO plugin v18.8 - https:\/\/yoast.com\/wordpress\/plugins\/seo\/ -->\n<title>\u0130leti\u015fim<\/title>\n<meta name=\"description\" content=\"Atat\u00fcrk Mah. Polat Sok. No: 39\/3 K\u00fc\u00e7\u00fck\u00e7ekmece \/ \u0130stanbul - Telefon: +90 (531) 654 05 69\" \/>\n<meta name=\"robots\" content=\"index, follow, max-snippet:-1, max-image-preview:large, max-video-preview:-1\" \/>\n<link rel=\"canonical\" href=\"https:\/\/www.mtekstil.com\/tr\/iletisim\/\" \/>\n<meta property=\"og:locale\" content=\"tr_TR\" \/>\n<meta property=\"og:type\" content=\"article\" \/>\n<meta property=\"og:title\" content=\"\u0130leti\u015fim\" \/>\n<meta property=\"og:description\" content=\"Atat\u00fcrk Mah. Polat Sok. No: 39\/3 K\u00fc\u00e7\u00fck\u00e7ekmece \/ \u0130stanbul - Telefon: +90 (531) 654 05 69\" \/>\n<meta property=\"og:url\" content=\"https:\/\/www.mtekstil.com\/tr\/iletisim\/\" \/>\n<meta property=\"og:site_name\" content=\"Mtekstil\" \/>\n<meta property=\"article:modified_time\" content=\"2022-11-18T13:00:44+00:00\" \/>\n<meta name=\"twitter:card\" content=\"summary_large_image\" \/>\n<meta name=\"twitter:label1\" content=\"Tahmini okuma s\u00fcresi\" \/>\n\t<meta name=\"twitter:data1\" content=\"1 dakika\" \/>\n<script type=\"application\/ld+json\" class=\"yoast-schema-graph\">{\"@context\":\"https:\/\/schema.org\",\"@graph\":[{\"@type\":\"WebSite\",\"@id\":\"https:\/\/www.mtekstil.com\/tr\/#website\",\"url\":\"https:\/\/www.mtekstil.com\/tr\/\",\"name\":\"Mtekstil\",\"description\":\"Tekstil Promosyon &Uuml;r&uuml;nleri\",\"potentialAction\":[{\"@type\":\"SearchAction\",\"target\":{\"@type\":\"EntryPoint\",\"urlTemplate\":\"https:\/\/www.mtekstil.com\/tr\/?s={search_term_string}\"},\"query-input\":\"required name=search_term_string\"}],\"inLanguage\":\"tr\"},{\"@type\":\"WebPage\",\"@id\":\"https:\/\/www.mtekstil.com\/tr\/iletisim\/#webpage\",\"url\":\"https:\/\/www.mtekstil.com\/tr\/iletisim\/\",\"name\":\"\u0130leti\u015fim\",\"isPartOf\":{\"@id\":\"https:\/\/www.mtekstil.com\/tr\/#website\"},\"datePublished\":\"2019-01-14T10:41:04+00:00\",\"dateModified\":\"2022-11-18T13:00:44+00:00\",\"description\":\"Atat\u00fcrk Mah. Polat Sok. No: 39\/3 K\u00fc\u00e7\u00fck\u00e7ekmece \/ \u0130stanbul - Telefon: +90 (531) 654 05 69\",\"breadcrumb\":{\"@id\":\"https:\/\/www.mtekstil.com\/tr\/iletisim\/#breadcrumb\"},\"inLanguage\":\"tr\",\"potentialAction\":[{\"@type\":\"ReadAction\",\"target\":[\"https:\/\/www.mtekstil.com\/tr\/iletisim\/\"]}]},{\"@type\":\"BreadcrumbList\",\"@id\":\"https:\/\/www.mtekstil.com\/tr\/iletisim\/#breadcrumb\",\"itemListElement\":[{\"@type\":\"ListItem\",\"position\":1,\"name\":\"Home\",\"item\":\"https:\/\/www.mtekstil.com\/tr\/\"},{\"@type\":\"ListItem\",\"position\":2,\"name\":\"\u0130LET\u0130\u015e\u0130M\"}]}]}<\/script>\n<!-- \/ Yoast SEO plugin. -->","yoast_head_json":{"title":"\u0130leti\u015fim","description":"Atat\u00fcrk Mah. Polat Sok. No: 39\/3 K\u00fc\u00e7\u00fck\u00e7ekmece \/ \u0130stanbul - Telefon: +90 (531) 654 05 69","robots":{"index":"index","follow":"follow","max-snippet":"max-snippet:-1","max-image-preview":"max-image-preview:large","max-video-preview":"max-video-preview:-1"},"canonical":"https:\/\/www.mtekstil.com\/tr\/iletisim\/","og_locale":"tr_TR","og_type":"article","og_title":"\u0130leti\u015fim","og_description":"Atat\u00fcrk Mah. Polat Sok. No: 39\/3 K\u00fc\u00e7\u00fck\u00e7ekmece \/ \u0130stanbul - Telefon: +90 (531) 654 05 69","og_url":"https:\/\/www.mtekstil.com\/tr\/iletisim\/","og_site_name":"Mtekstil","article_modified_time":"2022-11-18T13:00:44+00:00","twitter_card":"summary_large_image","twitter_misc":{"Tahmini okuma s\u00fcresi":"1 dakika"},"schema":{"@context":"https:\/\/schema.org","@graph":[{"@type":"WebSite","@id":"https:\/\/www.mtekstil.com\/tr\/#website","url":"https:\/\/www.mtekstil.com\/tr\/","name":"Mtekstil","description":"Tekstil Promosyon &Uuml;r&uuml;nleri","potentialAction":[{"@type":"SearchAction","target":{"@type":"EntryPoint","urlTemplate":"https:\/\/www.mtekstil.com\/tr\/?s={search_term_string}"},"query-input":"required name=search_term_string"}],"inLanguage":"tr"},{"@type":"WebPage","@id":"https:\/\/www.mtekstil.com\/tr\/iletisim\/#webpage","url":"https:\/\/www.mtekstil.com\/tr\/iletisim\/","name":"\u0130leti\u015fim","isPartOf":{"@id":"https:\/\/www.mtekstil.com\/tr\/#website"},"datePublished":"2019-01-14T10:41:04+00:00","dateModified":"2022-11-18T13:00:44+00:00","description":"Atat\u00fcrk Mah. Polat Sok. No: 39\/3 K\u00fc\u00e7\u00fck\u00e7ekmece \/ \u0130stanbul - Telefon: +90 (531) 654 05 69","breadcrumb":{"@id":"https:\/\/www.mtekstil.com\/tr\/iletisim\/#breadcrumb"},"inLanguage":"tr","potentialAction":[{"@type":"ReadAction","target":["https:\/\/www.mtekstil.com\/tr\/iletisim\/"]}]},{"@type":"BreadcrumbList","@id":"https:\/\/www.mtekstil.com\/tr\/iletisim\/#breadcrumb","itemListElement":[{"@type":"ListItem","position":1,"name":"Home","item":"https:\/\/www.mtekstil.com\/tr\/"},{"@type":"ListItem","position":2,"name":"\u0130LET\u0130\u015e\u0130M"}]}]}},"_links":{"self":[{"href":"https:\/\/www.mtekstil.com\/tr\/wp-json\/wp\/v2\/pages\/258"}],"collection":[{"href":"https:\/\/www.mtekstil.com\/tr\/wp-json\/wp\/v2\/pages"}],"about":[{"href":"https:\/\/www.mtekstil.com\/tr\/wp-json\/wp\/v2\/types\/page"}],"author":[{"embeddable":true,"href":"https:\/\/www.mtekstil.com\/tr\/wp-json\/wp\/v2\/users\/1"}],"replies":[{"embeddable":true,"href":"https:\/\/www.mtekstil.com\/tr\/wp-json\/wp\/v2\/comments?post=258"}],"version-history":[{"count":25,"href":"https:\/\/www.mtekstil.com\/tr\/wp-json\/wp\/v2\/pages\/258\/revisions"}],"predecessor-version":[{"id":5769,"href":"https:\/\/www.mtekstil.com\/tr\/wp-json\/wp\/v2\/pages\/258\/revisions\/5769"}],"wp:attachment":[{"href":"https:\/\/www.mtekstil.com\/tr\/wp-json\/wp\/v2\/media?parent=258"}],"curies":[{"name":"wp","href":"https:\/\/api.w.org\/{rel}","templated":true}]}}