{"id":3709,"date":"2021-12-15T12:04:57","date_gmt":"2021-12-15T12:04:57","guid":{"rendered":"https:\/\/www.mtekstil.com\/?page_id=3709"},"modified":"2022-08-18T12:38:38","modified_gmt":"2022-08-18T12:38:38","slug":"teklif-sepeti","status":"publish","type":"page","link":"https:\/\/www.mtekstil.com\/tr\/teklif-sepeti\/","title":{"rendered":"TEKL\u0130F SEPET\u0130"},"content":{"rendered":"<p>[vc_row][vc_column][vc_column_text]<div class='woocommerce'>\n    <p class='cart-empty'>\n        Teklif Sepetiniz \u015fu anda bo\u015f    <\/p>\n    <p class='return-to-shop'>\n        <a class='button wc-backward' href='https:\/\/www.mtekstil.com\/tr\/urunler\/'>\n            \u00dcr\u00fcn eklemeye geri d\u00f6n        <\/a>\n    <\/p>\n<\/div>\n\n[\/vc_column_text][\/vc_column][\/vc_row]<\/p>\r\n<p>&nbsp;<\/p>","protected":false},"excerpt":{"rendered":"<p>[vc_row][vc_column][vc_column_text][\/vc_column_text][\/vc_column][\/vc_row] &nbsp;<\/p>\n","protected":false},"author":1,"featured_media":0,"parent":0,"menu_order":0,"comment_status":"closed","ping_status":"closed","template":"","meta":[],"yoast_head":"<!-- This site is optimized with the Yoast SEO plugin v18.8 - https:\/\/yoast.com\/wordpress\/plugins\/seo\/ -->\n<title>TEKL\u0130F SEPET\u0130 - Mtekstil<\/title>\n<meta name=\"robots\" content=\"noindex, follow\" \/>\n<meta property=\"og:locale\" content=\"tr_TR\" \/>\n<meta property=\"og:type\" content=\"article\" \/>\n<meta property=\"og:title\" content=\"TEKL\u0130F SEPET\u0130 - Mtekstil\" \/>\n<meta property=\"og:description\" content=\"[vc_row][vc_column][vc_column_text][\/vc_column_text][\/vc_column][\/vc_row] &nbsp;\" \/>\n<meta property=\"og:url\" content=\"https:\/\/www.mtekstil.com\/tr\/teklif-sepeti\/\" \/>\n<meta property=\"og:site_name\" content=\"Mtekstil\" \/>\n<meta property=\"article:modified_time\" content=\"2022-08-18T12:38:38+00:00\" \/>\n<meta name=\"twitter:card\" content=\"summary_large_image\" \/>\n<meta name=\"twitter:label1\" content=\"Tahmini okuma s\u00fcresi\" \/>\n\t<meta name=\"twitter:data1\" content=\"1 dakika\" \/>\n<script type=\"application\/ld+json\" class=\"yoast-schema-graph\">{\"@context\":\"https:\/\/schema.org\",\"@graph\":[{\"@type\":\"WebSite\",\"@id\":\"https:\/\/www.mtekstil.com\/tr\/#website\",\"url\":\"https:\/\/www.mtekstil.com\/tr\/\",\"name\":\"Mtekstil\",\"description\":\"Tekstil Promosyon &Uuml;r&uuml;nleri\",\"potentialAction\":[{\"@type\":\"SearchAction\",\"target\":{\"@type\":\"EntryPoint\",\"urlTemplate\":\"https:\/\/www.mtekstil.com\/tr\/?s={search_term_string}\"},\"query-input\":\"required name=search_term_string\"}],\"inLanguage\":\"tr\"},{\"@type\":\"WebPage\",\"@id\":\"https:\/\/www.mtekstil.com\/tr\/teklif-sepeti\/#webpage\",\"url\":\"https:\/\/www.mtekstil.com\/tr\/teklif-sepeti\/\",\"name\":\"TEKL\u0130F SEPET\u0130 - Mtekstil\",\"isPartOf\":{\"@id\":\"https:\/\/www.mtekstil.com\/tr\/#website\"},\"datePublished\":\"2021-12-15T12:04:57+00:00\",\"dateModified\":\"2022-08-18T12:38:38+00:00\",\"breadcrumb\":{\"@id\":\"https:\/\/www.mtekstil.com\/tr\/teklif-sepeti\/#breadcrumb\"},\"inLanguage\":\"tr\",\"potentialAction\":[{\"@type\":\"ReadAction\",\"target\":[\"https:\/\/www.mtekstil.com\/tr\/teklif-sepeti\/\"]}]},{\"@type\":\"BreadcrumbList\",\"@id\":\"https:\/\/www.mtekstil.com\/tr\/teklif-sepeti\/#breadcrumb\",\"itemListElement\":[{\"@type\":\"ListItem\",\"position\":1,\"name\":\"Home\",\"item\":\"https:\/\/www.mtekstil.com\/tr\/\"},{\"@type\":\"ListItem\",\"position\":2,\"name\":\"TEKL\u0130F SEPET\u0130\"}]}]}<\/script>\n<!-- \/ Yoast SEO plugin. -->","yoast_head_json":{"title":"TEKL\u0130F SEPET\u0130 - Mtekstil","robots":{"index":"noindex","follow":"follow"},"og_locale":"tr_TR","og_type":"article","og_title":"TEKL\u0130F SEPET\u0130 - Mtekstil","og_description":"[vc_row][vc_column][vc_column_text][\/vc_column_text][\/vc_column][\/vc_row] &nbsp;","og_url":"https:\/\/www.mtekstil.com\/tr\/teklif-sepeti\/","og_site_name":"Mtekstil","article_modified_time":"2022-08-18T12:38:38+00:00","twitter_card":"summary_large_image","twitter_misc":{"Tahmini okuma s\u00fcresi":"1 dakika"},"schema":{"@context":"https:\/\/schema.org","@graph":[{"@type":"WebSite","@id":"https:\/\/www.mtekstil.com\/tr\/#website","url":"https:\/\/www.mtekstil.com\/tr\/","name":"Mtekstil","description":"Tekstil Promosyon &Uuml;r&uuml;nleri","potentialAction":[{"@type":"SearchAction","target":{"@type":"EntryPoint","urlTemplate":"https:\/\/www.mtekstil.com\/tr\/?s={search_term_string}"},"query-input":"required name=search_term_string"}],"inLanguage":"tr"},{"@type":"WebPage","@id":"https:\/\/www.mtekstil.com\/tr\/teklif-sepeti\/#webpage","url":"https:\/\/www.mtekstil.com\/tr\/teklif-sepeti\/","name":"TEKL\u0130F SEPET\u0130 - Mtekstil","isPartOf":{"@id":"https:\/\/www.mtekstil.com\/tr\/#website"},"datePublished":"2021-12-15T12:04:57+00:00","dateModified":"2022-08-18T12:38:38+00:00","breadcrumb":{"@id":"https:\/\/www.mtekstil.com\/tr\/teklif-sepeti\/#breadcrumb"},"inLanguage":"tr","potentialAction":[{"@type":"ReadAction","target":["https:\/\/www.mtekstil.com\/tr\/teklif-sepeti\/"]}]},{"@type":"BreadcrumbList","@id":"https:\/\/www.mtekstil.com\/tr\/teklif-sepeti\/#breadcrumb","itemListElement":[{"@type":"ListItem","position":1,"name":"Home","item":"https:\/\/www.mtekstil.com\/tr\/"},{"@type":"ListItem","position":2,"name":"TEKL\u0130F SEPET\u0130"}]}]}},"_links":{"self":[{"href":"https:\/\/www.mtekstil.com\/tr\/wp-json\/wp\/v2\/pages\/3709"}],"collection":[{"href":"https:\/\/www.mtekstil.com\/tr\/wp-json\/wp\/v2\/pages"}],"about":[{"href":"https:\/\/www.mtekstil.com\/tr\/wp-json\/wp\/v2\/types\/page"}],"author":[{"embeddable":true,"href":"https:\/\/www.mtekstil.com\/tr\/wp-json\/wp\/v2\/users\/1"}],"replies":[{"embeddable":true,"href":"https:\/\/www.mtekstil.com\/tr\/wp-json\/wp\/v2\/comments?post=3709"}],"version-history":[{"count":6,"href":"https:\/\/www.mtekstil.com\/tr\/wp-json\/wp\/v2\/pages\/3709\/revisions"}],"predecessor-version":[{"id":4889,"href":"https:\/\/www.mtekstil.com\/tr\/wp-json\/wp\/v2\/pages\/3709\/revisions\/4889"}],"wp:attachment":[{"href":"https:\/\/www.mtekstil.com\/tr\/wp-json\/wp\/v2\/media?parent=3709"}],"curies":[{"name":"wp","href":"https:\/\/api.w.org\/{rel}","templated":true}]}}