{"id":4843,"date":"2022-08-15T07:56:24","date_gmt":"2022-08-15T07:56:24","guid":{"rendered":"https:\/\/www.mtekstil.com\/tr\/?page_id=4843"},"modified":"2023-02-23T10:13:48","modified_gmt":"2023-02-23T10:13:48","slug":"toptan-basic-tisort","status":"publish","type":"page","link":"https:\/\/www.mtekstil.com\/tr\/toptan-basic-tisort\/","title":{"rendered":"BASIC T\u0130\u015e\u00d6RT \u00dcRET\u0130M DETAYLARI"},"content":{"rendered":"<p>[vc_row css=&#8221;.vc_custom_1654279896379{margin-bottom: 15px !important;}&#8221;][vc_column][vc_column_text]<\/p>\n<h1 style=\"font-size: 38px; text-align: center;\">BAS\u0130C T\u0130\u015e\u00d6RT \u00dcRET\u0130M DETAYLARI<\/h1>\n<p><b>Bisiklet yaka ti\u015f\u00f6rt ya da basic ti\u015f\u00f6rt hem promosyonel, hem de \u00e7al\u0131\u015fan \/ i\u015f\u00e7i k\u0131yafeti olarak en fazla tercih edilen \u00fcr\u00fcnlerdendir. Kuma\u015f se\u00e7eneklerine g\u00f6re hem mavi yaka hem beyaz yaka i\u00e7in uygundur.<\/b><\/p>\n<p>1 &#8211; 2 sefer kullan\u0131ml\u0131k olup y\u00fcksek adette da\u011f\u0131t\u0131m yap\u0131lan miting, toplant\u0131, spor m\u00fcsabakas\u0131 gibi etkinliklerde kaliteden ziyade g\u00f6rsellik \u00f6n plandad\u0131r. Bu sebeple \u00fcretim ve maliyet a\u00e7\u0131s\u0131ndan en uygun \u00fcr\u00fcn kullan\u0131lmak istenir. Maliyeti d\u00fc\u015f\u00fck olmas\u0131 i\u00e7in, az say\u0131da kullan\u0131ma uygun kalitede olan <strong>openend t\u00fcp kuma\u015f<\/strong> ile \u00fcretilir. Yan diki\u015fsizdir.<\/p>\n<p><span style=\"font-weight: 400;\"><em>(<strong>T\u00dcM MODELLER<\/strong>&#8216;e veya a\u015fa\u011f\u0131da foto\u011fraflara t\u0131klayarak standart modelleri inceleyebilir, <strong>DETAYLI B\u0130LG\u0130 AL<\/strong> formu ile talebinize y\u00f6nelik bilgi alabilirsiniz.)<\/em><\/span>[\/vc_column_text][vc_row_inner][vc_column_inner][vc_raw_html]JTNDZGl2JTIwc3R5bGUlM0QlMjd3aWR0aCUzQSUyMDEwMCUyNSUzQiUyMHRleHQtYWxpZ24lM0ElMjBjZW50ZXIlMjclM0UlM0NidXR0b24lMjBpZCUzRCUyN2JpbGdpX2FsX2hpem1ldCUyNyUyMHN0eWxlJTNEJTI3cG9zaXRpb24lM0ElMjByZWxhdGl2ZSUzQiUyMGJveC1zaXppbmclM0ElMjBib3JkZXItYm94JTNCJTIwd2lkdGglM0ElMjAzMDBweCUzQiUyMGhlaWdodCUzQSUyMDUycHglM0IlMjBjb2xvciUzQSUyMCUyM2Q3YjM5OCUzQiUyMGJhY2tncm91bmQlM0ElMjAlMjNGRkZGRkYlM0IlMjBib3JkZXIlM0ElMjAxcHglMjBzb2xpZCUyMCUyM2Q3YjM5OCUzQiUyMG1hcmdpbiUzQSUyMDEwcHglM0IlMjclMjBvbkNsaWNrJTNEJTI3b3BlblNpZGViYXJGb3JtJTI4JTI5JTI3JTNFRGV0YXlsJUM0JUIxJTIwQmlsZ2klMjBBbCUzQyUyRmJ1dHRvbiUzRSUzQ2ElMjBocmVmJTNEJTIyaHR0cHMlM0ElMkYlMkZ3d3cubXRla3N0aWwuY29tJTJGdHIlMkZ1cnVuLWthdGVnb3JpJTJGYmFzaWMtdG9wdGFuLXRpc29ydCUyRiUyMiUyMHRhcmdldCUzRCUyMl9ibGFuayUyMiUzRSUzQ2J1dHRvbiUyMHN0eWxlJTNEJTIycG9zaXRpb24lM0ElMjByZWxhdGl2ZSUzQiUyMGJveC1zaXppbmclM0ElMjBib3JkZXItYm94JTNCJTIwd2lkdGglM0ElMjAzMDBweCUzQiUyMGhlaWdodCUzQSUyMDUycHglM0IlMjBjb2xvciUzQSUyMCUyM0ZGRkZGRiUzQiUyMGJhY2tncm91bmQlM0ElMjAlMjNkN2IzOTglM0IlMjBib3JkZXIlM0ElMjAxcHglMjBzb2xpZCUyMCUyM2Q3YjM5OCUzQiUyMG1hcmdpbiUzQSUyMDEwcHglM0IlMjIlMjBpZCUzRCUyN3R1bV9tb2RlbGxlciUyNyUzRVQlQzMlOUNNJTIwTU9ERUxMRVIlM0MlMkZidXR0b24lM0UlM0MlMkZhJTNFJTNDJTJGZGl2JTNF[\/vc_raw_html][vc_column_text css=&#8221;.vc_custom_1660554198526{margin-top: 40px !important;}&#8221;]<\/p>\n<h2>KUMA\u015e SE\u00c7ENEKLER\u0130 &amp; \u00d6NER\u0130LER<\/h2>\n<p>Basic ti\u015f\u00f6rt gruplar\u0131nda<strong> openend s\u00fcprem<\/strong> ve <strong>penye s\u00fcprem<\/strong> olmak \u00fczere a\u011f\u0131rl\u0131kl\u0131 olarak 2 t\u00fcr kuma\u015f kullan\u0131l\u0131r. <strong>Uygun fiyatl\u0131 ve \u00e7ok adetli<\/strong> taleplerde <strong>openend kuma\u015f<\/strong> tercih edilirken, <strong>daha kaliteli<\/strong> \u00fcr\u00fcn taleplerinde <strong>penye kuma\u015flar <\/strong>kullan\u0131l\u0131r.<\/p>\n<p><strong>Her iki kuma\u015f t\u00fcr\u00fc de %100 pamukludur.<\/strong> Kuma\u015flar\u0131n m\u00b2 gramajlar\u0131 talebe g\u00f6re de\u011fi\u015fir. Uygun \u00fcr\u00fcn taleplerinde<strong> 140 gr\/m\u00b2 openend kuma\u015f<\/strong> kullan\u0131l\u0131rken daha da uygun taleplerde<strong> 110 &#8211; 120 gr\/m\u00b2 openend<\/strong> kuma\u015flar tercih edilir. Tam tersi \u015fekilde kaliteli kuma\u015f isteklerinde standartta<strong> 160gr\/m\u00b2 penye kuma\u015f<\/strong> kullan\u0131l\u0131rken, daha gramajl\u0131 ve tok g\u00f6r\u00fcn\u00fcm i\u00e7in<strong> 180 &#8211; 200 gr\/m\u00b2<\/strong>\u00a0kuma\u015flar ile \u00fcretim yap\u0131l\u0131r. Y\u00fcksek kalite talepleri <strong>compact penye kuma\u015f<\/strong> ile kar\u015f\u0131lanmaktad\u0131r.<\/p>\n<p>Talep edilmesi durumunda raporlar\u0131 payla\u015f\u0131lmak \u00fczere, kuma\u015flarda<strong> renk hasl\u0131\u011f\u0131 ve ter hasl\u0131\u011f\u0131<\/strong> bulunmaktad\u0131r.<\/p>\n<p>Taleplerin %97 &#8211; %98&#8217;i yukar\u0131da bahsedilen kuma\u015flarla olmakla beraber; <strong>interlok, likral\u0131, s\u00fcprem ya da %100 polyester forma<\/strong> kuma\u015flar\u0131nda da \u00fcretim yap\u0131labilir.<\/p>\n<p><strong>A\u015fa\u011f\u0131da modellere g\u00f6re ayr\u0131lm\u0131\u015f t\u00fcm \u00fcr\u00fcnler\u00a0 yukar\u0131da bahsedilen t\u00fcm kuma\u015flarla \u00fcretilebilmektedir.<\/strong>[\/vc_column_text][\/vc_column_inner][\/vc_row_inner][\/vc_column][\/vc_row][vc_row][vc_column width=&#8221;1\/2&#8243;][vc_column_text]<\/p>\n<h3>B\u0130S\u0130KLET YAKA T\u0130\u015e\u00d6RT<\/h3>\n<p>[\/vc_column_text][vc_images_carousel images=&#8221;6382,6385,6383,6401,6403,6400&#8243; img_size=&#8221;medium&#8221; onclick=&#8221;custom_link&#8221; custom_links_target=&#8221;_blank&#8221; speed=&#8221;1&#8243; hide_pagination_control=&#8221;yes&#8221; el_id=&#8221;basic_carousel&#8221; custom_links=&#8221;#E-8_aHR0cHMlM0ElMkYlMkZ3d3cubXRla3N0aWwuY29tJTJGdHIlMkZ1cnVuJTJGc2l5YWgtdGlzb3J0LXRvcHRhbiUyRiUyQ2h0dHBzJTNBJTJGJTJGd3d3Lm10ZWtzdGlsLmNvbSUyRnRyJTJGdXJ1biUyRnNpeWFoLXRpc29ydC10b3B0YW4lMkYlMkNodHRwcyUzQSUyRiUyRnd3dy5tdGVrc3RpbC5jb20lMkZ0ciUyRnVydW4lMkZzaXlhaC10aXNvcnQtdG9wdGFuJTJGJTJDaHR0cHMlM0ElMkYlMkZ3d3cubXRla3N0aWwuY29tJTJGdHIlMkZ1cnVuJTJGdG9wdGFuLXRpc29ydCUyRiUyQ2h0dHBzJTNBJTJGJTJGd3d3Lm10ZWtzdGlsLmNvbSUyRnRyJTJGdXJ1biUyRnRvcHRhbi10aXNvcnQlMkYlMkNodHRwcyUzQSUyRiUyRnd3dy5tdGVrc3RpbC5jb20lMkZ0ciUyRnVydW4lMkZ0b3B0YW4tdGlzb3J0JTJG&#8221;][\/vc_column][vc_column width=&#8221;1\/2&#8243;][vc_column_text]<\/p>\n<h3>V YAKA T\u0130\u015e\u00d6RT<\/h3>\n<p>[\/vc_column_text][vc_images_carousel images=&#8221;6392,6395,6393&#8243; img_size=&#8221;medium&#8221; onclick=&#8221;custom_link&#8221; custom_links_target=&#8221;_blank&#8221; hide_pagination_control=&#8221;yes&#8221; el_id=&#8221;basic_carousel&#8221; custom_links=&#8221;#E-8_aHR0cHMlM0ElMkYlMkZ3d3cubXRla3N0aWwuY29tJTJGdHIlMkZ1cnVuJTJGdG9wdGFuLXYteWFrYS10aXNvcnQlMkYlMkNodHRwcyUzQSUyRiUyRnd3dy5tdGVrc3RpbC5jb20lMkZ0ciUyRnVydW4lMkYxMDAtcGFtdWtsdS10aXNvcnQtdG9wdGFuJTJGJTJDaHR0cHMlM0ElMkYlMkZ3d3cubXRla3N0aWwuY29tJTJGdHIlMkZ1cnVuJTJGMTAwLXBhbXVrbHUtdGlzb3J0LXRvcHRhbiUyRg==&#8221;][\/vc_column][\/vc_row][vc_row][vc_column width=&#8221;1\/2&#8243;][vc_column_text]<\/p>\n<h3>OVERSIZE T\u0130\u015e\u00d6RT<\/h3>\n<p>[\/vc_column_text][vc_images_carousel images=&#8221;6407,6408&#8243; img_size=&#8221;medium&#8221; onclick=&#8221;custom_link&#8221; custom_links_target=&#8221;_blank&#8221; speed=&#8221;1&#8243; hide_pagination_control=&#8221;yes&#8221; custom_links=&#8221;#E-8_aHR0cHMlM0ElMkYlMkZ3d3cubXRla3N0aWwuY29tJTJGdHIlMkZ1cnVuJTJGdG9wdGFuLW92ZXJzaXplLXRpc29ydCUyRiUyQ2h0dHBzJTNBJTJGJTJGd3d3Lm10ZWtzdGlsLmNvbSUyRnRyJTJGdXJ1biUyRmJhc2tpc2l6LW92ZXJzaXplLXRpc29ydC10b3B0YW4lMkY=&#8221; el_id=&#8221;basic_carousel&#8221;][\/vc_column][vc_column width=&#8221;1\/2&#8243;][vc_column_text]<\/p>\n<h3>REGLAN KOL<\/h3>\n<p>[\/vc_column_text][vc_images_carousel images=&#8221;6414,6416,6415&#8243; img_size=&#8221;medium&#8221; onclick=&#8221;custom_link&#8221; custom_links_target=&#8221;_blank&#8221; hide_pagination_control=&#8221;yes&#8221; custom_links=&#8221;#E-8_aHR0cHMlM0ElMkYlMkZ3d3cubXRla3N0aWwuY29tJTJGdHIlMkZ1cnVuJTJGdG9wdGFuLXRpc29ydC1pbWFsYXQtZml5YXRsYXJpJTJGJTJDaHR0cHMlM0ElMkYlMkZ3d3cubXRla3N0aWwuY29tJTJGdHIlMkZ1cnVuJTJGdG9wdGFuLXRpc29ydC1pc3RhbmJ1bCUyRiUyQ2h0dHBzJTNBJTJGJTJGd3d3Lm10ZWtzdGlsLmNvbSUyRnRyJTJGdXJ1biUyRnRvcHRhbi10LXNoaXJ0LWVya2VrLWthZGluJTJG&#8221; el_id=&#8221;basic_carousel&#8221;][\/vc_column][\/vc_row][vc_row][vc_column][vc_column_text]<\/p>\n<h2>BAS\u0130C T\u0130\u015e\u00d6RT \u00d6ZEL KUMA\u015e \u00dcRET\u0130M\u0130<br \/>\n&amp; RENK SE\u00c7ENEKLER\u0130<\/h2>\n<p><strong>Stoklar\u0131m\u0131zda belirli standartlarda haz\u0131r kuma\u015flar\u0131m\u0131z bulunmaktad\u0131r.<\/strong> Bunlar\u0131n d\u0131\u015f\u0131nda \u00fcretici firma olmam\u0131zdan dolay\u0131 b<span style=\"font-weight: 400;\">elirli \u00fcst miktar sipari\u015f adetleri i\u00e7in <strong>kuma\u015f talep edilen herhangi bir renge boyanabilir veya gramajlar, talepler do\u011frultusunda d\u00fczenlenebilir<\/strong>. Alt miktarlar i\u00e7in stoklar\u0131m\u0131zdaki talebe en uygun renkteki kuma\u015flar tercih edilir.\u00a0<\/span>[\/vc_column_text][\/vc_column][\/vc_row][vc_row][vc_column][vc_column_text]<\/p>\n<h2>BAS\u0130C T\u0130\u015e\u00d6RT KALIP SE\u00c7ENEKLER\u0130<br \/>\n&amp; D\u00dcZENLEMELER<\/h2>\n<p><span style=\"font-weight: 400;\">Standart olarak sundu\u011fumuz \u00f6l\u00e7\u00fc tablolar\u0131m\u0131z ve numunelerimiz d\u0131\u015f\u0131nda, \u00fcretici firma olmam\u0131zdan dolay\u0131 <strong>\u00f6zel kal\u0131p talepleri ile model de\u011fi\u015fiklikleri uygulanabilmektedir<\/strong>. <\/span><\/p>\n<p><span style=\"font-weight: 400;\">Firmam\u0131z b\u00fcnyesindeki modelistler ile \u00f6zel kal\u0131p \u00e7al\u0131\u015fmalar\u0131 yap\u0131l\u0131p, <strong>numuneler<\/strong> ile onay s\u00fcre\u00e7leri desteklenmektedir. <\/span>Haz\u0131rlanan numuneler \u00fcretim \u00f6ncesi onaya sunulmakta olup, \u00fczerinden istenen d\u00fczenlemeler yap\u0131labilir.[\/vc_column_text][\/vc_column][\/vc_row][vc_row][vc_column][vc_column_text]<\/p>\n<h2>F\u0130RMA LOGOLU TOPTAN BAS\u0130C T\u0130\u015e\u00d6RT<br \/>\nLOGO BASKI &amp; NAKI\u015e<\/h2>\n<p>Temel olarak\u00a0 3 farkl\u0131 y\u00f6ntem bulunmaktad\u0131r:<\/p>\n<ol>\n<li><strong>NAKI\u015e \u0130\u015eLEME:<\/strong> \u00dcr\u00fcn \u00fczerine iplik ile nak\u015fedilen logolar <strong>sonsuz bir kullan\u0131m \u00f6mr\u00fc<\/strong> sunar. \u0130plik renklerinde herhangi bir s\u0131n\u0131rlama olmad\u0131\u011f\u0131ndan<strong> b\u00fct\u00fcn renkler i\u00e7in uygulamaya elveri\u015flidir.<\/strong><\/li>\n<li><strong>EMPR\u0130ME BASKI (BOYA BASKI):<\/strong> Nak\u0131\u015f istemeyenler i\u00e7in birincil tercih olmaktad\u0131r. Boyan\u0131n, logoya uygun haz\u0131rlanan kal\u0131plar vas\u0131tas\u0131yla direk kuma\u015f \u00fczerine uygulanmas\u0131d\u0131r. Bu y\u00f6ntemde de istenilen renkler boya kar\u0131\u015f\u0131mlar\u0131 ile haz\u0131rland\u0131\u011f\u0131ndan <strong>herhangi bir renk s\u0131n\u0131rlamas\u0131 bulunmaz.<\/strong> Kuma\u015f \u00fczerine direk uygulanan boya sayesinde \u00e7ok<strong> uzun s\u00fcreli bir kullan\u0131m \u00f6mr\u00fc<\/strong> olur.<\/li>\n<li><strong>DTF BASKI (TRANSFER BASKI):<\/strong> \u00d6zellikle<strong> logolar\u0131n\u0131n i\u00e7inde renk ge\u00e7i\u015fleri<\/strong> oldu\u011funda tercih edilir. Logonun birebir g\u00f6r\u00fcnt\u00fcs\u00fc \u00f6zel ka\u011f\u0131tlara bilgisayarlar ve DTF makinalar\u0131 ile ge\u00e7irildikten sonra uygun \u0131s\u0131 ve s\u00fcrede pres makinalar\u0131 ile kuma\u015f \u00fczerine uygulamas\u0131yla ger\u00e7ekle\u015ftirilir. Bask\u0131 sonras\u0131 uygulanan \u00f6zel fiksaj i\u015flemleri ile <strong>\u00e7ok uzun s\u00fcreli kullan\u0131m \u00f6mr\u00fc sunar.<\/strong><\/li>\n<\/ol>\n<ul>\n<li>\u0130stenilen b\u00f6lgelere <strong>(kollar, \u00f6n, arka, s\u0131rt, ense, vb.)<\/strong> logo markalama uygulanabilir.<\/li>\n<li>Logolar i\u00e7in 12 renge kadar <strong>emprime bask\u0131<\/strong>; daha detayl\u0131 olanlar i\u00e7in <strong>DTF bask\u0131<\/strong> uygulamas\u0131 yap\u0131l\u0131r.<\/li>\n<\/ul>\n<p>[\/vc_column_text][\/vc_column][\/vc_row][vc_row][vc_column][vc_column_text]<\/p>\n<h2>TOPTAN BAS\u0130C T\u0130\u015e\u00d6RT<br \/>\nNUMUNE &amp; \u00dcRET\u0130M S\u00dcRE\u00c7LER\u0130<\/h2>\n<p>Alan\u0131nda uzman, geni\u015f kadromuzla <strong>\u00e7ok h\u0131zl\u0131 bir \u015fekilde hizmet verebilmekteyiz.<\/strong><\/p>\n<p>Talepler do\u011frultusunda \u00fcretilen<strong> \u015fahit numuneler<\/strong> \u00fczerine al\u0131nan onaylar sonras\u0131 stoklar\u0131m\u0131zda bulunan kuma\u015flar ile h\u0131zl\u0131ca \u00fcretim s\u00fcreci ba\u015flar.<strong> \u00d6zel renk isteniyorsa<\/strong> \u00f6ncelikle renk \u00e7al\u0131\u015fmalar\u0131 yap\u0131l\u0131r ve renk onay\u0131 al\u0131n\u0131r, sonra yine stoklar\u0131m\u0131zda bulunan ham kuma\u015flar ile h\u0131zl\u0131ca kuma\u015f boyama i\u015flemi ba\u015flat\u0131l\u0131r. \u00d6zel renk \u00e7al\u0131\u015fmalar\u0131nda <strong>sipari\u015f termin s\u00fcreleri\u00a0 1 hafta &#8211; 10 g\u00fcn kadar uzamaktad\u0131r.<\/strong><\/p>\n<p><strong>Kalite kontrol<\/strong> s\u00fcre\u00e7leri de firmam\u0131z b\u00fcnyesinde yap\u0131ld\u0131\u011f\u0131ndan, <strong>eksiksiz ve hatas\u0131z sipari\u015f teslimi<\/strong> her zaman vaat edilen s\u00fcrelerde tamamlanmaktad\u0131r.[\/vc_column_text][\/vc_column][\/vc_row][vc_row][vc_column][vc_raw_html]JTNDc3R5bGUlM0UlMEElMjNiYXNpY19jYXJvdXNlbCUyMC52Y19pbWFnZXNfY2Fyb3VzZWwlMjAlN0J3aWR0aCUzQSUyMDEwMCUyNSUyMWltcG9ydGFudCU3RCUwQSUyM2Jhc2ljX2Nhcm91c2VsJTIwLnZjX2l0ZW0lMjAlN0J3aWR0aCUzQSUyMDIxMHB4JTIxaW1wb3J0YW50JTNCJTdEJTIwJTBBJTBBJTIzbWFpbi1jb250ZW50JTIwaDIlMjAlN0JsaW5lLWhlaWdodCUzQSUyMDM0cHglM0IlMjBmb250LXNpemUlM0ElMjAzMnB4JTNCJTdEJTBBJTIzbWFpbi1jb250ZW50JTIwaDMlMjAlN0JsaW5lLWhlaWdodCUzQSUyMDI4cHglM0IlMjBmb250LXNpemUlM0ElMjAyNHB4JTNCJTdEJTBBaDElMjAlN0Jmb250LXNpemUlM0ElMjAzOHB4JTNCJTdEJTBBJTBBLnZjX2ltYWdlc19jYXJvdXNlbC52Y19idWlsZCUyMC52Y19jYXJvdXNlbC1zbGlkZWxpbmUlMjAudmNfY2Fyb3VzZWwtc2xpZGVsaW5lLWlubmVyJTNFLnZjX2l0ZW0lM0Fob3ZlciUyMCU3Qm9wYWNpdHklM0ElMjAwLjYlN0QlMEElMEFwJTJDJTIwLndwYl90ZXh0X2NvbHVtbiUyMG9sJTIwbGklMjAlN0J0ZXh0LWFsaWduJTNBJTIwanVzdGlmeSUyMWltcG9ydGFudCU3RCUwQSUwQS52Y19yb3clMjAlN0JtYXJnaW4tYm90dG9tJTNBJTIwNTBweCU3RCUwQSUzQyUyRnN0eWxlJTNFJTBB[\/vc_raw_html][\/vc_column][\/vc_row]<\/p>\n","protected":false},"excerpt":{"rendered":"<p>[vc_row css=&#8221;.vc_custom_1654279896379{margin-bottom: 15px !important;}&#8221;][vc_column][vc_column_text] BAS\u0130C T\u0130\u015e\u00d6RT \u00dcRET\u0130M DETAYLARI Bisiklet yaka ti\u015f\u00f6rt ya da basic ti\u015f\u00f6rt hem promosyonel, hem de \u00e7al\u0131\u015fan&#8230;<\/p>\n","protected":false},"author":1,"featured_media":4442,"parent":0,"menu_order":0,"comment_status":"closed","ping_status":"closed","template":"","meta":[],"yoast_head":"<!-- This site is optimized with the Yoast SEO plugin v18.8 - https:\/\/yoast.com\/wordpress\/plugins\/seo\/ -->\n<title>Basic Ti\u015f\u00f6rt Toptan - Basic Ti\u015f\u00f6rt Erkek &amp; Kad\u0131n - Oversize Ti\u015f\u00f6rt Toptan<\/title>\n<meta name=\"description\" content=\"Toptan Basic Ti\u015f\u00f6rt - Basic Ti\u015f\u00f6rt Erkek &amp; Kad\u0131n - Oversize Ti\u015f\u00f6rt Toptan: Bisiklet Yaka - V Yaka - Oversize - Reglan Kol | Teklif al\u0131n...\" \/>\n<meta name=\"robots\" content=\"index, follow, max-snippet:-1, max-image-preview:large, max-video-preview:-1\" \/>\n<link rel=\"canonical\" href=\"https:\/\/www.mtekstil.com\/tr\/toptan-basic-tisort\/\" \/>\n<meta property=\"og:locale\" content=\"tr_TR\" \/>\n<meta property=\"og:type\" content=\"article\" \/>\n<meta property=\"og:title\" content=\"Basic Ti\u015f\u00f6rt Toptan - Basic Ti\u015f\u00f6rt Erkek &amp; Kad\u0131n - Oversize Ti\u015f\u00f6rt Toptan\" \/>\n<meta property=\"og:description\" content=\"Toptan Basic Ti\u015f\u00f6rt - Basic Ti\u015f\u00f6rt Erkek &amp; Kad\u0131n - Oversize Ti\u015f\u00f6rt Toptan: Bisiklet Yaka - V Yaka - Oversize - Reglan Kol | Teklif al\u0131n...\" \/>\n<meta property=\"og:url\" content=\"https:\/\/www.mtekstil.com\/tr\/toptan-basic-tisort\/\" \/>\n<meta property=\"og:site_name\" content=\"Mtekstil\" \/>\n<meta property=\"article:modified_time\" content=\"2023-02-23T10:13:48+00:00\" \/>\n<meta property=\"og:image\" content=\"https:\/\/www.mtekstil.com\/tr\/wp-content\/uploads\/2022\/02\/bisiklet_yaka_tisort_6.jpg\" \/>\n\t<meta property=\"og:image:width\" content=\"640\" \/>\n\t<meta property=\"og:image:height\" content=\"959\" \/>\n\t<meta property=\"og:image:type\" content=\"image\/jpeg\" \/>\n<meta name=\"twitter:card\" content=\"summary_large_image\" \/>\n<meta name=\"twitter:label1\" content=\"Tahmini okuma s\u00fcresi\" \/>\n\t<meta name=\"twitter:data1\" content=\"4 dakika\" \/>\n<script type=\"application\/ld+json\" class=\"yoast-schema-graph\">{\"@context\":\"https:\/\/schema.org\",\"@graph\":[{\"@type\":\"WebSite\",\"@id\":\"https:\/\/www.mtekstil.com\/tr\/#website\",\"url\":\"https:\/\/www.mtekstil.com\/tr\/\",\"name\":\"Mtekstil\",\"description\":\"Tekstil Promosyon &Uuml;r&uuml;nleri\",\"potentialAction\":[{\"@type\":\"SearchAction\",\"target\":{\"@type\":\"EntryPoint\",\"urlTemplate\":\"https:\/\/www.mtekstil.com\/tr\/?s={search_term_string}\"},\"query-input\":\"required name=search_term_string\"}],\"inLanguage\":\"tr\"},{\"@type\":\"ImageObject\",\"inLanguage\":\"tr\",\"@id\":\"https:\/\/www.mtekstil.com\/tr\/toptan-basic-tisort\/#primaryimage\",\"url\":\"https:\/\/www.mtekstil.com\/tr\/wp-content\/uploads\/2022\/02\/bisiklet_yaka_tisort_6.jpg\",\"contentUrl\":\"https:\/\/www.mtekstil.com\/tr\/wp-content\/uploads\/2022\/02\/bisiklet_yaka_tisort_6.jpg\",\"width\":640,\"height\":959,\"caption\":\"%100 Pamuk Openend Bisiklet Yaka Ti\u015f\u00f6rt - Bask\u0131l\u0131 & Logolu Toptan Ti\u015f\u00f6rt\"},{\"@type\":\"WebPage\",\"@id\":\"https:\/\/www.mtekstil.com\/tr\/toptan-basic-tisort\/#webpage\",\"url\":\"https:\/\/www.mtekstil.com\/tr\/toptan-basic-tisort\/\",\"name\":\"Basic Ti\u015f\u00f6rt Toptan - Basic Ti\u015f\u00f6rt Erkek & Kad\u0131n - Oversize Ti\u015f\u00f6rt Toptan\",\"isPartOf\":{\"@id\":\"https:\/\/www.mtekstil.com\/tr\/#website\"},\"primaryImageOfPage\":{\"@id\":\"https:\/\/www.mtekstil.com\/tr\/toptan-basic-tisort\/#primaryimage\"},\"datePublished\":\"2022-08-15T07:56:24+00:00\",\"dateModified\":\"2023-02-23T10:13:48+00:00\",\"description\":\"Toptan Basic Ti\u015f\u00f6rt - Basic Ti\u015f\u00f6rt Erkek & Kad\u0131n - Oversize Ti\u015f\u00f6rt Toptan: Bisiklet Yaka - V Yaka - Oversize - Reglan Kol | Teklif al\u0131n...\",\"breadcrumb\":{\"@id\":\"https:\/\/www.mtekstil.com\/tr\/toptan-basic-tisort\/#breadcrumb\"},\"inLanguage\":\"tr\",\"potentialAction\":[{\"@type\":\"ReadAction\",\"target\":[\"https:\/\/www.mtekstil.com\/tr\/toptan-basic-tisort\/\"]}]},{\"@type\":\"BreadcrumbList\",\"@id\":\"https:\/\/www.mtekstil.com\/tr\/toptan-basic-tisort\/#breadcrumb\",\"itemListElement\":[{\"@type\":\"ListItem\",\"position\":1,\"name\":\"Home\",\"item\":\"https:\/\/www.mtekstil.com\/tr\/\"},{\"@type\":\"ListItem\",\"position\":2,\"name\":\"BASIC T\u0130\u015e\u00d6RT \u00dcRET\u0130M DETAYLARI\"}]}]}<\/script>\n<!-- \/ Yoast SEO plugin. -->","yoast_head_json":{"title":"Basic Ti\u015f\u00f6rt Toptan - Basic Ti\u015f\u00f6rt Erkek & Kad\u0131n - Oversize Ti\u015f\u00f6rt Toptan","description":"Toptan Basic Ti\u015f\u00f6rt - Basic Ti\u015f\u00f6rt Erkek & Kad\u0131n - Oversize Ti\u015f\u00f6rt Toptan: Bisiklet Yaka - V Yaka - Oversize - Reglan Kol | Teklif al\u0131n...","robots":{"index":"index","follow":"follow","max-snippet":"max-snippet:-1","max-image-preview":"max-image-preview:large","max-video-preview":"max-video-preview:-1"},"canonical":"https:\/\/www.mtekstil.com\/tr\/toptan-basic-tisort\/","og_locale":"tr_TR","og_type":"article","og_title":"Basic Ti\u015f\u00f6rt Toptan - Basic Ti\u015f\u00f6rt Erkek & Kad\u0131n - Oversize Ti\u015f\u00f6rt Toptan","og_description":"Toptan Basic Ti\u015f\u00f6rt - Basic Ti\u015f\u00f6rt Erkek & Kad\u0131n - Oversize Ti\u015f\u00f6rt Toptan: Bisiklet Yaka - V Yaka - Oversize - Reglan Kol | Teklif al\u0131n...","og_url":"https:\/\/www.mtekstil.com\/tr\/toptan-basic-tisort\/","og_site_name":"Mtekstil","article_modified_time":"2023-02-23T10:13:48+00:00","og_image":[{"width":640,"height":959,"url":"https:\/\/www.mtekstil.com\/tr\/wp-content\/uploads\/2022\/02\/bisiklet_yaka_tisort_6.jpg","type":"image\/jpeg"}],"twitter_card":"summary_large_image","twitter_misc":{"Tahmini okuma s\u00fcresi":"4 dakika"},"schema":{"@context":"https:\/\/schema.org","@graph":[{"@type":"WebSite","@id":"https:\/\/www.mtekstil.com\/tr\/#website","url":"https:\/\/www.mtekstil.com\/tr\/","name":"Mtekstil","description":"Tekstil Promosyon &Uuml;r&uuml;nleri","potentialAction":[{"@type":"SearchAction","target":{"@type":"EntryPoint","urlTemplate":"https:\/\/www.mtekstil.com\/tr\/?s={search_term_string}"},"query-input":"required name=search_term_string"}],"inLanguage":"tr"},{"@type":"ImageObject","inLanguage":"tr","@id":"https:\/\/www.mtekstil.com\/tr\/toptan-basic-tisort\/#primaryimage","url":"https:\/\/www.mtekstil.com\/tr\/wp-content\/uploads\/2022\/02\/bisiklet_yaka_tisort_6.jpg","contentUrl":"https:\/\/www.mtekstil.com\/tr\/wp-content\/uploads\/2022\/02\/bisiklet_yaka_tisort_6.jpg","width":640,"height":959,"caption":"%100 Pamuk Openend Bisiklet Yaka Ti\u015f\u00f6rt - Bask\u0131l\u0131 & Logolu Toptan Ti\u015f\u00f6rt"},{"@type":"WebPage","@id":"https:\/\/www.mtekstil.com\/tr\/toptan-basic-tisort\/#webpage","url":"https:\/\/www.mtekstil.com\/tr\/toptan-basic-tisort\/","name":"Basic Ti\u015f\u00f6rt Toptan - Basic Ti\u015f\u00f6rt Erkek & Kad\u0131n - Oversize Ti\u015f\u00f6rt Toptan","isPartOf":{"@id":"https:\/\/www.mtekstil.com\/tr\/#website"},"primaryImageOfPage":{"@id":"https:\/\/www.mtekstil.com\/tr\/toptan-basic-tisort\/#primaryimage"},"datePublished":"2022-08-15T07:56:24+00:00","dateModified":"2023-02-23T10:13:48+00:00","description":"Toptan Basic Ti\u015f\u00f6rt - Basic Ti\u015f\u00f6rt Erkek & Kad\u0131n - Oversize Ti\u015f\u00f6rt Toptan: Bisiklet Yaka - V Yaka - Oversize - Reglan Kol | Teklif al\u0131n...","breadcrumb":{"@id":"https:\/\/www.mtekstil.com\/tr\/toptan-basic-tisort\/#breadcrumb"},"inLanguage":"tr","potentialAction":[{"@type":"ReadAction","target":["https:\/\/www.mtekstil.com\/tr\/toptan-basic-tisort\/"]}]},{"@type":"BreadcrumbList","@id":"https:\/\/www.mtekstil.com\/tr\/toptan-basic-tisort\/#breadcrumb","itemListElement":[{"@type":"ListItem","position":1,"name":"Home","item":"https:\/\/www.mtekstil.com\/tr\/"},{"@type":"ListItem","position":2,"name":"BASIC T\u0130\u015e\u00d6RT \u00dcRET\u0130M DETAYLARI"}]}]}},"_links":{"self":[{"href":"https:\/\/www.mtekstil.com\/tr\/wp-json\/wp\/v2\/pages\/4843"}],"collection":[{"href":"https:\/\/www.mtekstil.com\/tr\/wp-json\/wp\/v2\/pages"}],"about":[{"href":"https:\/\/www.mtekstil.com\/tr\/wp-json\/wp\/v2\/types\/page"}],"author":[{"embeddable":true,"href":"https:\/\/www.mtekstil.com\/tr\/wp-json\/wp\/v2\/users\/1"}],"replies":[{"embeddable":true,"href":"https:\/\/www.mtekstil.com\/tr\/wp-json\/wp\/v2\/comments?post=4843"}],"version-history":[{"count":26,"href":"https:\/\/www.mtekstil.com\/tr\/wp-json\/wp\/v2\/pages\/4843\/revisions"}],"predecessor-version":[{"id":6420,"href":"https:\/\/www.mtekstil.com\/tr\/wp-json\/wp\/v2\/pages\/4843\/revisions\/6420"}],"wp:featuredmedia":[{"embeddable":true,"href":"https:\/\/www.mtekstil.com\/tr\/wp-json\/wp\/v2\/media\/4442"}],"wp:attachment":[{"href":"https:\/\/www.mtekstil.com\/tr\/wp-json\/wp\/v2\/media?parent=4843"}],"curies":[{"name":"wp","href":"https:\/\/api.w.org\/{rel}","templated":true}]}}