{"id":5195,"date":"2022-10-04T06:54:17","date_gmt":"2022-10-04T06:54:17","guid":{"rendered":"https:\/\/www.mtekstil.com\/tr\/?page_id=5195"},"modified":"2023-03-10T09:04:45","modified_gmt":"2023-03-10T09:04:45","slug":"toptan-hoodie","status":"publish","type":"page","link":"https:\/\/www.mtekstil.com\/tr\/toptan-hoodie\/","title":{"rendered":"HOOD\u0130E \u00dcRET\u0130M DETAYLARI"},"content":{"rendered":"<p>[vc_row css=&#8221;.vc_custom_1654279896379{margin-bottom: 15px !important;}&#8221;][vc_column][vc_column_text]<\/p>\n<h1 style=\"font-size: 38px; text-align: center;\">HOODIE \u00dcRET\u0130M DETAYLARI<\/h1>\n<p><strong>Erkek &amp; kad\u0131n hoodie modeller, i\u00e7inde rahat hareket edilebilen, \u00f6zg\u00fcrl\u00fck alan\u0131n\u0131 koruyan ferah k\u0131yafetlerdendir. \u00c7o\u011funlukla y\u00fcz\u00fc kapatan bol bir kap\u00fc\u015fonun e\u015flik etti\u011fi geni\u015f kesim par\u00e7alard\u0131r. Geni\u015f kap\u00fc\u015fon bu modeli sweatshirt \u00fcr\u00fcnlerden ay\u0131ran \u00f6zelliktir.<\/strong><\/p>\n<p><span style=\"font-weight: 400;\"><em>(<strong>T\u00dcM MODELLER<\/strong>&#8216;e veya a\u015fa\u011f\u0131da foto\u011fraflara t\u0131klayarak standart modelleri inceleyebilir, <strong>DETAYLI B\u0130LG\u0130 AL<\/strong> formu ile talebinize y\u00f6nelik bilgi alabilirsiniz.)<\/em><\/span>[\/vc_column_text][vc_row_inner][vc_column_inner][vc_raw_html]JTNDZGl2JTIwc3R5bGUlM0QlMjd3aWR0aCUzQSUyMDEwMCUyNSUzQiUyMHRleHQtYWxpZ24lM0ElMjBjZW50ZXIlMjclM0UlM0NidXR0b24lMjBpZCUzRCUyN2JpbGdpX2FsX2hpem1ldCUyNyUyMHN0eWxlJTNEJTI3cG9zaXRpb24lM0ElMjByZWxhdGl2ZSUzQiUyMGJveC1zaXppbmclM0ElMjBib3JkZXItYm94JTNCJTIwd2lkdGglM0ElMjAzMDBweCUzQiUyMGhlaWdodCUzQSUyMDUycHglM0IlMjBjb2xvciUzQSUyMCUyM2Q3YjM5OCUzQiUyMGJhY2tncm91bmQlM0ElMjAlMjNGRkZGRkYlM0IlMjBib3JkZXIlM0ElMjAxcHglMjBzb2xpZCUyMCUyM2Q3YjM5OCUzQiUyMG1hcmdpbiUzQSUyMDEwcHglM0IlMjclMjBvbkNsaWNrJTNEJTI3b3BlblNpZGViYXJGb3JtJTI4JTI5JTI3JTNFRGV0YXlsJUM0JUIxJTIwQmlsZ2klMjBBbCUzQyUyRmJ1dHRvbiUzRSUzQ2ElMjBocmVmJTNEJTIyaHR0cHMlM0ElMkYlMkZ3d3cubXRla3N0aWwuY29tJTJGdHIlMkZ1cnVuLWthdGVnb3JpJTJGdG9wdGFuLWhvb2RpZSUyRiUyMiUyMHRhcmdldCUzRCUyMl9ibGFuayUyMiUzRSUzQ2J1dHRvbiUyMHN0eWxlJTNEJTIycG9zaXRpb24lM0ElMjByZWxhdGl2ZSUzQiUyMGJveC1zaXppbmclM0ElMjBib3JkZXItYm94JTNCJTIwd2lkdGglM0ElMjAzMDBweCUzQiUyMGhlaWdodCUzQSUyMDUycHglM0IlMjBjb2xvciUzQSUyMCUyM0ZGRkZGRiUzQiUyMGJhY2tncm91bmQlM0ElMjAlMjNkN2IzOTglM0IlMjBib3JkZXIlM0ElMjAxcHglMjBzb2xpZCUyMCUyM2Q3YjM5OCUzQiUyMG1hcmdpbiUzQSUyMDEwcHglM0IlMjIlMjBpZCUzRCUyN3R1bV9tb2RlbGxlciUyNyUzRVQlQzMlOUNNJTIwTU9ERUxMRVIlM0MlMkZidXR0b24lM0UlM0MlMkZhJTNFJTNDJTJGZGl2JTNF[\/vc_raw_html][vc_column_text css=&#8221;.vc_custom_1664871793555{margin-top: 40px !important;}&#8221;]Hoodie \u00fcr\u00fcnler \u00e7ok b\u00fcy\u00fck oranda \u00f6nde<strong> kanguru cepli, kol ve eteklerde \u00f6zel ka\u015fkorse<\/strong> kullan\u0131larak <strong>iki iplik veya \u00fc\u00e7 iplik kuma\u015flar<\/strong> ile \u00fcretilmektedir. \u00c7o\u011funlukla i\u00e7 y\u00fczlerinde <strong>\u015fardon<\/strong> bulunur.<\/p>\n<p><strong>320 gr\/m<sup>2<\/sup>\u00a0standartta \u00fcretilmektedir.<\/strong> M\u00fc\u015fteri talepleri do\u011frutlusunda daha y\u00fcksek veya d\u00fc\u015f\u00fck garamajda \u00fcretim yap\u0131labilmektedir.[\/vc_column_text][\/vc_column_inner][\/vc_row_inner][\/vc_column][\/vc_row][vc_row][vc_column][vc_images_carousel images=&#8221;5356,5354,5347,5344,5342&#8243; img_size=&#8221;medium&#8221; onclick=&#8221;custom_link&#8221; custom_links_target=&#8221;_blank&#8221; hide_pagination_control=&#8221;yes&#8221; el_id=&#8221;hoodies_carousel&#8221; custom_links=&#8221;#E-8_aHR0cHMlM0ElMkYlMkZ3d3cubXRla3N0aWwuY29tJTJGdHIlMkZ1cnVuJTJGdG9wdGFuLW92ZXJzaXplLWhvb2RpZSUyRiUyQ2h0dHBzJTNBJTJGJTJGd3d3Lm10ZWtzdGlsLmNvbSUyRnRyJTJGdXJ1biUyRmlzdGFuYnVsLXRvcHRhbi1ob29kaWUlMkYlMkNodHRwcyUzQSUyRiUyRnd3dy5tdGVrc3RpbC5jb20lMkZ0ciUyRnVydW4lMkZ0b3B0YW4ta2Fwc29ubHUtc3dlYXRzaGlydCUyRiUyQ2h0dHBzJTNBJTJGJTJGd3d3Lm10ZWtzdGlsLmNvbSUyRnRyJTJGdXJ1biUyRmhvb2RpZS10b3B0YW4tZml5YXQlMkYlMkNodHRwcyUzQSUyRiUyRnd3dy5tdGVrc3RpbC5jb20lMkZ0ciUyRnVydW4lMkZ0b3B0YW4taG9vZGllLXNhdGlzaSUyRg==&#8221;][\/vc_column][\/vc_row][vc_row][vc_column][vc_column_text]<\/p>\n<h2>HOODIE \u00d6ZEL KUMA\u015e \u00dcRET\u0130M\u0130<br \/>\n&amp; RENK SE\u00c7ENEKLER\u0130<\/h2>\n<p><strong>Stoklar\u0131m\u0131zda belirli standartlarda haz\u0131r kuma\u015flar\u0131m\u0131z bulunmaktad\u0131r.<\/strong> Bunlar\u0131n d\u0131\u015f\u0131nda \u00fcretici firma olmam\u0131zdan dolay\u0131 b<span style=\"font-weight: 400;\">elirli \u00fcst miktar sipari\u015f adetleri i\u00e7in <strong>kuma\u015f talep edilen herhangi bir renge boyanabilir veya gramajlar, talepler do\u011frultusunda d\u00fczenlenebilir<\/strong>. Alt miktarlar i\u00e7in stoklar\u0131m\u0131zdaki talebe en uygun renkteki kuma\u015flar tercih edilir.\u00a0<\/span>[\/vc_column_text][\/vc_column][\/vc_row][vc_row][vc_column][vc_column_text]<\/p>\n<h2>HOODIE KALIP SE\u00c7ENEKLER\u0130<br \/>\n&amp; D\u00dcZENLEMELER<\/h2>\n<p><span style=\"font-weight: 400;\">Standart olarak sundu\u011fumuz \u00f6l\u00e7\u00fc tablolar\u0131m\u0131z ve numunelerimiz d\u0131\u015f\u0131nda, \u00fcretici firma olmam\u0131zdan dolay\u0131 <strong>\u00f6zel kal\u0131p talepleri ile model de\u011fi\u015fiklikleri uygulanabilmektedir<\/strong>. <\/span><\/p>\n<p><span style=\"font-weight: 400;\">Firmam\u0131z b\u00fcnyesindeki modelistler ile \u00f6zel kal\u0131p \u00e7al\u0131\u015fmalar\u0131 yap\u0131l\u0131p, <strong>numuneler<\/strong> ile onay s\u00fcre\u00e7leri desteklenmektedir. <\/span>Haz\u0131rlanan numuneler \u00fcretim \u00f6ncesi onaya sunulmakta olup, \u00fczerinden istenen d\u00fczenlemeler yap\u0131labilir.[\/vc_column_text][\/vc_column][\/vc_row][vc_row][vc_column][vc_column_text]<\/p>\n<h2>F\u0130RMA LOGOLU BASKILI TOPTAN HOODIE<br \/>\nLOGO BASKI &amp; NAKI\u015e<\/h2>\n<p>Temel olarak\u00a0 3 farkl\u0131 y\u00f6ntem bulunmaktad\u0131r:<\/p>\n<ol>\n<li><strong>NAKI\u015e \u0130\u015eLEME:<\/strong> \u00dcr\u00fcn \u00fczerine iplik ile nak\u015fedilen logolar <strong>sonsuz bir kullan\u0131m \u00f6mr\u00fc<\/strong> sunar. \u0130plik renklerinde herhangi bir s\u0131n\u0131rlama olmad\u0131\u011f\u0131ndan<strong> b\u00fct\u00fcn renkler i\u00e7in uygulamaya elveri\u015flidir.<\/strong><\/li>\n<li><strong>EMPR\u0130ME BASKI (BOYA BASKI):<\/strong> Nak\u0131\u015f istemeyenler i\u00e7in birincil tercih olmaktad\u0131r. Boyan\u0131n, logoya uygun haz\u0131rlanan kal\u0131plar vas\u0131tas\u0131yla direk kuma\u015f \u00fczerine uygulanmas\u0131d\u0131r. Bu y\u00f6ntemde de istenilen renkler boya kar\u0131\u015f\u0131mlar\u0131 ile haz\u0131rland\u0131\u011f\u0131ndan <strong>herhangi bir renk s\u0131n\u0131rlamas\u0131 bulunmaz.<\/strong> Kuma\u015f \u00fczerine direk uygulanan boya sayesinde \u00e7ok<strong> uzun s\u00fcreli bir kullan\u0131m \u00f6mr\u00fc<\/strong> olur.<\/li>\n<li><strong>DTF BASKI (TRANSFER BASKI):<\/strong> \u00d6zellikle<strong> logolar\u0131n\u0131n i\u00e7inde renk ge\u00e7i\u015fleri<\/strong> oldu\u011funda tercih edilir. Logonun birebir g\u00f6r\u00fcnt\u00fcs\u00fc \u00f6zel ka\u011f\u0131tlara bilgisayarlar ve DTF makinalar\u0131 ile ge\u00e7irildikten sonra uygun \u0131s\u0131 ve s\u00fcrede pres makinalar\u0131 ile kuma\u015f \u00fczerine uygulamas\u0131yla ger\u00e7ekle\u015ftirilir. Bask\u0131 sonras\u0131 uygulanan \u00f6zel fiksaj i\u015flemleri ile <strong>\u00e7ok uzun s\u00fcreli kullan\u0131m \u00f6mr\u00fc sunar.<\/strong><\/li>\n<\/ol>\n<ul>\n<li>\u0130stenilen b\u00f6lgelere <strong>(kollar, \u00f6n, arka, s\u0131rt, ense, vb.)<\/strong> logo markalama uygulanabilir.<\/li>\n<li>Logolar i\u00e7in 12 renge kadar <strong>emprime bask\u0131<\/strong>; daha detayl\u0131 olanlar i\u00e7in <strong>DTF bask\u0131<\/strong> uygulamas\u0131 yap\u0131l\u0131r.<\/li>\n<\/ul>\n<p>[\/vc_column_text][\/vc_column][\/vc_row][vc_row][vc_column][vc_column_text]<\/p>\n<h2>TOPTAN HOODIE<br \/>\nNUMUNE &amp; \u00dcRET\u0130M S\u00dcRE\u00c7LER\u0130<\/h2>\n<p>Alan\u0131nda uzman, geni\u015f kadromuzla <strong>\u00e7ok h\u0131zl\u0131 bir \u015fekilde hizmet verebilmekteyiz.<\/strong><\/p>\n<p>Talepler do\u011frultusunda \u00fcretilen<strong> \u015fahit numuneler<\/strong> \u00fczerine al\u0131nan onaylar sonras\u0131 stoklar\u0131m\u0131zda bulunan kuma\u015flar ile h\u0131zl\u0131ca \u00fcretim s\u00fcreci ba\u015flar.<strong> \u00d6zel renk isteniyorsa<\/strong> \u00f6ncelikle renk \u00e7al\u0131\u015fmalar\u0131 yap\u0131l\u0131r ve renk onay\u0131 al\u0131n\u0131r, sonra yine stoklar\u0131m\u0131zda bulunan ham kuma\u015flar ile h\u0131zl\u0131ca kuma\u015f boyama i\u015flemi ba\u015flat\u0131l\u0131r. \u00d6zel renk \u00e7al\u0131\u015fmalar\u0131nda <strong>sipari\u015f termin s\u00fcreleri\u00a0 1 hafta &#8211; 10 g\u00fcn kadar uzamaktad\u0131r.<\/strong><\/p>\n<p><strong>Kalite kontrol<\/strong> s\u00fcre\u00e7leri de firmam\u0131z b\u00fcnyesinde yap\u0131ld\u0131\u011f\u0131ndan, <strong>eksiksiz ve hatas\u0131z sipari\u015f teslimi<\/strong> her zaman vaat edilen s\u00fcrelerde tamamlanmaktad\u0131r.[\/vc_column_text][\/vc_column][\/vc_row][vc_row][vc_column][vc_raw_html]JTNDc3R5bGUlM0UlMEElMjNob29kaWVzX2Nhcm91c2VsJTIwLnZjX2ltYWdlc19jYXJvdXNlbCUyMCU3QndpZHRoJTNBJTIwMTAwJTI1JTIxaW1wb3J0YW50JTdEJTBBJTIzaG9vZGllc19jYXJvdXNlbCUyMC52Y19pdGVtJTIwJTdCd2lkdGglM0ElMjAyMTBweCUyMWltcG9ydGFudCUzQiU3RCUyMCUwQSUwQSUyM21haW4tY29udGVudCUyMGgyJTIwJTdCbGluZS1oZWlnaHQlM0ElMjAzNHB4JTNCJTIwZm9udC1zaXplJTNBJTIwMzJweCUzQiU3RCUwQSUyM21haW4tY29udGVudCUyMGgzJTIwJTdCbGluZS1oZWlnaHQlM0ElMjAyOHB4JTNCJTIwZm9udC1zaXplJTNBJTIwMjRweCUzQiU3RCUwQWgxJTIwJTdCZm9udC1zaXplJTNBJTIwMzhweCUzQiU3RCUwQSUwQS52Y19pbWFnZXNfY2Fyb3VzZWwudmNfYnVpbGQlMjAudmNfY2Fyb3VzZWwtc2xpZGVsaW5lJTIwLnZjX2Nhcm91c2VsLXNsaWRlbGluZS1pbm5lciUzRS52Y19pdGVtJTNBaG92ZXIlMjAlN0JvcGFjaXR5JTNBJTIwMC42JTdEJTBBJTBBcCUyQyUyMC53cGJfdGV4dF9jb2x1bW4lMjBvbCUyMGxpJTIwJTdCdGV4dC1hbGlnbiUzQSUyMGp1c3RpZnklMjFpbXBvcnRhbnQlN0QlMEElMEEudmNfcm93JTIwJTdCbWFyZ2luLWJvdHRvbSUzQSUyMDUwcHglN0QlMEElM0MlMkZzdHlsZSUzRSUwQQ==[\/vc_raw_html][\/vc_column][\/vc_row]<\/p>\n","protected":false},"excerpt":{"rendered":"<p>[vc_row css=&#8221;.vc_custom_1654279896379{margin-bottom: 15px !important;}&#8221;][vc_column][vc_column_text] HOODIE \u00dcRET\u0130M DETAYLARI Erkek &amp; kad\u0131n hoodie modeller, i\u00e7inde rahat hareket edilebilen, \u00f6zg\u00fcrl\u00fck alan\u0131n\u0131 koruyan ferah&#8230;<\/p>\n","protected":false},"author":1,"featured_media":4969,"parent":0,"menu_order":0,"comment_status":"closed","ping_status":"closed","template":"","meta":[],"yoast_head":"<!-- This site is optimized with the Yoast SEO plugin v18.8 - https:\/\/yoast.com\/wordpress\/plugins\/seo\/ -->\n<title>Toptan Hoodie Sat\u0131\u015f - Hoodie Toptan Fiyat - \u0130stanbul Toptan Hoodie \u0130malat<\/title>\n<meta name=\"description\" content=\"Toptan Hoodie Sat\u0131\u015f \u0130stanbul - Hoodie Toptan Fiyat: Bask\u0131l\u0131, bask\u0131s\u0131z; 2 - 3 iplik kuma\u015f; \u015fardonlu, \u015fardonsuz modeller i\u00e7in online teklif...\" \/>\n<meta name=\"robots\" content=\"index, follow, max-snippet:-1, max-image-preview:large, max-video-preview:-1\" \/>\n<link rel=\"canonical\" href=\"https:\/\/www.mtekstil.com\/tr\/toptan-hoodie\/\" \/>\n<meta property=\"og:locale\" content=\"tr_TR\" \/>\n<meta property=\"og:type\" content=\"article\" \/>\n<meta property=\"og:title\" content=\"Toptan Hoodie Sat\u0131\u015f - Hoodie Toptan Fiyat - \u0130stanbul Toptan Hoodie \u0130malat\" \/>\n<meta property=\"og:description\" content=\"Toptan Hoodie Sat\u0131\u015f \u0130stanbul - Hoodie Toptan Fiyat: Bask\u0131l\u0131, bask\u0131s\u0131z; 2 - 3 iplik kuma\u015f; \u015fardonlu, \u015fardonsuz modeller i\u00e7in online teklif...\" \/>\n<meta property=\"og:url\" content=\"https:\/\/www.mtekstil.com\/tr\/toptan-hoodie\/\" \/>\n<meta property=\"og:site_name\" content=\"Mtekstil\" \/>\n<meta property=\"article:modified_time\" content=\"2023-03-10T09:04:45+00:00\" \/>\n<meta property=\"og:image\" content=\"https:\/\/www.mtekstil.com\/tr\/wp-content\/uploads\/2022\/03\/yuksek_kaliteli_sardonlu_kalin_hoodie_4.jpg\" \/>\n\t<meta property=\"og:image:width\" content=\"1200\" \/>\n\t<meta property=\"og:image:height\" content=\"1799\" \/>\n\t<meta property=\"og:image:type\" content=\"image\/jpeg\" \/>\n<meta name=\"twitter:card\" content=\"summary_large_image\" \/>\n<meta name=\"twitter:label1\" content=\"Tahmini okuma s\u00fcresi\" \/>\n\t<meta name=\"twitter:data1\" content=\"3 dakika\" \/>\n<script type=\"application\/ld+json\" class=\"yoast-schema-graph\">{\"@context\":\"https:\/\/schema.org\",\"@graph\":[{\"@type\":\"WebSite\",\"@id\":\"https:\/\/www.mtekstil.com\/tr\/#website\",\"url\":\"https:\/\/www.mtekstil.com\/tr\/\",\"name\":\"Mtekstil\",\"description\":\"Tekstil Promosyon &Uuml;r&uuml;nleri\",\"potentialAction\":[{\"@type\":\"SearchAction\",\"target\":{\"@type\":\"EntryPoint\",\"urlTemplate\":\"https:\/\/www.mtekstil.com\/tr\/?s={search_term_string}\"},\"query-input\":\"required name=search_term_string\"}],\"inLanguage\":\"tr\"},{\"@type\":\"ImageObject\",\"inLanguage\":\"tr\",\"@id\":\"https:\/\/www.mtekstil.com\/tr\/toptan-hoodie\/#primaryimage\",\"url\":\"https:\/\/www.mtekstil.com\/tr\/wp-content\/uploads\/2022\/03\/yuksek_kaliteli_sardonlu_kalin_hoodie_4.jpg\",\"contentUrl\":\"https:\/\/www.mtekstil.com\/tr\/wp-content\/uploads\/2022\/03\/yuksek_kaliteli_sardonlu_kalin_hoodie_4.jpg\",\"width\":1200,\"height\":1799,\"caption\":\"\u00dc\u00e7 \u0130plik \u015eardonlu Penye Hoodie & Sweatshirt - Hoodie Toptan Fiyatlar\u0131\"},{\"@type\":\"WebPage\",\"@id\":\"https:\/\/www.mtekstil.com\/tr\/toptan-hoodie\/#webpage\",\"url\":\"https:\/\/www.mtekstil.com\/tr\/toptan-hoodie\/\",\"name\":\"Toptan Hoodie Sat\u0131\u015f - Hoodie Toptan Fiyat - \u0130stanbul Toptan Hoodie \u0130malat\",\"isPartOf\":{\"@id\":\"https:\/\/www.mtekstil.com\/tr\/#website\"},\"primaryImageOfPage\":{\"@id\":\"https:\/\/www.mtekstil.com\/tr\/toptan-hoodie\/#primaryimage\"},\"datePublished\":\"2022-10-04T06:54:17+00:00\",\"dateModified\":\"2023-03-10T09:04:45+00:00\",\"description\":\"Toptan Hoodie Sat\u0131\u015f \u0130stanbul - Hoodie Toptan Fiyat: Bask\u0131l\u0131, bask\u0131s\u0131z; 2 - 3 iplik kuma\u015f; \u015fardonlu, \u015fardonsuz modeller i\u00e7in online teklif...\",\"breadcrumb\":{\"@id\":\"https:\/\/www.mtekstil.com\/tr\/toptan-hoodie\/#breadcrumb\"},\"inLanguage\":\"tr\",\"potentialAction\":[{\"@type\":\"ReadAction\",\"target\":[\"https:\/\/www.mtekstil.com\/tr\/toptan-hoodie\/\"]}]},{\"@type\":\"BreadcrumbList\",\"@id\":\"https:\/\/www.mtekstil.com\/tr\/toptan-hoodie\/#breadcrumb\",\"itemListElement\":[{\"@type\":\"ListItem\",\"position\":1,\"name\":\"Home\",\"item\":\"https:\/\/www.mtekstil.com\/tr\/\"},{\"@type\":\"ListItem\",\"position\":2,\"name\":\"HOOD\u0130E \u00dcRET\u0130M DETAYLARI\"}]}]}<\/script>\n<!-- \/ Yoast SEO plugin. -->","yoast_head_json":{"title":"Toptan Hoodie Sat\u0131\u015f - Hoodie Toptan Fiyat - \u0130stanbul Toptan Hoodie \u0130malat","description":"Toptan Hoodie Sat\u0131\u015f \u0130stanbul - Hoodie Toptan Fiyat: Bask\u0131l\u0131, bask\u0131s\u0131z; 2 - 3 iplik kuma\u015f; \u015fardonlu, \u015fardonsuz modeller i\u00e7in online teklif...","robots":{"index":"index","follow":"follow","max-snippet":"max-snippet:-1","max-image-preview":"max-image-preview:large","max-video-preview":"max-video-preview:-1"},"canonical":"https:\/\/www.mtekstil.com\/tr\/toptan-hoodie\/","og_locale":"tr_TR","og_type":"article","og_title":"Toptan Hoodie Sat\u0131\u015f - Hoodie Toptan Fiyat - \u0130stanbul Toptan Hoodie \u0130malat","og_description":"Toptan Hoodie Sat\u0131\u015f \u0130stanbul - Hoodie Toptan Fiyat: Bask\u0131l\u0131, bask\u0131s\u0131z; 2 - 3 iplik kuma\u015f; \u015fardonlu, \u015fardonsuz modeller i\u00e7in online teklif...","og_url":"https:\/\/www.mtekstil.com\/tr\/toptan-hoodie\/","og_site_name":"Mtekstil","article_modified_time":"2023-03-10T09:04:45+00:00","og_image":[{"width":1200,"height":1799,"url":"https:\/\/www.mtekstil.com\/tr\/wp-content\/uploads\/2022\/03\/yuksek_kaliteli_sardonlu_kalin_hoodie_4.jpg","type":"image\/jpeg"}],"twitter_card":"summary_large_image","twitter_misc":{"Tahmini okuma s\u00fcresi":"3 dakika"},"schema":{"@context":"https:\/\/schema.org","@graph":[{"@type":"WebSite","@id":"https:\/\/www.mtekstil.com\/tr\/#website","url":"https:\/\/www.mtekstil.com\/tr\/","name":"Mtekstil","description":"Tekstil Promosyon &Uuml;r&uuml;nleri","potentialAction":[{"@type":"SearchAction","target":{"@type":"EntryPoint","urlTemplate":"https:\/\/www.mtekstil.com\/tr\/?s={search_term_string}"},"query-input":"required name=search_term_string"}],"inLanguage":"tr"},{"@type":"ImageObject","inLanguage":"tr","@id":"https:\/\/www.mtekstil.com\/tr\/toptan-hoodie\/#primaryimage","url":"https:\/\/www.mtekstil.com\/tr\/wp-content\/uploads\/2022\/03\/yuksek_kaliteli_sardonlu_kalin_hoodie_4.jpg","contentUrl":"https:\/\/www.mtekstil.com\/tr\/wp-content\/uploads\/2022\/03\/yuksek_kaliteli_sardonlu_kalin_hoodie_4.jpg","width":1200,"height":1799,"caption":"\u00dc\u00e7 \u0130plik \u015eardonlu Penye Hoodie & Sweatshirt - Hoodie Toptan Fiyatlar\u0131"},{"@type":"WebPage","@id":"https:\/\/www.mtekstil.com\/tr\/toptan-hoodie\/#webpage","url":"https:\/\/www.mtekstil.com\/tr\/toptan-hoodie\/","name":"Toptan Hoodie Sat\u0131\u015f - Hoodie Toptan Fiyat - \u0130stanbul Toptan Hoodie \u0130malat","isPartOf":{"@id":"https:\/\/www.mtekstil.com\/tr\/#website"},"primaryImageOfPage":{"@id":"https:\/\/www.mtekstil.com\/tr\/toptan-hoodie\/#primaryimage"},"datePublished":"2022-10-04T06:54:17+00:00","dateModified":"2023-03-10T09:04:45+00:00","description":"Toptan Hoodie Sat\u0131\u015f \u0130stanbul - Hoodie Toptan Fiyat: Bask\u0131l\u0131, bask\u0131s\u0131z; 2 - 3 iplik kuma\u015f; \u015fardonlu, \u015fardonsuz modeller i\u00e7in online teklif...","breadcrumb":{"@id":"https:\/\/www.mtekstil.com\/tr\/toptan-hoodie\/#breadcrumb"},"inLanguage":"tr","potentialAction":[{"@type":"ReadAction","target":["https:\/\/www.mtekstil.com\/tr\/toptan-hoodie\/"]}]},{"@type":"BreadcrumbList","@id":"https:\/\/www.mtekstil.com\/tr\/toptan-hoodie\/#breadcrumb","itemListElement":[{"@type":"ListItem","position":1,"name":"Home","item":"https:\/\/www.mtekstil.com\/tr\/"},{"@type":"ListItem","position":2,"name":"HOOD\u0130E \u00dcRET\u0130M DETAYLARI"}]}]}},"_links":{"self":[{"href":"https:\/\/www.mtekstil.com\/tr\/wp-json\/wp\/v2\/pages\/5195"}],"collection":[{"href":"https:\/\/www.mtekstil.com\/tr\/wp-json\/wp\/v2\/pages"}],"about":[{"href":"https:\/\/www.mtekstil.com\/tr\/wp-json\/wp\/v2\/types\/page"}],"author":[{"embeddable":true,"href":"https:\/\/www.mtekstil.com\/tr\/wp-json\/wp\/v2\/users\/1"}],"replies":[{"embeddable":true,"href":"https:\/\/www.mtekstil.com\/tr\/wp-json\/wp\/v2\/comments?post=5195"}],"version-history":[{"count":14,"href":"https:\/\/www.mtekstil.com\/tr\/wp-json\/wp\/v2\/pages\/5195\/revisions"}],"predecessor-version":[{"id":6556,"href":"https:\/\/www.mtekstil.com\/tr\/wp-json\/wp\/v2\/pages\/5195\/revisions\/6556"}],"wp:featuredmedia":[{"embeddable":true,"href":"https:\/\/www.mtekstil.com\/tr\/wp-json\/wp\/v2\/media\/4969"}],"wp:attachment":[{"href":"https:\/\/www.mtekstil.com\/tr\/wp-json\/wp\/v2\/media?parent=5195"}],"curies":[{"name":"wp","href":"https:\/\/api.w.org\/{rel}","templated":true}]}}