{"id":3809,"date":"2022-01-05T18:31:11","date_gmt":"2022-01-05T18:31:11","guid":{"rendered":"http:\/\/www.mtekstil.com\/?post_type=product&#038;p=3809"},"modified":"2023-01-03T14:19:51","modified_gmt":"2023-01-03T14:19:51","slug":"polar-boyunluk-toptan","status":"publish","type":"product","link":"https:\/\/www.mtekstil.com\/tr\/urun\/polar-boyunluk-toptan\/","title":{"rendered":"Polar Boyunluk"},"content":{"rendered":"<h2>POLAR BOYUNLUK \u00d6ZELL\u0130KLER\u0130<\/h2>\n<ul>\n<li><strong>Polar Kuma\u015f:<\/strong> 220 gr &#8211; 280gr (Talebe g\u00f6re kuma\u015f gramaj se\u00e7enekleri)<\/li>\n<li><strong>Logo:<\/strong> Nak\u0131\u015f \u0130\u015fleme, Etiket Diki\u015f<\/li>\n<li>Konforlu ve dayan\u0131kl\u0131 kuma\u015f<\/li>\n<li>Ayarlanabilir lastik stoper<\/li>\n<\/ul>\n","protected":false},"excerpt":{"rendered":"<p>POLAR BOYUNLUK \u00d6ZELL\u0130KLER\u0130 Polar Kuma\u015f: 220 gr &#8211; 280gr (Talebe g\u00f6re kuma\u015f gramaj se\u00e7enekleri) Logo: Nak\u0131\u015f \u0130\u015fleme, Etiket Diki\u015f Konforlu&#8230;<\/p>\n","protected":false},"featured_media":6116,"comment_status":"open","ping_status":"closed","template":"","meta":[],"product_cat":[116],"product_tag":[],"yoast_head":"<!-- This site is optimized with the Yoast SEO plugin v18.8 - https:\/\/yoast.com\/wordpress\/plugins\/seo\/ -->\n<title>Polar Boyunluk Toptan Fiyatlar\u0131 \u0130stanbul - Promosyon Boyunluk Toptan<\/title>\n<meta name=\"description\" content=\"Polar Boyunluk Toptan Fiyatlar\u0131 \u0130stanbul - Promosyon Boyunluk: 220 - 280 gr Polar Kuma\u015f - Nak\u0131\u015f \u0130\u015fleme, Etiket Diki\u015f | F\u0130YAT TEKL\u0130F\u0130 \u0130STEY\u0130N\" \/>\n<meta name=\"robots\" content=\"index, follow, max-snippet:-1, max-image-preview:large, max-video-preview:-1\" \/>\n<link rel=\"canonical\" href=\"https:\/\/www.mtekstil.com\/tr\/urun\/polar-boyunluk-toptan\/\" \/>\n<meta property=\"og:locale\" content=\"tr_TR\" \/>\n<meta property=\"og:type\" content=\"article\" \/>\n<meta property=\"og:title\" content=\"Polar Boyunluk Toptan Fiyatlar\u0131 \u0130stanbul - Promosyon Boyunluk Toptan\" \/>\n<meta property=\"og:description\" content=\"Polar Boyunluk Toptan Fiyatlar\u0131 \u0130stanbul - Promosyon Boyunluk: 220 - 280 gr Polar Kuma\u015f - Nak\u0131\u015f \u0130\u015fleme, Etiket Diki\u015f | F\u0130YAT TEKL\u0130F\u0130 \u0130STEY\u0130N\" \/>\n<meta property=\"og:url\" content=\"https:\/\/www.mtekstil.com\/tr\/urun\/polar-boyunluk-toptan\/\" \/>\n<meta property=\"og:site_name\" content=\"Mtekstil\" \/>\n<meta property=\"article:modified_time\" content=\"2023-01-03T14:19:51+00:00\" \/>\n<meta property=\"og:image\" content=\"https:\/\/www.mtekstil.com\/tr\/wp-content\/uploads\/2022\/01\/polar_boyunluk_toptan_2.jpg\" \/>\n\t<meta property=\"og:image:width\" content=\"1000\" \/>\n\t<meta property=\"og:image:height\" content=\"1000\" \/>\n\t<meta property=\"og:image:type\" content=\"image\/jpeg\" \/>\n<meta name=\"twitter:card\" content=\"summary_large_image\" \/>\n<meta name=\"twitter:label1\" content=\"Tahmini okuma s\u00fcresi\" \/>\n\t<meta name=\"twitter:data1\" content=\"1 dakika\" \/>\n<script type=\"application\/ld+json\" class=\"yoast-schema-graph\">{\"@context\":\"https:\/\/schema.org\",\"@graph\":[{\"@type\":\"WebSite\",\"@id\":\"https:\/\/www.mtekstil.com\/tr\/#website\",\"url\":\"https:\/\/www.mtekstil.com\/tr\/\",\"name\":\"Mtekstil\",\"description\":\"Tekstil Promosyon &Uuml;r&uuml;nleri\",\"potentialAction\":[{\"@type\":\"SearchAction\",\"target\":{\"@type\":\"EntryPoint\",\"urlTemplate\":\"https:\/\/www.mtekstil.com\/tr\/?s={search_term_string}\"},\"query-input\":\"required name=search_term_string\"}],\"inLanguage\":\"tr\"},{\"@type\":\"ImageObject\",\"inLanguage\":\"tr\",\"@id\":\"https:\/\/www.mtekstil.com\/tr\/urun\/polar-boyunluk-toptan\/#primaryimage\",\"url\":\"https:\/\/www.mtekstil.com\/tr\/wp-content\/uploads\/2022\/01\/polar_boyunluk_toptan_2.jpg\",\"contentUrl\":\"https:\/\/www.mtekstil.com\/tr\/wp-content\/uploads\/2022\/01\/polar_boyunluk_toptan_2.jpg\",\"width\":1000,\"height\":1000,\"caption\":\"Polar Boyunluk Toptan Fiyatlar\u0131 \u0130stanbul - Promosyon Boyunluk Toptan\"},{\"@type\":\"WebPage\",\"@id\":\"https:\/\/www.mtekstil.com\/tr\/urun\/polar-boyunluk-toptan\/#webpage\",\"url\":\"https:\/\/www.mtekstil.com\/tr\/urun\/polar-boyunluk-toptan\/\",\"name\":\"Polar Boyunluk Toptan Fiyatlar\u0131 \u0130stanbul - Promosyon Boyunluk Toptan\",\"isPartOf\":{\"@id\":\"https:\/\/www.mtekstil.com\/tr\/#website\"},\"primaryImageOfPage\":{\"@id\":\"https:\/\/www.mtekstil.com\/tr\/urun\/polar-boyunluk-toptan\/#primaryimage\"},\"datePublished\":\"2022-01-05T18:31:11+00:00\",\"dateModified\":\"2023-01-03T14:19:51+00:00\",\"description\":\"Polar Boyunluk Toptan Fiyatlar\u0131 \u0130stanbul - Promosyon Boyunluk: 220 - 280 gr Polar Kuma\u015f - Nak\u0131\u015f \u0130\u015fleme, Etiket Diki\u015f | F\u0130YAT TEKL\u0130F\u0130 \u0130STEY\u0130N\",\"breadcrumb\":{\"@id\":\"https:\/\/www.mtekstil.com\/tr\/urun\/polar-boyunluk-toptan\/#breadcrumb\"},\"inLanguage\":\"tr\",\"potentialAction\":[{\"@type\":\"ReadAction\",\"target\":[\"https:\/\/www.mtekstil.com\/tr\/urun\/polar-boyunluk-toptan\/\"]}]},{\"@type\":\"BreadcrumbList\",\"@id\":\"https:\/\/www.mtekstil.com\/tr\/urun\/polar-boyunluk-toptan\/#breadcrumb\",\"itemListElement\":[{\"@type\":\"ListItem\",\"position\":1,\"name\":\"Home\",\"item\":\"https:\/\/www.mtekstil.com\/tr\/\"},{\"@type\":\"ListItem\",\"position\":2,\"name\":\"\u00dcR\u00dcNLER\",\"item\":\"https:\/\/www.mtekstil.com\/tr\/urunler\/\"},{\"@type\":\"ListItem\",\"position\":3,\"name\":\"Polar Boyunluk\"}]}]}<\/script>\n<!-- \/ Yoast SEO plugin. -->","yoast_head_json":{"title":"Polar Boyunluk Toptan Fiyatlar\u0131 \u0130stanbul - Promosyon Boyunluk Toptan","description":"Polar Boyunluk Toptan Fiyatlar\u0131 \u0130stanbul - Promosyon Boyunluk: 220 - 280 gr Polar Kuma\u015f - Nak\u0131\u015f \u0130\u015fleme, Etiket Diki\u015f | F\u0130YAT TEKL\u0130F\u0130 \u0130STEY\u0130N","robots":{"index":"index","follow":"follow","max-snippet":"max-snippet:-1","max-image-preview":"max-image-preview:large","max-video-preview":"max-video-preview:-1"},"canonical":"https:\/\/www.mtekstil.com\/tr\/urun\/polar-boyunluk-toptan\/","og_locale":"tr_TR","og_type":"article","og_title":"Polar Boyunluk Toptan Fiyatlar\u0131 \u0130stanbul - Promosyon Boyunluk Toptan","og_description":"Polar Boyunluk Toptan Fiyatlar\u0131 \u0130stanbul - Promosyon Boyunluk: 220 - 280 gr Polar Kuma\u015f - Nak\u0131\u015f \u0130\u015fleme, Etiket Diki\u015f | F\u0130YAT TEKL\u0130F\u0130 \u0130STEY\u0130N","og_url":"https:\/\/www.mtekstil.com\/tr\/urun\/polar-boyunluk-toptan\/","og_site_name":"Mtekstil","article_modified_time":"2023-01-03T14:19:51+00:00","og_image":[{"width":1000,"height":1000,"url":"https:\/\/www.mtekstil.com\/tr\/wp-content\/uploads\/2022\/01\/polar_boyunluk_toptan_2.jpg","type":"image\/jpeg"}],"twitter_card":"summary_large_image","twitter_misc":{"Tahmini okuma s\u00fcresi":"1 dakika"},"schema":{"@context":"https:\/\/schema.org","@graph":[{"@type":"WebSite","@id":"https:\/\/www.mtekstil.com\/tr\/#website","url":"https:\/\/www.mtekstil.com\/tr\/","name":"Mtekstil","description":"Tekstil Promosyon &Uuml;r&uuml;nleri","potentialAction":[{"@type":"SearchAction","target":{"@type":"EntryPoint","urlTemplate":"https:\/\/www.mtekstil.com\/tr\/?s={search_term_string}"},"query-input":"required name=search_term_string"}],"inLanguage":"tr"},{"@type":"ImageObject","inLanguage":"tr","@id":"https:\/\/www.mtekstil.com\/tr\/urun\/polar-boyunluk-toptan\/#primaryimage","url":"https:\/\/www.mtekstil.com\/tr\/wp-content\/uploads\/2022\/01\/polar_boyunluk_toptan_2.jpg","contentUrl":"https:\/\/www.mtekstil.com\/tr\/wp-content\/uploads\/2022\/01\/polar_boyunluk_toptan_2.jpg","width":1000,"height":1000,"caption":"Polar Boyunluk Toptan Fiyatlar\u0131 \u0130stanbul - Promosyon Boyunluk Toptan"},{"@type":"WebPage","@id":"https:\/\/www.mtekstil.com\/tr\/urun\/polar-boyunluk-toptan\/#webpage","url":"https:\/\/www.mtekstil.com\/tr\/urun\/polar-boyunluk-toptan\/","name":"Polar Boyunluk Toptan Fiyatlar\u0131 \u0130stanbul - Promosyon Boyunluk Toptan","isPartOf":{"@id":"https:\/\/www.mtekstil.com\/tr\/#website"},"primaryImageOfPage":{"@id":"https:\/\/www.mtekstil.com\/tr\/urun\/polar-boyunluk-toptan\/#primaryimage"},"datePublished":"2022-01-05T18:31:11+00:00","dateModified":"2023-01-03T14:19:51+00:00","description":"Polar Boyunluk Toptan Fiyatlar\u0131 \u0130stanbul - Promosyon Boyunluk: 220 - 280 gr Polar Kuma\u015f - Nak\u0131\u015f \u0130\u015fleme, Etiket Diki\u015f | F\u0130YAT TEKL\u0130F\u0130 \u0130STEY\u0130N","breadcrumb":{"@id":"https:\/\/www.mtekstil.com\/tr\/urun\/polar-boyunluk-toptan\/#breadcrumb"},"inLanguage":"tr","potentialAction":[{"@type":"ReadAction","target":["https:\/\/www.mtekstil.com\/tr\/urun\/polar-boyunluk-toptan\/"]}]},{"@type":"BreadcrumbList","@id":"https:\/\/www.mtekstil.com\/tr\/urun\/polar-boyunluk-toptan\/#breadcrumb","itemListElement":[{"@type":"ListItem","position":1,"name":"Home","item":"https:\/\/www.mtekstil.com\/tr\/"},{"@type":"ListItem","position":2,"name":"\u00dcR\u00dcNLER","item":"https:\/\/www.mtekstil.com\/tr\/urunler\/"},{"@type":"ListItem","position":3,"name":"Polar Boyunluk"}]}]}},"_links":{"self":[{"href":"https:\/\/www.mtekstil.com\/tr\/wp-json\/wp\/v2\/product\/3809"}],"collection":[{"href":"https:\/\/www.mtekstil.com\/tr\/wp-json\/wp\/v2\/product"}],"about":[{"href":"https:\/\/www.mtekstil.com\/tr\/wp-json\/wp\/v2\/types\/product"}],"replies":[{"embeddable":true,"href":"https:\/\/www.mtekstil.com\/tr\/wp-json\/wp\/v2\/comments?post=3809"}],"wp:featuredmedia":[{"embeddable":true,"href":"https:\/\/www.mtekstil.com\/tr\/wp-json\/wp\/v2\/media\/6116"}],"wp:attachment":[{"href":"https:\/\/www.mtekstil.com\/tr\/wp-json\/wp\/v2\/media?parent=3809"}],"wp:term":[{"taxonomy":"product_cat","embeddable":true,"href":"https:\/\/www.mtekstil.com\/tr\/wp-json\/wp\/v2\/product_cat?post=3809"},{"taxonomy":"product_tag","embeddable":true,"href":"https:\/\/www.mtekstil.com\/tr\/wp-json\/wp\/v2\/product_tag?post=3809"}],"curies":[{"name":"wp","href":"https:\/\/api.w.org\/{rel}","templated":true}]}}