{"id":3832,"date":"2022-01-15T22:33:33","date_gmt":"2022-01-15T22:33:33","guid":{"rendered":"https:\/\/www.mtekstil.com\/?post_type=product&#038;p=3832"},"modified":"2023-01-12T07:22:22","modified_gmt":"2023-01-12T07:22:22","slug":"toptan-onluk-fiyatlari","status":"publish","type":"product","link":"https:\/\/www.mtekstil.com\/tr\/urun\/toptan-onluk-fiyatlari\/","title":{"rendered":"\u00c7ok Cepli Boyundan Ask\u0131l\u0131 Deri \u00d6nl\u00fck"},"content":{"rendered":"<h2>\u00c7OK CEPL\u0130 BOYUNDAN ASKILI DER\u0130 \u00d6NL\u00dcK \u00d6ZELL\u0130KLER\u0130<\/h2>\n<ul>\n<li>Boyundan ask\u0131l\u0131<\/li>\n<li>G\u00f6\u011f\u00fcste logo bask\u0131<\/li>\n<li>\u00c7ok cepli<\/li>\n<\/ul>\n","protected":false},"excerpt":{"rendered":"<p>\u00c7OK CEPL\u0130 BOYUNDAN ASKILI DER\u0130 \u00d6NL\u00dcK \u00d6ZELL\u0130KLER\u0130 Boyundan ask\u0131l\u0131 G\u00f6\u011f\u00fcste logo bask\u0131 \u00c7ok cepli<\/p>\n","protected":false},"featured_media":6181,"comment_status":"open","ping_status":"closed","template":"","meta":[],"product_cat":[113],"product_tag":[],"yoast_head":"<!-- This site is optimized with the Yoast SEO plugin v18.8 - https:\/\/yoast.com\/wordpress\/plugins\/seo\/ -->\n<title>\u00c7ok Cepli Boyundan Ask\u0131l\u0131 Deri \u00d6nl\u00fck - Toptan \u00d6nl\u00fck Fiyatlar\u0131 \u0130stanbul<\/title>\n<meta name=\"description\" content=\"\u00c7ok Cepli Boyundan Ask\u0131l\u0131 Deri \u00d6nl\u00fck - Toptan \u00d6nl\u00fck Fiyatlar\u0131: Boyundan ask\u0131l\u0131 - G\u00f6\u011f\u00fcste logo bask\u0131 - \u00c7ok cepli | F\u0130YAT TEKL\u0130F\u0130 \u0130STEY\u0130N\" \/>\n<meta name=\"robots\" content=\"index, follow, max-snippet:-1, max-image-preview:large, max-video-preview:-1\" \/>\n<link rel=\"canonical\" href=\"https:\/\/www.mtekstil.com\/tr\/urun\/toptan-onluk-fiyatlari\/\" \/>\n<meta property=\"og:locale\" content=\"tr_TR\" \/>\n<meta property=\"og:type\" content=\"article\" \/>\n<meta property=\"og:title\" content=\"\u00c7ok Cepli Boyundan Ask\u0131l\u0131 Deri \u00d6nl\u00fck - Toptan \u00d6nl\u00fck Fiyatlar\u0131 \u0130stanbul\" \/>\n<meta property=\"og:description\" content=\"\u00c7ok Cepli Boyundan Ask\u0131l\u0131 Deri \u00d6nl\u00fck - Toptan \u00d6nl\u00fck Fiyatlar\u0131: Boyundan ask\u0131l\u0131 - G\u00f6\u011f\u00fcste logo bask\u0131 - \u00c7ok cepli | F\u0130YAT TEKL\u0130F\u0130 \u0130STEY\u0130N\" \/>\n<meta property=\"og:url\" content=\"https:\/\/www.mtekstil.com\/tr\/urun\/toptan-onluk-fiyatlari\/\" \/>\n<meta property=\"og:site_name\" content=\"Mtekstil\" \/>\n<meta property=\"article:modified_time\" content=\"2023-01-12T07:22:22+00:00\" \/>\n<meta property=\"og:image\" content=\"https:\/\/www.mtekstil.com\/tr\/wp-content\/uploads\/2022\/01\/toptan_onluk_fiyatlari_1.jpg\" \/>\n\t<meta property=\"og:image:width\" content=\"1000\" \/>\n\t<meta property=\"og:image:height\" content=\"1499\" \/>\n\t<meta property=\"og:image:type\" content=\"image\/jpeg\" \/>\n<meta name=\"twitter:card\" content=\"summary_large_image\" \/>\n<script type=\"application\/ld+json\" class=\"yoast-schema-graph\">{\"@context\":\"https:\/\/schema.org\",\"@graph\":[{\"@type\":\"WebSite\",\"@id\":\"https:\/\/www.mtekstil.com\/tr\/#website\",\"url\":\"https:\/\/www.mtekstil.com\/tr\/\",\"name\":\"Mtekstil\",\"description\":\"Tekstil Promosyon &Uuml;r&uuml;nleri\",\"potentialAction\":[{\"@type\":\"SearchAction\",\"target\":{\"@type\":\"EntryPoint\",\"urlTemplate\":\"https:\/\/www.mtekstil.com\/tr\/?s={search_term_string}\"},\"query-input\":\"required name=search_term_string\"}],\"inLanguage\":\"tr\"},{\"@type\":\"ImageObject\",\"inLanguage\":\"tr\",\"@id\":\"https:\/\/www.mtekstil.com\/tr\/urun\/toptan-onluk-fiyatlari\/#primaryimage\",\"url\":\"https:\/\/www.mtekstil.com\/tr\/wp-content\/uploads\/2022\/01\/toptan_onluk_fiyatlari_1.jpg\",\"contentUrl\":\"https:\/\/www.mtekstil.com\/tr\/wp-content\/uploads\/2022\/01\/toptan_onluk_fiyatlari_1.jpg\",\"width\":1000,\"height\":1499,\"caption\":\"\u00c7ok Cepli Boyundan Ask\u0131l\u0131 Deri \u00d6nl\u00fck - Toptan \u00d6nl\u00fck Fiyatlar\u0131 \u0130stanbul\"},{\"@type\":\"WebPage\",\"@id\":\"https:\/\/www.mtekstil.com\/tr\/urun\/toptan-onluk-fiyatlari\/#webpage\",\"url\":\"https:\/\/www.mtekstil.com\/tr\/urun\/toptan-onluk-fiyatlari\/\",\"name\":\"\u00c7ok Cepli Boyundan Ask\u0131l\u0131 Deri \u00d6nl\u00fck - Toptan \u00d6nl\u00fck Fiyatlar\u0131 \u0130stanbul\",\"isPartOf\":{\"@id\":\"https:\/\/www.mtekstil.com\/tr\/#website\"},\"primaryImageOfPage\":{\"@id\":\"https:\/\/www.mtekstil.com\/tr\/urun\/toptan-onluk-fiyatlari\/#primaryimage\"},\"datePublished\":\"2022-01-15T22:33:33+00:00\",\"dateModified\":\"2023-01-12T07:22:22+00:00\",\"description\":\"\u00c7ok Cepli Boyundan Ask\u0131l\u0131 Deri \u00d6nl\u00fck - Toptan \u00d6nl\u00fck Fiyatlar\u0131: Boyundan ask\u0131l\u0131 - G\u00f6\u011f\u00fcste logo bask\u0131 - \u00c7ok cepli | F\u0130YAT TEKL\u0130F\u0130 \u0130STEY\u0130N\",\"breadcrumb\":{\"@id\":\"https:\/\/www.mtekstil.com\/tr\/urun\/toptan-onluk-fiyatlari\/#breadcrumb\"},\"inLanguage\":\"tr\",\"potentialAction\":[{\"@type\":\"ReadAction\",\"target\":[\"https:\/\/www.mtekstil.com\/tr\/urun\/toptan-onluk-fiyatlari\/\"]}]},{\"@type\":\"BreadcrumbList\",\"@id\":\"https:\/\/www.mtekstil.com\/tr\/urun\/toptan-onluk-fiyatlari\/#breadcrumb\",\"itemListElement\":[{\"@type\":\"ListItem\",\"position\":1,\"name\":\"Home\",\"item\":\"https:\/\/www.mtekstil.com\/tr\/\"},{\"@type\":\"ListItem\",\"position\":2,\"name\":\"\u00dcR\u00dcNLER\",\"item\":\"https:\/\/www.mtekstil.com\/tr\/urunler\/\"},{\"@type\":\"ListItem\",\"position\":3,\"name\":\"\u00c7ok Cepli Boyundan Ask\u0131l\u0131 Deri \u00d6nl\u00fck\"}]}]}<\/script>\n<!-- \/ Yoast SEO plugin. -->","yoast_head_json":{"title":"\u00c7ok Cepli Boyundan Ask\u0131l\u0131 Deri \u00d6nl\u00fck - Toptan \u00d6nl\u00fck Fiyatlar\u0131 \u0130stanbul","description":"\u00c7ok Cepli Boyundan Ask\u0131l\u0131 Deri \u00d6nl\u00fck - Toptan \u00d6nl\u00fck Fiyatlar\u0131: Boyundan ask\u0131l\u0131 - G\u00f6\u011f\u00fcste logo bask\u0131 - \u00c7ok cepli | F\u0130YAT TEKL\u0130F\u0130 \u0130STEY\u0130N","robots":{"index":"index","follow":"follow","max-snippet":"max-snippet:-1","max-image-preview":"max-image-preview:large","max-video-preview":"max-video-preview:-1"},"canonical":"https:\/\/www.mtekstil.com\/tr\/urun\/toptan-onluk-fiyatlari\/","og_locale":"tr_TR","og_type":"article","og_title":"\u00c7ok Cepli Boyundan Ask\u0131l\u0131 Deri \u00d6nl\u00fck - Toptan \u00d6nl\u00fck Fiyatlar\u0131 \u0130stanbul","og_description":"\u00c7ok Cepli Boyundan Ask\u0131l\u0131 Deri \u00d6nl\u00fck - Toptan \u00d6nl\u00fck Fiyatlar\u0131: Boyundan ask\u0131l\u0131 - G\u00f6\u011f\u00fcste logo bask\u0131 - \u00c7ok cepli | F\u0130YAT TEKL\u0130F\u0130 \u0130STEY\u0130N","og_url":"https:\/\/www.mtekstil.com\/tr\/urun\/toptan-onluk-fiyatlari\/","og_site_name":"Mtekstil","article_modified_time":"2023-01-12T07:22:22+00:00","og_image":[{"width":1000,"height":1499,"url":"https:\/\/www.mtekstil.com\/tr\/wp-content\/uploads\/2022\/01\/toptan_onluk_fiyatlari_1.jpg","type":"image\/jpeg"}],"twitter_card":"summary_large_image","schema":{"@context":"https:\/\/schema.org","@graph":[{"@type":"WebSite","@id":"https:\/\/www.mtekstil.com\/tr\/#website","url":"https:\/\/www.mtekstil.com\/tr\/","name":"Mtekstil","description":"Tekstil Promosyon &Uuml;r&uuml;nleri","potentialAction":[{"@type":"SearchAction","target":{"@type":"EntryPoint","urlTemplate":"https:\/\/www.mtekstil.com\/tr\/?s={search_term_string}"},"query-input":"required name=search_term_string"}],"inLanguage":"tr"},{"@type":"ImageObject","inLanguage":"tr","@id":"https:\/\/www.mtekstil.com\/tr\/urun\/toptan-onluk-fiyatlari\/#primaryimage","url":"https:\/\/www.mtekstil.com\/tr\/wp-content\/uploads\/2022\/01\/toptan_onluk_fiyatlari_1.jpg","contentUrl":"https:\/\/www.mtekstil.com\/tr\/wp-content\/uploads\/2022\/01\/toptan_onluk_fiyatlari_1.jpg","width":1000,"height":1499,"caption":"\u00c7ok Cepli Boyundan Ask\u0131l\u0131 Deri \u00d6nl\u00fck - Toptan \u00d6nl\u00fck Fiyatlar\u0131 \u0130stanbul"},{"@type":"WebPage","@id":"https:\/\/www.mtekstil.com\/tr\/urun\/toptan-onluk-fiyatlari\/#webpage","url":"https:\/\/www.mtekstil.com\/tr\/urun\/toptan-onluk-fiyatlari\/","name":"\u00c7ok Cepli Boyundan Ask\u0131l\u0131 Deri \u00d6nl\u00fck - Toptan \u00d6nl\u00fck Fiyatlar\u0131 \u0130stanbul","isPartOf":{"@id":"https:\/\/www.mtekstil.com\/tr\/#website"},"primaryImageOfPage":{"@id":"https:\/\/www.mtekstil.com\/tr\/urun\/toptan-onluk-fiyatlari\/#primaryimage"},"datePublished":"2022-01-15T22:33:33+00:00","dateModified":"2023-01-12T07:22:22+00:00","description":"\u00c7ok Cepli Boyundan Ask\u0131l\u0131 Deri \u00d6nl\u00fck - Toptan \u00d6nl\u00fck Fiyatlar\u0131: Boyundan ask\u0131l\u0131 - G\u00f6\u011f\u00fcste logo bask\u0131 - \u00c7ok cepli | F\u0130YAT TEKL\u0130F\u0130 \u0130STEY\u0130N","breadcrumb":{"@id":"https:\/\/www.mtekstil.com\/tr\/urun\/toptan-onluk-fiyatlari\/#breadcrumb"},"inLanguage":"tr","potentialAction":[{"@type":"ReadAction","target":["https:\/\/www.mtekstil.com\/tr\/urun\/toptan-onluk-fiyatlari\/"]}]},{"@type":"BreadcrumbList","@id":"https:\/\/www.mtekstil.com\/tr\/urun\/toptan-onluk-fiyatlari\/#breadcrumb","itemListElement":[{"@type":"ListItem","position":1,"name":"Home","item":"https:\/\/www.mtekstil.com\/tr\/"},{"@type":"ListItem","position":2,"name":"\u00dcR\u00dcNLER","item":"https:\/\/www.mtekstil.com\/tr\/urunler\/"},{"@type":"ListItem","position":3,"name":"\u00c7ok Cepli Boyundan Ask\u0131l\u0131 Deri \u00d6nl\u00fck"}]}]}},"_links":{"self":[{"href":"https:\/\/www.mtekstil.com\/tr\/wp-json\/wp\/v2\/product\/3832"}],"collection":[{"href":"https:\/\/www.mtekstil.com\/tr\/wp-json\/wp\/v2\/product"}],"about":[{"href":"https:\/\/www.mtekstil.com\/tr\/wp-json\/wp\/v2\/types\/product"}],"replies":[{"embeddable":true,"href":"https:\/\/www.mtekstil.com\/tr\/wp-json\/wp\/v2\/comments?post=3832"}],"wp:featuredmedia":[{"embeddable":true,"href":"https:\/\/www.mtekstil.com\/tr\/wp-json\/wp\/v2\/media\/6181"}],"wp:attachment":[{"href":"https:\/\/www.mtekstil.com\/tr\/wp-json\/wp\/v2\/media?parent=3832"}],"wp:term":[{"taxonomy":"product_cat","embeddable":true,"href":"https:\/\/www.mtekstil.com\/tr\/wp-json\/wp\/v2\/product_cat?post=3832"},{"taxonomy":"product_tag","embeddable":true,"href":"https:\/\/www.mtekstil.com\/tr\/wp-json\/wp\/v2\/product_tag?post=3832"}],"curies":[{"name":"wp","href":"https:\/\/api.w.org\/{rel}","templated":true}]}}