{"id":3841,"date":"2022-01-16T00:19:32","date_gmt":"2022-01-16T00:19:32","guid":{"rendered":"https:\/\/www.mtekstil.com\/?post_type=product&#038;p=3841"},"modified":"2023-01-18T08:17:49","modified_gmt":"2023-01-18T08:17:49","slug":"ayarlanabilir-boyundan-askili-onluk","status":"publish","type":"product","link":"https:\/\/www.mtekstil.com\/tr\/urun\/ayarlanabilir-boyundan-askili-onluk\/","title":{"rendered":"Ayarlanabilir Boyundan Ask\u0131l\u0131 \u00d6nl\u00fck"},"content":{"rendered":"<h2 style=\"text-align: left;\">AYARLANAB\u0130L\u0130R BOYUNDAN ASKILI \u00d6NL\u00dcK<\/h2>\n<ul>\n<li>Ayarlanabilir boyundan ask\u0131l\u0131<\/li>\n<li>Logo bask\u0131 veya nak\u0131\u015f i\u015fleme<\/li>\n<li>\u00d6nde \u00e7ift cep<\/li>\n<\/ul>\n","protected":false},"excerpt":{"rendered":"<p>AYARLANAB\u0130L\u0130R BOYUNDAN ASKILI \u00d6NL\u00dcK Ayarlanabilir boyundan ask\u0131l\u0131 Logo bask\u0131 veya nak\u0131\u015f i\u015fleme \u00d6nde \u00e7ift cep<\/p>\n","protected":false},"featured_media":3842,"comment_status":"open","ping_status":"closed","template":"","meta":[],"product_cat":[113],"product_tag":[],"yoast_head":"<!-- This site is optimized with the Yoast SEO plugin v18.8 - https:\/\/yoast.com\/wordpress\/plugins\/seo\/ -->\n<title>Boyundan Ask\u0131l\u0131 \u00d6nl\u00fck Toptan - Mutfak \u00d6nl\u00fc\u011f\u00fc Toptan Sat\u0131\u015f \u0130stanbul<\/title>\n<meta name=\"description\" content=\"Boyundan Ask\u0131l\u0131 \u00d6nl\u00fck Toptan - Mutfak \u00d6nl\u00fc\u011f\u00fc Toptan \u0130stanbul: Logo bask\u0131 veya nak\u0131\u015f i\u015fleme - \u00d6nde \u00e7ift cep | F\u0130YAT TEKL\u0130F\u0130 \u0130STEY\u0130N\" \/>\n<meta name=\"robots\" content=\"index, follow, max-snippet:-1, max-image-preview:large, max-video-preview:-1\" \/>\n<link rel=\"canonical\" href=\"https:\/\/www.mtekstil.com\/tr\/urun\/ayarlanabilir-boyundan-askili-onluk\/\" \/>\n<meta property=\"og:locale\" content=\"tr_TR\" \/>\n<meta property=\"og:type\" content=\"article\" \/>\n<meta property=\"og:title\" content=\"Boyundan Ask\u0131l\u0131 \u00d6nl\u00fck Toptan - Mutfak \u00d6nl\u00fc\u011f\u00fc Toptan Sat\u0131\u015f \u0130stanbul\" \/>\n<meta property=\"og:description\" content=\"Boyundan Ask\u0131l\u0131 \u00d6nl\u00fck Toptan - Mutfak \u00d6nl\u00fc\u011f\u00fc Toptan \u0130stanbul: Logo bask\u0131 veya nak\u0131\u015f i\u015fleme - \u00d6nde \u00e7ift cep | F\u0130YAT TEKL\u0130F\u0130 \u0130STEY\u0130N\" \/>\n<meta property=\"og:url\" content=\"https:\/\/www.mtekstil.com\/tr\/urun\/ayarlanabilir-boyundan-askili-onluk\/\" \/>\n<meta property=\"og:site_name\" content=\"Mtekstil\" \/>\n<meta property=\"article:modified_time\" content=\"2023-01-18T08:17:49+00:00\" \/>\n<meta property=\"og:image\" content=\"https:\/\/www.mtekstil.com\/tr\/wp-content\/uploads\/2022\/01\/Aski_Boyu_Ayarlanabilen_Onluk.jpg\" \/>\n\t<meta property=\"og:image:width\" content=\"1200\" \/>\n\t<meta property=\"og:image:height\" content=\"1799\" \/>\n\t<meta property=\"og:image:type\" content=\"image\/jpeg\" \/>\n<meta name=\"twitter:card\" content=\"summary_large_image\" \/>\n<meta name=\"twitter:label1\" content=\"Tahmini okuma s\u00fcresi\" \/>\n\t<meta name=\"twitter:data1\" content=\"1 dakika\" \/>\n<script type=\"application\/ld+json\" class=\"yoast-schema-graph\">{\"@context\":\"https:\/\/schema.org\",\"@graph\":[{\"@type\":\"WebSite\",\"@id\":\"https:\/\/www.mtekstil.com\/tr\/#website\",\"url\":\"https:\/\/www.mtekstil.com\/tr\/\",\"name\":\"Mtekstil\",\"description\":\"Tekstil Promosyon &Uuml;r&uuml;nleri\",\"potentialAction\":[{\"@type\":\"SearchAction\",\"target\":{\"@type\":\"EntryPoint\",\"urlTemplate\":\"https:\/\/www.mtekstil.com\/tr\/?s={search_term_string}\"},\"query-input\":\"required name=search_term_string\"}],\"inLanguage\":\"tr\"},{\"@type\":\"ImageObject\",\"inLanguage\":\"tr\",\"@id\":\"https:\/\/www.mtekstil.com\/tr\/urun\/ayarlanabilir-boyundan-askili-onluk\/#primaryimage\",\"url\":\"https:\/\/www.mtekstil.com\/tr\/wp-content\/uploads\/2022\/01\/Aski_Boyu_Ayarlanabilen_Onluk.jpg\",\"contentUrl\":\"https:\/\/www.mtekstil.com\/tr\/wp-content\/uploads\/2022\/01\/Aski_Boyu_Ayarlanabilen_Onluk.jpg\",\"width\":1200,\"height\":1799,\"caption\":\"Boyundan Ask\u0131l\u0131 \u00d6nl\u00fck Toptan - Mutfak \u00d6nl\u00fc\u011f\u00fc Toptan Sat\u0131\u015f \u0130stanbul\"},{\"@type\":\"WebPage\",\"@id\":\"https:\/\/www.mtekstil.com\/tr\/urun\/ayarlanabilir-boyundan-askili-onluk\/#webpage\",\"url\":\"https:\/\/www.mtekstil.com\/tr\/urun\/ayarlanabilir-boyundan-askili-onluk\/\",\"name\":\"Boyundan Ask\u0131l\u0131 \u00d6nl\u00fck Toptan - Mutfak \u00d6nl\u00fc\u011f\u00fc Toptan Sat\u0131\u015f \u0130stanbul\",\"isPartOf\":{\"@id\":\"https:\/\/www.mtekstil.com\/tr\/#website\"},\"primaryImageOfPage\":{\"@id\":\"https:\/\/www.mtekstil.com\/tr\/urun\/ayarlanabilir-boyundan-askili-onluk\/#primaryimage\"},\"datePublished\":\"2022-01-16T00:19:32+00:00\",\"dateModified\":\"2023-01-18T08:17:49+00:00\",\"description\":\"Boyundan Ask\u0131l\u0131 \u00d6nl\u00fck Toptan - Mutfak \u00d6nl\u00fc\u011f\u00fc Toptan \u0130stanbul: Logo bask\u0131 veya nak\u0131\u015f i\u015fleme - \u00d6nde \u00e7ift cep | F\u0130YAT TEKL\u0130F\u0130 \u0130STEY\u0130N\",\"breadcrumb\":{\"@id\":\"https:\/\/www.mtekstil.com\/tr\/urun\/ayarlanabilir-boyundan-askili-onluk\/#breadcrumb\"},\"inLanguage\":\"tr\",\"potentialAction\":[{\"@type\":\"ReadAction\",\"target\":[\"https:\/\/www.mtekstil.com\/tr\/urun\/ayarlanabilir-boyundan-askili-onluk\/\"]}]},{\"@type\":\"BreadcrumbList\",\"@id\":\"https:\/\/www.mtekstil.com\/tr\/urun\/ayarlanabilir-boyundan-askili-onluk\/#breadcrumb\",\"itemListElement\":[{\"@type\":\"ListItem\",\"position\":1,\"name\":\"Home\",\"item\":\"https:\/\/www.mtekstil.com\/tr\/\"},{\"@type\":\"ListItem\",\"position\":2,\"name\":\"\u00dcR\u00dcNLER\",\"item\":\"https:\/\/www.mtekstil.com\/tr\/urunler\/\"},{\"@type\":\"ListItem\",\"position\":3,\"name\":\"Ayarlanabilir Boyundan Ask\u0131l\u0131 \u00d6nl\u00fck\"}]}]}<\/script>\n<!-- \/ Yoast SEO plugin. -->","yoast_head_json":{"title":"Boyundan Ask\u0131l\u0131 \u00d6nl\u00fck Toptan - Mutfak \u00d6nl\u00fc\u011f\u00fc Toptan Sat\u0131\u015f \u0130stanbul","description":"Boyundan Ask\u0131l\u0131 \u00d6nl\u00fck Toptan - Mutfak \u00d6nl\u00fc\u011f\u00fc Toptan \u0130stanbul: Logo bask\u0131 veya nak\u0131\u015f i\u015fleme - \u00d6nde \u00e7ift cep | F\u0130YAT TEKL\u0130F\u0130 \u0130STEY\u0130N","robots":{"index":"index","follow":"follow","max-snippet":"max-snippet:-1","max-image-preview":"max-image-preview:large","max-video-preview":"max-video-preview:-1"},"canonical":"https:\/\/www.mtekstil.com\/tr\/urun\/ayarlanabilir-boyundan-askili-onluk\/","og_locale":"tr_TR","og_type":"article","og_title":"Boyundan Ask\u0131l\u0131 \u00d6nl\u00fck Toptan - Mutfak \u00d6nl\u00fc\u011f\u00fc Toptan Sat\u0131\u015f \u0130stanbul","og_description":"Boyundan Ask\u0131l\u0131 \u00d6nl\u00fck Toptan - Mutfak \u00d6nl\u00fc\u011f\u00fc Toptan \u0130stanbul: Logo bask\u0131 veya nak\u0131\u015f i\u015fleme - \u00d6nde \u00e7ift cep | F\u0130YAT TEKL\u0130F\u0130 \u0130STEY\u0130N","og_url":"https:\/\/www.mtekstil.com\/tr\/urun\/ayarlanabilir-boyundan-askili-onluk\/","og_site_name":"Mtekstil","article_modified_time":"2023-01-18T08:17:49+00:00","og_image":[{"width":1200,"height":1799,"url":"https:\/\/www.mtekstil.com\/tr\/wp-content\/uploads\/2022\/01\/Aski_Boyu_Ayarlanabilen_Onluk.jpg","type":"image\/jpeg"}],"twitter_card":"summary_large_image","twitter_misc":{"Tahmini okuma s\u00fcresi":"1 dakika"},"schema":{"@context":"https:\/\/schema.org","@graph":[{"@type":"WebSite","@id":"https:\/\/www.mtekstil.com\/tr\/#website","url":"https:\/\/www.mtekstil.com\/tr\/","name":"Mtekstil","description":"Tekstil Promosyon &Uuml;r&uuml;nleri","potentialAction":[{"@type":"SearchAction","target":{"@type":"EntryPoint","urlTemplate":"https:\/\/www.mtekstil.com\/tr\/?s={search_term_string}"},"query-input":"required name=search_term_string"}],"inLanguage":"tr"},{"@type":"ImageObject","inLanguage":"tr","@id":"https:\/\/www.mtekstil.com\/tr\/urun\/ayarlanabilir-boyundan-askili-onluk\/#primaryimage","url":"https:\/\/www.mtekstil.com\/tr\/wp-content\/uploads\/2022\/01\/Aski_Boyu_Ayarlanabilen_Onluk.jpg","contentUrl":"https:\/\/www.mtekstil.com\/tr\/wp-content\/uploads\/2022\/01\/Aski_Boyu_Ayarlanabilen_Onluk.jpg","width":1200,"height":1799,"caption":"Boyundan Ask\u0131l\u0131 \u00d6nl\u00fck Toptan - Mutfak \u00d6nl\u00fc\u011f\u00fc Toptan Sat\u0131\u015f \u0130stanbul"},{"@type":"WebPage","@id":"https:\/\/www.mtekstil.com\/tr\/urun\/ayarlanabilir-boyundan-askili-onluk\/#webpage","url":"https:\/\/www.mtekstil.com\/tr\/urun\/ayarlanabilir-boyundan-askili-onluk\/","name":"Boyundan Ask\u0131l\u0131 \u00d6nl\u00fck Toptan - Mutfak \u00d6nl\u00fc\u011f\u00fc Toptan Sat\u0131\u015f \u0130stanbul","isPartOf":{"@id":"https:\/\/www.mtekstil.com\/tr\/#website"},"primaryImageOfPage":{"@id":"https:\/\/www.mtekstil.com\/tr\/urun\/ayarlanabilir-boyundan-askili-onluk\/#primaryimage"},"datePublished":"2022-01-16T00:19:32+00:00","dateModified":"2023-01-18T08:17:49+00:00","description":"Boyundan Ask\u0131l\u0131 \u00d6nl\u00fck Toptan - Mutfak \u00d6nl\u00fc\u011f\u00fc Toptan \u0130stanbul: Logo bask\u0131 veya nak\u0131\u015f i\u015fleme - \u00d6nde \u00e7ift cep | F\u0130YAT TEKL\u0130F\u0130 \u0130STEY\u0130N","breadcrumb":{"@id":"https:\/\/www.mtekstil.com\/tr\/urun\/ayarlanabilir-boyundan-askili-onluk\/#breadcrumb"},"inLanguage":"tr","potentialAction":[{"@type":"ReadAction","target":["https:\/\/www.mtekstil.com\/tr\/urun\/ayarlanabilir-boyundan-askili-onluk\/"]}]},{"@type":"BreadcrumbList","@id":"https:\/\/www.mtekstil.com\/tr\/urun\/ayarlanabilir-boyundan-askili-onluk\/#breadcrumb","itemListElement":[{"@type":"ListItem","position":1,"name":"Home","item":"https:\/\/www.mtekstil.com\/tr\/"},{"@type":"ListItem","position":2,"name":"\u00dcR\u00dcNLER","item":"https:\/\/www.mtekstil.com\/tr\/urunler\/"},{"@type":"ListItem","position":3,"name":"Ayarlanabilir Boyundan Ask\u0131l\u0131 \u00d6nl\u00fck"}]}]}},"_links":{"self":[{"href":"https:\/\/www.mtekstil.com\/tr\/wp-json\/wp\/v2\/product\/3841"}],"collection":[{"href":"https:\/\/www.mtekstil.com\/tr\/wp-json\/wp\/v2\/product"}],"about":[{"href":"https:\/\/www.mtekstil.com\/tr\/wp-json\/wp\/v2\/types\/product"}],"replies":[{"embeddable":true,"href":"https:\/\/www.mtekstil.com\/tr\/wp-json\/wp\/v2\/comments?post=3841"}],"wp:featuredmedia":[{"embeddable":true,"href":"https:\/\/www.mtekstil.com\/tr\/wp-json\/wp\/v2\/media\/3842"}],"wp:attachment":[{"href":"https:\/\/www.mtekstil.com\/tr\/wp-json\/wp\/v2\/media?parent=3841"}],"wp:term":[{"taxonomy":"product_cat","embeddable":true,"href":"https:\/\/www.mtekstil.com\/tr\/wp-json\/wp\/v2\/product_cat?post=3841"},{"taxonomy":"product_tag","embeddable":true,"href":"https:\/\/www.mtekstil.com\/tr\/wp-json\/wp\/v2\/product_tag?post=3841"}],"curies":[{"name":"wp","href":"https:\/\/api.w.org\/{rel}","templated":true}]}}