{"id":3875,"date":"2022-01-19T11:56:11","date_gmt":"2022-01-19T11:56:11","guid":{"rendered":"https:\/\/www.mtekstil.com\/?post_type=product&#038;p=3875"},"modified":"2023-04-17T13:01:05","modified_gmt":"2023-04-17T13:01:05","slug":"promosyon-sapka-fiyatlari","status":"publish","type":"product","link":"https:\/\/www.mtekstil.com\/tr\/urun\/promosyon-sapka-fiyatlari\/","title":{"rendered":"Farkl\u0131 Renk Polyester \u015eapka"},"content":{"rendered":"<h2>FARKLI RENK POLYESTER \u015eAPKA \u00d6ZEKLL\u0130KLER\u0130<\/h2>\n<ul>\n<li>Polyester kuma\u015f<\/li>\n<li>Siper ve ku\u015f g\u00f6zleri farkl\u0131 renk<\/li>\n<li><strong>\u0130stenilen b\u00f6lgeye logo markalama<\/strong><\/li>\n<\/ul>\n","protected":false},"excerpt":{"rendered":"<p>FARKLI RENK POLYESTER \u015eAPKA \u00d6ZEKLL\u0130KLER\u0130 Polyester kuma\u015f Siper ve ku\u015f g\u00f6zleri farkl\u0131 renk \u0130stenilen b\u00f6lgeye logo markalama<\/p>\n","protected":false},"featured_media":6717,"comment_status":"open","ping_status":"closed","template":"","meta":[],"product_cat":[114],"product_tag":[],"yoast_head":"<!-- This site is optimized with the Yoast SEO plugin v18.8 - https:\/\/yoast.com\/wordpress\/plugins\/seo\/ -->\n<title>Promosyon \u015eapka Fiyatlar\u0131 (Polyester) - Promosyon \u015eapka \u0130stanbul<\/title>\n<meta name=\"description\" content=\"Promosyon \u015eapka Fiyatlar\u0131 - Promosyon \u015eapka \u0130stanbul: Polyester Kuma\u015f - Siper ve Ku\u015f G\u00f6zleri Farkl\u0131 Renk - Logolu | F\u0130YAT TEKL\u0130F\u0130 \u0130STE\" \/>\n<meta name=\"robots\" content=\"index, follow, max-snippet:-1, max-image-preview:large, max-video-preview:-1\" \/>\n<link rel=\"canonical\" href=\"https:\/\/www.mtekstil.com\/tr\/urun\/promosyon-sapka-fiyatlari\/\" \/>\n<meta property=\"og:locale\" content=\"tr_TR\" \/>\n<meta property=\"og:type\" content=\"article\" \/>\n<meta property=\"og:title\" content=\"Promosyon \u015eapka Fiyatlar\u0131 (Polyester) - Promosyon \u015eapka \u0130stanbul\" \/>\n<meta property=\"og:description\" content=\"Promosyon \u015eapka Fiyatlar\u0131 - Promosyon \u015eapka \u0130stanbul: Polyester Kuma\u015f - Siper ve Ku\u015f G\u00f6zleri Farkl\u0131 Renk - Logolu | F\u0130YAT TEKL\u0130F\u0130 \u0130STE\" \/>\n<meta property=\"og:url\" content=\"https:\/\/www.mtekstil.com\/tr\/urun\/promosyon-sapka-fiyatlari\/\" \/>\n<meta property=\"og:site_name\" content=\"Mtekstil\" \/>\n<meta property=\"article:modified_time\" content=\"2023-04-17T13:01:05+00:00\" \/>\n<meta property=\"og:image\" content=\"https:\/\/www.mtekstil.com\/tr\/wp-content\/uploads\/2022\/01\/promosyon_sapka_fiyatlari_1.jpg\" \/>\n\t<meta property=\"og:image:width\" content=\"640\" \/>\n\t<meta property=\"og:image:height\" content=\"959\" \/>\n\t<meta property=\"og:image:type\" content=\"image\/jpeg\" \/>\n<meta name=\"twitter:card\" content=\"summary_large_image\" \/>\n<meta name=\"twitter:label1\" content=\"Tahmini okuma s\u00fcresi\" \/>\n\t<meta name=\"twitter:data1\" content=\"1 dakika\" \/>\n<script type=\"application\/ld+json\" class=\"yoast-schema-graph\">{\"@context\":\"https:\/\/schema.org\",\"@graph\":[{\"@type\":\"WebSite\",\"@id\":\"https:\/\/www.mtekstil.com\/tr\/#website\",\"url\":\"https:\/\/www.mtekstil.com\/tr\/\",\"name\":\"Mtekstil\",\"description\":\"Tekstil Promosyon &Uuml;r&uuml;nleri\",\"potentialAction\":[{\"@type\":\"SearchAction\",\"target\":{\"@type\":\"EntryPoint\",\"urlTemplate\":\"https:\/\/www.mtekstil.com\/tr\/?s={search_term_string}\"},\"query-input\":\"required name=search_term_string\"}],\"inLanguage\":\"tr\"},{\"@type\":\"ImageObject\",\"inLanguage\":\"tr\",\"@id\":\"https:\/\/www.mtekstil.com\/tr\/urun\/promosyon-sapka-fiyatlari\/#primaryimage\",\"url\":\"https:\/\/www.mtekstil.com\/tr\/wp-content\/uploads\/2022\/01\/promosyon_sapka_fiyatlari_1.jpg\",\"contentUrl\":\"https:\/\/www.mtekstil.com\/tr\/wp-content\/uploads\/2022\/01\/promosyon_sapka_fiyatlari_1.jpg\",\"width\":640,\"height\":959,\"caption\":\"Promosyon \u015eapka Fiyatlar\u0131 (Polyester) - Promosyon \u015eapka \u0130stanbul\"},{\"@type\":\"WebPage\",\"@id\":\"https:\/\/www.mtekstil.com\/tr\/urun\/promosyon-sapka-fiyatlari\/#webpage\",\"url\":\"https:\/\/www.mtekstil.com\/tr\/urun\/promosyon-sapka-fiyatlari\/\",\"name\":\"Promosyon \u015eapka Fiyatlar\u0131 (Polyester) - Promosyon \u015eapka \u0130stanbul\",\"isPartOf\":{\"@id\":\"https:\/\/www.mtekstil.com\/tr\/#website\"},\"primaryImageOfPage\":{\"@id\":\"https:\/\/www.mtekstil.com\/tr\/urun\/promosyon-sapka-fiyatlari\/#primaryimage\"},\"datePublished\":\"2022-01-19T11:56:11+00:00\",\"dateModified\":\"2023-04-17T13:01:05+00:00\",\"description\":\"Promosyon \u015eapka Fiyatlar\u0131 - Promosyon \u015eapka \u0130stanbul: Polyester Kuma\u015f - Siper ve Ku\u015f G\u00f6zleri Farkl\u0131 Renk - Logolu | F\u0130YAT TEKL\u0130F\u0130 \u0130STE\",\"breadcrumb\":{\"@id\":\"https:\/\/www.mtekstil.com\/tr\/urun\/promosyon-sapka-fiyatlari\/#breadcrumb\"},\"inLanguage\":\"tr\",\"potentialAction\":[{\"@type\":\"ReadAction\",\"target\":[\"https:\/\/www.mtekstil.com\/tr\/urun\/promosyon-sapka-fiyatlari\/\"]}]},{\"@type\":\"BreadcrumbList\",\"@id\":\"https:\/\/www.mtekstil.com\/tr\/urun\/promosyon-sapka-fiyatlari\/#breadcrumb\",\"itemListElement\":[{\"@type\":\"ListItem\",\"position\":1,\"name\":\"Home\",\"item\":\"https:\/\/www.mtekstil.com\/tr\/\"},{\"@type\":\"ListItem\",\"position\":2,\"name\":\"\u00dcR\u00dcNLER\",\"item\":\"https:\/\/www.mtekstil.com\/tr\/urunler\/\"},{\"@type\":\"ListItem\",\"position\":3,\"name\":\"Farkl\u0131 Renk Polyester \u015eapka\"}]}]}<\/script>\n<!-- \/ Yoast SEO plugin. -->","yoast_head_json":{"title":"Promosyon \u015eapka Fiyatlar\u0131 (Polyester) - Promosyon \u015eapka \u0130stanbul","description":"Promosyon \u015eapka Fiyatlar\u0131 - Promosyon \u015eapka \u0130stanbul: Polyester Kuma\u015f - Siper ve Ku\u015f G\u00f6zleri Farkl\u0131 Renk - Logolu | F\u0130YAT TEKL\u0130F\u0130 \u0130STE","robots":{"index":"index","follow":"follow","max-snippet":"max-snippet:-1","max-image-preview":"max-image-preview:large","max-video-preview":"max-video-preview:-1"},"canonical":"https:\/\/www.mtekstil.com\/tr\/urun\/promosyon-sapka-fiyatlari\/","og_locale":"tr_TR","og_type":"article","og_title":"Promosyon \u015eapka Fiyatlar\u0131 (Polyester) - Promosyon \u015eapka \u0130stanbul","og_description":"Promosyon \u015eapka Fiyatlar\u0131 - Promosyon \u015eapka \u0130stanbul: Polyester Kuma\u015f - Siper ve Ku\u015f G\u00f6zleri Farkl\u0131 Renk - Logolu | F\u0130YAT TEKL\u0130F\u0130 \u0130STE","og_url":"https:\/\/www.mtekstil.com\/tr\/urun\/promosyon-sapka-fiyatlari\/","og_site_name":"Mtekstil","article_modified_time":"2023-04-17T13:01:05+00:00","og_image":[{"width":640,"height":959,"url":"https:\/\/www.mtekstil.com\/tr\/wp-content\/uploads\/2022\/01\/promosyon_sapka_fiyatlari_1.jpg","type":"image\/jpeg"}],"twitter_card":"summary_large_image","twitter_misc":{"Tahmini okuma s\u00fcresi":"1 dakika"},"schema":{"@context":"https:\/\/schema.org","@graph":[{"@type":"WebSite","@id":"https:\/\/www.mtekstil.com\/tr\/#website","url":"https:\/\/www.mtekstil.com\/tr\/","name":"Mtekstil","description":"Tekstil Promosyon &Uuml;r&uuml;nleri","potentialAction":[{"@type":"SearchAction","target":{"@type":"EntryPoint","urlTemplate":"https:\/\/www.mtekstil.com\/tr\/?s={search_term_string}"},"query-input":"required name=search_term_string"}],"inLanguage":"tr"},{"@type":"ImageObject","inLanguage":"tr","@id":"https:\/\/www.mtekstil.com\/tr\/urun\/promosyon-sapka-fiyatlari\/#primaryimage","url":"https:\/\/www.mtekstil.com\/tr\/wp-content\/uploads\/2022\/01\/promosyon_sapka_fiyatlari_1.jpg","contentUrl":"https:\/\/www.mtekstil.com\/tr\/wp-content\/uploads\/2022\/01\/promosyon_sapka_fiyatlari_1.jpg","width":640,"height":959,"caption":"Promosyon \u015eapka Fiyatlar\u0131 (Polyester) - Promosyon \u015eapka \u0130stanbul"},{"@type":"WebPage","@id":"https:\/\/www.mtekstil.com\/tr\/urun\/promosyon-sapka-fiyatlari\/#webpage","url":"https:\/\/www.mtekstil.com\/tr\/urun\/promosyon-sapka-fiyatlari\/","name":"Promosyon \u015eapka Fiyatlar\u0131 (Polyester) - Promosyon \u015eapka \u0130stanbul","isPartOf":{"@id":"https:\/\/www.mtekstil.com\/tr\/#website"},"primaryImageOfPage":{"@id":"https:\/\/www.mtekstil.com\/tr\/urun\/promosyon-sapka-fiyatlari\/#primaryimage"},"datePublished":"2022-01-19T11:56:11+00:00","dateModified":"2023-04-17T13:01:05+00:00","description":"Promosyon \u015eapka Fiyatlar\u0131 - Promosyon \u015eapka \u0130stanbul: Polyester Kuma\u015f - Siper ve Ku\u015f G\u00f6zleri Farkl\u0131 Renk - Logolu | F\u0130YAT TEKL\u0130F\u0130 \u0130STE","breadcrumb":{"@id":"https:\/\/www.mtekstil.com\/tr\/urun\/promosyon-sapka-fiyatlari\/#breadcrumb"},"inLanguage":"tr","potentialAction":[{"@type":"ReadAction","target":["https:\/\/www.mtekstil.com\/tr\/urun\/promosyon-sapka-fiyatlari\/"]}]},{"@type":"BreadcrumbList","@id":"https:\/\/www.mtekstil.com\/tr\/urun\/promosyon-sapka-fiyatlari\/#breadcrumb","itemListElement":[{"@type":"ListItem","position":1,"name":"Home","item":"https:\/\/www.mtekstil.com\/tr\/"},{"@type":"ListItem","position":2,"name":"\u00dcR\u00dcNLER","item":"https:\/\/www.mtekstil.com\/tr\/urunler\/"},{"@type":"ListItem","position":3,"name":"Farkl\u0131 Renk Polyester \u015eapka"}]}]}},"_links":{"self":[{"href":"https:\/\/www.mtekstil.com\/tr\/wp-json\/wp\/v2\/product\/3875"}],"collection":[{"href":"https:\/\/www.mtekstil.com\/tr\/wp-json\/wp\/v2\/product"}],"about":[{"href":"https:\/\/www.mtekstil.com\/tr\/wp-json\/wp\/v2\/types\/product"}],"replies":[{"embeddable":true,"href":"https:\/\/www.mtekstil.com\/tr\/wp-json\/wp\/v2\/comments?post=3875"}],"wp:featuredmedia":[{"embeddable":true,"href":"https:\/\/www.mtekstil.com\/tr\/wp-json\/wp\/v2\/media\/6717"}],"wp:attachment":[{"href":"https:\/\/www.mtekstil.com\/tr\/wp-json\/wp\/v2\/media?parent=3875"}],"wp:term":[{"taxonomy":"product_cat","embeddable":true,"href":"https:\/\/www.mtekstil.com\/tr\/wp-json\/wp\/v2\/product_cat?post=3875"},{"taxonomy":"product_tag","embeddable":true,"href":"https:\/\/www.mtekstil.com\/tr\/wp-json\/wp\/v2\/product_tag?post=3875"}],"curies":[{"name":"wp","href":"https:\/\/api.w.org\/{rel}","templated":true}]}}