{"id":3878,"date":"2022-01-19T12:03:21","date_gmt":"2022-01-19T12:03:21","guid":{"rendered":"https:\/\/www.mtekstil.com\/?post_type=product&#038;p=3878"},"modified":"2023-04-27T11:51:08","modified_gmt":"2023-04-27T11:51:08","slug":"toptan-fotr-sapka","status":"publish","type":"product","link":"https:\/\/www.mtekstil.com\/tr\/urun\/toptan-fotr-sapka\/","title":{"rendered":"Bant\u0131 Desenli Has\u0131r F\u00f6tr \u015eapka"},"content":{"rendered":"<h2>BANTLI DESENL\u0130 HASIR F\u00d6TR \u015eAPKA \u00d6ZELL\u0130KLER\u0130<\/h2>\n<ul>\n<li>Desenli<\/li>\n<li>Bant detayl\u0131<\/li>\n<\/ul>\n","protected":false},"excerpt":{"rendered":"<p>BANTLI DESENL\u0130 HASIR F\u00d6TR \u015eAPKA \u00d6ZELL\u0130KLER\u0130 Desenli Bant detayl\u0131<\/p>\n","protected":false},"featured_media":6693,"comment_status":"open","ping_status":"closed","template":"","meta":[],"product_cat":[114],"product_tag":[],"yoast_head":"<!-- This site is optimized with the Yoast SEO plugin v18.8 - https:\/\/yoast.com\/wordpress\/plugins\/seo\/ -->\n<title>Toptan F\u00f6tr \u015eapka (Has\u0131r, Bantl\u0131, Desenli) - F\u00f6tr \u015eapka Promosyon<\/title>\n<meta name=\"description\" content=\"Toptan F\u00f6tr \u015eapka - F\u00f6tr \u015eapka Promosyon - \u015eapka Toptanc\u0131lar\u0131 \u0130stanbul: Desenli - Bantl\u0131 | F\u0130YAT TEKL\u0130F\u0130 \u0130STEY\u0130N\" \/>\n<meta name=\"robots\" content=\"index, follow, max-snippet:-1, max-image-preview:large, max-video-preview:-1\" \/>\n<link rel=\"canonical\" href=\"https:\/\/www.mtekstil.com\/tr\/urun\/toptan-fotr-sapka\/\" \/>\n<meta property=\"og:locale\" content=\"tr_TR\" \/>\n<meta property=\"og:type\" content=\"article\" \/>\n<meta property=\"og:title\" content=\"Toptan F\u00f6tr \u015eapka (Has\u0131r, Bantl\u0131, Desenli) - F\u00f6tr \u015eapka Promosyon\" \/>\n<meta property=\"og:description\" content=\"Toptan F\u00f6tr \u015eapka - F\u00f6tr \u015eapka Promosyon - \u015eapka Toptanc\u0131lar\u0131 \u0130stanbul: Desenli - Bantl\u0131 | F\u0130YAT TEKL\u0130F\u0130 \u0130STEY\u0130N\" \/>\n<meta property=\"og:url\" content=\"https:\/\/www.mtekstil.com\/tr\/urun\/toptan-fotr-sapka\/\" \/>\n<meta property=\"og:site_name\" content=\"Mtekstil\" \/>\n<meta property=\"article:modified_time\" content=\"2023-04-27T11:51:08+00:00\" \/>\n<meta property=\"og:image\" content=\"https:\/\/www.mtekstil.com\/tr\/wp-content\/uploads\/2022\/01\/toptan_fotr_sapka_1.jpg\" \/>\n\t<meta property=\"og:image:width\" content=\"640\" \/>\n\t<meta property=\"og:image:height\" content=\"959\" \/>\n\t<meta property=\"og:image:type\" content=\"image\/jpeg\" \/>\n<meta name=\"twitter:card\" content=\"summary_large_image\" \/>\n<meta name=\"twitter:label1\" content=\"Tahmini okuma s\u00fcresi\" \/>\n\t<meta name=\"twitter:data1\" content=\"1 dakika\" \/>\n<script type=\"application\/ld+json\" class=\"yoast-schema-graph\">{\"@context\":\"https:\/\/schema.org\",\"@graph\":[{\"@type\":\"WebSite\",\"@id\":\"https:\/\/www.mtekstil.com\/tr\/#website\",\"url\":\"https:\/\/www.mtekstil.com\/tr\/\",\"name\":\"Mtekstil\",\"description\":\"Tekstil Promosyon &Uuml;r&uuml;nleri\",\"potentialAction\":[{\"@type\":\"SearchAction\",\"target\":{\"@type\":\"EntryPoint\",\"urlTemplate\":\"https:\/\/www.mtekstil.com\/tr\/?s={search_term_string}\"},\"query-input\":\"required name=search_term_string\"}],\"inLanguage\":\"tr\"},{\"@type\":\"ImageObject\",\"inLanguage\":\"tr\",\"@id\":\"https:\/\/www.mtekstil.com\/tr\/urun\/toptan-fotr-sapka\/#primaryimage\",\"url\":\"https:\/\/www.mtekstil.com\/tr\/wp-content\/uploads\/2022\/01\/toptan_fotr_sapka_1.jpg\",\"contentUrl\":\"https:\/\/www.mtekstil.com\/tr\/wp-content\/uploads\/2022\/01\/toptan_fotr_sapka_1.jpg\",\"width\":640,\"height\":959,\"caption\":\"Toptan F\u00f6tr \u015eapka (Has\u0131r, Bantl\u0131, Desenli) - F\u00f6tr \u015eapka Promosyon\"},{\"@type\":\"WebPage\",\"@id\":\"https:\/\/www.mtekstil.com\/tr\/urun\/toptan-fotr-sapka\/#webpage\",\"url\":\"https:\/\/www.mtekstil.com\/tr\/urun\/toptan-fotr-sapka\/\",\"name\":\"Toptan F\u00f6tr \u015eapka (Has\u0131r, Bantl\u0131, Desenli) - F\u00f6tr \u015eapka Promosyon\",\"isPartOf\":{\"@id\":\"https:\/\/www.mtekstil.com\/tr\/#website\"},\"primaryImageOfPage\":{\"@id\":\"https:\/\/www.mtekstil.com\/tr\/urun\/toptan-fotr-sapka\/#primaryimage\"},\"datePublished\":\"2022-01-19T12:03:21+00:00\",\"dateModified\":\"2023-04-27T11:51:08+00:00\",\"description\":\"Toptan F\u00f6tr \u015eapka - F\u00f6tr \u015eapka Promosyon - \u015eapka Toptanc\u0131lar\u0131 \u0130stanbul: Desenli - Bantl\u0131 | F\u0130YAT TEKL\u0130F\u0130 \u0130STEY\u0130N\",\"breadcrumb\":{\"@id\":\"https:\/\/www.mtekstil.com\/tr\/urun\/toptan-fotr-sapka\/#breadcrumb\"},\"inLanguage\":\"tr\",\"potentialAction\":[{\"@type\":\"ReadAction\",\"target\":[\"https:\/\/www.mtekstil.com\/tr\/urun\/toptan-fotr-sapka\/\"]}]},{\"@type\":\"BreadcrumbList\",\"@id\":\"https:\/\/www.mtekstil.com\/tr\/urun\/toptan-fotr-sapka\/#breadcrumb\",\"itemListElement\":[{\"@type\":\"ListItem\",\"position\":1,\"name\":\"Home\",\"item\":\"https:\/\/www.mtekstil.com\/tr\/\"},{\"@type\":\"ListItem\",\"position\":2,\"name\":\"\u00dcR\u00dcNLER\",\"item\":\"https:\/\/www.mtekstil.com\/tr\/urunler\/\"},{\"@type\":\"ListItem\",\"position\":3,\"name\":\"Bant\u0131 Desenli Has\u0131r F\u00f6tr \u015eapka\"}]}]}<\/script>\n<!-- \/ Yoast SEO plugin. -->","yoast_head_json":{"title":"Toptan F\u00f6tr \u015eapka (Has\u0131r, Bantl\u0131, Desenli) - F\u00f6tr \u015eapka Promosyon","description":"Toptan F\u00f6tr \u015eapka - F\u00f6tr \u015eapka Promosyon - \u015eapka Toptanc\u0131lar\u0131 \u0130stanbul: Desenli - Bantl\u0131 | F\u0130YAT TEKL\u0130F\u0130 \u0130STEY\u0130N","robots":{"index":"index","follow":"follow","max-snippet":"max-snippet:-1","max-image-preview":"max-image-preview:large","max-video-preview":"max-video-preview:-1"},"canonical":"https:\/\/www.mtekstil.com\/tr\/urun\/toptan-fotr-sapka\/","og_locale":"tr_TR","og_type":"article","og_title":"Toptan F\u00f6tr \u015eapka (Has\u0131r, Bantl\u0131, Desenli) - F\u00f6tr \u015eapka Promosyon","og_description":"Toptan F\u00f6tr \u015eapka - F\u00f6tr \u015eapka Promosyon - \u015eapka Toptanc\u0131lar\u0131 \u0130stanbul: Desenli - Bantl\u0131 | F\u0130YAT TEKL\u0130F\u0130 \u0130STEY\u0130N","og_url":"https:\/\/www.mtekstil.com\/tr\/urun\/toptan-fotr-sapka\/","og_site_name":"Mtekstil","article_modified_time":"2023-04-27T11:51:08+00:00","og_image":[{"width":640,"height":959,"url":"https:\/\/www.mtekstil.com\/tr\/wp-content\/uploads\/2022\/01\/toptan_fotr_sapka_1.jpg","type":"image\/jpeg"}],"twitter_card":"summary_large_image","twitter_misc":{"Tahmini okuma s\u00fcresi":"1 dakika"},"schema":{"@context":"https:\/\/schema.org","@graph":[{"@type":"WebSite","@id":"https:\/\/www.mtekstil.com\/tr\/#website","url":"https:\/\/www.mtekstil.com\/tr\/","name":"Mtekstil","description":"Tekstil Promosyon &Uuml;r&uuml;nleri","potentialAction":[{"@type":"SearchAction","target":{"@type":"EntryPoint","urlTemplate":"https:\/\/www.mtekstil.com\/tr\/?s={search_term_string}"},"query-input":"required name=search_term_string"}],"inLanguage":"tr"},{"@type":"ImageObject","inLanguage":"tr","@id":"https:\/\/www.mtekstil.com\/tr\/urun\/toptan-fotr-sapka\/#primaryimage","url":"https:\/\/www.mtekstil.com\/tr\/wp-content\/uploads\/2022\/01\/toptan_fotr_sapka_1.jpg","contentUrl":"https:\/\/www.mtekstil.com\/tr\/wp-content\/uploads\/2022\/01\/toptan_fotr_sapka_1.jpg","width":640,"height":959,"caption":"Toptan F\u00f6tr \u015eapka (Has\u0131r, Bantl\u0131, Desenli) - F\u00f6tr \u015eapka Promosyon"},{"@type":"WebPage","@id":"https:\/\/www.mtekstil.com\/tr\/urun\/toptan-fotr-sapka\/#webpage","url":"https:\/\/www.mtekstil.com\/tr\/urun\/toptan-fotr-sapka\/","name":"Toptan F\u00f6tr \u015eapka (Has\u0131r, Bantl\u0131, Desenli) - F\u00f6tr \u015eapka Promosyon","isPartOf":{"@id":"https:\/\/www.mtekstil.com\/tr\/#website"},"primaryImageOfPage":{"@id":"https:\/\/www.mtekstil.com\/tr\/urun\/toptan-fotr-sapka\/#primaryimage"},"datePublished":"2022-01-19T12:03:21+00:00","dateModified":"2023-04-27T11:51:08+00:00","description":"Toptan F\u00f6tr \u015eapka - F\u00f6tr \u015eapka Promosyon - \u015eapka Toptanc\u0131lar\u0131 \u0130stanbul: Desenli - Bantl\u0131 | F\u0130YAT TEKL\u0130F\u0130 \u0130STEY\u0130N","breadcrumb":{"@id":"https:\/\/www.mtekstil.com\/tr\/urun\/toptan-fotr-sapka\/#breadcrumb"},"inLanguage":"tr","potentialAction":[{"@type":"ReadAction","target":["https:\/\/www.mtekstil.com\/tr\/urun\/toptan-fotr-sapka\/"]}]},{"@type":"BreadcrumbList","@id":"https:\/\/www.mtekstil.com\/tr\/urun\/toptan-fotr-sapka\/#breadcrumb","itemListElement":[{"@type":"ListItem","position":1,"name":"Home","item":"https:\/\/www.mtekstil.com\/tr\/"},{"@type":"ListItem","position":2,"name":"\u00dcR\u00dcNLER","item":"https:\/\/www.mtekstil.com\/tr\/urunler\/"},{"@type":"ListItem","position":3,"name":"Bant\u0131 Desenli Has\u0131r F\u00f6tr \u015eapka"}]}]}},"_links":{"self":[{"href":"https:\/\/www.mtekstil.com\/tr\/wp-json\/wp\/v2\/product\/3878"}],"collection":[{"href":"https:\/\/www.mtekstil.com\/tr\/wp-json\/wp\/v2\/product"}],"about":[{"href":"https:\/\/www.mtekstil.com\/tr\/wp-json\/wp\/v2\/types\/product"}],"replies":[{"embeddable":true,"href":"https:\/\/www.mtekstil.com\/tr\/wp-json\/wp\/v2\/comments?post=3878"}],"wp:featuredmedia":[{"embeddable":true,"href":"https:\/\/www.mtekstil.com\/tr\/wp-json\/wp\/v2\/media\/6693"}],"wp:attachment":[{"href":"https:\/\/www.mtekstil.com\/tr\/wp-json\/wp\/v2\/media?parent=3878"}],"wp:term":[{"taxonomy":"product_cat","embeddable":true,"href":"https:\/\/www.mtekstil.com\/tr\/wp-json\/wp\/v2\/product_cat?post=3878"},{"taxonomy":"product_tag","embeddable":true,"href":"https:\/\/www.mtekstil.com\/tr\/wp-json\/wp\/v2\/product_tag?post=3878"}],"curies":[{"name":"wp","href":"https:\/\/api.w.org\/{rel}","templated":true}]}}