{"id":3926,"date":"2022-02-08T22:30:33","date_gmt":"2022-02-08T22:30:33","guid":{"rendered":"https:\/\/www.mtekstil.com\/?post_type=product&#038;p=3926"},"modified":"2023-03-10T07:44:42","modified_gmt":"2023-03-10T07:44:42","slug":"toptan-t-shirt-erkek-kadin","status":"publish","type":"product","link":"https:\/\/www.mtekstil.com\/tr\/urun\/toptan-t-shirt-erkek-kadin\/","title":{"rendered":"\u00d6zel Kuma\u015fl\u0131 Reglan Kol Ti\u015f\u00f6rt"},"content":{"rendered":"<h2>\u00d6ZEL KUMA\u015e REGLAN KOL T\u0130\u015e\u00d6RT \u00d6ZELL\u0130KLER\u0130<\/h2>\n<ul>\n<li><strong>Erkek &amp; Kad\u0131n<\/strong> Model Se\u00e7enekleri<\/li>\n<li>Bisiklet Yaka<\/li>\n<li>Reglan Kol \u00d6zel Kal\u0131b\u0131<\/li>\n<li>Yaka Ribanal\u0131<\/li>\n<li>Yan Diki\u015fli<\/li>\n<li>Farkl\u0131 Kuma\u015f Se\u00e7enekleri<\/li>\n<li><strong>\u0130stenilen b\u00f6lgeye\u00a0logo markalama<\/strong><\/li>\n<\/ul>\n<p>&nbsp;<\/p>\n","protected":false},"excerpt":{"rendered":"<p>\u00d6ZEL KUMA\u015e REGLAN KOL T\u0130\u015e\u00d6RT \u00d6ZELL\u0130KLER\u0130 Erkek &amp; Kad\u0131n Model Se\u00e7enekleri Bisiklet Yaka Reglan Kol \u00d6zel Kal\u0131b\u0131 Yaka Ribanal\u0131 Yan&#8230;<\/p>\n","protected":false},"featured_media":6416,"comment_status":"open","ping_status":"closed","template":"","meta":[],"product_cat":[136,121],"product_tag":[],"yoast_head":"<!-- This site is optimized with the Yoast SEO plugin v18.8 - https:\/\/yoast.com\/wordpress\/plugins\/seo\/ -->\n<title>Toptan T Shirt Erkek &amp; Kad\u0131n ( % 100 Pamuk - Logolu, Bask\u0131l\u0131, Bask\u0131s\u0131z)<\/title>\n<meta name=\"description\" content=\"Toptan T Shirt Erkek &amp; Kad\u0131n: Bisiklet Yaka - Reglan Kol - Yaka Ribanal\u0131 - Yan Diki\u015fli - Farkl\u0131 Kuma\u015f Se\u00e7enekleri | F\u0130YAT TEKL\u0130F\u0130 \u0130STEY\u0130N\" \/>\n<meta name=\"robots\" content=\"index, follow, max-snippet:-1, max-image-preview:large, max-video-preview:-1\" \/>\n<link rel=\"canonical\" href=\"https:\/\/www.mtekstil.com\/tr\/urun\/toptan-t-shirt-erkek-kadin\/\" \/>\n<meta property=\"og:locale\" content=\"tr_TR\" \/>\n<meta property=\"og:type\" content=\"article\" \/>\n<meta property=\"og:title\" content=\"Toptan T Shirt Erkek &amp; Kad\u0131n ( % 100 Pamuk - Logolu, Bask\u0131l\u0131, Bask\u0131s\u0131z)\" \/>\n<meta property=\"og:description\" content=\"Toptan T Shirt Erkek &amp; Kad\u0131n: Bisiklet Yaka - Reglan Kol - Yaka Ribanal\u0131 - Yan Diki\u015fli - Farkl\u0131 Kuma\u015f Se\u00e7enekleri | F\u0130YAT TEKL\u0130F\u0130 \u0130STEY\u0130N\" \/>\n<meta property=\"og:url\" content=\"https:\/\/www.mtekstil.com\/tr\/urun\/toptan-t-shirt-erkek-kadin\/\" \/>\n<meta property=\"og:site_name\" content=\"Mtekstil\" \/>\n<meta property=\"article:modified_time\" content=\"2023-03-10T07:44:42+00:00\" \/>\n<meta property=\"og:image\" content=\"https:\/\/www.mtekstil.com\/tr\/wp-content\/uploads\/2022\/02\/toptan_t_shirt_erkek_kadin.jpg\" \/>\n\t<meta property=\"og:image:width\" content=\"512\" \/>\n\t<meta property=\"og:image:height\" content=\"768\" \/>\n\t<meta property=\"og:image:type\" content=\"image\/jpeg\" \/>\n<meta name=\"twitter:card\" content=\"summary_large_image\" \/>\n<meta name=\"twitter:label1\" content=\"Tahmini okuma s\u00fcresi\" \/>\n\t<meta name=\"twitter:data1\" content=\"1 dakika\" \/>\n<script type=\"application\/ld+json\" class=\"yoast-schema-graph\">{\"@context\":\"https:\/\/schema.org\",\"@graph\":[{\"@type\":\"WebSite\",\"@id\":\"https:\/\/www.mtekstil.com\/tr\/#website\",\"url\":\"https:\/\/www.mtekstil.com\/tr\/\",\"name\":\"Mtekstil\",\"description\":\"Tekstil Promosyon &Uuml;r&uuml;nleri\",\"potentialAction\":[{\"@type\":\"SearchAction\",\"target\":{\"@type\":\"EntryPoint\",\"urlTemplate\":\"https:\/\/www.mtekstil.com\/tr\/?s={search_term_string}\"},\"query-input\":\"required name=search_term_string\"}],\"inLanguage\":\"tr\"},{\"@type\":\"ImageObject\",\"inLanguage\":\"tr\",\"@id\":\"https:\/\/www.mtekstil.com\/tr\/urun\/toptan-t-shirt-erkek-kadin\/#primaryimage\",\"url\":\"https:\/\/www.mtekstil.com\/tr\/wp-content\/uploads\/2022\/02\/toptan_t_shirt_erkek_kadin.jpg\",\"contentUrl\":\"https:\/\/www.mtekstil.com\/tr\/wp-content\/uploads\/2022\/02\/toptan_t_shirt_erkek_kadin.jpg\",\"width\":512,\"height\":768,\"caption\":\"Toptan T Shirt Erkek & Kad\u0131n ( % 100 Pamuk - Logolu, Bask\u0131l\u0131, Bask\u0131s\u0131z)\"},{\"@type\":\"WebPage\",\"@id\":\"https:\/\/www.mtekstil.com\/tr\/urun\/toptan-t-shirt-erkek-kadin\/#webpage\",\"url\":\"https:\/\/www.mtekstil.com\/tr\/urun\/toptan-t-shirt-erkek-kadin\/\",\"name\":\"Toptan T Shirt Erkek & Kad\u0131n ( % 100 Pamuk - Logolu, Bask\u0131l\u0131, Bask\u0131s\u0131z)\",\"isPartOf\":{\"@id\":\"https:\/\/www.mtekstil.com\/tr\/#website\"},\"primaryImageOfPage\":{\"@id\":\"https:\/\/www.mtekstil.com\/tr\/urun\/toptan-t-shirt-erkek-kadin\/#primaryimage\"},\"datePublished\":\"2022-02-08T22:30:33+00:00\",\"dateModified\":\"2023-03-10T07:44:42+00:00\",\"description\":\"Toptan T Shirt Erkek & Kad\u0131n: Bisiklet Yaka - Reglan Kol - Yaka Ribanal\u0131 - Yan Diki\u015fli - Farkl\u0131 Kuma\u015f Se\u00e7enekleri | F\u0130YAT TEKL\u0130F\u0130 \u0130STEY\u0130N\",\"breadcrumb\":{\"@id\":\"https:\/\/www.mtekstil.com\/tr\/urun\/toptan-t-shirt-erkek-kadin\/#breadcrumb\"},\"inLanguage\":\"tr\",\"potentialAction\":[{\"@type\":\"ReadAction\",\"target\":[\"https:\/\/www.mtekstil.com\/tr\/urun\/toptan-t-shirt-erkek-kadin\/\"]}]},{\"@type\":\"BreadcrumbList\",\"@id\":\"https:\/\/www.mtekstil.com\/tr\/urun\/toptan-t-shirt-erkek-kadin\/#breadcrumb\",\"itemListElement\":[{\"@type\":\"ListItem\",\"position\":1,\"name\":\"Home\",\"item\":\"https:\/\/www.mtekstil.com\/tr\/\"},{\"@type\":\"ListItem\",\"position\":2,\"name\":\"\u00dcR\u00dcNLER\",\"item\":\"https:\/\/www.mtekstil.com\/tr\/urunler\/\"},{\"@type\":\"ListItem\",\"position\":3,\"name\":\"\u00d6zel Kuma\u015fl\u0131 Reglan Kol Ti\u015f\u00f6rt\"}]}]}<\/script>\n<!-- \/ Yoast SEO plugin. -->","yoast_head_json":{"title":"Toptan T Shirt Erkek & Kad\u0131n ( % 100 Pamuk - Logolu, Bask\u0131l\u0131, Bask\u0131s\u0131z)","description":"Toptan T Shirt Erkek & Kad\u0131n: Bisiklet Yaka - Reglan Kol - Yaka Ribanal\u0131 - Yan Diki\u015fli - Farkl\u0131 Kuma\u015f Se\u00e7enekleri | F\u0130YAT TEKL\u0130F\u0130 \u0130STEY\u0130N","robots":{"index":"index","follow":"follow","max-snippet":"max-snippet:-1","max-image-preview":"max-image-preview:large","max-video-preview":"max-video-preview:-1"},"canonical":"https:\/\/www.mtekstil.com\/tr\/urun\/toptan-t-shirt-erkek-kadin\/","og_locale":"tr_TR","og_type":"article","og_title":"Toptan T Shirt Erkek & Kad\u0131n ( % 100 Pamuk - Logolu, Bask\u0131l\u0131, Bask\u0131s\u0131z)","og_description":"Toptan T Shirt Erkek & Kad\u0131n: Bisiklet Yaka - Reglan Kol - Yaka Ribanal\u0131 - Yan Diki\u015fli - Farkl\u0131 Kuma\u015f Se\u00e7enekleri | F\u0130YAT TEKL\u0130F\u0130 \u0130STEY\u0130N","og_url":"https:\/\/www.mtekstil.com\/tr\/urun\/toptan-t-shirt-erkek-kadin\/","og_site_name":"Mtekstil","article_modified_time":"2023-03-10T07:44:42+00:00","og_image":[{"width":512,"height":768,"url":"https:\/\/www.mtekstil.com\/tr\/wp-content\/uploads\/2022\/02\/toptan_t_shirt_erkek_kadin.jpg","type":"image\/jpeg"}],"twitter_card":"summary_large_image","twitter_misc":{"Tahmini okuma s\u00fcresi":"1 dakika"},"schema":{"@context":"https:\/\/schema.org","@graph":[{"@type":"WebSite","@id":"https:\/\/www.mtekstil.com\/tr\/#website","url":"https:\/\/www.mtekstil.com\/tr\/","name":"Mtekstil","description":"Tekstil Promosyon &Uuml;r&uuml;nleri","potentialAction":[{"@type":"SearchAction","target":{"@type":"EntryPoint","urlTemplate":"https:\/\/www.mtekstil.com\/tr\/?s={search_term_string}"},"query-input":"required name=search_term_string"}],"inLanguage":"tr"},{"@type":"ImageObject","inLanguage":"tr","@id":"https:\/\/www.mtekstil.com\/tr\/urun\/toptan-t-shirt-erkek-kadin\/#primaryimage","url":"https:\/\/www.mtekstil.com\/tr\/wp-content\/uploads\/2022\/02\/toptan_t_shirt_erkek_kadin.jpg","contentUrl":"https:\/\/www.mtekstil.com\/tr\/wp-content\/uploads\/2022\/02\/toptan_t_shirt_erkek_kadin.jpg","width":512,"height":768,"caption":"Toptan T Shirt Erkek & Kad\u0131n ( % 100 Pamuk - Logolu, Bask\u0131l\u0131, Bask\u0131s\u0131z)"},{"@type":"WebPage","@id":"https:\/\/www.mtekstil.com\/tr\/urun\/toptan-t-shirt-erkek-kadin\/#webpage","url":"https:\/\/www.mtekstil.com\/tr\/urun\/toptan-t-shirt-erkek-kadin\/","name":"Toptan T Shirt Erkek & Kad\u0131n ( % 100 Pamuk - Logolu, Bask\u0131l\u0131, Bask\u0131s\u0131z)","isPartOf":{"@id":"https:\/\/www.mtekstil.com\/tr\/#website"},"primaryImageOfPage":{"@id":"https:\/\/www.mtekstil.com\/tr\/urun\/toptan-t-shirt-erkek-kadin\/#primaryimage"},"datePublished":"2022-02-08T22:30:33+00:00","dateModified":"2023-03-10T07:44:42+00:00","description":"Toptan T Shirt Erkek & Kad\u0131n: Bisiklet Yaka - Reglan Kol - Yaka Ribanal\u0131 - Yan Diki\u015fli - Farkl\u0131 Kuma\u015f Se\u00e7enekleri | F\u0130YAT TEKL\u0130F\u0130 \u0130STEY\u0130N","breadcrumb":{"@id":"https:\/\/www.mtekstil.com\/tr\/urun\/toptan-t-shirt-erkek-kadin\/#breadcrumb"},"inLanguage":"tr","potentialAction":[{"@type":"ReadAction","target":["https:\/\/www.mtekstil.com\/tr\/urun\/toptan-t-shirt-erkek-kadin\/"]}]},{"@type":"BreadcrumbList","@id":"https:\/\/www.mtekstil.com\/tr\/urun\/toptan-t-shirt-erkek-kadin\/#breadcrumb","itemListElement":[{"@type":"ListItem","position":1,"name":"Home","item":"https:\/\/www.mtekstil.com\/tr\/"},{"@type":"ListItem","position":2,"name":"\u00dcR\u00dcNLER","item":"https:\/\/www.mtekstil.com\/tr\/urunler\/"},{"@type":"ListItem","position":3,"name":"\u00d6zel Kuma\u015fl\u0131 Reglan Kol Ti\u015f\u00f6rt"}]}]}},"_links":{"self":[{"href":"https:\/\/www.mtekstil.com\/tr\/wp-json\/wp\/v2\/product\/3926"}],"collection":[{"href":"https:\/\/www.mtekstil.com\/tr\/wp-json\/wp\/v2\/product"}],"about":[{"href":"https:\/\/www.mtekstil.com\/tr\/wp-json\/wp\/v2\/types\/product"}],"replies":[{"embeddable":true,"href":"https:\/\/www.mtekstil.com\/tr\/wp-json\/wp\/v2\/comments?post=3926"}],"wp:featuredmedia":[{"embeddable":true,"href":"https:\/\/www.mtekstil.com\/tr\/wp-json\/wp\/v2\/media\/6416"}],"wp:attachment":[{"href":"https:\/\/www.mtekstil.com\/tr\/wp-json\/wp\/v2\/media?parent=3926"}],"wp:term":[{"taxonomy":"product_cat","embeddable":true,"href":"https:\/\/www.mtekstil.com\/tr\/wp-json\/wp\/v2\/product_cat?post=3926"},{"taxonomy":"product_tag","embeddable":true,"href":"https:\/\/www.mtekstil.com\/tr\/wp-json\/wp\/v2\/product_tag?post=3926"}],"curies":[{"name":"wp","href":"https:\/\/api.w.org\/{rel}","templated":true}]}}