{"id":3959,"date":"2022-03-16T00:54:29","date_gmt":"2022-03-16T00:54:29","guid":{"rendered":"https:\/\/www.mtekstil.com\/?post_type=product&#038;p=3959"},"modified":"2023-03-10T08:05:15","modified_gmt":"2023-03-10T08:05:15","slug":"istanbul-toptan-hoodie","status":"publish","type":"product","link":"https:\/\/www.mtekstil.com\/tr\/urun\/istanbul-toptan-hoodie\/","title":{"rendered":"3 \u0130plik \u015eardonsuz Penye Hoodie"},"content":{"rendered":"<h2><span style=\"color: #000000;\">3 \u0130PL\u0130K \u015eARDONSUZ PENYE HOOD\u0130E<\/span><\/h2>\n<ul>\n<li><strong>Erkek &amp; Kad\u0131n<\/strong> Model Se\u00e7enekleri<\/li>\n<li>\u00dc\u00e7 \u0130plik \u015eardonsuz Penye Kuma\u015f<\/li>\n<li>Kanguru Cepli<\/li>\n<li>Kollar ve Etek Ribanal\u0131<\/li>\n<li>Stoperli Lastik Kordon<\/li>\n<li><strong>\u0130stenilen b\u00f6lgeye\u00a0logo markalama<\/strong><\/li>\n<\/ul>\n","protected":false},"excerpt":{"rendered":"<p>3 \u0130PL\u0130K \u015eARDONSUZ PENYE HOOD\u0130E Erkek &amp; Kad\u0131n Model Se\u00e7enekleri \u00dc\u00e7 \u0130plik \u015eardonsuz Penye Kuma\u015f Kanguru Cepli Kollar ve Etek&#8230;<\/p>\n","protected":false},"featured_media":6435,"comment_status":"open","ping_status":"closed","template":"","meta":[],"product_cat":[127,122],"product_tag":[],"yoast_head":"<!-- This site is optimized with the Yoast SEO plugin v18.8 - https:\/\/yoast.com\/wordpress\/plugins\/seo\/ -->\n<title>\u0130stanbul Toptan Hoodie Sat\u0131\u015f\u0131 (\u00dc\u00e7 \u0130plik \u015eardonsuz, Penye, Bask\u0131l\u0131, Logolu)<\/title>\n<meta name=\"description\" content=\"\u0130stanbul Toptan Hoodie Sat\u0131\u015f\u0131: 3 \u0130plik \u015eardonsuz Penye Kuma\u015f - Kanguru Cepli - Ribanal\u0131 - Stoperli Lastik Kordon | F\u0130YAT TEKL\u0130F\u0130 \u0130STEY\u0130N\" \/>\n<meta name=\"robots\" content=\"index, follow, max-snippet:-1, max-image-preview:large, max-video-preview:-1\" \/>\n<link rel=\"canonical\" href=\"https:\/\/www.mtekstil.com\/tr\/urun\/istanbul-toptan-hoodie\/\" \/>\n<meta property=\"og:locale\" content=\"tr_TR\" \/>\n<meta property=\"og:type\" content=\"article\" \/>\n<meta property=\"og:title\" content=\"\u0130stanbul Toptan Hoodie Sat\u0131\u015f\u0131 (\u00dc\u00e7 \u0130plik \u015eardonsuz, Penye, Bask\u0131l\u0131, Logolu)\" \/>\n<meta property=\"og:description\" content=\"\u0130stanbul Toptan Hoodie Sat\u0131\u015f\u0131: 3 \u0130plik \u015eardonsuz Penye Kuma\u015f - Kanguru Cepli - Ribanal\u0131 - Stoperli Lastik Kordon | F\u0130YAT TEKL\u0130F\u0130 \u0130STEY\u0130N\" \/>\n<meta property=\"og:url\" content=\"https:\/\/www.mtekstil.com\/tr\/urun\/istanbul-toptan-hoodie\/\" \/>\n<meta property=\"og:site_name\" content=\"Mtekstil\" \/>\n<meta property=\"article:modified_time\" content=\"2023-03-10T08:05:15+00:00\" \/>\n<meta property=\"og:image\" content=\"https:\/\/www.mtekstil.com\/tr\/wp-content\/uploads\/2022\/03\/istanbul_toptan_hoodie_1.jpg\" \/>\n\t<meta property=\"og:image:width\" content=\"1000\" \/>\n\t<meta property=\"og:image:height\" content=\"1499\" \/>\n\t<meta property=\"og:image:type\" content=\"image\/jpeg\" \/>\n<meta name=\"twitter:card\" content=\"summary_large_image\" \/>\n<meta name=\"twitter:label1\" content=\"Tahmini okuma s\u00fcresi\" \/>\n\t<meta name=\"twitter:data1\" content=\"1 dakika\" \/>\n<script type=\"application\/ld+json\" class=\"yoast-schema-graph\">{\"@context\":\"https:\/\/schema.org\",\"@graph\":[{\"@type\":\"WebSite\",\"@id\":\"https:\/\/www.mtekstil.com\/tr\/#website\",\"url\":\"https:\/\/www.mtekstil.com\/tr\/\",\"name\":\"Mtekstil\",\"description\":\"Tekstil Promosyon &Uuml;r&uuml;nleri\",\"potentialAction\":[{\"@type\":\"SearchAction\",\"target\":{\"@type\":\"EntryPoint\",\"urlTemplate\":\"https:\/\/www.mtekstil.com\/tr\/?s={search_term_string}\"},\"query-input\":\"required name=search_term_string\"}],\"inLanguage\":\"tr\"},{\"@type\":\"ImageObject\",\"inLanguage\":\"tr\",\"@id\":\"https:\/\/www.mtekstil.com\/tr\/urun\/istanbul-toptan-hoodie\/#primaryimage\",\"url\":\"https:\/\/www.mtekstil.com\/tr\/wp-content\/uploads\/2022\/03\/istanbul_toptan_hoodie_1.jpg\",\"contentUrl\":\"https:\/\/www.mtekstil.com\/tr\/wp-content\/uploads\/2022\/03\/istanbul_toptan_hoodie_1.jpg\",\"width\":1000,\"height\":1499,\"caption\":\"\u0130stanbul Toptan Hoodie Sat\u0131\u015f\u0131 (\u00dc\u00e7 \u0130plik \u015eardonsuz, Penye, Bask\u0131l\u0131, Logolu)\"},{\"@type\":\"WebPage\",\"@id\":\"https:\/\/www.mtekstil.com\/tr\/urun\/istanbul-toptan-hoodie\/#webpage\",\"url\":\"https:\/\/www.mtekstil.com\/tr\/urun\/istanbul-toptan-hoodie\/\",\"name\":\"\u0130stanbul Toptan Hoodie Sat\u0131\u015f\u0131 (\u00dc\u00e7 \u0130plik \u015eardonsuz, Penye, Bask\u0131l\u0131, Logolu)\",\"isPartOf\":{\"@id\":\"https:\/\/www.mtekstil.com\/tr\/#website\"},\"primaryImageOfPage\":{\"@id\":\"https:\/\/www.mtekstil.com\/tr\/urun\/istanbul-toptan-hoodie\/#primaryimage\"},\"datePublished\":\"2022-03-16T00:54:29+00:00\",\"dateModified\":\"2023-03-10T08:05:15+00:00\",\"description\":\"\u0130stanbul Toptan Hoodie Sat\u0131\u015f\u0131: 3 \u0130plik \u015eardonsuz Penye Kuma\u015f - Kanguru Cepli - Ribanal\u0131 - Stoperli Lastik Kordon | F\u0130YAT TEKL\u0130F\u0130 \u0130STEY\u0130N\",\"breadcrumb\":{\"@id\":\"https:\/\/www.mtekstil.com\/tr\/urun\/istanbul-toptan-hoodie\/#breadcrumb\"},\"inLanguage\":\"tr\",\"potentialAction\":[{\"@type\":\"ReadAction\",\"target\":[\"https:\/\/www.mtekstil.com\/tr\/urun\/istanbul-toptan-hoodie\/\"]}]},{\"@type\":\"BreadcrumbList\",\"@id\":\"https:\/\/www.mtekstil.com\/tr\/urun\/istanbul-toptan-hoodie\/#breadcrumb\",\"itemListElement\":[{\"@type\":\"ListItem\",\"position\":1,\"name\":\"Home\",\"item\":\"https:\/\/www.mtekstil.com\/tr\/\"},{\"@type\":\"ListItem\",\"position\":2,\"name\":\"\u00dcR\u00dcNLER\",\"item\":\"https:\/\/www.mtekstil.com\/tr\/urunler\/\"},{\"@type\":\"ListItem\",\"position\":3,\"name\":\"3 \u0130plik \u015eardonsuz Penye Hoodie\"}]}]}<\/script>\n<!-- \/ Yoast SEO plugin. -->","yoast_head_json":{"title":"\u0130stanbul Toptan Hoodie Sat\u0131\u015f\u0131 (\u00dc\u00e7 \u0130plik \u015eardonsuz, Penye, Bask\u0131l\u0131, Logolu)","description":"\u0130stanbul Toptan Hoodie Sat\u0131\u015f\u0131: 3 \u0130plik \u015eardonsuz Penye Kuma\u015f - Kanguru Cepli - Ribanal\u0131 - Stoperli Lastik Kordon | F\u0130YAT TEKL\u0130F\u0130 \u0130STEY\u0130N","robots":{"index":"index","follow":"follow","max-snippet":"max-snippet:-1","max-image-preview":"max-image-preview:large","max-video-preview":"max-video-preview:-1"},"canonical":"https:\/\/www.mtekstil.com\/tr\/urun\/istanbul-toptan-hoodie\/","og_locale":"tr_TR","og_type":"article","og_title":"\u0130stanbul Toptan Hoodie Sat\u0131\u015f\u0131 (\u00dc\u00e7 \u0130plik \u015eardonsuz, Penye, Bask\u0131l\u0131, Logolu)","og_description":"\u0130stanbul Toptan Hoodie Sat\u0131\u015f\u0131: 3 \u0130plik \u015eardonsuz Penye Kuma\u015f - Kanguru Cepli - Ribanal\u0131 - Stoperli Lastik Kordon | F\u0130YAT TEKL\u0130F\u0130 \u0130STEY\u0130N","og_url":"https:\/\/www.mtekstil.com\/tr\/urun\/istanbul-toptan-hoodie\/","og_site_name":"Mtekstil","article_modified_time":"2023-03-10T08:05:15+00:00","og_image":[{"width":1000,"height":1499,"url":"https:\/\/www.mtekstil.com\/tr\/wp-content\/uploads\/2022\/03\/istanbul_toptan_hoodie_1.jpg","type":"image\/jpeg"}],"twitter_card":"summary_large_image","twitter_misc":{"Tahmini okuma s\u00fcresi":"1 dakika"},"schema":{"@context":"https:\/\/schema.org","@graph":[{"@type":"WebSite","@id":"https:\/\/www.mtekstil.com\/tr\/#website","url":"https:\/\/www.mtekstil.com\/tr\/","name":"Mtekstil","description":"Tekstil Promosyon &Uuml;r&uuml;nleri","potentialAction":[{"@type":"SearchAction","target":{"@type":"EntryPoint","urlTemplate":"https:\/\/www.mtekstil.com\/tr\/?s={search_term_string}"},"query-input":"required name=search_term_string"}],"inLanguage":"tr"},{"@type":"ImageObject","inLanguage":"tr","@id":"https:\/\/www.mtekstil.com\/tr\/urun\/istanbul-toptan-hoodie\/#primaryimage","url":"https:\/\/www.mtekstil.com\/tr\/wp-content\/uploads\/2022\/03\/istanbul_toptan_hoodie_1.jpg","contentUrl":"https:\/\/www.mtekstil.com\/tr\/wp-content\/uploads\/2022\/03\/istanbul_toptan_hoodie_1.jpg","width":1000,"height":1499,"caption":"\u0130stanbul Toptan Hoodie Sat\u0131\u015f\u0131 (\u00dc\u00e7 \u0130plik \u015eardonsuz, Penye, Bask\u0131l\u0131, Logolu)"},{"@type":"WebPage","@id":"https:\/\/www.mtekstil.com\/tr\/urun\/istanbul-toptan-hoodie\/#webpage","url":"https:\/\/www.mtekstil.com\/tr\/urun\/istanbul-toptan-hoodie\/","name":"\u0130stanbul Toptan Hoodie Sat\u0131\u015f\u0131 (\u00dc\u00e7 \u0130plik \u015eardonsuz, Penye, Bask\u0131l\u0131, Logolu)","isPartOf":{"@id":"https:\/\/www.mtekstil.com\/tr\/#website"},"primaryImageOfPage":{"@id":"https:\/\/www.mtekstil.com\/tr\/urun\/istanbul-toptan-hoodie\/#primaryimage"},"datePublished":"2022-03-16T00:54:29+00:00","dateModified":"2023-03-10T08:05:15+00:00","description":"\u0130stanbul Toptan Hoodie Sat\u0131\u015f\u0131: 3 \u0130plik \u015eardonsuz Penye Kuma\u015f - Kanguru Cepli - Ribanal\u0131 - Stoperli Lastik Kordon | F\u0130YAT TEKL\u0130F\u0130 \u0130STEY\u0130N","breadcrumb":{"@id":"https:\/\/www.mtekstil.com\/tr\/urun\/istanbul-toptan-hoodie\/#breadcrumb"},"inLanguage":"tr","potentialAction":[{"@type":"ReadAction","target":["https:\/\/www.mtekstil.com\/tr\/urun\/istanbul-toptan-hoodie\/"]}]},{"@type":"BreadcrumbList","@id":"https:\/\/www.mtekstil.com\/tr\/urun\/istanbul-toptan-hoodie\/#breadcrumb","itemListElement":[{"@type":"ListItem","position":1,"name":"Home","item":"https:\/\/www.mtekstil.com\/tr\/"},{"@type":"ListItem","position":2,"name":"\u00dcR\u00dcNLER","item":"https:\/\/www.mtekstil.com\/tr\/urunler\/"},{"@type":"ListItem","position":3,"name":"3 \u0130plik \u015eardonsuz Penye Hoodie"}]}]}},"_links":{"self":[{"href":"https:\/\/www.mtekstil.com\/tr\/wp-json\/wp\/v2\/product\/3959"}],"collection":[{"href":"https:\/\/www.mtekstil.com\/tr\/wp-json\/wp\/v2\/product"}],"about":[{"href":"https:\/\/www.mtekstil.com\/tr\/wp-json\/wp\/v2\/types\/product"}],"replies":[{"embeddable":true,"href":"https:\/\/www.mtekstil.com\/tr\/wp-json\/wp\/v2\/comments?post=3959"}],"wp:featuredmedia":[{"embeddable":true,"href":"https:\/\/www.mtekstil.com\/tr\/wp-json\/wp\/v2\/media\/6435"}],"wp:attachment":[{"href":"https:\/\/www.mtekstil.com\/tr\/wp-json\/wp\/v2\/media?parent=3959"}],"wp:term":[{"taxonomy":"product_cat","embeddable":true,"href":"https:\/\/www.mtekstil.com\/tr\/wp-json\/wp\/v2\/product_cat?post=3959"},{"taxonomy":"product_tag","embeddable":true,"href":"https:\/\/www.mtekstil.com\/tr\/wp-json\/wp\/v2\/product_tag?post=3959"}],"curies":[{"name":"wp","href":"https:\/\/api.w.org\/{rel}","templated":true}]}}