{"id":3979,"date":"2022-03-17T00:10:44","date_gmt":"2022-03-17T00:10:44","guid":{"rendered":"https:\/\/www.mtekstil.com\/?post_type=product&#038;p=3979"},"modified":"2023-03-10T08:08:01","modified_gmt":"2023-03-10T08:08:01","slug":"sweat-toptan-satis","status":"publish","type":"product","link":"https:\/\/www.mtekstil.com\/tr\/urun\/sweat-toptan-satis\/","title":{"rendered":"%95 Pamuk %5 Likra S\u00fcprem Fermuarl\u0131 Sweatshirt"},"content":{"rendered":"<h2><span style=\"color: #000000;\">%95 PAMUK %5 L\u0130KRA S\u00dcPREM POLO YAKA FERMUARLI SWEATSH\u0130RT \u00d6ZELL\u0130KLER\u0130<\/span><\/h2>\n<ul>\n<li><strong>Erkek &amp; Kad\u0131n<\/strong> Model Se\u00e7enekleri<\/li>\n<li>Likral\u0131 S\u00fcprem Kuma\u015f<\/li>\n<li>%95 Pamuk %5 Likra<\/li>\n<li>G\u00f6mlek Yaka<\/li>\n<li>Yar\u0131m Demir Fermuar<\/li>\n<li>Kollar ve Etek Ribanas\u0131z<\/li>\n<li><strong>\u0130stenilen b\u00f6lgeye\u00a0logo markalama<\/strong><\/li>\n<\/ul>\n","protected":false},"excerpt":{"rendered":"<p>%95 PAMUK %5 L\u0130KRA S\u00dcPREM POLO YAKA FERMUARLI SWEATSH\u0130RT \u00d6ZELL\u0130KLER\u0130 Erkek &amp; Kad\u0131n Model Se\u00e7enekleri Likral\u0131 S\u00fcprem Kuma\u015f %95 Pamuk&#8230;<\/p>\n","protected":false},"featured_media":6455,"comment_status":"open","ping_status":"closed","template":"","meta":[],"product_cat":[126,122],"product_tag":[],"yoast_head":"<!-- This site is optimized with the Yoast SEO plugin v18.8 - https:\/\/yoast.com\/wordpress\/plugins\/seo\/ -->\n<title>Sweat Toptan Sat\u0131\u015f ( % 95 Pamuk % 5 Likra ) - Siyah Sweatshirt Toptan<\/title>\n<meta name=\"description\" content=\"Sweat Toptan Sat\u0131\u015f: % 95 Pamuk % 5 Likra S\u00fcprem - G\u00f6mlek Yaka - Yar\u0131m Demir Fermuarl\u0131 - Kollar ve Etek Ribanas\u0131z | F\u0130YAT TEKL\u0130F\u0130 \u0130STEY\u0130N\" \/>\n<meta name=\"robots\" content=\"index, follow, max-snippet:-1, max-image-preview:large, max-video-preview:-1\" \/>\n<link rel=\"canonical\" href=\"https:\/\/www.mtekstil.com\/tr\/urun\/sweat-toptan-satis\/\" \/>\n<meta property=\"og:locale\" content=\"tr_TR\" \/>\n<meta property=\"og:type\" content=\"article\" \/>\n<meta property=\"og:title\" content=\"Sweat Toptan Sat\u0131\u015f ( % 95 Pamuk % 5 Likra ) - Siyah Sweatshirt Toptan\" \/>\n<meta property=\"og:description\" content=\"Sweat Toptan Sat\u0131\u015f: % 95 Pamuk % 5 Likra S\u00fcprem - G\u00f6mlek Yaka - Yar\u0131m Demir Fermuarl\u0131 - Kollar ve Etek Ribanas\u0131z | F\u0130YAT TEKL\u0130F\u0130 \u0130STEY\u0130N\" \/>\n<meta property=\"og:url\" content=\"https:\/\/www.mtekstil.com\/tr\/urun\/sweat-toptan-satis\/\" \/>\n<meta property=\"og:site_name\" content=\"Mtekstil\" \/>\n<meta property=\"article:modified_time\" content=\"2023-03-10T08:08:01+00:00\" \/>\n<meta property=\"og:image\" content=\"https:\/\/www.mtekstil.com\/tr\/wp-content\/uploads\/2022\/03\/sweat_toptan_satis_4.jpg\" \/>\n\t<meta property=\"og:image:width\" content=\"1000\" \/>\n\t<meta property=\"og:image:height\" content=\"1499\" \/>\n\t<meta property=\"og:image:type\" content=\"image\/jpeg\" \/>\n<meta name=\"twitter:card\" content=\"summary_large_image\" \/>\n<meta name=\"twitter:label1\" content=\"Tahmini okuma s\u00fcresi\" \/>\n\t<meta name=\"twitter:data1\" content=\"1 dakika\" \/>\n<script type=\"application\/ld+json\" class=\"yoast-schema-graph\">{\"@context\":\"https:\/\/schema.org\",\"@graph\":[{\"@type\":\"WebSite\",\"@id\":\"https:\/\/www.mtekstil.com\/tr\/#website\",\"url\":\"https:\/\/www.mtekstil.com\/tr\/\",\"name\":\"Mtekstil\",\"description\":\"Tekstil Promosyon &Uuml;r&uuml;nleri\",\"potentialAction\":[{\"@type\":\"SearchAction\",\"target\":{\"@type\":\"EntryPoint\",\"urlTemplate\":\"https:\/\/www.mtekstil.com\/tr\/?s={search_term_string}\"},\"query-input\":\"required name=search_term_string\"}],\"inLanguage\":\"tr\"},{\"@type\":\"ImageObject\",\"inLanguage\":\"tr\",\"@id\":\"https:\/\/www.mtekstil.com\/tr\/urun\/sweat-toptan-satis\/#primaryimage\",\"url\":\"https:\/\/www.mtekstil.com\/tr\/wp-content\/uploads\/2022\/03\/sweat_toptan_satis_4.jpg\",\"contentUrl\":\"https:\/\/www.mtekstil.com\/tr\/wp-content\/uploads\/2022\/03\/sweat_toptan_satis_4.jpg\",\"width\":1000,\"height\":1499,\"caption\":\"Sweat Toptan Sat\u0131\u015f ( % 95 Pamuk % 5 Likra ) - Siyah Sweatshirt Toptan\"},{\"@type\":\"WebPage\",\"@id\":\"https:\/\/www.mtekstil.com\/tr\/urun\/sweat-toptan-satis\/#webpage\",\"url\":\"https:\/\/www.mtekstil.com\/tr\/urun\/sweat-toptan-satis\/\",\"name\":\"Sweat Toptan Sat\u0131\u015f ( % 95 Pamuk % 5 Likra ) - Siyah Sweatshirt Toptan\",\"isPartOf\":{\"@id\":\"https:\/\/www.mtekstil.com\/tr\/#website\"},\"primaryImageOfPage\":{\"@id\":\"https:\/\/www.mtekstil.com\/tr\/urun\/sweat-toptan-satis\/#primaryimage\"},\"datePublished\":\"2022-03-17T00:10:44+00:00\",\"dateModified\":\"2023-03-10T08:08:01+00:00\",\"description\":\"Sweat Toptan Sat\u0131\u015f: % 95 Pamuk % 5 Likra S\u00fcprem - G\u00f6mlek Yaka - Yar\u0131m Demir Fermuarl\u0131 - Kollar ve Etek Ribanas\u0131z | F\u0130YAT TEKL\u0130F\u0130 \u0130STEY\u0130N\",\"breadcrumb\":{\"@id\":\"https:\/\/www.mtekstil.com\/tr\/urun\/sweat-toptan-satis\/#breadcrumb\"},\"inLanguage\":\"tr\",\"potentialAction\":[{\"@type\":\"ReadAction\",\"target\":[\"https:\/\/www.mtekstil.com\/tr\/urun\/sweat-toptan-satis\/\"]}]},{\"@type\":\"BreadcrumbList\",\"@id\":\"https:\/\/www.mtekstil.com\/tr\/urun\/sweat-toptan-satis\/#breadcrumb\",\"itemListElement\":[{\"@type\":\"ListItem\",\"position\":1,\"name\":\"Home\",\"item\":\"https:\/\/www.mtekstil.com\/tr\/\"},{\"@type\":\"ListItem\",\"position\":2,\"name\":\"\u00dcR\u00dcNLER\",\"item\":\"https:\/\/www.mtekstil.com\/tr\/urunler\/\"},{\"@type\":\"ListItem\",\"position\":3,\"name\":\"%95 Pamuk %5 Likra S\u00fcprem Fermuarl\u0131 Sweatshirt\"}]}]}<\/script>\n<!-- \/ Yoast SEO plugin. -->","yoast_head_json":{"title":"Sweat Toptan Sat\u0131\u015f ( % 95 Pamuk % 5 Likra ) - Siyah Sweatshirt Toptan","description":"Sweat Toptan Sat\u0131\u015f: % 95 Pamuk % 5 Likra S\u00fcprem - G\u00f6mlek Yaka - Yar\u0131m Demir Fermuarl\u0131 - Kollar ve Etek Ribanas\u0131z | F\u0130YAT TEKL\u0130F\u0130 \u0130STEY\u0130N","robots":{"index":"index","follow":"follow","max-snippet":"max-snippet:-1","max-image-preview":"max-image-preview:large","max-video-preview":"max-video-preview:-1"},"canonical":"https:\/\/www.mtekstil.com\/tr\/urun\/sweat-toptan-satis\/","og_locale":"tr_TR","og_type":"article","og_title":"Sweat Toptan Sat\u0131\u015f ( % 95 Pamuk % 5 Likra ) - Siyah Sweatshirt Toptan","og_description":"Sweat Toptan Sat\u0131\u015f: % 95 Pamuk % 5 Likra S\u00fcprem - G\u00f6mlek Yaka - Yar\u0131m Demir Fermuarl\u0131 - Kollar ve Etek Ribanas\u0131z | F\u0130YAT TEKL\u0130F\u0130 \u0130STEY\u0130N","og_url":"https:\/\/www.mtekstil.com\/tr\/urun\/sweat-toptan-satis\/","og_site_name":"Mtekstil","article_modified_time":"2023-03-10T08:08:01+00:00","og_image":[{"width":1000,"height":1499,"url":"https:\/\/www.mtekstil.com\/tr\/wp-content\/uploads\/2022\/03\/sweat_toptan_satis_4.jpg","type":"image\/jpeg"}],"twitter_card":"summary_large_image","twitter_misc":{"Tahmini okuma s\u00fcresi":"1 dakika"},"schema":{"@context":"https:\/\/schema.org","@graph":[{"@type":"WebSite","@id":"https:\/\/www.mtekstil.com\/tr\/#website","url":"https:\/\/www.mtekstil.com\/tr\/","name":"Mtekstil","description":"Tekstil Promosyon &Uuml;r&uuml;nleri","potentialAction":[{"@type":"SearchAction","target":{"@type":"EntryPoint","urlTemplate":"https:\/\/www.mtekstil.com\/tr\/?s={search_term_string}"},"query-input":"required name=search_term_string"}],"inLanguage":"tr"},{"@type":"ImageObject","inLanguage":"tr","@id":"https:\/\/www.mtekstil.com\/tr\/urun\/sweat-toptan-satis\/#primaryimage","url":"https:\/\/www.mtekstil.com\/tr\/wp-content\/uploads\/2022\/03\/sweat_toptan_satis_4.jpg","contentUrl":"https:\/\/www.mtekstil.com\/tr\/wp-content\/uploads\/2022\/03\/sweat_toptan_satis_4.jpg","width":1000,"height":1499,"caption":"Sweat Toptan Sat\u0131\u015f ( % 95 Pamuk % 5 Likra ) - Siyah Sweatshirt Toptan"},{"@type":"WebPage","@id":"https:\/\/www.mtekstil.com\/tr\/urun\/sweat-toptan-satis\/#webpage","url":"https:\/\/www.mtekstil.com\/tr\/urun\/sweat-toptan-satis\/","name":"Sweat Toptan Sat\u0131\u015f ( % 95 Pamuk % 5 Likra ) - Siyah Sweatshirt Toptan","isPartOf":{"@id":"https:\/\/www.mtekstil.com\/tr\/#website"},"primaryImageOfPage":{"@id":"https:\/\/www.mtekstil.com\/tr\/urun\/sweat-toptan-satis\/#primaryimage"},"datePublished":"2022-03-17T00:10:44+00:00","dateModified":"2023-03-10T08:08:01+00:00","description":"Sweat Toptan Sat\u0131\u015f: % 95 Pamuk % 5 Likra S\u00fcprem - G\u00f6mlek Yaka - Yar\u0131m Demir Fermuarl\u0131 - Kollar ve Etek Ribanas\u0131z | F\u0130YAT TEKL\u0130F\u0130 \u0130STEY\u0130N","breadcrumb":{"@id":"https:\/\/www.mtekstil.com\/tr\/urun\/sweat-toptan-satis\/#breadcrumb"},"inLanguage":"tr","potentialAction":[{"@type":"ReadAction","target":["https:\/\/www.mtekstil.com\/tr\/urun\/sweat-toptan-satis\/"]}]},{"@type":"BreadcrumbList","@id":"https:\/\/www.mtekstil.com\/tr\/urun\/sweat-toptan-satis\/#breadcrumb","itemListElement":[{"@type":"ListItem","position":1,"name":"Home","item":"https:\/\/www.mtekstil.com\/tr\/"},{"@type":"ListItem","position":2,"name":"\u00dcR\u00dcNLER","item":"https:\/\/www.mtekstil.com\/tr\/urunler\/"},{"@type":"ListItem","position":3,"name":"%95 Pamuk %5 Likra S\u00fcprem Fermuarl\u0131 Sweatshirt"}]}]}},"_links":{"self":[{"href":"https:\/\/www.mtekstil.com\/tr\/wp-json\/wp\/v2\/product\/3979"}],"collection":[{"href":"https:\/\/www.mtekstil.com\/tr\/wp-json\/wp\/v2\/product"}],"about":[{"href":"https:\/\/www.mtekstil.com\/tr\/wp-json\/wp\/v2\/types\/product"}],"replies":[{"embeddable":true,"href":"https:\/\/www.mtekstil.com\/tr\/wp-json\/wp\/v2\/comments?post=3979"}],"wp:featuredmedia":[{"embeddable":true,"href":"https:\/\/www.mtekstil.com\/tr\/wp-json\/wp\/v2\/media\/6455"}],"wp:attachment":[{"href":"https:\/\/www.mtekstil.com\/tr\/wp-json\/wp\/v2\/media?parent=3979"}],"wp:term":[{"taxonomy":"product_cat","embeddable":true,"href":"https:\/\/www.mtekstil.com\/tr\/wp-json\/wp\/v2\/product_cat?post=3979"},{"taxonomy":"product_tag","embeddable":true,"href":"https:\/\/www.mtekstil.com\/tr\/wp-json\/wp\/v2\/product_tag?post=3979"}],"curies":[{"name":"wp","href":"https:\/\/api.w.org\/{rel}","templated":true}]}}