{"id":4004,"date":"2022-03-21T21:22:22","date_gmt":"2022-03-21T21:22:22","guid":{"rendered":"https:\/\/www.mtekstil.com\/?post_type=product&#038;p=4004"},"modified":"2023-03-17T07:51:46","modified_gmt":"2023-03-17T07:51:46","slug":"istanbul-gomlek-imalatcilari","status":"publish","type":"product","link":"https:\/\/www.mtekstil.com\/tr\/urun\/istanbul-gomlek-imalatcilari\/","title":{"rendered":"%97 Pamuk %3 Likra Bask\u0131I\u0131 Biyeli Poplin G\u00f6mlek"},"content":{"rendered":"<h2>%97 PAMUK %3 L\u0130KRA BASKILI B\u0130YEL\u0130 POPL\u0130N G\u00d6MLEK \u00d6ZELL\u0130KLER\u0130<\/h2>\n<ul>\n<li><strong>Erkek &amp; Kad\u0131n<\/strong> Model Se\u00e7enekleri<\/li>\n<li>40\/1 bask\u0131l\u0131 poplin likra kuma\u015f<\/li>\n<li>%97 Pamuk %3 Likra<\/li>\n<li>Gizli cep kullan\u0131m\u0131<\/li>\n<li>Pat i\u00e7i ve yaka i\u00e7i farkl\u0131 renk garni<\/li>\n<li>Kol a\u011fz\u0131 ve d\u0131\u015f pat biye kullan\u0131m\u0131<\/li>\n<li><strong>\u0130stenilen b\u00f6lgeye logo markalama<\/strong><\/li>\n<\/ul>\n","protected":false},"excerpt":{"rendered":"<p>%97 PAMUK %3 L\u0130KRA BASKILI B\u0130YEL\u0130 POPL\u0130N G\u00d6MLEK \u00d6ZELL\u0130KLER\u0130 Erkek &amp; Kad\u0131n Model Se\u00e7enekleri 40\/1 bask\u0131l\u0131 poplin likra kuma\u015f %97&#8230;<\/p>\n","protected":false},"featured_media":6596,"comment_status":"open","ping_status":"closed","template":"","meta":[],"product_cat":[107],"product_tag":[],"yoast_head":"<!-- This site is optimized with the Yoast SEO plugin v18.8 - https:\/\/yoast.com\/wordpress\/plugins\/seo\/ -->\n<title>\u0130stanbul G\u00f6mlek \u0130malat\u00e7\u0131lar\u0131 ( Bask\u0131I\u0131 ) - Erkek G\u00f6mlek Toptan \u0130stanbul<\/title>\n<meta name=\"description\" content=\"\u0130stanbul G\u00f6mlek \u0130malat\u00e7\u0131lar\u0131: 40\/1 Bask\u0131l\u0131 Poplin Likra Kuma\u015f - % 97 Pamuk % 3 Likra - Gizli Cep Kullan\u0131m\u0131 | F\u0130YAT TEKL\u0130F\u0130 \u0130STEY\u0130N\" \/>\n<meta name=\"robots\" content=\"index, follow, max-snippet:-1, max-image-preview:large, max-video-preview:-1\" \/>\n<link rel=\"canonical\" href=\"https:\/\/www.mtekstil.com\/tr\/urun\/istanbul-gomlek-imalatcilari\/\" \/>\n<meta property=\"og:locale\" content=\"tr_TR\" \/>\n<meta property=\"og:type\" content=\"article\" \/>\n<meta property=\"og:title\" content=\"\u0130stanbul G\u00f6mlek \u0130malat\u00e7\u0131lar\u0131 ( Bask\u0131I\u0131 ) - Erkek G\u00f6mlek Toptan \u0130stanbul\" \/>\n<meta property=\"og:description\" content=\"\u0130stanbul G\u00f6mlek \u0130malat\u00e7\u0131lar\u0131: 40\/1 Bask\u0131l\u0131 Poplin Likra Kuma\u015f - % 97 Pamuk % 3 Likra - Gizli Cep Kullan\u0131m\u0131 | F\u0130YAT TEKL\u0130F\u0130 \u0130STEY\u0130N\" \/>\n<meta property=\"og:url\" content=\"https:\/\/www.mtekstil.com\/tr\/urun\/istanbul-gomlek-imalatcilari\/\" \/>\n<meta property=\"og:site_name\" content=\"Mtekstil\" \/>\n<meta property=\"article:modified_time\" content=\"2023-03-17T07:51:46+00:00\" \/>\n<meta property=\"og:image\" content=\"https:\/\/www.mtekstil.com\/tr\/wp-content\/uploads\/2022\/03\/istanbul_gomlek_imalatcilari_1.jpg\" \/>\n\t<meta property=\"og:image:width\" content=\"1000\" \/>\n\t<meta property=\"og:image:height\" content=\"1499\" \/>\n\t<meta property=\"og:image:type\" content=\"image\/jpeg\" \/>\n<meta name=\"twitter:card\" content=\"summary_large_image\" \/>\n<meta name=\"twitter:label1\" content=\"Tahmini okuma s\u00fcresi\" \/>\n\t<meta name=\"twitter:data1\" content=\"1 dakika\" \/>\n<script type=\"application\/ld+json\" class=\"yoast-schema-graph\">{\"@context\":\"https:\/\/schema.org\",\"@graph\":[{\"@type\":\"WebSite\",\"@id\":\"https:\/\/www.mtekstil.com\/tr\/#website\",\"url\":\"https:\/\/www.mtekstil.com\/tr\/\",\"name\":\"Mtekstil\",\"description\":\"Tekstil Promosyon &Uuml;r&uuml;nleri\",\"potentialAction\":[{\"@type\":\"SearchAction\",\"target\":{\"@type\":\"EntryPoint\",\"urlTemplate\":\"https:\/\/www.mtekstil.com\/tr\/?s={search_term_string}\"},\"query-input\":\"required name=search_term_string\"}],\"inLanguage\":\"tr\"},{\"@type\":\"ImageObject\",\"inLanguage\":\"tr\",\"@id\":\"https:\/\/www.mtekstil.com\/tr\/urun\/istanbul-gomlek-imalatcilari\/#primaryimage\",\"url\":\"https:\/\/www.mtekstil.com\/tr\/wp-content\/uploads\/2022\/03\/istanbul_gomlek_imalatcilari_1.jpg\",\"contentUrl\":\"https:\/\/www.mtekstil.com\/tr\/wp-content\/uploads\/2022\/03\/istanbul_gomlek_imalatcilari_1.jpg\",\"width\":1000,\"height\":1499,\"caption\":\"\u0130stanbul G\u00f6mlek \u0130malat\u00e7\u0131lar\u0131 ( Bask\u0131I\u0131 ) - Erkek G\u00f6mlek Toptan \u0130stanbul\"},{\"@type\":\"WebPage\",\"@id\":\"https:\/\/www.mtekstil.com\/tr\/urun\/istanbul-gomlek-imalatcilari\/#webpage\",\"url\":\"https:\/\/www.mtekstil.com\/tr\/urun\/istanbul-gomlek-imalatcilari\/\",\"name\":\"\u0130stanbul G\u00f6mlek \u0130malat\u00e7\u0131lar\u0131 ( Bask\u0131I\u0131 ) - Erkek G\u00f6mlek Toptan \u0130stanbul\",\"isPartOf\":{\"@id\":\"https:\/\/www.mtekstil.com\/tr\/#website\"},\"primaryImageOfPage\":{\"@id\":\"https:\/\/www.mtekstil.com\/tr\/urun\/istanbul-gomlek-imalatcilari\/#primaryimage\"},\"datePublished\":\"2022-03-21T21:22:22+00:00\",\"dateModified\":\"2023-03-17T07:51:46+00:00\",\"description\":\"\u0130stanbul G\u00f6mlek \u0130malat\u00e7\u0131lar\u0131: 40\/1 Bask\u0131l\u0131 Poplin Likra Kuma\u015f - % 97 Pamuk % 3 Likra - Gizli Cep Kullan\u0131m\u0131 | F\u0130YAT TEKL\u0130F\u0130 \u0130STEY\u0130N\",\"breadcrumb\":{\"@id\":\"https:\/\/www.mtekstil.com\/tr\/urun\/istanbul-gomlek-imalatcilari\/#breadcrumb\"},\"inLanguage\":\"tr\",\"potentialAction\":[{\"@type\":\"ReadAction\",\"target\":[\"https:\/\/www.mtekstil.com\/tr\/urun\/istanbul-gomlek-imalatcilari\/\"]}]},{\"@type\":\"BreadcrumbList\",\"@id\":\"https:\/\/www.mtekstil.com\/tr\/urun\/istanbul-gomlek-imalatcilari\/#breadcrumb\",\"itemListElement\":[{\"@type\":\"ListItem\",\"position\":1,\"name\":\"Home\",\"item\":\"https:\/\/www.mtekstil.com\/tr\/\"},{\"@type\":\"ListItem\",\"position\":2,\"name\":\"\u00dcR\u00dcNLER\",\"item\":\"https:\/\/www.mtekstil.com\/tr\/urunler\/\"},{\"@type\":\"ListItem\",\"position\":3,\"name\":\"%97 Pamuk %3 Likra Bask\u0131I\u0131 Biyeli Poplin G\u00f6mlek\"}]}]}<\/script>\n<!-- \/ Yoast SEO plugin. -->","yoast_head_json":{"title":"\u0130stanbul G\u00f6mlek \u0130malat\u00e7\u0131lar\u0131 ( Bask\u0131I\u0131 ) - Erkek G\u00f6mlek Toptan \u0130stanbul","description":"\u0130stanbul G\u00f6mlek \u0130malat\u00e7\u0131lar\u0131: 40\/1 Bask\u0131l\u0131 Poplin Likra Kuma\u015f - % 97 Pamuk % 3 Likra - Gizli Cep Kullan\u0131m\u0131 | F\u0130YAT TEKL\u0130F\u0130 \u0130STEY\u0130N","robots":{"index":"index","follow":"follow","max-snippet":"max-snippet:-1","max-image-preview":"max-image-preview:large","max-video-preview":"max-video-preview:-1"},"canonical":"https:\/\/www.mtekstil.com\/tr\/urun\/istanbul-gomlek-imalatcilari\/","og_locale":"tr_TR","og_type":"article","og_title":"\u0130stanbul G\u00f6mlek \u0130malat\u00e7\u0131lar\u0131 ( Bask\u0131I\u0131 ) - Erkek G\u00f6mlek Toptan \u0130stanbul","og_description":"\u0130stanbul G\u00f6mlek \u0130malat\u00e7\u0131lar\u0131: 40\/1 Bask\u0131l\u0131 Poplin Likra Kuma\u015f - % 97 Pamuk % 3 Likra - Gizli Cep Kullan\u0131m\u0131 | F\u0130YAT TEKL\u0130F\u0130 \u0130STEY\u0130N","og_url":"https:\/\/www.mtekstil.com\/tr\/urun\/istanbul-gomlek-imalatcilari\/","og_site_name":"Mtekstil","article_modified_time":"2023-03-17T07:51:46+00:00","og_image":[{"width":1000,"height":1499,"url":"https:\/\/www.mtekstil.com\/tr\/wp-content\/uploads\/2022\/03\/istanbul_gomlek_imalatcilari_1.jpg","type":"image\/jpeg"}],"twitter_card":"summary_large_image","twitter_misc":{"Tahmini okuma s\u00fcresi":"1 dakika"},"schema":{"@context":"https:\/\/schema.org","@graph":[{"@type":"WebSite","@id":"https:\/\/www.mtekstil.com\/tr\/#website","url":"https:\/\/www.mtekstil.com\/tr\/","name":"Mtekstil","description":"Tekstil Promosyon &Uuml;r&uuml;nleri","potentialAction":[{"@type":"SearchAction","target":{"@type":"EntryPoint","urlTemplate":"https:\/\/www.mtekstil.com\/tr\/?s={search_term_string}"},"query-input":"required name=search_term_string"}],"inLanguage":"tr"},{"@type":"ImageObject","inLanguage":"tr","@id":"https:\/\/www.mtekstil.com\/tr\/urun\/istanbul-gomlek-imalatcilari\/#primaryimage","url":"https:\/\/www.mtekstil.com\/tr\/wp-content\/uploads\/2022\/03\/istanbul_gomlek_imalatcilari_1.jpg","contentUrl":"https:\/\/www.mtekstil.com\/tr\/wp-content\/uploads\/2022\/03\/istanbul_gomlek_imalatcilari_1.jpg","width":1000,"height":1499,"caption":"\u0130stanbul G\u00f6mlek \u0130malat\u00e7\u0131lar\u0131 ( Bask\u0131I\u0131 ) - Erkek G\u00f6mlek Toptan \u0130stanbul"},{"@type":"WebPage","@id":"https:\/\/www.mtekstil.com\/tr\/urun\/istanbul-gomlek-imalatcilari\/#webpage","url":"https:\/\/www.mtekstil.com\/tr\/urun\/istanbul-gomlek-imalatcilari\/","name":"\u0130stanbul G\u00f6mlek \u0130malat\u00e7\u0131lar\u0131 ( Bask\u0131I\u0131 ) - Erkek G\u00f6mlek Toptan \u0130stanbul","isPartOf":{"@id":"https:\/\/www.mtekstil.com\/tr\/#website"},"primaryImageOfPage":{"@id":"https:\/\/www.mtekstil.com\/tr\/urun\/istanbul-gomlek-imalatcilari\/#primaryimage"},"datePublished":"2022-03-21T21:22:22+00:00","dateModified":"2023-03-17T07:51:46+00:00","description":"\u0130stanbul G\u00f6mlek \u0130malat\u00e7\u0131lar\u0131: 40\/1 Bask\u0131l\u0131 Poplin Likra Kuma\u015f - % 97 Pamuk % 3 Likra - Gizli Cep Kullan\u0131m\u0131 | F\u0130YAT TEKL\u0130F\u0130 \u0130STEY\u0130N","breadcrumb":{"@id":"https:\/\/www.mtekstil.com\/tr\/urun\/istanbul-gomlek-imalatcilari\/#breadcrumb"},"inLanguage":"tr","potentialAction":[{"@type":"ReadAction","target":["https:\/\/www.mtekstil.com\/tr\/urun\/istanbul-gomlek-imalatcilari\/"]}]},{"@type":"BreadcrumbList","@id":"https:\/\/www.mtekstil.com\/tr\/urun\/istanbul-gomlek-imalatcilari\/#breadcrumb","itemListElement":[{"@type":"ListItem","position":1,"name":"Home","item":"https:\/\/www.mtekstil.com\/tr\/"},{"@type":"ListItem","position":2,"name":"\u00dcR\u00dcNLER","item":"https:\/\/www.mtekstil.com\/tr\/urunler\/"},{"@type":"ListItem","position":3,"name":"%97 Pamuk %3 Likra Bask\u0131I\u0131 Biyeli Poplin G\u00f6mlek"}]}]}},"_links":{"self":[{"href":"https:\/\/www.mtekstil.com\/tr\/wp-json\/wp\/v2\/product\/4004"}],"collection":[{"href":"https:\/\/www.mtekstil.com\/tr\/wp-json\/wp\/v2\/product"}],"about":[{"href":"https:\/\/www.mtekstil.com\/tr\/wp-json\/wp\/v2\/types\/product"}],"replies":[{"embeddable":true,"href":"https:\/\/www.mtekstil.com\/tr\/wp-json\/wp\/v2\/comments?post=4004"}],"wp:featuredmedia":[{"embeddable":true,"href":"https:\/\/www.mtekstil.com\/tr\/wp-json\/wp\/v2\/media\/6596"}],"wp:attachment":[{"href":"https:\/\/www.mtekstil.com\/tr\/wp-json\/wp\/v2\/media?parent=4004"}],"wp:term":[{"taxonomy":"product_cat","embeddable":true,"href":"https:\/\/www.mtekstil.com\/tr\/wp-json\/wp\/v2\/product_cat?post=4004"},{"taxonomy":"product_tag","embeddable":true,"href":"https:\/\/www.mtekstil.com\/tr\/wp-json\/wp\/v2\/product_tag?post=4004"}],"curies":[{"name":"wp","href":"https:\/\/api.w.org\/{rel}","templated":true}]}}