{"id":4009,"date":"2022-03-21T21:31:33","date_gmt":"2022-03-21T21:31:33","guid":{"rendered":"https:\/\/www.mtekstil.com\/?post_type=product&#038;p=4009"},"modified":"2023-03-20T11:56:49","modified_gmt":"2023-03-20T11:56:49","slug":"oduncu-gomlek-toptan","status":"publish","type":"product","link":"https:\/\/www.mtekstil.com\/tr\/urun\/oduncu-gomlek-toptan\/","title":{"rendered":"%60 Pamuk %40 Polyester Oduncu G\u00f6mlek"},"content":{"rendered":"<h2>%60 PAMUK %40 POLYESTER ODUNCU G\u00d6MLEK \u00d6ZELL\u0130KLER\u0130<\/h2>\n<ul>\n<li><strong>Erkek &amp; Kad\u0131n<\/strong> Model Se\u00e7enekleri<\/li>\n<li>K\u0131\u015fl\u0131k melanj oduncu kuma\u015f<\/li>\n<li>%60 Pamuk %40 Polyester<\/li>\n<li>Kapakl\u0131 d\u00fc\u011fmeli iki cep<\/li>\n<li><strong>\u0130stenilen b\u00f6lgeye logo markalama<\/strong><\/li>\n<\/ul>\n","protected":false},"excerpt":{"rendered":"<p>%60 PAMUK %40 POLYESTER ODUNCU G\u00d6MLEK \u00d6ZELL\u0130KLER\u0130 Erkek &amp; Kad\u0131n Model Se\u00e7enekleri K\u0131\u015fl\u0131k melanj oduncu kuma\u015f %60 Pamuk %40 Polyester&#8230;<\/p>\n","protected":false},"featured_media":6616,"comment_status":"open","ping_status":"closed","template":"","meta":[],"product_cat":[107],"product_tag":[],"yoast_head":"<!-- This site is optimized with the Yoast SEO plugin v18.8 - https:\/\/yoast.com\/wordpress\/plugins\/seo\/ -->\n<title>Oduncu G\u00f6mlek Toptan ( % 60 Pamuk % 40 Polyester ) - Toptan G\u00f6mlek<\/title>\n<meta name=\"description\" content=\"Oduncu G\u00f6mlek Toptan: K\u0131\u015fl\u0131k Melanj Oduncu Kuma\u015f - % 60 Pamuk % 40 Polyester - Kapakl\u0131 D\u00fc\u011fmeli \u0130ki Cep | F\u0130YAT TEKL\u0130F\u0130 \u0130STEY\u0130N\" \/>\n<meta name=\"robots\" content=\"index, follow, max-snippet:-1, max-image-preview:large, max-video-preview:-1\" \/>\n<link rel=\"canonical\" href=\"https:\/\/www.mtekstil.com\/tr\/urun\/oduncu-gomlek-toptan\/\" \/>\n<meta property=\"og:locale\" content=\"tr_TR\" \/>\n<meta property=\"og:type\" content=\"article\" \/>\n<meta property=\"og:title\" content=\"Oduncu G\u00f6mlek Toptan ( % 60 Pamuk % 40 Polyester ) - Toptan G\u00f6mlek\" \/>\n<meta property=\"og:description\" content=\"Oduncu G\u00f6mlek Toptan: K\u0131\u015fl\u0131k Melanj Oduncu Kuma\u015f - % 60 Pamuk % 40 Polyester - Kapakl\u0131 D\u00fc\u011fmeli \u0130ki Cep | F\u0130YAT TEKL\u0130F\u0130 \u0130STEY\u0130N\" \/>\n<meta property=\"og:url\" content=\"https:\/\/www.mtekstil.com\/tr\/urun\/oduncu-gomlek-toptan\/\" \/>\n<meta property=\"og:site_name\" content=\"Mtekstil\" \/>\n<meta property=\"article:modified_time\" content=\"2023-03-20T11:56:49+00:00\" \/>\n<meta property=\"og:image\" content=\"https:\/\/www.mtekstil.com\/tr\/wp-content\/uploads\/2022\/03\/oduncu_gomlek_toptan_4.jpg\" \/>\n\t<meta property=\"og:image:width\" content=\"1000\" \/>\n\t<meta property=\"og:image:height\" content=\"1499\" \/>\n\t<meta property=\"og:image:type\" content=\"image\/jpeg\" \/>\n<meta name=\"twitter:card\" content=\"summary_large_image\" \/>\n<meta name=\"twitter:label1\" content=\"Tahmini okuma s\u00fcresi\" \/>\n\t<meta name=\"twitter:data1\" content=\"1 dakika\" \/>\n<script type=\"application\/ld+json\" class=\"yoast-schema-graph\">{\"@context\":\"https:\/\/schema.org\",\"@graph\":[{\"@type\":\"WebSite\",\"@id\":\"https:\/\/www.mtekstil.com\/tr\/#website\",\"url\":\"https:\/\/www.mtekstil.com\/tr\/\",\"name\":\"Mtekstil\",\"description\":\"Tekstil Promosyon &Uuml;r&uuml;nleri\",\"potentialAction\":[{\"@type\":\"SearchAction\",\"target\":{\"@type\":\"EntryPoint\",\"urlTemplate\":\"https:\/\/www.mtekstil.com\/tr\/?s={search_term_string}\"},\"query-input\":\"required name=search_term_string\"}],\"inLanguage\":\"tr\"},{\"@type\":\"ImageObject\",\"inLanguage\":\"tr\",\"@id\":\"https:\/\/www.mtekstil.com\/tr\/urun\/oduncu-gomlek-toptan\/#primaryimage\",\"url\":\"https:\/\/www.mtekstil.com\/tr\/wp-content\/uploads\/2022\/03\/oduncu_gomlek_toptan_4.jpg\",\"contentUrl\":\"https:\/\/www.mtekstil.com\/tr\/wp-content\/uploads\/2022\/03\/oduncu_gomlek_toptan_4.jpg\",\"width\":1000,\"height\":1499},{\"@type\":\"WebPage\",\"@id\":\"https:\/\/www.mtekstil.com\/tr\/urun\/oduncu-gomlek-toptan\/#webpage\",\"url\":\"https:\/\/www.mtekstil.com\/tr\/urun\/oduncu-gomlek-toptan\/\",\"name\":\"Oduncu G\u00f6mlek Toptan ( % 60 Pamuk % 40 Polyester ) - Toptan G\u00f6mlek\",\"isPartOf\":{\"@id\":\"https:\/\/www.mtekstil.com\/tr\/#website\"},\"primaryImageOfPage\":{\"@id\":\"https:\/\/www.mtekstil.com\/tr\/urun\/oduncu-gomlek-toptan\/#primaryimage\"},\"datePublished\":\"2022-03-21T21:31:33+00:00\",\"dateModified\":\"2023-03-20T11:56:49+00:00\",\"description\":\"Oduncu G\u00f6mlek Toptan: K\u0131\u015fl\u0131k Melanj Oduncu Kuma\u015f - % 60 Pamuk % 40 Polyester - Kapakl\u0131 D\u00fc\u011fmeli \u0130ki Cep | F\u0130YAT TEKL\u0130F\u0130 \u0130STEY\u0130N\",\"breadcrumb\":{\"@id\":\"https:\/\/www.mtekstil.com\/tr\/urun\/oduncu-gomlek-toptan\/#breadcrumb\"},\"inLanguage\":\"tr\",\"potentialAction\":[{\"@type\":\"ReadAction\",\"target\":[\"https:\/\/www.mtekstil.com\/tr\/urun\/oduncu-gomlek-toptan\/\"]}]},{\"@type\":\"BreadcrumbList\",\"@id\":\"https:\/\/www.mtekstil.com\/tr\/urun\/oduncu-gomlek-toptan\/#breadcrumb\",\"itemListElement\":[{\"@type\":\"ListItem\",\"position\":1,\"name\":\"Home\",\"item\":\"https:\/\/www.mtekstil.com\/tr\/\"},{\"@type\":\"ListItem\",\"position\":2,\"name\":\"\u00dcR\u00dcNLER\",\"item\":\"https:\/\/www.mtekstil.com\/tr\/urunler\/\"},{\"@type\":\"ListItem\",\"position\":3,\"name\":\"%60 Pamuk %40 Polyester Oduncu G\u00f6mlek\"}]}]}<\/script>\n<!-- \/ Yoast SEO plugin. -->","yoast_head_json":{"title":"Oduncu G\u00f6mlek Toptan ( % 60 Pamuk % 40 Polyester ) - Toptan G\u00f6mlek","description":"Oduncu G\u00f6mlek Toptan: K\u0131\u015fl\u0131k Melanj Oduncu Kuma\u015f - % 60 Pamuk % 40 Polyester - Kapakl\u0131 D\u00fc\u011fmeli \u0130ki Cep | F\u0130YAT TEKL\u0130F\u0130 \u0130STEY\u0130N","robots":{"index":"index","follow":"follow","max-snippet":"max-snippet:-1","max-image-preview":"max-image-preview:large","max-video-preview":"max-video-preview:-1"},"canonical":"https:\/\/www.mtekstil.com\/tr\/urun\/oduncu-gomlek-toptan\/","og_locale":"tr_TR","og_type":"article","og_title":"Oduncu G\u00f6mlek Toptan ( % 60 Pamuk % 40 Polyester ) - Toptan G\u00f6mlek","og_description":"Oduncu G\u00f6mlek Toptan: K\u0131\u015fl\u0131k Melanj Oduncu Kuma\u015f - % 60 Pamuk % 40 Polyester - Kapakl\u0131 D\u00fc\u011fmeli \u0130ki Cep | F\u0130YAT TEKL\u0130F\u0130 \u0130STEY\u0130N","og_url":"https:\/\/www.mtekstil.com\/tr\/urun\/oduncu-gomlek-toptan\/","og_site_name":"Mtekstil","article_modified_time":"2023-03-20T11:56:49+00:00","og_image":[{"width":1000,"height":1499,"url":"https:\/\/www.mtekstil.com\/tr\/wp-content\/uploads\/2022\/03\/oduncu_gomlek_toptan_4.jpg","type":"image\/jpeg"}],"twitter_card":"summary_large_image","twitter_misc":{"Tahmini okuma s\u00fcresi":"1 dakika"},"schema":{"@context":"https:\/\/schema.org","@graph":[{"@type":"WebSite","@id":"https:\/\/www.mtekstil.com\/tr\/#website","url":"https:\/\/www.mtekstil.com\/tr\/","name":"Mtekstil","description":"Tekstil Promosyon &Uuml;r&uuml;nleri","potentialAction":[{"@type":"SearchAction","target":{"@type":"EntryPoint","urlTemplate":"https:\/\/www.mtekstil.com\/tr\/?s={search_term_string}"},"query-input":"required name=search_term_string"}],"inLanguage":"tr"},{"@type":"ImageObject","inLanguage":"tr","@id":"https:\/\/www.mtekstil.com\/tr\/urun\/oduncu-gomlek-toptan\/#primaryimage","url":"https:\/\/www.mtekstil.com\/tr\/wp-content\/uploads\/2022\/03\/oduncu_gomlek_toptan_4.jpg","contentUrl":"https:\/\/www.mtekstil.com\/tr\/wp-content\/uploads\/2022\/03\/oduncu_gomlek_toptan_4.jpg","width":1000,"height":1499},{"@type":"WebPage","@id":"https:\/\/www.mtekstil.com\/tr\/urun\/oduncu-gomlek-toptan\/#webpage","url":"https:\/\/www.mtekstil.com\/tr\/urun\/oduncu-gomlek-toptan\/","name":"Oduncu G\u00f6mlek Toptan ( % 60 Pamuk % 40 Polyester ) - Toptan G\u00f6mlek","isPartOf":{"@id":"https:\/\/www.mtekstil.com\/tr\/#website"},"primaryImageOfPage":{"@id":"https:\/\/www.mtekstil.com\/tr\/urun\/oduncu-gomlek-toptan\/#primaryimage"},"datePublished":"2022-03-21T21:31:33+00:00","dateModified":"2023-03-20T11:56:49+00:00","description":"Oduncu G\u00f6mlek Toptan: K\u0131\u015fl\u0131k Melanj Oduncu Kuma\u015f - % 60 Pamuk % 40 Polyester - Kapakl\u0131 D\u00fc\u011fmeli \u0130ki Cep | F\u0130YAT TEKL\u0130F\u0130 \u0130STEY\u0130N","breadcrumb":{"@id":"https:\/\/www.mtekstil.com\/tr\/urun\/oduncu-gomlek-toptan\/#breadcrumb"},"inLanguage":"tr","potentialAction":[{"@type":"ReadAction","target":["https:\/\/www.mtekstil.com\/tr\/urun\/oduncu-gomlek-toptan\/"]}]},{"@type":"BreadcrumbList","@id":"https:\/\/www.mtekstil.com\/tr\/urun\/oduncu-gomlek-toptan\/#breadcrumb","itemListElement":[{"@type":"ListItem","position":1,"name":"Home","item":"https:\/\/www.mtekstil.com\/tr\/"},{"@type":"ListItem","position":2,"name":"\u00dcR\u00dcNLER","item":"https:\/\/www.mtekstil.com\/tr\/urunler\/"},{"@type":"ListItem","position":3,"name":"%60 Pamuk %40 Polyester Oduncu G\u00f6mlek"}]}]}},"_links":{"self":[{"href":"https:\/\/www.mtekstil.com\/tr\/wp-json\/wp\/v2\/product\/4009"}],"collection":[{"href":"https:\/\/www.mtekstil.com\/tr\/wp-json\/wp\/v2\/product"}],"about":[{"href":"https:\/\/www.mtekstil.com\/tr\/wp-json\/wp\/v2\/types\/product"}],"replies":[{"embeddable":true,"href":"https:\/\/www.mtekstil.com\/tr\/wp-json\/wp\/v2\/comments?post=4009"}],"wp:featuredmedia":[{"embeddable":true,"href":"https:\/\/www.mtekstil.com\/tr\/wp-json\/wp\/v2\/media\/6616"}],"wp:attachment":[{"href":"https:\/\/www.mtekstil.com\/tr\/wp-json\/wp\/v2\/media?parent=4009"}],"wp:term":[{"taxonomy":"product_cat","embeddable":true,"href":"https:\/\/www.mtekstil.com\/tr\/wp-json\/wp\/v2\/product_cat?post=4009"},{"taxonomy":"product_tag","embeddable":true,"href":"https:\/\/www.mtekstil.com\/tr\/wp-json\/wp\/v2\/product_tag?post=4009"}],"curies":[{"name":"wp","href":"https:\/\/api.w.org\/{rel}","templated":true}]}}