{"id":4022,"date":"2022-03-21T21:42:12","date_gmt":"2022-03-21T21:42:12","guid":{"rendered":"https:\/\/www.mtekstil.com\/?post_type=product&#038;p=4022"},"modified":"2023-03-22T10:07:01","modified_gmt":"2023-03-22T10:07:01","slug":"toptan-guvenlik-gomlekleri","status":"publish","type":"product","link":"https:\/\/www.mtekstil.com\/tr\/urun\/toptan-guvenlik-gomlekleri\/","title":{"rendered":"Dakron G\u00fcvenlik G\u00f6mle\u011fi"},"content":{"rendered":"<h2>DAKRON G\u00dcVENL\u0130K G\u00d6MLE\u011e\u0130 \u00d6ZELL\u0130KLER\u0130<\/h2>\n<ul>\n<li><strong>Erkek &amp; Kad\u0131n<\/strong> Model Se\u00e7enekleri<\/li>\n<li>Dakron kuma\u015f<\/li>\n<li>D\u00fc\u011fmeli kapakl\u0131 2 cep<\/li>\n<li>K\u0131sa kol<\/li>\n<li>Omuzlarda apoletli model<\/li>\n<li>\u00d6zel g\u00fcvenlik modeli<\/li>\n<li><strong>\u0130stenilen b\u00f6lgeye logo markalama<\/strong><\/li>\n<\/ul>\n","protected":false},"excerpt":{"rendered":"<p>DAKRON G\u00dcVENL\u0130K G\u00d6MLE\u011e\u0130 \u00d6ZELL\u0130KLER\u0130 Erkek &amp; Kad\u0131n Model Se\u00e7enekleri Dakron kuma\u015f D\u00fc\u011fmeli kapakl\u0131 2 cep K\u0131sa kol Omuzlarda apoletli model&#8230;<\/p>\n","protected":false},"featured_media":6631,"comment_status":"open","ping_status":"closed","template":"","meta":[],"product_cat":[107],"product_tag":[],"yoast_head":"<!-- This site is optimized with the Yoast SEO plugin v18.8 - https:\/\/yoast.com\/wordpress\/plugins\/seo\/ -->\n<title>Toptan G\u00fcvenlik G\u00f6mlekleri (Dacron Kuma\u015f - Logolu - Apoletli &amp; Apoletsiz)<\/title>\n<meta name=\"description\" content=\"Toptan G\u00fcvenlik G\u00f6mlekleri: Dakron Kuma\u015f - D\u00fc\u011fmeli Kapakl\u0131 2 Cep - K\u0131sa Kol - Apoletli &amp; Apoletsiz - Logo Markalama | F\u0130YAT TEKL\u0130F\u0130 \u0130STEY\u0130N\" \/>\n<meta name=\"robots\" content=\"index, follow, max-snippet:-1, max-image-preview:large, max-video-preview:-1\" \/>\n<link rel=\"canonical\" href=\"https:\/\/www.mtekstil.com\/tr\/urun\/toptan-guvenlik-gomlekleri\/\" \/>\n<meta property=\"og:locale\" content=\"tr_TR\" \/>\n<meta property=\"og:type\" content=\"article\" \/>\n<meta property=\"og:title\" content=\"Toptan G\u00fcvenlik G\u00f6mlekleri (Dacron Kuma\u015f - Logolu - Apoletli &amp; Apoletsiz)\" \/>\n<meta property=\"og:description\" content=\"Toptan G\u00fcvenlik G\u00f6mlekleri: Dakron Kuma\u015f - D\u00fc\u011fmeli Kapakl\u0131 2 Cep - K\u0131sa Kol - Apoletli &amp; Apoletsiz - Logo Markalama | F\u0130YAT TEKL\u0130F\u0130 \u0130STEY\u0130N\" \/>\n<meta property=\"og:url\" content=\"https:\/\/www.mtekstil.com\/tr\/urun\/toptan-guvenlik-gomlekleri\/\" \/>\n<meta property=\"og:site_name\" content=\"Mtekstil\" \/>\n<meta property=\"article:modified_time\" content=\"2023-03-22T10:07:01+00:00\" \/>\n<meta property=\"og:image\" content=\"https:\/\/www.mtekstil.com\/tr\/wp-content\/uploads\/2022\/03\/toptan_guvenlik_gomlekleri_5.jpg\" \/>\n\t<meta property=\"og:image:width\" content=\"1000\" \/>\n\t<meta property=\"og:image:height\" content=\"1499\" \/>\n\t<meta property=\"og:image:type\" content=\"image\/jpeg\" \/>\n<meta name=\"twitter:card\" content=\"summary_large_image\" \/>\n<meta name=\"twitter:label1\" content=\"Tahmini okuma s\u00fcresi\" \/>\n\t<meta name=\"twitter:data1\" content=\"1 dakika\" \/>\n<script type=\"application\/ld+json\" class=\"yoast-schema-graph\">{\"@context\":\"https:\/\/schema.org\",\"@graph\":[{\"@type\":\"WebSite\",\"@id\":\"https:\/\/www.mtekstil.com\/tr\/#website\",\"url\":\"https:\/\/www.mtekstil.com\/tr\/\",\"name\":\"Mtekstil\",\"description\":\"Tekstil Promosyon &Uuml;r&uuml;nleri\",\"potentialAction\":[{\"@type\":\"SearchAction\",\"target\":{\"@type\":\"EntryPoint\",\"urlTemplate\":\"https:\/\/www.mtekstil.com\/tr\/?s={search_term_string}\"},\"query-input\":\"required name=search_term_string\"}],\"inLanguage\":\"tr\"},{\"@type\":\"ImageObject\",\"inLanguage\":\"tr\",\"@id\":\"https:\/\/www.mtekstil.com\/tr\/urun\/toptan-guvenlik-gomlekleri\/#primaryimage\",\"url\":\"https:\/\/www.mtekstil.com\/tr\/wp-content\/uploads\/2022\/03\/toptan_guvenlik_gomlekleri_5.jpg\",\"contentUrl\":\"https:\/\/www.mtekstil.com\/tr\/wp-content\/uploads\/2022\/03\/toptan_guvenlik_gomlekleri_5.jpg\",\"width\":1000,\"height\":1499,\"caption\":\"Toptan G\u00fcvenlik G\u00f6mlekleri (Dacron Kuma\u015f - Logolu - Apoletli & Apoletsiz)\"},{\"@type\":\"WebPage\",\"@id\":\"https:\/\/www.mtekstil.com\/tr\/urun\/toptan-guvenlik-gomlekleri\/#webpage\",\"url\":\"https:\/\/www.mtekstil.com\/tr\/urun\/toptan-guvenlik-gomlekleri\/\",\"name\":\"Toptan G\u00fcvenlik G\u00f6mlekleri (Dacron Kuma\u015f - Logolu - Apoletli & Apoletsiz)\",\"isPartOf\":{\"@id\":\"https:\/\/www.mtekstil.com\/tr\/#website\"},\"primaryImageOfPage\":{\"@id\":\"https:\/\/www.mtekstil.com\/tr\/urun\/toptan-guvenlik-gomlekleri\/#primaryimage\"},\"datePublished\":\"2022-03-21T21:42:12+00:00\",\"dateModified\":\"2023-03-22T10:07:01+00:00\",\"description\":\"Toptan G\u00fcvenlik G\u00f6mlekleri: Dakron Kuma\u015f - D\u00fc\u011fmeli Kapakl\u0131 2 Cep - K\u0131sa Kol - Apoletli & Apoletsiz - Logo Markalama | F\u0130YAT TEKL\u0130F\u0130 \u0130STEY\u0130N\",\"breadcrumb\":{\"@id\":\"https:\/\/www.mtekstil.com\/tr\/urun\/toptan-guvenlik-gomlekleri\/#breadcrumb\"},\"inLanguage\":\"tr\",\"potentialAction\":[{\"@type\":\"ReadAction\",\"target\":[\"https:\/\/www.mtekstil.com\/tr\/urun\/toptan-guvenlik-gomlekleri\/\"]}]},{\"@type\":\"BreadcrumbList\",\"@id\":\"https:\/\/www.mtekstil.com\/tr\/urun\/toptan-guvenlik-gomlekleri\/#breadcrumb\",\"itemListElement\":[{\"@type\":\"ListItem\",\"position\":1,\"name\":\"Home\",\"item\":\"https:\/\/www.mtekstil.com\/tr\/\"},{\"@type\":\"ListItem\",\"position\":2,\"name\":\"\u00dcR\u00dcNLER\",\"item\":\"https:\/\/www.mtekstil.com\/tr\/urunler\/\"},{\"@type\":\"ListItem\",\"position\":3,\"name\":\"Dakron G\u00fcvenlik G\u00f6mle\u011fi\"}]}]}<\/script>\n<!-- \/ Yoast SEO plugin. -->","yoast_head_json":{"title":"Toptan G\u00fcvenlik G\u00f6mlekleri (Dacron Kuma\u015f - Logolu - Apoletli & Apoletsiz)","description":"Toptan G\u00fcvenlik G\u00f6mlekleri: Dakron Kuma\u015f - D\u00fc\u011fmeli Kapakl\u0131 2 Cep - K\u0131sa Kol - Apoletli & Apoletsiz - Logo Markalama | F\u0130YAT TEKL\u0130F\u0130 \u0130STEY\u0130N","robots":{"index":"index","follow":"follow","max-snippet":"max-snippet:-1","max-image-preview":"max-image-preview:large","max-video-preview":"max-video-preview:-1"},"canonical":"https:\/\/www.mtekstil.com\/tr\/urun\/toptan-guvenlik-gomlekleri\/","og_locale":"tr_TR","og_type":"article","og_title":"Toptan G\u00fcvenlik G\u00f6mlekleri (Dacron Kuma\u015f - Logolu - Apoletli & Apoletsiz)","og_description":"Toptan G\u00fcvenlik G\u00f6mlekleri: Dakron Kuma\u015f - D\u00fc\u011fmeli Kapakl\u0131 2 Cep - K\u0131sa Kol - Apoletli & Apoletsiz - Logo Markalama | F\u0130YAT TEKL\u0130F\u0130 \u0130STEY\u0130N","og_url":"https:\/\/www.mtekstil.com\/tr\/urun\/toptan-guvenlik-gomlekleri\/","og_site_name":"Mtekstil","article_modified_time":"2023-03-22T10:07:01+00:00","og_image":[{"width":1000,"height":1499,"url":"https:\/\/www.mtekstil.com\/tr\/wp-content\/uploads\/2022\/03\/toptan_guvenlik_gomlekleri_5.jpg","type":"image\/jpeg"}],"twitter_card":"summary_large_image","twitter_misc":{"Tahmini okuma s\u00fcresi":"1 dakika"},"schema":{"@context":"https:\/\/schema.org","@graph":[{"@type":"WebSite","@id":"https:\/\/www.mtekstil.com\/tr\/#website","url":"https:\/\/www.mtekstil.com\/tr\/","name":"Mtekstil","description":"Tekstil Promosyon &Uuml;r&uuml;nleri","potentialAction":[{"@type":"SearchAction","target":{"@type":"EntryPoint","urlTemplate":"https:\/\/www.mtekstil.com\/tr\/?s={search_term_string}"},"query-input":"required name=search_term_string"}],"inLanguage":"tr"},{"@type":"ImageObject","inLanguage":"tr","@id":"https:\/\/www.mtekstil.com\/tr\/urun\/toptan-guvenlik-gomlekleri\/#primaryimage","url":"https:\/\/www.mtekstil.com\/tr\/wp-content\/uploads\/2022\/03\/toptan_guvenlik_gomlekleri_5.jpg","contentUrl":"https:\/\/www.mtekstil.com\/tr\/wp-content\/uploads\/2022\/03\/toptan_guvenlik_gomlekleri_5.jpg","width":1000,"height":1499,"caption":"Toptan G\u00fcvenlik G\u00f6mlekleri (Dacron Kuma\u015f - Logolu - Apoletli & Apoletsiz)"},{"@type":"WebPage","@id":"https:\/\/www.mtekstil.com\/tr\/urun\/toptan-guvenlik-gomlekleri\/#webpage","url":"https:\/\/www.mtekstil.com\/tr\/urun\/toptan-guvenlik-gomlekleri\/","name":"Toptan G\u00fcvenlik G\u00f6mlekleri (Dacron Kuma\u015f - Logolu - Apoletli & Apoletsiz)","isPartOf":{"@id":"https:\/\/www.mtekstil.com\/tr\/#website"},"primaryImageOfPage":{"@id":"https:\/\/www.mtekstil.com\/tr\/urun\/toptan-guvenlik-gomlekleri\/#primaryimage"},"datePublished":"2022-03-21T21:42:12+00:00","dateModified":"2023-03-22T10:07:01+00:00","description":"Toptan G\u00fcvenlik G\u00f6mlekleri: Dakron Kuma\u015f - D\u00fc\u011fmeli Kapakl\u0131 2 Cep - K\u0131sa Kol - Apoletli & Apoletsiz - Logo Markalama | F\u0130YAT TEKL\u0130F\u0130 \u0130STEY\u0130N","breadcrumb":{"@id":"https:\/\/www.mtekstil.com\/tr\/urun\/toptan-guvenlik-gomlekleri\/#breadcrumb"},"inLanguage":"tr","potentialAction":[{"@type":"ReadAction","target":["https:\/\/www.mtekstil.com\/tr\/urun\/toptan-guvenlik-gomlekleri\/"]}]},{"@type":"BreadcrumbList","@id":"https:\/\/www.mtekstil.com\/tr\/urun\/toptan-guvenlik-gomlekleri\/#breadcrumb","itemListElement":[{"@type":"ListItem","position":1,"name":"Home","item":"https:\/\/www.mtekstil.com\/tr\/"},{"@type":"ListItem","position":2,"name":"\u00dcR\u00dcNLER","item":"https:\/\/www.mtekstil.com\/tr\/urunler\/"},{"@type":"ListItem","position":3,"name":"Dakron G\u00fcvenlik G\u00f6mle\u011fi"}]}]}},"_links":{"self":[{"href":"https:\/\/www.mtekstil.com\/tr\/wp-json\/wp\/v2\/product\/4022"}],"collection":[{"href":"https:\/\/www.mtekstil.com\/tr\/wp-json\/wp\/v2\/product"}],"about":[{"href":"https:\/\/www.mtekstil.com\/tr\/wp-json\/wp\/v2\/types\/product"}],"replies":[{"embeddable":true,"href":"https:\/\/www.mtekstil.com\/tr\/wp-json\/wp\/v2\/comments?post=4022"}],"wp:featuredmedia":[{"embeddable":true,"href":"https:\/\/www.mtekstil.com\/tr\/wp-json\/wp\/v2\/media\/6631"}],"wp:attachment":[{"href":"https:\/\/www.mtekstil.com\/tr\/wp-json\/wp\/v2\/media?parent=4022"}],"wp:term":[{"taxonomy":"product_cat","embeddable":true,"href":"https:\/\/www.mtekstil.com\/tr\/wp-json\/wp\/v2\/product_cat?post=4022"},{"taxonomy":"product_tag","embeddable":true,"href":"https:\/\/www.mtekstil.com\/tr\/wp-json\/wp\/v2\/product_tag?post=4022"}],"curies":[{"name":"wp","href":"https:\/\/api.w.org\/{rel}","templated":true}]}}