{"id":4058,"date":"2022-03-25T22:45:10","date_gmt":"2022-03-25T22:45:10","guid":{"rendered":"https:\/\/www.mtekstil.com\/?post_type=product&#038;p=4058"},"modified":"2023-03-10T08:26:50","modified_gmt":"2023-03-10T08:26:50","slug":"toptan-su-gecirmez-softshell-mont","status":"publish","type":"product","link":"https:\/\/www.mtekstil.com\/tr\/urun\/toptan-su-gecirmez-softshell-mont\/","title":{"rendered":"3 Cepli Su Ge\u00e7irmez Softshell Mont"},"content":{"rendered":"<h2>3 CEPL\u0130 SU GE\u00c7\u0130RMEZ SOFTSHELL\u00a0MONT \u00d6ZELL\u0130KLER\u0130<\/h2>\n<ul>\n<li><strong>Erkek &amp; Kad\u0131n<\/strong> Model Se\u00e7enekleri<\/li>\n<li>Softshell kuma\u015f<\/li>\n<li>Su ge\u00e7irmez fermuarl\u0131 3 cep<\/li>\n<li>Ayarlanabilir kol a\u011fz\u0131<\/li>\n<li><strong>\u0130stenilen b\u00f6lgeye\u00a0logo markalama<\/strong><\/li>\n<\/ul>\n","protected":false},"excerpt":{"rendered":"<p>3 CEPL\u0130 SU GE\u00c7\u0130RMEZ SOFTSHELL\u00a0MONT \u00d6ZELL\u0130KLER\u0130 Erkek &amp; Kad\u0131n Model Se\u00e7enekleri Softshell kuma\u015f Su ge\u00e7irmez fermuarl\u0131 3 cep Ayarlanabilir kol&#8230;<\/p>\n","protected":false},"featured_media":6215,"comment_status":"open","ping_status":"closed","template":"","meta":[],"product_cat":[138],"product_tag":[],"yoast_head":"<!-- This site is optimized with the Yoast SEO plugin v18.8 - https:\/\/yoast.com\/wordpress\/plugins\/seo\/ -->\n<title>Toptan Su Ge\u00e7irmez Softshell Mont - Toptan Erkek &amp; Bayan Mont Fiyatlar\u0131<\/title>\n<meta name=\"description\" content=\"Toptan Su Ge\u00e7irmez Softshell Mont Fiyatlar\u0131: Softshell kuma\u015f - Su ge\u00e7irmez fermuarl\u0131 3 cep - Ayarlanabilir kol a\u011fz\u0131 | F\u0130YAT TEKL\u0130F\u0130 \u0130STEY\u0130N\" \/>\n<meta name=\"robots\" content=\"index, follow, max-snippet:-1, max-image-preview:large, max-video-preview:-1\" \/>\n<link rel=\"canonical\" href=\"https:\/\/www.mtekstil.com\/tr\/urun\/toptan-su-gecirmez-softshell-mont\/\" \/>\n<meta property=\"og:locale\" content=\"tr_TR\" \/>\n<meta property=\"og:type\" content=\"article\" \/>\n<meta property=\"og:title\" content=\"Toptan Su Ge\u00e7irmez Softshell Mont - Toptan Erkek &amp; Bayan Mont Fiyatlar\u0131\" \/>\n<meta property=\"og:description\" content=\"Toptan Su Ge\u00e7irmez Softshell Mont Fiyatlar\u0131: Softshell kuma\u015f - Su ge\u00e7irmez fermuarl\u0131 3 cep - Ayarlanabilir kol a\u011fz\u0131 | F\u0130YAT TEKL\u0130F\u0130 \u0130STEY\u0130N\" \/>\n<meta property=\"og:url\" content=\"https:\/\/www.mtekstil.com\/tr\/urun\/toptan-su-gecirmez-softshell-mont\/\" \/>\n<meta property=\"og:site_name\" content=\"Mtekstil\" \/>\n<meta property=\"article:modified_time\" content=\"2023-03-10T08:26:50+00:00\" \/>\n<meta property=\"og:image\" content=\"https:\/\/www.mtekstil.com\/tr\/wp-content\/uploads\/2022\/03\/toptan_su_gecirmez_softshell_mont_7.jpg\" \/>\n\t<meta property=\"og:image:width\" content=\"1000\" \/>\n\t<meta property=\"og:image:height\" content=\"1499\" \/>\n\t<meta property=\"og:image:type\" content=\"image\/jpeg\" \/>\n<meta name=\"twitter:card\" content=\"summary_large_image\" \/>\n<meta name=\"twitter:label1\" content=\"Tahmini okuma s\u00fcresi\" \/>\n\t<meta name=\"twitter:data1\" content=\"1 dakika\" \/>\n<script type=\"application\/ld+json\" class=\"yoast-schema-graph\">{\"@context\":\"https:\/\/schema.org\",\"@graph\":[{\"@type\":\"WebSite\",\"@id\":\"https:\/\/www.mtekstil.com\/tr\/#website\",\"url\":\"https:\/\/www.mtekstil.com\/tr\/\",\"name\":\"Mtekstil\",\"description\":\"Tekstil Promosyon &Uuml;r&uuml;nleri\",\"potentialAction\":[{\"@type\":\"SearchAction\",\"target\":{\"@type\":\"EntryPoint\",\"urlTemplate\":\"https:\/\/www.mtekstil.com\/tr\/?s={search_term_string}\"},\"query-input\":\"required name=search_term_string\"}],\"inLanguage\":\"tr\"},{\"@type\":\"ImageObject\",\"inLanguage\":\"tr\",\"@id\":\"https:\/\/www.mtekstil.com\/tr\/urun\/toptan-su-gecirmez-softshell-mont\/#primaryimage\",\"url\":\"https:\/\/www.mtekstil.com\/tr\/wp-content\/uploads\/2022\/03\/toptan_su_gecirmez_softshell_mont_7.jpg\",\"contentUrl\":\"https:\/\/www.mtekstil.com\/tr\/wp-content\/uploads\/2022\/03\/toptan_su_gecirmez_softshell_mont_7.jpg\",\"width\":1000,\"height\":1499,\"caption\":\"Toptan Su Ge\u00e7irmez Softshell Mont - Toptan Erkek & Bayan Mont Fiyatlar\u0131\"},{\"@type\":\"WebPage\",\"@id\":\"https:\/\/www.mtekstil.com\/tr\/urun\/toptan-su-gecirmez-softshell-mont\/#webpage\",\"url\":\"https:\/\/www.mtekstil.com\/tr\/urun\/toptan-su-gecirmez-softshell-mont\/\",\"name\":\"Toptan Su Ge\u00e7irmez Softshell Mont - Toptan Erkek & Bayan Mont Fiyatlar\u0131\",\"isPartOf\":{\"@id\":\"https:\/\/www.mtekstil.com\/tr\/#website\"},\"primaryImageOfPage\":{\"@id\":\"https:\/\/www.mtekstil.com\/tr\/urun\/toptan-su-gecirmez-softshell-mont\/#primaryimage\"},\"datePublished\":\"2022-03-25T22:45:10+00:00\",\"dateModified\":\"2023-03-10T08:26:50+00:00\",\"description\":\"Toptan Su Ge\u00e7irmez Softshell Mont Fiyatlar\u0131: Softshell kuma\u015f - Su ge\u00e7irmez fermuarl\u0131 3 cep - Ayarlanabilir kol a\u011fz\u0131 | F\u0130YAT TEKL\u0130F\u0130 \u0130STEY\u0130N\",\"breadcrumb\":{\"@id\":\"https:\/\/www.mtekstil.com\/tr\/urun\/toptan-su-gecirmez-softshell-mont\/#breadcrumb\"},\"inLanguage\":\"tr\",\"potentialAction\":[{\"@type\":\"ReadAction\",\"target\":[\"https:\/\/www.mtekstil.com\/tr\/urun\/toptan-su-gecirmez-softshell-mont\/\"]}]},{\"@type\":\"BreadcrumbList\",\"@id\":\"https:\/\/www.mtekstil.com\/tr\/urun\/toptan-su-gecirmez-softshell-mont\/#breadcrumb\",\"itemListElement\":[{\"@type\":\"ListItem\",\"position\":1,\"name\":\"Home\",\"item\":\"https:\/\/www.mtekstil.com\/tr\/\"},{\"@type\":\"ListItem\",\"position\":2,\"name\":\"\u00dcR\u00dcNLER\",\"item\":\"https:\/\/www.mtekstil.com\/tr\/urunler\/\"},{\"@type\":\"ListItem\",\"position\":3,\"name\":\"3 Cepli Su Ge\u00e7irmez Softshell Mont\"}]}]}<\/script>\n<!-- \/ Yoast SEO plugin. -->","yoast_head_json":{"title":"Toptan Su Ge\u00e7irmez Softshell Mont - Toptan Erkek & Bayan Mont Fiyatlar\u0131","description":"Toptan Su Ge\u00e7irmez Softshell Mont Fiyatlar\u0131: Softshell kuma\u015f - Su ge\u00e7irmez fermuarl\u0131 3 cep - Ayarlanabilir kol a\u011fz\u0131 | F\u0130YAT TEKL\u0130F\u0130 \u0130STEY\u0130N","robots":{"index":"index","follow":"follow","max-snippet":"max-snippet:-1","max-image-preview":"max-image-preview:large","max-video-preview":"max-video-preview:-1"},"canonical":"https:\/\/www.mtekstil.com\/tr\/urun\/toptan-su-gecirmez-softshell-mont\/","og_locale":"tr_TR","og_type":"article","og_title":"Toptan Su Ge\u00e7irmez Softshell Mont - Toptan Erkek & Bayan Mont Fiyatlar\u0131","og_description":"Toptan Su Ge\u00e7irmez Softshell Mont Fiyatlar\u0131: Softshell kuma\u015f - Su ge\u00e7irmez fermuarl\u0131 3 cep - Ayarlanabilir kol a\u011fz\u0131 | F\u0130YAT TEKL\u0130F\u0130 \u0130STEY\u0130N","og_url":"https:\/\/www.mtekstil.com\/tr\/urun\/toptan-su-gecirmez-softshell-mont\/","og_site_name":"Mtekstil","article_modified_time":"2023-03-10T08:26:50+00:00","og_image":[{"width":1000,"height":1499,"url":"https:\/\/www.mtekstil.com\/tr\/wp-content\/uploads\/2022\/03\/toptan_su_gecirmez_softshell_mont_7.jpg","type":"image\/jpeg"}],"twitter_card":"summary_large_image","twitter_misc":{"Tahmini okuma s\u00fcresi":"1 dakika"},"schema":{"@context":"https:\/\/schema.org","@graph":[{"@type":"WebSite","@id":"https:\/\/www.mtekstil.com\/tr\/#website","url":"https:\/\/www.mtekstil.com\/tr\/","name":"Mtekstil","description":"Tekstil Promosyon &Uuml;r&uuml;nleri","potentialAction":[{"@type":"SearchAction","target":{"@type":"EntryPoint","urlTemplate":"https:\/\/www.mtekstil.com\/tr\/?s={search_term_string}"},"query-input":"required name=search_term_string"}],"inLanguage":"tr"},{"@type":"ImageObject","inLanguage":"tr","@id":"https:\/\/www.mtekstil.com\/tr\/urun\/toptan-su-gecirmez-softshell-mont\/#primaryimage","url":"https:\/\/www.mtekstil.com\/tr\/wp-content\/uploads\/2022\/03\/toptan_su_gecirmez_softshell_mont_7.jpg","contentUrl":"https:\/\/www.mtekstil.com\/tr\/wp-content\/uploads\/2022\/03\/toptan_su_gecirmez_softshell_mont_7.jpg","width":1000,"height":1499,"caption":"Toptan Su Ge\u00e7irmez Softshell Mont - Toptan Erkek & Bayan Mont Fiyatlar\u0131"},{"@type":"WebPage","@id":"https:\/\/www.mtekstil.com\/tr\/urun\/toptan-su-gecirmez-softshell-mont\/#webpage","url":"https:\/\/www.mtekstil.com\/tr\/urun\/toptan-su-gecirmez-softshell-mont\/","name":"Toptan Su Ge\u00e7irmez Softshell Mont - Toptan Erkek & Bayan Mont Fiyatlar\u0131","isPartOf":{"@id":"https:\/\/www.mtekstil.com\/tr\/#website"},"primaryImageOfPage":{"@id":"https:\/\/www.mtekstil.com\/tr\/urun\/toptan-su-gecirmez-softshell-mont\/#primaryimage"},"datePublished":"2022-03-25T22:45:10+00:00","dateModified":"2023-03-10T08:26:50+00:00","description":"Toptan Su Ge\u00e7irmez Softshell Mont Fiyatlar\u0131: Softshell kuma\u015f - Su ge\u00e7irmez fermuarl\u0131 3 cep - Ayarlanabilir kol a\u011fz\u0131 | F\u0130YAT TEKL\u0130F\u0130 \u0130STEY\u0130N","breadcrumb":{"@id":"https:\/\/www.mtekstil.com\/tr\/urun\/toptan-su-gecirmez-softshell-mont\/#breadcrumb"},"inLanguage":"tr","potentialAction":[{"@type":"ReadAction","target":["https:\/\/www.mtekstil.com\/tr\/urun\/toptan-su-gecirmez-softshell-mont\/"]}]},{"@type":"BreadcrumbList","@id":"https:\/\/www.mtekstil.com\/tr\/urun\/toptan-su-gecirmez-softshell-mont\/#breadcrumb","itemListElement":[{"@type":"ListItem","position":1,"name":"Home","item":"https:\/\/www.mtekstil.com\/tr\/"},{"@type":"ListItem","position":2,"name":"\u00dcR\u00dcNLER","item":"https:\/\/www.mtekstil.com\/tr\/urunler\/"},{"@type":"ListItem","position":3,"name":"3 Cepli Su Ge\u00e7irmez Softshell Mont"}]}]}},"_links":{"self":[{"href":"https:\/\/www.mtekstil.com\/tr\/wp-json\/wp\/v2\/product\/4058"}],"collection":[{"href":"https:\/\/www.mtekstil.com\/tr\/wp-json\/wp\/v2\/product"}],"about":[{"href":"https:\/\/www.mtekstil.com\/tr\/wp-json\/wp\/v2\/types\/product"}],"replies":[{"embeddable":true,"href":"https:\/\/www.mtekstil.com\/tr\/wp-json\/wp\/v2\/comments?post=4058"}],"wp:featuredmedia":[{"embeddable":true,"href":"https:\/\/www.mtekstil.com\/tr\/wp-json\/wp\/v2\/media\/6215"}],"wp:attachment":[{"href":"https:\/\/www.mtekstil.com\/tr\/wp-json\/wp\/v2\/media?parent=4058"}],"wp:term":[{"taxonomy":"product_cat","embeddable":true,"href":"https:\/\/www.mtekstil.com\/tr\/wp-json\/wp\/v2\/product_cat?post=4058"},{"taxonomy":"product_tag","embeddable":true,"href":"https:\/\/www.mtekstil.com\/tr\/wp-json\/wp\/v2\/product_tag?post=4058"}],"curies":[{"name":"wp","href":"https:\/\/api.w.org\/{rel}","templated":true}]}}