{"id":4097,"date":"2022-03-26T21:49:19","date_gmt":"2022-03-26T21:49:19","guid":{"rendered":"https:\/\/www.mtekstil.com\/?post_type=product&#038;p=4097"},"modified":"2023-03-29T07:42:18","modified_gmt":"2023-03-29T07:42:18","slug":"isci-yagmurluk-fiyatlari","status":"publish","type":"product","link":"https:\/\/www.mtekstil.com\/tr\/urun\/isci-yagmurluk-fiyatlari\/","title":{"rendered":"Reflekt\u00f6rl\u00fc \u0130\u015f\u00e7i Ya\u011fmurluk"},"content":{"rendered":"<h2>REFLEKT\u00d6RL\u00dc \u0130\u015e\u00c7\u0130 YA\u011eMURLUK \u00d6ZELL\u0130KLER\u0130<\/h2>\n<ul>\n<li><strong>Erkek &amp; Kad\u0131n<\/strong> Model Se\u00e7enekleri<\/li>\n<li>Su ge\u00e7irmez PVC kuma\u015f<\/li>\n<li>\u00d6nde kapakl\u0131 \u00e7ift cep<\/li>\n<li>\u00c7ift s\u0131ra 8 cm reflekt\u00f6r<\/li>\n<li>Diz alt\u0131 model<\/li>\n<li>Kap\u00fc\u015fonlu<\/li>\n<li><strong>\u0130stenilen b\u00f6lgeye logo markalama<\/strong><\/li>\n<\/ul>\n","protected":false},"excerpt":{"rendered":"<p>REFLEKT\u00d6RL\u00dc \u0130\u015e\u00c7\u0130 YA\u011eMURLUK \u00d6ZELL\u0130KLER\u0130 Erkek &amp; Kad\u0131n Model Se\u00e7enekleri Su ge\u00e7irmez PVC kuma\u015f \u00d6nde kapakl\u0131 \u00e7ift cep \u00c7ift s\u0131ra 8&#8230;<\/p>\n","protected":false},"featured_media":6637,"comment_status":"open","ping_status":"closed","template":"","meta":[],"product_cat":[129],"product_tag":[],"yoast_head":"<!-- This site is optimized with the Yoast SEO plugin v18.8 - https:\/\/yoast.com\/wordpress\/plugins\/seo\/ -->\n<title>Reflekt\u00f6rl\u00fc \u0130\u015f\u00e7i Ya\u011fmurluk Fiyatlar\u0131 - Toptan Reflekt\u00f6rl\u00fc Ya\u011fmurluk Erkek<\/title>\n<meta name=\"description\" content=\"Reflekt\u00f6rl\u00fc \u0130\u015f\u00e7i Ya\u011fmurluk Fiyatlar\u0131: Su Ge\u00e7irmez PVC - \u00d6nde Kapakl\u0131 Cep - \u00c7ift S\u0131ra 8cm Reflekt\u00f6r - Kap\u00fc\u015fonlu | F\u0130YAT TEKL\u0130F\u0130 \u0130STEY\u0130N\" \/>\n<meta name=\"robots\" content=\"index, follow, max-snippet:-1, max-image-preview:large, max-video-preview:-1\" \/>\n<link rel=\"canonical\" href=\"https:\/\/www.mtekstil.com\/tr\/urun\/isci-yagmurluk-fiyatlari\/\" \/>\n<meta property=\"og:locale\" content=\"tr_TR\" \/>\n<meta property=\"og:type\" content=\"article\" \/>\n<meta property=\"og:title\" content=\"Reflekt\u00f6rl\u00fc \u0130\u015f\u00e7i Ya\u011fmurluk Fiyatlar\u0131 - Toptan Reflekt\u00f6rl\u00fc Ya\u011fmurluk Erkek\" \/>\n<meta property=\"og:description\" content=\"Reflekt\u00f6rl\u00fc \u0130\u015f\u00e7i Ya\u011fmurluk Fiyatlar\u0131: Su Ge\u00e7irmez PVC - \u00d6nde Kapakl\u0131 Cep - \u00c7ift S\u0131ra 8cm Reflekt\u00f6r - Kap\u00fc\u015fonlu | F\u0130YAT TEKL\u0130F\u0130 \u0130STEY\u0130N\" \/>\n<meta property=\"og:url\" content=\"https:\/\/www.mtekstil.com\/tr\/urun\/isci-yagmurluk-fiyatlari\/\" \/>\n<meta property=\"og:site_name\" content=\"Mtekstil\" \/>\n<meta property=\"article:modified_time\" content=\"2023-03-29T07:42:18+00:00\" \/>\n<meta property=\"og:image\" content=\"https:\/\/www.mtekstil.com\/tr\/wp-content\/uploads\/2022\/03\/isci_yagmurluk_fiyatlari_1.jpg\" \/>\n\t<meta property=\"og:image:width\" content=\"640\" \/>\n\t<meta property=\"og:image:height\" content=\"959\" \/>\n\t<meta property=\"og:image:type\" content=\"image\/jpeg\" \/>\n<meta name=\"twitter:card\" content=\"summary_large_image\" \/>\n<meta name=\"twitter:label1\" content=\"Tahmini okuma s\u00fcresi\" \/>\n\t<meta name=\"twitter:data1\" content=\"1 dakika\" \/>\n<script type=\"application\/ld+json\" class=\"yoast-schema-graph\">{\"@context\":\"https:\/\/schema.org\",\"@graph\":[{\"@type\":\"WebSite\",\"@id\":\"https:\/\/www.mtekstil.com\/tr\/#website\",\"url\":\"https:\/\/www.mtekstil.com\/tr\/\",\"name\":\"Mtekstil\",\"description\":\"Tekstil Promosyon &Uuml;r&uuml;nleri\",\"potentialAction\":[{\"@type\":\"SearchAction\",\"target\":{\"@type\":\"EntryPoint\",\"urlTemplate\":\"https:\/\/www.mtekstil.com\/tr\/?s={search_term_string}\"},\"query-input\":\"required name=search_term_string\"}],\"inLanguage\":\"tr\"},{\"@type\":\"ImageObject\",\"inLanguage\":\"tr\",\"@id\":\"https:\/\/www.mtekstil.com\/tr\/urun\/isci-yagmurluk-fiyatlari\/#primaryimage\",\"url\":\"https:\/\/www.mtekstil.com\/tr\/wp-content\/uploads\/2022\/03\/isci_yagmurluk_fiyatlari_1.jpg\",\"contentUrl\":\"https:\/\/www.mtekstil.com\/tr\/wp-content\/uploads\/2022\/03\/isci_yagmurluk_fiyatlari_1.jpg\",\"width\":640,\"height\":959,\"caption\":\"Reflekt\u00f6rl\u00fc \u0130\u015f\u00e7i Ya\u011fmurluk Fiyatlar\u0131 - Toptan Reflekt\u00f6rl\u00fc Ya\u011fmurluk Erkek\"},{\"@type\":\"WebPage\",\"@id\":\"https:\/\/www.mtekstil.com\/tr\/urun\/isci-yagmurluk-fiyatlari\/#webpage\",\"url\":\"https:\/\/www.mtekstil.com\/tr\/urun\/isci-yagmurluk-fiyatlari\/\",\"name\":\"Reflekt\u00f6rl\u00fc \u0130\u015f\u00e7i Ya\u011fmurluk Fiyatlar\u0131 - Toptan Reflekt\u00f6rl\u00fc Ya\u011fmurluk Erkek\",\"isPartOf\":{\"@id\":\"https:\/\/www.mtekstil.com\/tr\/#website\"},\"primaryImageOfPage\":{\"@id\":\"https:\/\/www.mtekstil.com\/tr\/urun\/isci-yagmurluk-fiyatlari\/#primaryimage\"},\"datePublished\":\"2022-03-26T21:49:19+00:00\",\"dateModified\":\"2023-03-29T07:42:18+00:00\",\"description\":\"Reflekt\u00f6rl\u00fc \u0130\u015f\u00e7i Ya\u011fmurluk Fiyatlar\u0131: Su Ge\u00e7irmez PVC - \u00d6nde Kapakl\u0131 Cep - \u00c7ift S\u0131ra 8cm Reflekt\u00f6r - Kap\u00fc\u015fonlu | F\u0130YAT TEKL\u0130F\u0130 \u0130STEY\u0130N\",\"breadcrumb\":{\"@id\":\"https:\/\/www.mtekstil.com\/tr\/urun\/isci-yagmurluk-fiyatlari\/#breadcrumb\"},\"inLanguage\":\"tr\",\"potentialAction\":[{\"@type\":\"ReadAction\",\"target\":[\"https:\/\/www.mtekstil.com\/tr\/urun\/isci-yagmurluk-fiyatlari\/\"]}]},{\"@type\":\"BreadcrumbList\",\"@id\":\"https:\/\/www.mtekstil.com\/tr\/urun\/isci-yagmurluk-fiyatlari\/#breadcrumb\",\"itemListElement\":[{\"@type\":\"ListItem\",\"position\":1,\"name\":\"Home\",\"item\":\"https:\/\/www.mtekstil.com\/tr\/\"},{\"@type\":\"ListItem\",\"position\":2,\"name\":\"\u00dcR\u00dcNLER\",\"item\":\"https:\/\/www.mtekstil.com\/tr\/urunler\/\"},{\"@type\":\"ListItem\",\"position\":3,\"name\":\"Reflekt\u00f6rl\u00fc \u0130\u015f\u00e7i Ya\u011fmurluk\"}]}]}<\/script>\n<!-- \/ Yoast SEO plugin. -->","yoast_head_json":{"title":"Reflekt\u00f6rl\u00fc \u0130\u015f\u00e7i Ya\u011fmurluk Fiyatlar\u0131 - Toptan Reflekt\u00f6rl\u00fc Ya\u011fmurluk Erkek","description":"Reflekt\u00f6rl\u00fc \u0130\u015f\u00e7i Ya\u011fmurluk Fiyatlar\u0131: Su Ge\u00e7irmez PVC - \u00d6nde Kapakl\u0131 Cep - \u00c7ift S\u0131ra 8cm Reflekt\u00f6r - Kap\u00fc\u015fonlu | F\u0130YAT TEKL\u0130F\u0130 \u0130STEY\u0130N","robots":{"index":"index","follow":"follow","max-snippet":"max-snippet:-1","max-image-preview":"max-image-preview:large","max-video-preview":"max-video-preview:-1"},"canonical":"https:\/\/www.mtekstil.com\/tr\/urun\/isci-yagmurluk-fiyatlari\/","og_locale":"tr_TR","og_type":"article","og_title":"Reflekt\u00f6rl\u00fc \u0130\u015f\u00e7i Ya\u011fmurluk Fiyatlar\u0131 - Toptan Reflekt\u00f6rl\u00fc Ya\u011fmurluk Erkek","og_description":"Reflekt\u00f6rl\u00fc \u0130\u015f\u00e7i Ya\u011fmurluk Fiyatlar\u0131: Su Ge\u00e7irmez PVC - \u00d6nde Kapakl\u0131 Cep - \u00c7ift S\u0131ra 8cm Reflekt\u00f6r - Kap\u00fc\u015fonlu | F\u0130YAT TEKL\u0130F\u0130 \u0130STEY\u0130N","og_url":"https:\/\/www.mtekstil.com\/tr\/urun\/isci-yagmurluk-fiyatlari\/","og_site_name":"Mtekstil","article_modified_time":"2023-03-29T07:42:18+00:00","og_image":[{"width":640,"height":959,"url":"https:\/\/www.mtekstil.com\/tr\/wp-content\/uploads\/2022\/03\/isci_yagmurluk_fiyatlari_1.jpg","type":"image\/jpeg"}],"twitter_card":"summary_large_image","twitter_misc":{"Tahmini okuma s\u00fcresi":"1 dakika"},"schema":{"@context":"https:\/\/schema.org","@graph":[{"@type":"WebSite","@id":"https:\/\/www.mtekstil.com\/tr\/#website","url":"https:\/\/www.mtekstil.com\/tr\/","name":"Mtekstil","description":"Tekstil Promosyon &Uuml;r&uuml;nleri","potentialAction":[{"@type":"SearchAction","target":{"@type":"EntryPoint","urlTemplate":"https:\/\/www.mtekstil.com\/tr\/?s={search_term_string}"},"query-input":"required name=search_term_string"}],"inLanguage":"tr"},{"@type":"ImageObject","inLanguage":"tr","@id":"https:\/\/www.mtekstil.com\/tr\/urun\/isci-yagmurluk-fiyatlari\/#primaryimage","url":"https:\/\/www.mtekstil.com\/tr\/wp-content\/uploads\/2022\/03\/isci_yagmurluk_fiyatlari_1.jpg","contentUrl":"https:\/\/www.mtekstil.com\/tr\/wp-content\/uploads\/2022\/03\/isci_yagmurluk_fiyatlari_1.jpg","width":640,"height":959,"caption":"Reflekt\u00f6rl\u00fc \u0130\u015f\u00e7i Ya\u011fmurluk Fiyatlar\u0131 - Toptan Reflekt\u00f6rl\u00fc Ya\u011fmurluk Erkek"},{"@type":"WebPage","@id":"https:\/\/www.mtekstil.com\/tr\/urun\/isci-yagmurluk-fiyatlari\/#webpage","url":"https:\/\/www.mtekstil.com\/tr\/urun\/isci-yagmurluk-fiyatlari\/","name":"Reflekt\u00f6rl\u00fc \u0130\u015f\u00e7i Ya\u011fmurluk Fiyatlar\u0131 - Toptan Reflekt\u00f6rl\u00fc Ya\u011fmurluk Erkek","isPartOf":{"@id":"https:\/\/www.mtekstil.com\/tr\/#website"},"primaryImageOfPage":{"@id":"https:\/\/www.mtekstil.com\/tr\/urun\/isci-yagmurluk-fiyatlari\/#primaryimage"},"datePublished":"2022-03-26T21:49:19+00:00","dateModified":"2023-03-29T07:42:18+00:00","description":"Reflekt\u00f6rl\u00fc \u0130\u015f\u00e7i Ya\u011fmurluk Fiyatlar\u0131: Su Ge\u00e7irmez PVC - \u00d6nde Kapakl\u0131 Cep - \u00c7ift S\u0131ra 8cm Reflekt\u00f6r - Kap\u00fc\u015fonlu | F\u0130YAT TEKL\u0130F\u0130 \u0130STEY\u0130N","breadcrumb":{"@id":"https:\/\/www.mtekstil.com\/tr\/urun\/isci-yagmurluk-fiyatlari\/#breadcrumb"},"inLanguage":"tr","potentialAction":[{"@type":"ReadAction","target":["https:\/\/www.mtekstil.com\/tr\/urun\/isci-yagmurluk-fiyatlari\/"]}]},{"@type":"BreadcrumbList","@id":"https:\/\/www.mtekstil.com\/tr\/urun\/isci-yagmurluk-fiyatlari\/#breadcrumb","itemListElement":[{"@type":"ListItem","position":1,"name":"Home","item":"https:\/\/www.mtekstil.com\/tr\/"},{"@type":"ListItem","position":2,"name":"\u00dcR\u00dcNLER","item":"https:\/\/www.mtekstil.com\/tr\/urunler\/"},{"@type":"ListItem","position":3,"name":"Reflekt\u00f6rl\u00fc \u0130\u015f\u00e7i Ya\u011fmurluk"}]}]}},"_links":{"self":[{"href":"https:\/\/www.mtekstil.com\/tr\/wp-json\/wp\/v2\/product\/4097"}],"collection":[{"href":"https:\/\/www.mtekstil.com\/tr\/wp-json\/wp\/v2\/product"}],"about":[{"href":"https:\/\/www.mtekstil.com\/tr\/wp-json\/wp\/v2\/types\/product"}],"replies":[{"embeddable":true,"href":"https:\/\/www.mtekstil.com\/tr\/wp-json\/wp\/v2\/comments?post=4097"}],"wp:featuredmedia":[{"embeddable":true,"href":"https:\/\/www.mtekstil.com\/tr\/wp-json\/wp\/v2\/media\/6637"}],"wp:attachment":[{"href":"https:\/\/www.mtekstil.com\/tr\/wp-json\/wp\/v2\/media?parent=4097"}],"wp:term":[{"taxonomy":"product_cat","embeddable":true,"href":"https:\/\/www.mtekstil.com\/tr\/wp-json\/wp\/v2\/product_cat?post=4097"},{"taxonomy":"product_tag","embeddable":true,"href":"https:\/\/www.mtekstil.com\/tr\/wp-json\/wp\/v2\/product_tag?post=4097"}],"curies":[{"name":"wp","href":"https:\/\/api.w.org\/{rel}","templated":true}]}}