{"id":4103,"date":"2022-03-26T21:56:22","date_gmt":"2022-03-26T21:56:22","guid":{"rendered":"https:\/\/www.mtekstil.com\/?post_type=product&#038;p=4103"},"modified":"2023-03-29T07:43:30","modified_gmt":"2023-03-29T07:43:30","slug":"yagmurluk-toptan-satis","status":"publish","type":"product","link":"https:\/\/www.mtekstil.com\/tr\/urun\/yagmurluk-toptan-satis\/","title":{"rendered":"Standart Beden Kap\u00fc\u015fonlu Ya\u011fmurluk"},"content":{"rendered":"<h2>STANDART BEDEN KAP\u00dc\u015eONLU YA\u011eMURLUK \u00d6ZELL\u0130KLER\u0130<\/h2>\n<ul>\n<li><strong>Erkek &amp; Kad\u0131n<\/strong> Model Se\u00e7enekleri<\/li>\n<li>\u0130mperteks kuma\u015f<\/li>\n<li>Kap\u00fc\u015fonlu<\/li>\n<li>Yanlarda fleto cepler<\/li>\n<li>Fermuarl\u0131 model<\/li>\n<li>Fermuar \u00fcst\u00fc c\u0131rt ile kapanm\u0131\u015f r\u00fczgarl\u0131k<\/li>\n<li><strong>\u0130stenilen b\u00f6lgeye logo markalama<\/strong><\/li>\n<\/ul>\n","protected":false},"excerpt":{"rendered":"<p>STANDART BEDEN KAP\u00dc\u015eONLU YA\u011eMURLUK \u00d6ZELL\u0130KLER\u0130 Erkek &amp; Kad\u0131n Model Se\u00e7enekleri \u0130mperteks kuma\u015f Kap\u00fc\u015fonlu Yanlarda fleto cepler Fermuarl\u0131 model Fermuar \u00fcst\u00fc&#8230;<\/p>\n","protected":false},"featured_media":6645,"comment_status":"open","ping_status":"closed","template":"","meta":[],"product_cat":[129],"product_tag":[],"yoast_head":"<!-- This site is optimized with the Yoast SEO plugin v18.8 - https:\/\/yoast.com\/wordpress\/plugins\/seo\/ -->\n<title>Ya\u011fmurluk Toptan Sat\u0131\u015f (\u0130mperteks Kuma\u015f) - Toptan Ya\u011fmurluk Fiyatlar\u0131<\/title>\n<meta name=\"description\" content=\"Ya\u011fmurluk Toptan Sat\u0131\u015f: \u0130mperteks kuma\u015f - Kap\u00fc\u015fonlu - Yanlarda Fleto Cepler - Fermuar \u00dcst\u00fc C\u0131rt ile Kapanm\u0131\u015f R\u00fczgarl\u0131k | F\u0130YAT TEKL\u0130F\u0130 \u0130STE\" \/>\n<meta name=\"robots\" content=\"index, follow, max-snippet:-1, max-image-preview:large, max-video-preview:-1\" \/>\n<link rel=\"canonical\" href=\"https:\/\/www.mtekstil.com\/tr\/urun\/yagmurluk-toptan-satis\/\" \/>\n<meta property=\"og:locale\" content=\"tr_TR\" \/>\n<meta property=\"og:type\" content=\"article\" \/>\n<meta property=\"og:title\" content=\"Ya\u011fmurluk Toptan Sat\u0131\u015f (\u0130mperteks Kuma\u015f) - Toptan Ya\u011fmurluk Fiyatlar\u0131\" \/>\n<meta property=\"og:description\" content=\"Ya\u011fmurluk Toptan Sat\u0131\u015f: \u0130mperteks kuma\u015f - Kap\u00fc\u015fonlu - Yanlarda Fleto Cepler - Fermuar \u00dcst\u00fc C\u0131rt ile Kapanm\u0131\u015f R\u00fczgarl\u0131k | F\u0130YAT TEKL\u0130F\u0130 \u0130STE\" \/>\n<meta property=\"og:url\" content=\"https:\/\/www.mtekstil.com\/tr\/urun\/yagmurluk-toptan-satis\/\" \/>\n<meta property=\"og:site_name\" content=\"Mtekstil\" \/>\n<meta property=\"article:modified_time\" content=\"2023-03-29T07:43:30+00:00\" \/>\n<meta property=\"og:image\" content=\"https:\/\/www.mtekstil.com\/tr\/wp-content\/uploads\/2022\/03\/yagmurluk_toptan_satis_1.jpg\" \/>\n\t<meta property=\"og:image:width\" content=\"640\" \/>\n\t<meta property=\"og:image:height\" content=\"959\" \/>\n\t<meta property=\"og:image:type\" content=\"image\/jpeg\" \/>\n<meta name=\"twitter:card\" content=\"summary_large_image\" \/>\n<meta name=\"twitter:label1\" content=\"Tahmini okuma s\u00fcresi\" \/>\n\t<meta name=\"twitter:data1\" content=\"1 dakika\" \/>\n<script type=\"application\/ld+json\" class=\"yoast-schema-graph\">{\"@context\":\"https:\/\/schema.org\",\"@graph\":[{\"@type\":\"WebSite\",\"@id\":\"https:\/\/www.mtekstil.com\/tr\/#website\",\"url\":\"https:\/\/www.mtekstil.com\/tr\/\",\"name\":\"Mtekstil\",\"description\":\"Tekstil Promosyon &Uuml;r&uuml;nleri\",\"potentialAction\":[{\"@type\":\"SearchAction\",\"target\":{\"@type\":\"EntryPoint\",\"urlTemplate\":\"https:\/\/www.mtekstil.com\/tr\/?s={search_term_string}\"},\"query-input\":\"required name=search_term_string\"}],\"inLanguage\":\"tr\"},{\"@type\":\"ImageObject\",\"inLanguage\":\"tr\",\"@id\":\"https:\/\/www.mtekstil.com\/tr\/urun\/yagmurluk-toptan-satis\/#primaryimage\",\"url\":\"https:\/\/www.mtekstil.com\/tr\/wp-content\/uploads\/2022\/03\/yagmurluk_toptan_satis_1.jpg\",\"contentUrl\":\"https:\/\/www.mtekstil.com\/tr\/wp-content\/uploads\/2022\/03\/yagmurluk_toptan_satis_1.jpg\",\"width\":640,\"height\":959,\"caption\":\"Ya\u011fmurluk Toptan Sat\u0131\u015f (\u0130mperteks Kuma\u015f) - Toptan Ya\u011fmurluk Fiyatlar\u0131\"},{\"@type\":\"WebPage\",\"@id\":\"https:\/\/www.mtekstil.com\/tr\/urun\/yagmurluk-toptan-satis\/#webpage\",\"url\":\"https:\/\/www.mtekstil.com\/tr\/urun\/yagmurluk-toptan-satis\/\",\"name\":\"Ya\u011fmurluk Toptan Sat\u0131\u015f (\u0130mperteks Kuma\u015f) - Toptan Ya\u011fmurluk Fiyatlar\u0131\",\"isPartOf\":{\"@id\":\"https:\/\/www.mtekstil.com\/tr\/#website\"},\"primaryImageOfPage\":{\"@id\":\"https:\/\/www.mtekstil.com\/tr\/urun\/yagmurluk-toptan-satis\/#primaryimage\"},\"datePublished\":\"2022-03-26T21:56:22+00:00\",\"dateModified\":\"2023-03-29T07:43:30+00:00\",\"description\":\"Ya\u011fmurluk Toptan Sat\u0131\u015f: \u0130mperteks kuma\u015f - Kap\u00fc\u015fonlu - Yanlarda Fleto Cepler - Fermuar \u00dcst\u00fc C\u0131rt ile Kapanm\u0131\u015f R\u00fczgarl\u0131k | F\u0130YAT TEKL\u0130F\u0130 \u0130STE\",\"breadcrumb\":{\"@id\":\"https:\/\/www.mtekstil.com\/tr\/urun\/yagmurluk-toptan-satis\/#breadcrumb\"},\"inLanguage\":\"tr\",\"potentialAction\":[{\"@type\":\"ReadAction\",\"target\":[\"https:\/\/www.mtekstil.com\/tr\/urun\/yagmurluk-toptan-satis\/\"]}]},{\"@type\":\"BreadcrumbList\",\"@id\":\"https:\/\/www.mtekstil.com\/tr\/urun\/yagmurluk-toptan-satis\/#breadcrumb\",\"itemListElement\":[{\"@type\":\"ListItem\",\"position\":1,\"name\":\"Home\",\"item\":\"https:\/\/www.mtekstil.com\/tr\/\"},{\"@type\":\"ListItem\",\"position\":2,\"name\":\"\u00dcR\u00dcNLER\",\"item\":\"https:\/\/www.mtekstil.com\/tr\/urunler\/\"},{\"@type\":\"ListItem\",\"position\":3,\"name\":\"Standart Beden Kap\u00fc\u015fonlu Ya\u011fmurluk\"}]}]}<\/script>\n<!-- \/ Yoast SEO plugin. -->","yoast_head_json":{"title":"Ya\u011fmurluk Toptan Sat\u0131\u015f (\u0130mperteks Kuma\u015f) - Toptan Ya\u011fmurluk Fiyatlar\u0131","description":"Ya\u011fmurluk Toptan Sat\u0131\u015f: \u0130mperteks kuma\u015f - Kap\u00fc\u015fonlu - Yanlarda Fleto Cepler - Fermuar \u00dcst\u00fc C\u0131rt ile Kapanm\u0131\u015f R\u00fczgarl\u0131k | F\u0130YAT TEKL\u0130F\u0130 \u0130STE","robots":{"index":"index","follow":"follow","max-snippet":"max-snippet:-1","max-image-preview":"max-image-preview:large","max-video-preview":"max-video-preview:-1"},"canonical":"https:\/\/www.mtekstil.com\/tr\/urun\/yagmurluk-toptan-satis\/","og_locale":"tr_TR","og_type":"article","og_title":"Ya\u011fmurluk Toptan Sat\u0131\u015f (\u0130mperteks Kuma\u015f) - Toptan Ya\u011fmurluk Fiyatlar\u0131","og_description":"Ya\u011fmurluk Toptan Sat\u0131\u015f: \u0130mperteks kuma\u015f - Kap\u00fc\u015fonlu - Yanlarda Fleto Cepler - Fermuar \u00dcst\u00fc C\u0131rt ile Kapanm\u0131\u015f R\u00fczgarl\u0131k | F\u0130YAT TEKL\u0130F\u0130 \u0130STE","og_url":"https:\/\/www.mtekstil.com\/tr\/urun\/yagmurluk-toptan-satis\/","og_site_name":"Mtekstil","article_modified_time":"2023-03-29T07:43:30+00:00","og_image":[{"width":640,"height":959,"url":"https:\/\/www.mtekstil.com\/tr\/wp-content\/uploads\/2022\/03\/yagmurluk_toptan_satis_1.jpg","type":"image\/jpeg"}],"twitter_card":"summary_large_image","twitter_misc":{"Tahmini okuma s\u00fcresi":"1 dakika"},"schema":{"@context":"https:\/\/schema.org","@graph":[{"@type":"WebSite","@id":"https:\/\/www.mtekstil.com\/tr\/#website","url":"https:\/\/www.mtekstil.com\/tr\/","name":"Mtekstil","description":"Tekstil Promosyon &Uuml;r&uuml;nleri","potentialAction":[{"@type":"SearchAction","target":{"@type":"EntryPoint","urlTemplate":"https:\/\/www.mtekstil.com\/tr\/?s={search_term_string}"},"query-input":"required name=search_term_string"}],"inLanguage":"tr"},{"@type":"ImageObject","inLanguage":"tr","@id":"https:\/\/www.mtekstil.com\/tr\/urun\/yagmurluk-toptan-satis\/#primaryimage","url":"https:\/\/www.mtekstil.com\/tr\/wp-content\/uploads\/2022\/03\/yagmurluk_toptan_satis_1.jpg","contentUrl":"https:\/\/www.mtekstil.com\/tr\/wp-content\/uploads\/2022\/03\/yagmurluk_toptan_satis_1.jpg","width":640,"height":959,"caption":"Ya\u011fmurluk Toptan Sat\u0131\u015f (\u0130mperteks Kuma\u015f) - Toptan Ya\u011fmurluk Fiyatlar\u0131"},{"@type":"WebPage","@id":"https:\/\/www.mtekstil.com\/tr\/urun\/yagmurluk-toptan-satis\/#webpage","url":"https:\/\/www.mtekstil.com\/tr\/urun\/yagmurluk-toptan-satis\/","name":"Ya\u011fmurluk Toptan Sat\u0131\u015f (\u0130mperteks Kuma\u015f) - Toptan Ya\u011fmurluk Fiyatlar\u0131","isPartOf":{"@id":"https:\/\/www.mtekstil.com\/tr\/#website"},"primaryImageOfPage":{"@id":"https:\/\/www.mtekstil.com\/tr\/urun\/yagmurluk-toptan-satis\/#primaryimage"},"datePublished":"2022-03-26T21:56:22+00:00","dateModified":"2023-03-29T07:43:30+00:00","description":"Ya\u011fmurluk Toptan Sat\u0131\u015f: \u0130mperteks kuma\u015f - Kap\u00fc\u015fonlu - Yanlarda Fleto Cepler - Fermuar \u00dcst\u00fc C\u0131rt ile Kapanm\u0131\u015f R\u00fczgarl\u0131k | F\u0130YAT TEKL\u0130F\u0130 \u0130STE","breadcrumb":{"@id":"https:\/\/www.mtekstil.com\/tr\/urun\/yagmurluk-toptan-satis\/#breadcrumb"},"inLanguage":"tr","potentialAction":[{"@type":"ReadAction","target":["https:\/\/www.mtekstil.com\/tr\/urun\/yagmurluk-toptan-satis\/"]}]},{"@type":"BreadcrumbList","@id":"https:\/\/www.mtekstil.com\/tr\/urun\/yagmurluk-toptan-satis\/#breadcrumb","itemListElement":[{"@type":"ListItem","position":1,"name":"Home","item":"https:\/\/www.mtekstil.com\/tr\/"},{"@type":"ListItem","position":2,"name":"\u00dcR\u00dcNLER","item":"https:\/\/www.mtekstil.com\/tr\/urunler\/"},{"@type":"ListItem","position":3,"name":"Standart Beden Kap\u00fc\u015fonlu Ya\u011fmurluk"}]}]}},"_links":{"self":[{"href":"https:\/\/www.mtekstil.com\/tr\/wp-json\/wp\/v2\/product\/4103"}],"collection":[{"href":"https:\/\/www.mtekstil.com\/tr\/wp-json\/wp\/v2\/product"}],"about":[{"href":"https:\/\/www.mtekstil.com\/tr\/wp-json\/wp\/v2\/types\/product"}],"replies":[{"embeddable":true,"href":"https:\/\/www.mtekstil.com\/tr\/wp-json\/wp\/v2\/comments?post=4103"}],"wp:featuredmedia":[{"embeddable":true,"href":"https:\/\/www.mtekstil.com\/tr\/wp-json\/wp\/v2\/media\/6645"}],"wp:attachment":[{"href":"https:\/\/www.mtekstil.com\/tr\/wp-json\/wp\/v2\/media?parent=4103"}],"wp:term":[{"taxonomy":"product_cat","embeddable":true,"href":"https:\/\/www.mtekstil.com\/tr\/wp-json\/wp\/v2\/product_cat?post=4103"},{"taxonomy":"product_tag","embeddable":true,"href":"https:\/\/www.mtekstil.com\/tr\/wp-json\/wp\/v2\/product_tag?post=4103"}],"curies":[{"name":"wp","href":"https:\/\/api.w.org\/{rel}","templated":true}]}}