{"id":4111,"date":"2022-03-27T10:18:48","date_gmt":"2022-03-27T10:18:48","guid":{"rendered":"https:\/\/www.mtekstil.com\/?post_type=product&#038;p=4111"},"modified":"2023-04-07T11:11:34","modified_gmt":"2023-04-07T11:11:34","slug":"isci-tulum-fiyatlari","status":"publish","type":"product","link":"https:\/\/www.mtekstil.com\/tr\/urun\/isci-tulum-fiyatlari\/","title":{"rendered":"Uzun Kollu \u0130\u015f\u00e7i Tulumu"},"content":{"rendered":"<h2>UZUN KOLLU \u0130\u015e\u00c7\u0130 TULUM \u00d6ZELL\u0130KLER\u0130<\/h2>\n<ul>\n<li><strong>Erkek &amp; Kad\u0131n<\/strong> Model Se\u00e7enekleri<\/li>\n<li>Uzun kollu boy tulumu<\/li>\n<li>16\/12 gabardin kuma\u015f<\/li>\n<li>G\u00f6\u011f\u00fcste kapakl\u0131 cepler<\/li>\n<li>\u00d6nde iki arkada bir cep<\/li>\n<li>Yanda alet cebi<\/li>\n<li>Belde lastik ayar\u0131<\/li>\n<li><strong>\u0130stenilen b\u00f6lgeye logo marklama<\/strong><\/li>\n<\/ul>\n","protected":false},"excerpt":{"rendered":"<p>UZUN KOLLU \u0130\u015e\u00c7\u0130 TULUM \u00d6ZELL\u0130KLER\u0130 Erkek &amp; Kad\u0131n Model Se\u00e7enekleri Uzun kollu boy tulumu 16\/12 gabardin kuma\u015f G\u00f6\u011f\u00fcste kapakl\u0131 cepler&#8230;<\/p>\n","protected":false},"featured_media":6671,"comment_status":"open","ping_status":"closed","template":"","meta":[],"product_cat":[120],"product_tag":[],"yoast_head":"<!-- This site is optimized with the Yoast SEO plugin v18.8 - https:\/\/yoast.com\/wordpress\/plugins\/seo\/ -->\n<title>\u0130\u015f\u00e7i Tulum Fiyatlar\u0131 (Gabardin &amp; Uzun Kollu) - Toplan \u0130\u015f\u00e7i Tulumu \u0130stanbul<\/title>\n<meta name=\"description\" content=\"\u0130\u015f\u00e7i Tulum Fiyatlar\u0131 - Toplan \u0130\u015f\u00e7i Tulumu \u0130stanbul: 16\/12 Gabardin Kuma\u015f - G\u00f6\u011f\u00fcste, \u00d6nde, Arkada Cep - Alet Cebi | F\u0130YAT TEKL\u0130F\u0130 \u0130STEY\u0130N\" \/>\n<meta name=\"robots\" content=\"index, follow, max-snippet:-1, max-image-preview:large, max-video-preview:-1\" \/>\n<link rel=\"canonical\" href=\"https:\/\/www.mtekstil.com\/tr\/urun\/isci-tulum-fiyatlari\/\" \/>\n<meta property=\"og:locale\" content=\"tr_TR\" \/>\n<meta property=\"og:type\" content=\"article\" \/>\n<meta property=\"og:title\" content=\"\u0130\u015f\u00e7i Tulum Fiyatlar\u0131 (Gabardin &amp; Uzun Kollu) - Toplan \u0130\u015f\u00e7i Tulumu \u0130stanbul\" \/>\n<meta property=\"og:description\" content=\"\u0130\u015f\u00e7i Tulum Fiyatlar\u0131 - Toplan \u0130\u015f\u00e7i Tulumu \u0130stanbul: 16\/12 Gabardin Kuma\u015f - G\u00f6\u011f\u00fcste, \u00d6nde, Arkada Cep - Alet Cebi | F\u0130YAT TEKL\u0130F\u0130 \u0130STEY\u0130N\" \/>\n<meta property=\"og:url\" content=\"https:\/\/www.mtekstil.com\/tr\/urun\/isci-tulum-fiyatlari\/\" \/>\n<meta property=\"og:site_name\" content=\"Mtekstil\" \/>\n<meta property=\"article:modified_time\" content=\"2023-04-07T11:11:34+00:00\" \/>\n<meta property=\"og:image\" content=\"https:\/\/www.mtekstil.com\/tr\/wp-content\/uploads\/2022\/03\/isci_tulum_fiyatlari_2.jpg\" \/>\n\t<meta property=\"og:image:width\" content=\"640\" \/>\n\t<meta property=\"og:image:height\" content=\"959\" \/>\n\t<meta property=\"og:image:type\" content=\"image\/jpeg\" \/>\n<meta name=\"twitter:card\" content=\"summary_large_image\" \/>\n<meta name=\"twitter:label1\" content=\"Tahmini okuma s\u00fcresi\" \/>\n\t<meta name=\"twitter:data1\" content=\"1 dakika\" \/>\n<script type=\"application\/ld+json\" class=\"yoast-schema-graph\">{\"@context\":\"https:\/\/schema.org\",\"@graph\":[{\"@type\":\"WebSite\",\"@id\":\"https:\/\/www.mtekstil.com\/tr\/#website\",\"url\":\"https:\/\/www.mtekstil.com\/tr\/\",\"name\":\"Mtekstil\",\"description\":\"Tekstil Promosyon &Uuml;r&uuml;nleri\",\"potentialAction\":[{\"@type\":\"SearchAction\",\"target\":{\"@type\":\"EntryPoint\",\"urlTemplate\":\"https:\/\/www.mtekstil.com\/tr\/?s={search_term_string}\"},\"query-input\":\"required name=search_term_string\"}],\"inLanguage\":\"tr\"},{\"@type\":\"ImageObject\",\"inLanguage\":\"tr\",\"@id\":\"https:\/\/www.mtekstil.com\/tr\/urun\/isci-tulum-fiyatlari\/#primaryimage\",\"url\":\"https:\/\/www.mtekstil.com\/tr\/wp-content\/uploads\/2022\/03\/isci_tulum_fiyatlari_2.jpg\",\"contentUrl\":\"https:\/\/www.mtekstil.com\/tr\/wp-content\/uploads\/2022\/03\/isci_tulum_fiyatlari_2.jpg\",\"width\":640,\"height\":959,\"caption\":\"\u0130\u015f\u00e7i Tulum Fiyatlar\u0131 (Gabardin & Uzun Kollu) - Toplan \u0130\u015f\u00e7i Tulumu \u0130stanbul\"},{\"@type\":\"WebPage\",\"@id\":\"https:\/\/www.mtekstil.com\/tr\/urun\/isci-tulum-fiyatlari\/#webpage\",\"url\":\"https:\/\/www.mtekstil.com\/tr\/urun\/isci-tulum-fiyatlari\/\",\"name\":\"\u0130\u015f\u00e7i Tulum Fiyatlar\u0131 (Gabardin & Uzun Kollu) - Toplan \u0130\u015f\u00e7i Tulumu \u0130stanbul\",\"isPartOf\":{\"@id\":\"https:\/\/www.mtekstil.com\/tr\/#website\"},\"primaryImageOfPage\":{\"@id\":\"https:\/\/www.mtekstil.com\/tr\/urun\/isci-tulum-fiyatlari\/#primaryimage\"},\"datePublished\":\"2022-03-27T10:18:48+00:00\",\"dateModified\":\"2023-04-07T11:11:34+00:00\",\"description\":\"\u0130\u015f\u00e7i Tulum Fiyatlar\u0131 - Toplan \u0130\u015f\u00e7i Tulumu \u0130stanbul: 16\/12 Gabardin Kuma\u015f - G\u00f6\u011f\u00fcste, \u00d6nde, Arkada Cep - Alet Cebi | F\u0130YAT TEKL\u0130F\u0130 \u0130STEY\u0130N\",\"breadcrumb\":{\"@id\":\"https:\/\/www.mtekstil.com\/tr\/urun\/isci-tulum-fiyatlari\/#breadcrumb\"},\"inLanguage\":\"tr\",\"potentialAction\":[{\"@type\":\"ReadAction\",\"target\":[\"https:\/\/www.mtekstil.com\/tr\/urun\/isci-tulum-fiyatlari\/\"]}]},{\"@type\":\"BreadcrumbList\",\"@id\":\"https:\/\/www.mtekstil.com\/tr\/urun\/isci-tulum-fiyatlari\/#breadcrumb\",\"itemListElement\":[{\"@type\":\"ListItem\",\"position\":1,\"name\":\"Home\",\"item\":\"https:\/\/www.mtekstil.com\/tr\/\"},{\"@type\":\"ListItem\",\"position\":2,\"name\":\"\u00dcR\u00dcNLER\",\"item\":\"https:\/\/www.mtekstil.com\/tr\/urunler\/\"},{\"@type\":\"ListItem\",\"position\":3,\"name\":\"Uzun Kollu \u0130\u015f\u00e7i Tulumu\"}]}]}<\/script>\n<!-- \/ Yoast SEO plugin. -->","yoast_head_json":{"title":"\u0130\u015f\u00e7i Tulum Fiyatlar\u0131 (Gabardin & Uzun Kollu) - Toplan \u0130\u015f\u00e7i Tulumu \u0130stanbul","description":"\u0130\u015f\u00e7i Tulum Fiyatlar\u0131 - Toplan \u0130\u015f\u00e7i Tulumu \u0130stanbul: 16\/12 Gabardin Kuma\u015f - G\u00f6\u011f\u00fcste, \u00d6nde, Arkada Cep - Alet Cebi | F\u0130YAT TEKL\u0130F\u0130 \u0130STEY\u0130N","robots":{"index":"index","follow":"follow","max-snippet":"max-snippet:-1","max-image-preview":"max-image-preview:large","max-video-preview":"max-video-preview:-1"},"canonical":"https:\/\/www.mtekstil.com\/tr\/urun\/isci-tulum-fiyatlari\/","og_locale":"tr_TR","og_type":"article","og_title":"\u0130\u015f\u00e7i Tulum Fiyatlar\u0131 (Gabardin & Uzun Kollu) - Toplan \u0130\u015f\u00e7i Tulumu \u0130stanbul","og_description":"\u0130\u015f\u00e7i Tulum Fiyatlar\u0131 - Toplan \u0130\u015f\u00e7i Tulumu \u0130stanbul: 16\/12 Gabardin Kuma\u015f - G\u00f6\u011f\u00fcste, \u00d6nde, Arkada Cep - Alet Cebi | F\u0130YAT TEKL\u0130F\u0130 \u0130STEY\u0130N","og_url":"https:\/\/www.mtekstil.com\/tr\/urun\/isci-tulum-fiyatlari\/","og_site_name":"Mtekstil","article_modified_time":"2023-04-07T11:11:34+00:00","og_image":[{"width":640,"height":959,"url":"https:\/\/www.mtekstil.com\/tr\/wp-content\/uploads\/2022\/03\/isci_tulum_fiyatlari_2.jpg","type":"image\/jpeg"}],"twitter_card":"summary_large_image","twitter_misc":{"Tahmini okuma s\u00fcresi":"1 dakika"},"schema":{"@context":"https:\/\/schema.org","@graph":[{"@type":"WebSite","@id":"https:\/\/www.mtekstil.com\/tr\/#website","url":"https:\/\/www.mtekstil.com\/tr\/","name":"Mtekstil","description":"Tekstil Promosyon &Uuml;r&uuml;nleri","potentialAction":[{"@type":"SearchAction","target":{"@type":"EntryPoint","urlTemplate":"https:\/\/www.mtekstil.com\/tr\/?s={search_term_string}"},"query-input":"required name=search_term_string"}],"inLanguage":"tr"},{"@type":"ImageObject","inLanguage":"tr","@id":"https:\/\/www.mtekstil.com\/tr\/urun\/isci-tulum-fiyatlari\/#primaryimage","url":"https:\/\/www.mtekstil.com\/tr\/wp-content\/uploads\/2022\/03\/isci_tulum_fiyatlari_2.jpg","contentUrl":"https:\/\/www.mtekstil.com\/tr\/wp-content\/uploads\/2022\/03\/isci_tulum_fiyatlari_2.jpg","width":640,"height":959,"caption":"\u0130\u015f\u00e7i Tulum Fiyatlar\u0131 (Gabardin & Uzun Kollu) - Toplan \u0130\u015f\u00e7i Tulumu \u0130stanbul"},{"@type":"WebPage","@id":"https:\/\/www.mtekstil.com\/tr\/urun\/isci-tulum-fiyatlari\/#webpage","url":"https:\/\/www.mtekstil.com\/tr\/urun\/isci-tulum-fiyatlari\/","name":"\u0130\u015f\u00e7i Tulum Fiyatlar\u0131 (Gabardin & Uzun Kollu) - Toplan \u0130\u015f\u00e7i Tulumu \u0130stanbul","isPartOf":{"@id":"https:\/\/www.mtekstil.com\/tr\/#website"},"primaryImageOfPage":{"@id":"https:\/\/www.mtekstil.com\/tr\/urun\/isci-tulum-fiyatlari\/#primaryimage"},"datePublished":"2022-03-27T10:18:48+00:00","dateModified":"2023-04-07T11:11:34+00:00","description":"\u0130\u015f\u00e7i Tulum Fiyatlar\u0131 - Toplan \u0130\u015f\u00e7i Tulumu \u0130stanbul: 16\/12 Gabardin Kuma\u015f - G\u00f6\u011f\u00fcste, \u00d6nde, Arkada Cep - Alet Cebi | F\u0130YAT TEKL\u0130F\u0130 \u0130STEY\u0130N","breadcrumb":{"@id":"https:\/\/www.mtekstil.com\/tr\/urun\/isci-tulum-fiyatlari\/#breadcrumb"},"inLanguage":"tr","potentialAction":[{"@type":"ReadAction","target":["https:\/\/www.mtekstil.com\/tr\/urun\/isci-tulum-fiyatlari\/"]}]},{"@type":"BreadcrumbList","@id":"https:\/\/www.mtekstil.com\/tr\/urun\/isci-tulum-fiyatlari\/#breadcrumb","itemListElement":[{"@type":"ListItem","position":1,"name":"Home","item":"https:\/\/www.mtekstil.com\/tr\/"},{"@type":"ListItem","position":2,"name":"\u00dcR\u00dcNLER","item":"https:\/\/www.mtekstil.com\/tr\/urunler\/"},{"@type":"ListItem","position":3,"name":"Uzun Kollu \u0130\u015f\u00e7i Tulumu"}]}]}},"_links":{"self":[{"href":"https:\/\/www.mtekstil.com\/tr\/wp-json\/wp\/v2\/product\/4111"}],"collection":[{"href":"https:\/\/www.mtekstil.com\/tr\/wp-json\/wp\/v2\/product"}],"about":[{"href":"https:\/\/www.mtekstil.com\/tr\/wp-json\/wp\/v2\/types\/product"}],"replies":[{"embeddable":true,"href":"https:\/\/www.mtekstil.com\/tr\/wp-json\/wp\/v2\/comments?post=4111"}],"wp:featuredmedia":[{"embeddable":true,"href":"https:\/\/www.mtekstil.com\/tr\/wp-json\/wp\/v2\/media\/6671"}],"wp:attachment":[{"href":"https:\/\/www.mtekstil.com\/tr\/wp-json\/wp\/v2\/media?parent=4111"}],"wp:term":[{"taxonomy":"product_cat","embeddable":true,"href":"https:\/\/www.mtekstil.com\/tr\/wp-json\/wp\/v2\/product_cat?post=4111"},{"taxonomy":"product_tag","embeddable":true,"href":"https:\/\/www.mtekstil.com\/tr\/wp-json\/wp\/v2\/product_tag?post=4111"}],"curies":[{"name":"wp","href":"https:\/\/api.w.org\/{rel}","templated":true}]}}