{"id":4142,"date":"2022-03-28T00:31:31","date_gmt":"2022-03-28T00:31:31","guid":{"rendered":"https:\/\/www.mtekstil.com\/?post_type=product&#038;p=4142"},"modified":"2023-02-21T12:45:44","modified_gmt":"2023-02-21T12:45:44","slug":"promosyon-polo-yaka-tisort-fiyatlari","status":"publish","type":"product","link":"https:\/\/www.mtekstil.com\/tr\/urun\/promosyon-polo-yaka-tisort-fiyatlari\/","title":{"rendered":"%100 Pamuk Openend G\u00f6mlek Yaka Ti\u015f\u00f6rt"},"content":{"rendered":"<h2>%100 PAMUK OPENEND G\u00d6MLEK YAKA T\u0130\u015e\u00d6RT \u00d6ZELL\u0130KLER\u0130<\/h2>\n<ul>\n<li><strong>Erkek &amp; Kad\u0131n<\/strong> Model Se\u00e7enekleri<\/li>\n<li>\u00c7ift Toplama Openend Pike Kuma\u015f<\/li>\n<li>%100 Pamuk<\/li>\n<li>G\u00f6mlek Yaka<\/li>\n<li>Farkl\u0131 Renk Kuma\u015f ile Pat ve Kol Ribanas\u0131<\/li>\n<li>3 D\u00fc\u011fmeli<\/li>\n<\/ul>\n","protected":false},"excerpt":{"rendered":"<p>%100 PAMUK OPENEND G\u00d6MLEK YAKA T\u0130\u015e\u00d6RT \u00d6ZELL\u0130KLER\u0130 Erkek &amp; Kad\u0131n Model Se\u00e7enekleri \u00c7ift Toplama Openend Pike Kuma\u015f %100 Pamuk G\u00f6mlek&#8230;<\/p>\n","protected":false},"featured_media":6357,"comment_status":"open","ping_status":"closed","template":"","meta":[],"product_cat":[135,121],"product_tag":[],"yoast_head":"<!-- This site is optimized with the Yoast SEO plugin v18.8 - https:\/\/yoast.com\/wordpress\/plugins\/seo\/ -->\n<title>Promosyon Polo Yaka Ti\u015f\u00f6rt Fiyatlar\u0131 ( % 100 Pamuk) - Logolu Polo Ti\u015f\u00f6rt<\/title>\n<meta name=\"description\" content=\"Promosyon Polo Yaka Ti\u015f\u00f6rt Fiyatlar\u0131: \u00c7ift Toplama Openend Pike Kuma\u015f - % 100 Pamuk - Pat ve Kol Ribanas\u0131 - 3 D\u00fc\u011fme | F\u0130YAT TEKL\u0130F\u0130 \u0130STEY\u0130N\" \/>\n<meta name=\"robots\" content=\"index, follow, max-snippet:-1, max-image-preview:large, max-video-preview:-1\" \/>\n<link rel=\"canonical\" href=\"https:\/\/www.mtekstil.com\/tr\/urun\/promosyon-polo-yaka-tisort-fiyatlari\/\" \/>\n<meta property=\"og:locale\" content=\"tr_TR\" \/>\n<meta property=\"og:type\" content=\"article\" \/>\n<meta property=\"og:title\" content=\"Promosyon Polo Yaka Ti\u015f\u00f6rt Fiyatlar\u0131 ( % 100 Pamuk) - Logolu Polo Ti\u015f\u00f6rt\" \/>\n<meta property=\"og:description\" content=\"Promosyon Polo Yaka Ti\u015f\u00f6rt Fiyatlar\u0131: \u00c7ift Toplama Openend Pike Kuma\u015f - % 100 Pamuk - Pat ve Kol Ribanas\u0131 - 3 D\u00fc\u011fme | F\u0130YAT TEKL\u0130F\u0130 \u0130STEY\u0130N\" \/>\n<meta property=\"og:url\" content=\"https:\/\/www.mtekstil.com\/tr\/urun\/promosyon-polo-yaka-tisort-fiyatlari\/\" \/>\n<meta property=\"og:site_name\" content=\"Mtekstil\" \/>\n<meta property=\"article:modified_time\" content=\"2023-02-21T12:45:44+00:00\" \/>\n<meta property=\"og:image\" content=\"https:\/\/www.mtekstil.com\/tr\/wp-content\/uploads\/2022\/03\/promosyon_polo_yaka_tisort_fiyatlari_1.jpg\" \/>\n\t<meta property=\"og:image:width\" content=\"1000\" \/>\n\t<meta property=\"og:image:height\" content=\"1499\" \/>\n\t<meta property=\"og:image:type\" content=\"image\/jpeg\" \/>\n<meta name=\"twitter:card\" content=\"summary_large_image\" \/>\n<meta name=\"twitter:label1\" content=\"Tahmini okuma s\u00fcresi\" \/>\n\t<meta name=\"twitter:data1\" content=\"1 dakika\" \/>\n<script type=\"application\/ld+json\" class=\"yoast-schema-graph\">{\"@context\":\"https:\/\/schema.org\",\"@graph\":[{\"@type\":\"WebSite\",\"@id\":\"https:\/\/www.mtekstil.com\/tr\/#website\",\"url\":\"https:\/\/www.mtekstil.com\/tr\/\",\"name\":\"Mtekstil\",\"description\":\"Tekstil Promosyon &Uuml;r&uuml;nleri\",\"potentialAction\":[{\"@type\":\"SearchAction\",\"target\":{\"@type\":\"EntryPoint\",\"urlTemplate\":\"https:\/\/www.mtekstil.com\/tr\/?s={search_term_string}\"},\"query-input\":\"required name=search_term_string\"}],\"inLanguage\":\"tr\"},{\"@type\":\"ImageObject\",\"inLanguage\":\"tr\",\"@id\":\"https:\/\/www.mtekstil.com\/tr\/urun\/promosyon-polo-yaka-tisort-fiyatlari\/#primaryimage\",\"url\":\"https:\/\/www.mtekstil.com\/tr\/wp-content\/uploads\/2022\/03\/promosyon_polo_yaka_tisort_fiyatlari_1.jpg\",\"contentUrl\":\"https:\/\/www.mtekstil.com\/tr\/wp-content\/uploads\/2022\/03\/promosyon_polo_yaka_tisort_fiyatlari_1.jpg\",\"width\":1000,\"height\":1499,\"caption\":\"Promosyon Polo Yaka Ti\u015f\u00f6rt Fiyatlar\u0131 ( % 100 Pamuk) - Logolu Polo Ti\u015f\u00f6rt\"},{\"@type\":\"WebPage\",\"@id\":\"https:\/\/www.mtekstil.com\/tr\/urun\/promosyon-polo-yaka-tisort-fiyatlari\/#webpage\",\"url\":\"https:\/\/www.mtekstil.com\/tr\/urun\/promosyon-polo-yaka-tisort-fiyatlari\/\",\"name\":\"Promosyon Polo Yaka Ti\u015f\u00f6rt Fiyatlar\u0131 ( % 100 Pamuk) - Logolu Polo Ti\u015f\u00f6rt\",\"isPartOf\":{\"@id\":\"https:\/\/www.mtekstil.com\/tr\/#website\"},\"primaryImageOfPage\":{\"@id\":\"https:\/\/www.mtekstil.com\/tr\/urun\/promosyon-polo-yaka-tisort-fiyatlari\/#primaryimage\"},\"datePublished\":\"2022-03-28T00:31:31+00:00\",\"dateModified\":\"2023-02-21T12:45:44+00:00\",\"description\":\"Promosyon Polo Yaka Ti\u015f\u00f6rt Fiyatlar\u0131: \u00c7ift Toplama Openend Pike Kuma\u015f - % 100 Pamuk - Pat ve Kol Ribanas\u0131 - 3 D\u00fc\u011fme | F\u0130YAT TEKL\u0130F\u0130 \u0130STEY\u0130N\",\"breadcrumb\":{\"@id\":\"https:\/\/www.mtekstil.com\/tr\/urun\/promosyon-polo-yaka-tisort-fiyatlari\/#breadcrumb\"},\"inLanguage\":\"tr\",\"potentialAction\":[{\"@type\":\"ReadAction\",\"target\":[\"https:\/\/www.mtekstil.com\/tr\/urun\/promosyon-polo-yaka-tisort-fiyatlari\/\"]}]},{\"@type\":\"BreadcrumbList\",\"@id\":\"https:\/\/www.mtekstil.com\/tr\/urun\/promosyon-polo-yaka-tisort-fiyatlari\/#breadcrumb\",\"itemListElement\":[{\"@type\":\"ListItem\",\"position\":1,\"name\":\"Home\",\"item\":\"https:\/\/www.mtekstil.com\/tr\/\"},{\"@type\":\"ListItem\",\"position\":2,\"name\":\"\u00dcR\u00dcNLER\",\"item\":\"https:\/\/www.mtekstil.com\/tr\/urunler\/\"},{\"@type\":\"ListItem\",\"position\":3,\"name\":\"%100 Pamuk Openend G\u00f6mlek Yaka Ti\u015f\u00f6rt\"}]}]}<\/script>\n<!-- \/ Yoast SEO plugin. -->","yoast_head_json":{"title":"Promosyon Polo Yaka Ti\u015f\u00f6rt Fiyatlar\u0131 ( % 100 Pamuk) - Logolu Polo Ti\u015f\u00f6rt","description":"Promosyon Polo Yaka Ti\u015f\u00f6rt Fiyatlar\u0131: \u00c7ift Toplama Openend Pike Kuma\u015f - % 100 Pamuk - Pat ve Kol Ribanas\u0131 - 3 D\u00fc\u011fme | F\u0130YAT TEKL\u0130F\u0130 \u0130STEY\u0130N","robots":{"index":"index","follow":"follow","max-snippet":"max-snippet:-1","max-image-preview":"max-image-preview:large","max-video-preview":"max-video-preview:-1"},"canonical":"https:\/\/www.mtekstil.com\/tr\/urun\/promosyon-polo-yaka-tisort-fiyatlari\/","og_locale":"tr_TR","og_type":"article","og_title":"Promosyon Polo Yaka Ti\u015f\u00f6rt Fiyatlar\u0131 ( % 100 Pamuk) - Logolu Polo Ti\u015f\u00f6rt","og_description":"Promosyon Polo Yaka Ti\u015f\u00f6rt Fiyatlar\u0131: \u00c7ift Toplama Openend Pike Kuma\u015f - % 100 Pamuk - Pat ve Kol Ribanas\u0131 - 3 D\u00fc\u011fme | F\u0130YAT TEKL\u0130F\u0130 \u0130STEY\u0130N","og_url":"https:\/\/www.mtekstil.com\/tr\/urun\/promosyon-polo-yaka-tisort-fiyatlari\/","og_site_name":"Mtekstil","article_modified_time":"2023-02-21T12:45:44+00:00","og_image":[{"width":1000,"height":1499,"url":"https:\/\/www.mtekstil.com\/tr\/wp-content\/uploads\/2022\/03\/promosyon_polo_yaka_tisort_fiyatlari_1.jpg","type":"image\/jpeg"}],"twitter_card":"summary_large_image","twitter_misc":{"Tahmini okuma s\u00fcresi":"1 dakika"},"schema":{"@context":"https:\/\/schema.org","@graph":[{"@type":"WebSite","@id":"https:\/\/www.mtekstil.com\/tr\/#website","url":"https:\/\/www.mtekstil.com\/tr\/","name":"Mtekstil","description":"Tekstil Promosyon &Uuml;r&uuml;nleri","potentialAction":[{"@type":"SearchAction","target":{"@type":"EntryPoint","urlTemplate":"https:\/\/www.mtekstil.com\/tr\/?s={search_term_string}"},"query-input":"required name=search_term_string"}],"inLanguage":"tr"},{"@type":"ImageObject","inLanguage":"tr","@id":"https:\/\/www.mtekstil.com\/tr\/urun\/promosyon-polo-yaka-tisort-fiyatlari\/#primaryimage","url":"https:\/\/www.mtekstil.com\/tr\/wp-content\/uploads\/2022\/03\/promosyon_polo_yaka_tisort_fiyatlari_1.jpg","contentUrl":"https:\/\/www.mtekstil.com\/tr\/wp-content\/uploads\/2022\/03\/promosyon_polo_yaka_tisort_fiyatlari_1.jpg","width":1000,"height":1499,"caption":"Promosyon Polo Yaka Ti\u015f\u00f6rt Fiyatlar\u0131 ( % 100 Pamuk) - Logolu Polo Ti\u015f\u00f6rt"},{"@type":"WebPage","@id":"https:\/\/www.mtekstil.com\/tr\/urun\/promosyon-polo-yaka-tisort-fiyatlari\/#webpage","url":"https:\/\/www.mtekstil.com\/tr\/urun\/promosyon-polo-yaka-tisort-fiyatlari\/","name":"Promosyon Polo Yaka Ti\u015f\u00f6rt Fiyatlar\u0131 ( % 100 Pamuk) - Logolu Polo Ti\u015f\u00f6rt","isPartOf":{"@id":"https:\/\/www.mtekstil.com\/tr\/#website"},"primaryImageOfPage":{"@id":"https:\/\/www.mtekstil.com\/tr\/urun\/promosyon-polo-yaka-tisort-fiyatlari\/#primaryimage"},"datePublished":"2022-03-28T00:31:31+00:00","dateModified":"2023-02-21T12:45:44+00:00","description":"Promosyon Polo Yaka Ti\u015f\u00f6rt Fiyatlar\u0131: \u00c7ift Toplama Openend Pike Kuma\u015f - % 100 Pamuk - Pat ve Kol Ribanas\u0131 - 3 D\u00fc\u011fme | F\u0130YAT TEKL\u0130F\u0130 \u0130STEY\u0130N","breadcrumb":{"@id":"https:\/\/www.mtekstil.com\/tr\/urun\/promosyon-polo-yaka-tisort-fiyatlari\/#breadcrumb"},"inLanguage":"tr","potentialAction":[{"@type":"ReadAction","target":["https:\/\/www.mtekstil.com\/tr\/urun\/promosyon-polo-yaka-tisort-fiyatlari\/"]}]},{"@type":"BreadcrumbList","@id":"https:\/\/www.mtekstil.com\/tr\/urun\/promosyon-polo-yaka-tisort-fiyatlari\/#breadcrumb","itemListElement":[{"@type":"ListItem","position":1,"name":"Home","item":"https:\/\/www.mtekstil.com\/tr\/"},{"@type":"ListItem","position":2,"name":"\u00dcR\u00dcNLER","item":"https:\/\/www.mtekstil.com\/tr\/urunler\/"},{"@type":"ListItem","position":3,"name":"%100 Pamuk Openend G\u00f6mlek Yaka Ti\u015f\u00f6rt"}]}]}},"_links":{"self":[{"href":"https:\/\/www.mtekstil.com\/tr\/wp-json\/wp\/v2\/product\/4142"}],"collection":[{"href":"https:\/\/www.mtekstil.com\/tr\/wp-json\/wp\/v2\/product"}],"about":[{"href":"https:\/\/www.mtekstil.com\/tr\/wp-json\/wp\/v2\/types\/product"}],"replies":[{"embeddable":true,"href":"https:\/\/www.mtekstil.com\/tr\/wp-json\/wp\/v2\/comments?post=4142"}],"wp:featuredmedia":[{"embeddable":true,"href":"https:\/\/www.mtekstil.com\/tr\/wp-json\/wp\/v2\/media\/6357"}],"wp:attachment":[{"href":"https:\/\/www.mtekstil.com\/tr\/wp-json\/wp\/v2\/media?parent=4142"}],"wp:term":[{"taxonomy":"product_cat","embeddable":true,"href":"https:\/\/www.mtekstil.com\/tr\/wp-json\/wp\/v2\/product_cat?post=4142"},{"taxonomy":"product_tag","embeddable":true,"href":"https:\/\/www.mtekstil.com\/tr\/wp-json\/wp\/v2\/product_tag?post=4142"}],"curies":[{"name":"wp","href":"https:\/\/api.w.org\/{rel}","templated":true}]}}