{"id":4143,"date":"2022-03-28T00:33:30","date_gmt":"2022-03-28T00:33:30","guid":{"rendered":"https:\/\/www.mtekstil.com\/?post_type=product&#038;p=4143"},"modified":"2023-02-21T12:45:42","modified_gmt":"2023-02-21T12:45:42","slug":"polo-yaka-tisort-is-kiyafeti","status":"publish","type":"product","link":"https:\/\/www.mtekstil.com\/tr\/urun\/polo-yaka-tisort-is-kiyafeti\/","title":{"rendered":"%100 Pamuk Penye G\u00f6mlek Yaka Ti\u015f\u00f6rt"},"content":{"rendered":"<h2>%100 PAMUK PENYE G\u00d6MLEK YAKA T\u0130\u015e\u00d6RT \u00d6ZELL\u0130KLER\u0130<\/h2>\n<ul>\n<li><strong>Erkek &amp; Kad\u0131n<\/strong> Model Se\u00e7enekleri<\/li>\n<li>Farkl\u0131 Renk Kuma\u015flar\u0131 Bir Arada Kullan\u0131m<\/li>\n<li>\u00c7ift Toplama Penye Pike Kuma\u015f<\/li>\n<li>Kollar Ribanal\u0131<\/li>\n<li>G\u00f6mlek Yaka<\/li>\n<li>3 D\u00fc\u011fmeli<\/li>\n<\/ul>\n","protected":false},"excerpt":{"rendered":"<p>%100 PAMUK PENYE G\u00d6MLEK YAKA T\u0130\u015e\u00d6RT \u00d6ZELL\u0130KLER\u0130 Erkek &amp; Kad\u0131n Model Se\u00e7enekleri Farkl\u0131 Renk Kuma\u015flar\u0131 Bir Arada Kullan\u0131m \u00c7ift Toplama&#8230;<\/p>\n","protected":false},"featured_media":6368,"comment_status":"open","ping_status":"closed","template":"","meta":[],"product_cat":[135,121],"product_tag":[],"yoast_head":"<!-- This site is optimized with the Yoast SEO plugin v18.8 - https:\/\/yoast.com\/wordpress\/plugins\/seo\/ -->\n<title>Toptan Polo Yaka Ti\u015f\u00f6rt \u0130\u015f K\u0131yafeti - Toptan \u0130\u015f Elbisesi Polo Yaka Ti\u015f\u00f6rt<\/title>\n<meta name=\"description\" content=\"Toptan Polo Yaka Ti\u015f\u00f6rt \u0130\u015f K\u0131yafeti: Farkl\u0131 Renk Kuma\u015f Kullan\u0131m\u0131 - \u00c7ift Toplama Penye Pike Kuma\u015f - Ribana - G\u00f6mlek Yaka | F\u0130YAT TEKL\u0130F \u0130STE\" \/>\n<meta name=\"robots\" content=\"index, follow, max-snippet:-1, max-image-preview:large, max-video-preview:-1\" \/>\n<link rel=\"canonical\" href=\"https:\/\/www.mtekstil.com\/tr\/urun\/polo-yaka-tisort-is-kiyafeti\/\" \/>\n<meta property=\"og:locale\" content=\"tr_TR\" \/>\n<meta property=\"og:type\" content=\"article\" \/>\n<meta property=\"og:title\" content=\"Toptan Polo Yaka Ti\u015f\u00f6rt \u0130\u015f K\u0131yafeti - Toptan \u0130\u015f Elbisesi Polo Yaka Ti\u015f\u00f6rt\" \/>\n<meta property=\"og:description\" content=\"Toptan Polo Yaka Ti\u015f\u00f6rt \u0130\u015f K\u0131yafeti: Farkl\u0131 Renk Kuma\u015f Kullan\u0131m\u0131 - \u00c7ift Toplama Penye Pike Kuma\u015f - Ribana - G\u00f6mlek Yaka | F\u0130YAT TEKL\u0130F \u0130STE\" \/>\n<meta property=\"og:url\" content=\"https:\/\/www.mtekstil.com\/tr\/urun\/polo-yaka-tisort-is-kiyafeti\/\" \/>\n<meta property=\"og:site_name\" content=\"Mtekstil\" \/>\n<meta property=\"article:modified_time\" content=\"2023-02-21T12:45:42+00:00\" \/>\n<meta property=\"og:image\" content=\"https:\/\/www.mtekstil.com\/tr\/wp-content\/uploads\/2022\/03\/polo_yaka_tisort_is_kiyafeti_1.jpg\" \/>\n\t<meta property=\"og:image:width\" content=\"1000\" \/>\n\t<meta property=\"og:image:height\" content=\"1499\" \/>\n\t<meta property=\"og:image:type\" content=\"image\/jpeg\" \/>\n<meta name=\"twitter:card\" content=\"summary_large_image\" \/>\n<meta name=\"twitter:label1\" content=\"Tahmini okuma s\u00fcresi\" \/>\n\t<meta name=\"twitter:data1\" content=\"1 dakika\" \/>\n<script type=\"application\/ld+json\" class=\"yoast-schema-graph\">{\"@context\":\"https:\/\/schema.org\",\"@graph\":[{\"@type\":\"WebSite\",\"@id\":\"https:\/\/www.mtekstil.com\/tr\/#website\",\"url\":\"https:\/\/www.mtekstil.com\/tr\/\",\"name\":\"Mtekstil\",\"description\":\"Tekstil Promosyon &Uuml;r&uuml;nleri\",\"potentialAction\":[{\"@type\":\"SearchAction\",\"target\":{\"@type\":\"EntryPoint\",\"urlTemplate\":\"https:\/\/www.mtekstil.com\/tr\/?s={search_term_string}\"},\"query-input\":\"required name=search_term_string\"}],\"inLanguage\":\"tr\"},{\"@type\":\"ImageObject\",\"inLanguage\":\"tr\",\"@id\":\"https:\/\/www.mtekstil.com\/tr\/urun\/polo-yaka-tisort-is-kiyafeti\/#primaryimage\",\"url\":\"https:\/\/www.mtekstil.com\/tr\/wp-content\/uploads\/2022\/03\/polo_yaka_tisort_is_kiyafeti_1.jpg\",\"contentUrl\":\"https:\/\/www.mtekstil.com\/tr\/wp-content\/uploads\/2022\/03\/polo_yaka_tisort_is_kiyafeti_1.jpg\",\"width\":1000,\"height\":1499,\"caption\":\"Toptan Polo Yaka Ti\u015f\u00f6rt \u0130\u015f K\u0131yafeti - Toptan \u0130\u015f Elbisesi Polo Yaka Ti\u015f\u00f6rt\"},{\"@type\":\"WebPage\",\"@id\":\"https:\/\/www.mtekstil.com\/tr\/urun\/polo-yaka-tisort-is-kiyafeti\/#webpage\",\"url\":\"https:\/\/www.mtekstil.com\/tr\/urun\/polo-yaka-tisort-is-kiyafeti\/\",\"name\":\"Toptan Polo Yaka Ti\u015f\u00f6rt \u0130\u015f K\u0131yafeti - Toptan \u0130\u015f Elbisesi Polo Yaka Ti\u015f\u00f6rt\",\"isPartOf\":{\"@id\":\"https:\/\/www.mtekstil.com\/tr\/#website\"},\"primaryImageOfPage\":{\"@id\":\"https:\/\/www.mtekstil.com\/tr\/urun\/polo-yaka-tisort-is-kiyafeti\/#primaryimage\"},\"datePublished\":\"2022-03-28T00:33:30+00:00\",\"dateModified\":\"2023-02-21T12:45:42+00:00\",\"description\":\"Toptan Polo Yaka Ti\u015f\u00f6rt \u0130\u015f K\u0131yafeti: Farkl\u0131 Renk Kuma\u015f Kullan\u0131m\u0131 - \u00c7ift Toplama Penye Pike Kuma\u015f - Ribana - G\u00f6mlek Yaka | F\u0130YAT TEKL\u0130F \u0130STE\",\"breadcrumb\":{\"@id\":\"https:\/\/www.mtekstil.com\/tr\/urun\/polo-yaka-tisort-is-kiyafeti\/#breadcrumb\"},\"inLanguage\":\"tr\",\"potentialAction\":[{\"@type\":\"ReadAction\",\"target\":[\"https:\/\/www.mtekstil.com\/tr\/urun\/polo-yaka-tisort-is-kiyafeti\/\"]}]},{\"@type\":\"BreadcrumbList\",\"@id\":\"https:\/\/www.mtekstil.com\/tr\/urun\/polo-yaka-tisort-is-kiyafeti\/#breadcrumb\",\"itemListElement\":[{\"@type\":\"ListItem\",\"position\":1,\"name\":\"Home\",\"item\":\"https:\/\/www.mtekstil.com\/tr\/\"},{\"@type\":\"ListItem\",\"position\":2,\"name\":\"\u00dcR\u00dcNLER\",\"item\":\"https:\/\/www.mtekstil.com\/tr\/urunler\/\"},{\"@type\":\"ListItem\",\"position\":3,\"name\":\"%100 Pamuk Penye G\u00f6mlek Yaka Ti\u015f\u00f6rt\"}]}]}<\/script>\n<!-- \/ Yoast SEO plugin. -->","yoast_head_json":{"title":"Toptan Polo Yaka Ti\u015f\u00f6rt \u0130\u015f K\u0131yafeti - Toptan \u0130\u015f Elbisesi Polo Yaka Ti\u015f\u00f6rt","description":"Toptan Polo Yaka Ti\u015f\u00f6rt \u0130\u015f K\u0131yafeti: Farkl\u0131 Renk Kuma\u015f Kullan\u0131m\u0131 - \u00c7ift Toplama Penye Pike Kuma\u015f - Ribana - G\u00f6mlek Yaka | F\u0130YAT TEKL\u0130F \u0130STE","robots":{"index":"index","follow":"follow","max-snippet":"max-snippet:-1","max-image-preview":"max-image-preview:large","max-video-preview":"max-video-preview:-1"},"canonical":"https:\/\/www.mtekstil.com\/tr\/urun\/polo-yaka-tisort-is-kiyafeti\/","og_locale":"tr_TR","og_type":"article","og_title":"Toptan Polo Yaka Ti\u015f\u00f6rt \u0130\u015f K\u0131yafeti - Toptan \u0130\u015f Elbisesi Polo Yaka Ti\u015f\u00f6rt","og_description":"Toptan Polo Yaka Ti\u015f\u00f6rt \u0130\u015f K\u0131yafeti: Farkl\u0131 Renk Kuma\u015f Kullan\u0131m\u0131 - \u00c7ift Toplama Penye Pike Kuma\u015f - Ribana - G\u00f6mlek Yaka | F\u0130YAT TEKL\u0130F \u0130STE","og_url":"https:\/\/www.mtekstil.com\/tr\/urun\/polo-yaka-tisort-is-kiyafeti\/","og_site_name":"Mtekstil","article_modified_time":"2023-02-21T12:45:42+00:00","og_image":[{"width":1000,"height":1499,"url":"https:\/\/www.mtekstil.com\/tr\/wp-content\/uploads\/2022\/03\/polo_yaka_tisort_is_kiyafeti_1.jpg","type":"image\/jpeg"}],"twitter_card":"summary_large_image","twitter_misc":{"Tahmini okuma s\u00fcresi":"1 dakika"},"schema":{"@context":"https:\/\/schema.org","@graph":[{"@type":"WebSite","@id":"https:\/\/www.mtekstil.com\/tr\/#website","url":"https:\/\/www.mtekstil.com\/tr\/","name":"Mtekstil","description":"Tekstil Promosyon &Uuml;r&uuml;nleri","potentialAction":[{"@type":"SearchAction","target":{"@type":"EntryPoint","urlTemplate":"https:\/\/www.mtekstil.com\/tr\/?s={search_term_string}"},"query-input":"required name=search_term_string"}],"inLanguage":"tr"},{"@type":"ImageObject","inLanguage":"tr","@id":"https:\/\/www.mtekstil.com\/tr\/urun\/polo-yaka-tisort-is-kiyafeti\/#primaryimage","url":"https:\/\/www.mtekstil.com\/tr\/wp-content\/uploads\/2022\/03\/polo_yaka_tisort_is_kiyafeti_1.jpg","contentUrl":"https:\/\/www.mtekstil.com\/tr\/wp-content\/uploads\/2022\/03\/polo_yaka_tisort_is_kiyafeti_1.jpg","width":1000,"height":1499,"caption":"Toptan Polo Yaka Ti\u015f\u00f6rt \u0130\u015f K\u0131yafeti - Toptan \u0130\u015f Elbisesi Polo Yaka Ti\u015f\u00f6rt"},{"@type":"WebPage","@id":"https:\/\/www.mtekstil.com\/tr\/urun\/polo-yaka-tisort-is-kiyafeti\/#webpage","url":"https:\/\/www.mtekstil.com\/tr\/urun\/polo-yaka-tisort-is-kiyafeti\/","name":"Toptan Polo Yaka Ti\u015f\u00f6rt \u0130\u015f K\u0131yafeti - Toptan \u0130\u015f Elbisesi Polo Yaka Ti\u015f\u00f6rt","isPartOf":{"@id":"https:\/\/www.mtekstil.com\/tr\/#website"},"primaryImageOfPage":{"@id":"https:\/\/www.mtekstil.com\/tr\/urun\/polo-yaka-tisort-is-kiyafeti\/#primaryimage"},"datePublished":"2022-03-28T00:33:30+00:00","dateModified":"2023-02-21T12:45:42+00:00","description":"Toptan Polo Yaka Ti\u015f\u00f6rt \u0130\u015f K\u0131yafeti: Farkl\u0131 Renk Kuma\u015f Kullan\u0131m\u0131 - \u00c7ift Toplama Penye Pike Kuma\u015f - Ribana - G\u00f6mlek Yaka | F\u0130YAT TEKL\u0130F \u0130STE","breadcrumb":{"@id":"https:\/\/www.mtekstil.com\/tr\/urun\/polo-yaka-tisort-is-kiyafeti\/#breadcrumb"},"inLanguage":"tr","potentialAction":[{"@type":"ReadAction","target":["https:\/\/www.mtekstil.com\/tr\/urun\/polo-yaka-tisort-is-kiyafeti\/"]}]},{"@type":"BreadcrumbList","@id":"https:\/\/www.mtekstil.com\/tr\/urun\/polo-yaka-tisort-is-kiyafeti\/#breadcrumb","itemListElement":[{"@type":"ListItem","position":1,"name":"Home","item":"https:\/\/www.mtekstil.com\/tr\/"},{"@type":"ListItem","position":2,"name":"\u00dcR\u00dcNLER","item":"https:\/\/www.mtekstil.com\/tr\/urunler\/"},{"@type":"ListItem","position":3,"name":"%100 Pamuk Penye G\u00f6mlek Yaka Ti\u015f\u00f6rt"}]}]}},"_links":{"self":[{"href":"https:\/\/www.mtekstil.com\/tr\/wp-json\/wp\/v2\/product\/4143"}],"collection":[{"href":"https:\/\/www.mtekstil.com\/tr\/wp-json\/wp\/v2\/product"}],"about":[{"href":"https:\/\/www.mtekstil.com\/tr\/wp-json\/wp\/v2\/types\/product"}],"replies":[{"embeddable":true,"href":"https:\/\/www.mtekstil.com\/tr\/wp-json\/wp\/v2\/comments?post=4143"}],"wp:featuredmedia":[{"embeddable":true,"href":"https:\/\/www.mtekstil.com\/tr\/wp-json\/wp\/v2\/media\/6368"}],"wp:attachment":[{"href":"https:\/\/www.mtekstil.com\/tr\/wp-json\/wp\/v2\/media?parent=4143"}],"wp:term":[{"taxonomy":"product_cat","embeddable":true,"href":"https:\/\/www.mtekstil.com\/tr\/wp-json\/wp\/v2\/product_cat?post=4143"},{"taxonomy":"product_tag","embeddable":true,"href":"https:\/\/www.mtekstil.com\/tr\/wp-json\/wp\/v2\/product_tag?post=4143"}],"curies":[{"name":"wp","href":"https:\/\/api.w.org\/{rel}","templated":true}]}}