{"id":4150,"date":"2022-04-07T11:35:19","date_gmt":"2022-04-07T11:35:19","guid":{"rendered":"https:\/\/www.mtekstil.com\/?post_type=product&#038;p=4150"},"modified":"2023-01-30T06:58:57","modified_gmt":"2023-01-30T06:58:57","slug":"toptan-plaj-cantasi","status":"publish","type":"product","link":"https:\/\/www.mtekstil.com\/tr\/urun\/toptan-plaj-cantasi\/","title":{"rendered":"Gabardin Plaj \u00c7antas\u0131"},"content":{"rendered":"<h2>GABARD\u0130N PLAJ \u00c7ANTASI \u00d6ZELL\u0130KLER\u0130<\/h2>\n<ul>\n<li><strong>\u00d6l\u00e7\u00fcler: <\/strong>50 x 35 x 15<\/li>\n<li>16\/12 gabardin kuma\u015f<\/li>\n<li>Alttan k\u00f6r\u00fckl\u00fc model<\/li>\n<li>70 cm uzun sap<\/li>\n<li>Emprime ya da transfer bask\u0131 ile logo markalama<\/li>\n<\/ul>\n","protected":false},"excerpt":{"rendered":"<p>GABARD\u0130N PLAJ \u00c7ANTASI \u00d6ZELL\u0130KLER\u0130 \u00d6l\u00e7\u00fcler: 50 x 35 x 15 16\/12 gabardin kuma\u015f Alttan k\u00f6r\u00fckl\u00fc model 70 cm uzun sap&#8230;<\/p>\n","protected":false},"featured_media":6210,"comment_status":"open","ping_status":"closed","template":"","meta":[],"product_cat":[117,144],"product_tag":[],"yoast_head":"<!-- This site is optimized with the Yoast SEO plugin v18.8 - https:\/\/yoast.com\/wordpress\/plugins\/seo\/ -->\n<title>Toptan Plaj \u00c7antas\u0131 Fiyatlar\u0131 - Toptan Gabardin \u00c7anta Sat\u0131\u015f | \u0130stanbul<\/title>\n<meta name=\"description\" content=\"Toptan Plaj \u00c7antas\u0131 Fiyatlar\u0131 - Toptan Gabardin \u00c7anta Sat\u0131\u015f: 50 x 35 x 15 - 16\/12 gabardin kuma\u015f - 70 cm uzun sap | F\u0130YAT TEKL\u0130F\u0130 \u0130STEY\u0130N\" \/>\n<meta name=\"robots\" content=\"index, follow, max-snippet:-1, max-image-preview:large, max-video-preview:-1\" \/>\n<link rel=\"canonical\" href=\"https:\/\/www.mtekstil.com\/tr\/urun\/toptan-plaj-cantasi\/\" \/>\n<meta property=\"og:locale\" content=\"tr_TR\" \/>\n<meta property=\"og:type\" content=\"article\" \/>\n<meta property=\"og:title\" content=\"Toptan Plaj \u00c7antas\u0131 Fiyatlar\u0131 - Toptan Gabardin \u00c7anta Sat\u0131\u015f | \u0130stanbul\" \/>\n<meta property=\"og:description\" content=\"Toptan Plaj \u00c7antas\u0131 Fiyatlar\u0131 - Toptan Gabardin \u00c7anta Sat\u0131\u015f: 50 x 35 x 15 - 16\/12 gabardin kuma\u015f - 70 cm uzun sap | F\u0130YAT TEKL\u0130F\u0130 \u0130STEY\u0130N\" \/>\n<meta property=\"og:url\" content=\"https:\/\/www.mtekstil.com\/tr\/urun\/toptan-plaj-cantasi\/\" \/>\n<meta property=\"og:site_name\" content=\"Mtekstil\" \/>\n<meta property=\"article:modified_time\" content=\"2023-01-30T06:58:57+00:00\" \/>\n<meta property=\"og:image\" content=\"https:\/\/www.mtekstil.com\/tr\/wp-content\/uploads\/2022\/04\/toptan_plaj_cantasi.jpg\" \/>\n\t<meta property=\"og:image:width\" content=\"1000\" \/>\n\t<meta property=\"og:image:height\" content=\"1000\" \/>\n\t<meta property=\"og:image:type\" content=\"image\/jpeg\" \/>\n<meta name=\"twitter:card\" content=\"summary_large_image\" \/>\n<meta name=\"twitter:label1\" content=\"Tahmini okuma s\u00fcresi\" \/>\n\t<meta name=\"twitter:data1\" content=\"1 dakika\" \/>\n<script type=\"application\/ld+json\" class=\"yoast-schema-graph\">{\"@context\":\"https:\/\/schema.org\",\"@graph\":[{\"@type\":\"WebSite\",\"@id\":\"https:\/\/www.mtekstil.com\/tr\/#website\",\"url\":\"https:\/\/www.mtekstil.com\/tr\/\",\"name\":\"Mtekstil\",\"description\":\"Tekstil Promosyon &Uuml;r&uuml;nleri\",\"potentialAction\":[{\"@type\":\"SearchAction\",\"target\":{\"@type\":\"EntryPoint\",\"urlTemplate\":\"https:\/\/www.mtekstil.com\/tr\/?s={search_term_string}\"},\"query-input\":\"required name=search_term_string\"}],\"inLanguage\":\"tr\"},{\"@type\":\"ImageObject\",\"inLanguage\":\"tr\",\"@id\":\"https:\/\/www.mtekstil.com\/tr\/urun\/toptan-plaj-cantasi\/#primaryimage\",\"url\":\"https:\/\/www.mtekstil.com\/tr\/wp-content\/uploads\/2022\/04\/toptan_plaj_cantasi.jpg\",\"contentUrl\":\"https:\/\/www.mtekstil.com\/tr\/wp-content\/uploads\/2022\/04\/toptan_plaj_cantasi.jpg\",\"width\":1000,\"height\":1000,\"caption\":\"Toptan Plaj \u00c7antas\u0131 Fiyatlar\u0131 - Toptan Gabardin \u00c7anta Sat\u0131\u015f | \u0130stanbul\"},{\"@type\":\"WebPage\",\"@id\":\"https:\/\/www.mtekstil.com\/tr\/urun\/toptan-plaj-cantasi\/#webpage\",\"url\":\"https:\/\/www.mtekstil.com\/tr\/urun\/toptan-plaj-cantasi\/\",\"name\":\"Toptan Plaj \u00c7antas\u0131 Fiyatlar\u0131 - Toptan Gabardin \u00c7anta Sat\u0131\u015f | \u0130stanbul\",\"isPartOf\":{\"@id\":\"https:\/\/www.mtekstil.com\/tr\/#website\"},\"primaryImageOfPage\":{\"@id\":\"https:\/\/www.mtekstil.com\/tr\/urun\/toptan-plaj-cantasi\/#primaryimage\"},\"datePublished\":\"2022-04-07T11:35:19+00:00\",\"dateModified\":\"2023-01-30T06:58:57+00:00\",\"description\":\"Toptan Plaj \u00c7antas\u0131 Fiyatlar\u0131 - Toptan Gabardin \u00c7anta Sat\u0131\u015f: 50 x 35 x 15 - 16\/12 gabardin kuma\u015f - 70 cm uzun sap | F\u0130YAT TEKL\u0130F\u0130 \u0130STEY\u0130N\",\"breadcrumb\":{\"@id\":\"https:\/\/www.mtekstil.com\/tr\/urun\/toptan-plaj-cantasi\/#breadcrumb\"},\"inLanguage\":\"tr\",\"potentialAction\":[{\"@type\":\"ReadAction\",\"target\":[\"https:\/\/www.mtekstil.com\/tr\/urun\/toptan-plaj-cantasi\/\"]}]},{\"@type\":\"BreadcrumbList\",\"@id\":\"https:\/\/www.mtekstil.com\/tr\/urun\/toptan-plaj-cantasi\/#breadcrumb\",\"itemListElement\":[{\"@type\":\"ListItem\",\"position\":1,\"name\":\"Home\",\"item\":\"https:\/\/www.mtekstil.com\/tr\/\"},{\"@type\":\"ListItem\",\"position\":2,\"name\":\"\u00dcR\u00dcNLER\",\"item\":\"https:\/\/www.mtekstil.com\/tr\/urunler\/\"},{\"@type\":\"ListItem\",\"position\":3,\"name\":\"Gabardin Plaj \u00c7antas\u0131\"}]}]}<\/script>\n<!-- \/ Yoast SEO plugin. -->","yoast_head_json":{"title":"Toptan Plaj \u00c7antas\u0131 Fiyatlar\u0131 - Toptan Gabardin \u00c7anta Sat\u0131\u015f | \u0130stanbul","description":"Toptan Plaj \u00c7antas\u0131 Fiyatlar\u0131 - Toptan Gabardin \u00c7anta Sat\u0131\u015f: 50 x 35 x 15 - 16\/12 gabardin kuma\u015f - 70 cm uzun sap | F\u0130YAT TEKL\u0130F\u0130 \u0130STEY\u0130N","robots":{"index":"index","follow":"follow","max-snippet":"max-snippet:-1","max-image-preview":"max-image-preview:large","max-video-preview":"max-video-preview:-1"},"canonical":"https:\/\/www.mtekstil.com\/tr\/urun\/toptan-plaj-cantasi\/","og_locale":"tr_TR","og_type":"article","og_title":"Toptan Plaj \u00c7antas\u0131 Fiyatlar\u0131 - Toptan Gabardin \u00c7anta Sat\u0131\u015f | \u0130stanbul","og_description":"Toptan Plaj \u00c7antas\u0131 Fiyatlar\u0131 - Toptan Gabardin \u00c7anta Sat\u0131\u015f: 50 x 35 x 15 - 16\/12 gabardin kuma\u015f - 70 cm uzun sap | F\u0130YAT TEKL\u0130F\u0130 \u0130STEY\u0130N","og_url":"https:\/\/www.mtekstil.com\/tr\/urun\/toptan-plaj-cantasi\/","og_site_name":"Mtekstil","article_modified_time":"2023-01-30T06:58:57+00:00","og_image":[{"width":1000,"height":1000,"url":"https:\/\/www.mtekstil.com\/tr\/wp-content\/uploads\/2022\/04\/toptan_plaj_cantasi.jpg","type":"image\/jpeg"}],"twitter_card":"summary_large_image","twitter_misc":{"Tahmini okuma s\u00fcresi":"1 dakika"},"schema":{"@context":"https:\/\/schema.org","@graph":[{"@type":"WebSite","@id":"https:\/\/www.mtekstil.com\/tr\/#website","url":"https:\/\/www.mtekstil.com\/tr\/","name":"Mtekstil","description":"Tekstil Promosyon &Uuml;r&uuml;nleri","potentialAction":[{"@type":"SearchAction","target":{"@type":"EntryPoint","urlTemplate":"https:\/\/www.mtekstil.com\/tr\/?s={search_term_string}"},"query-input":"required name=search_term_string"}],"inLanguage":"tr"},{"@type":"ImageObject","inLanguage":"tr","@id":"https:\/\/www.mtekstil.com\/tr\/urun\/toptan-plaj-cantasi\/#primaryimage","url":"https:\/\/www.mtekstil.com\/tr\/wp-content\/uploads\/2022\/04\/toptan_plaj_cantasi.jpg","contentUrl":"https:\/\/www.mtekstil.com\/tr\/wp-content\/uploads\/2022\/04\/toptan_plaj_cantasi.jpg","width":1000,"height":1000,"caption":"Toptan Plaj \u00c7antas\u0131 Fiyatlar\u0131 - Toptan Gabardin \u00c7anta Sat\u0131\u015f | \u0130stanbul"},{"@type":"WebPage","@id":"https:\/\/www.mtekstil.com\/tr\/urun\/toptan-plaj-cantasi\/#webpage","url":"https:\/\/www.mtekstil.com\/tr\/urun\/toptan-plaj-cantasi\/","name":"Toptan Plaj \u00c7antas\u0131 Fiyatlar\u0131 - Toptan Gabardin \u00c7anta Sat\u0131\u015f | \u0130stanbul","isPartOf":{"@id":"https:\/\/www.mtekstil.com\/tr\/#website"},"primaryImageOfPage":{"@id":"https:\/\/www.mtekstil.com\/tr\/urun\/toptan-plaj-cantasi\/#primaryimage"},"datePublished":"2022-04-07T11:35:19+00:00","dateModified":"2023-01-30T06:58:57+00:00","description":"Toptan Plaj \u00c7antas\u0131 Fiyatlar\u0131 - Toptan Gabardin \u00c7anta Sat\u0131\u015f: 50 x 35 x 15 - 16\/12 gabardin kuma\u015f - 70 cm uzun sap | F\u0130YAT TEKL\u0130F\u0130 \u0130STEY\u0130N","breadcrumb":{"@id":"https:\/\/www.mtekstil.com\/tr\/urun\/toptan-plaj-cantasi\/#breadcrumb"},"inLanguage":"tr","potentialAction":[{"@type":"ReadAction","target":["https:\/\/www.mtekstil.com\/tr\/urun\/toptan-plaj-cantasi\/"]}]},{"@type":"BreadcrumbList","@id":"https:\/\/www.mtekstil.com\/tr\/urun\/toptan-plaj-cantasi\/#breadcrumb","itemListElement":[{"@type":"ListItem","position":1,"name":"Home","item":"https:\/\/www.mtekstil.com\/tr\/"},{"@type":"ListItem","position":2,"name":"\u00dcR\u00dcNLER","item":"https:\/\/www.mtekstil.com\/tr\/urunler\/"},{"@type":"ListItem","position":3,"name":"Gabardin Plaj \u00c7antas\u0131"}]}]}},"_links":{"self":[{"href":"https:\/\/www.mtekstil.com\/tr\/wp-json\/wp\/v2\/product\/4150"}],"collection":[{"href":"https:\/\/www.mtekstil.com\/tr\/wp-json\/wp\/v2\/product"}],"about":[{"href":"https:\/\/www.mtekstil.com\/tr\/wp-json\/wp\/v2\/types\/product"}],"replies":[{"embeddable":true,"href":"https:\/\/www.mtekstil.com\/tr\/wp-json\/wp\/v2\/comments?post=4150"}],"wp:featuredmedia":[{"embeddable":true,"href":"https:\/\/www.mtekstil.com\/tr\/wp-json\/wp\/v2\/media\/6210"}],"wp:attachment":[{"href":"https:\/\/www.mtekstil.com\/tr\/wp-json\/wp\/v2\/media?parent=4150"}],"wp:term":[{"taxonomy":"product_cat","embeddable":true,"href":"https:\/\/www.mtekstil.com\/tr\/wp-json\/wp\/v2\/product_cat?post=4150"},{"taxonomy":"product_tag","embeddable":true,"href":"https:\/\/www.mtekstil.com\/tr\/wp-json\/wp\/v2\/product_tag?post=4150"}],"curies":[{"name":"wp","href":"https:\/\/api.w.org\/{rel}","templated":true}]}}