{"id":4151,"date":"2022-04-07T11:37:38","date_gmt":"2022-04-07T11:37:38","guid":{"rendered":"https:\/\/www.mtekstil.com\/?post_type=product&#038;p=4151"},"modified":"2023-01-30T06:55:58","modified_gmt":"2023-01-30T06:55:58","slug":"imperteks-canta-ureticileri","status":"publish","type":"product","link":"https:\/\/www.mtekstil.com\/tr\/urun\/imperteks-canta-ureticileri\/","title":{"rendered":"\u0130p B\u00fczg\u00fcl\u00fc \u0130mperteks \u00c7anta"},"content":{"rendered":"<h2>\u0130P B\u00dcZG\u00dcL\u00dc \u0130MPERTEKS \u00c7ANTA \u00d6ZELL\u0130KLER\u0130<\/h2>\n<ul>\n<li><strong>\u00d6l\u00e7\u00fcler:<\/strong> 35 x 45<\/li>\n<li>Ku\u015f g\u00f6z\u00fc detay\u0131<\/li>\n<li>Emprime ya da transfer bask\u0131 ile logo markalama<\/li>\n<\/ul>\n","protected":false},"excerpt":{"rendered":"<p>\u0130P B\u00dcZG\u00dcL\u00dc \u0130MPERTEKS \u00c7ANTA \u00d6ZELL\u0130KLER\u0130 \u00d6l\u00e7\u00fcler: 35 x 45 Ku\u015f g\u00f6z\u00fc detay\u0131 Emprime ya da transfer bask\u0131 ile logo markalama<\/p>\n","protected":false},"featured_media":6219,"comment_status":"open","ping_status":"closed","template":"","meta":[],"product_cat":[117,141],"product_tag":[],"yoast_head":"<!-- This site is optimized with the Yoast SEO plugin v18.8 - https:\/\/yoast.com\/wordpress\/plugins\/seo\/ -->\n<title>Toptan \u0130mperteks \u00c7anta (Bask\u0131l\u0131 &amp; Logolu) - \u0130mperteks \u00c7anta \u0130malat\u00e7\u0131lar\u0131<\/title>\n<meta name=\"description\" content=\"Toptan \u0130mperteks \u00c7anta (Bask\u0131l\u0131 &amp; Logolu) - \u0130mperteks \u00c7anta \u0130malat\u00e7\u0131lar\u0131: 35x45 - Ku\u015f g\u00f6z\u00fc detay\u0131 - Logo markalama | F\u0130YAT TEKL\u0130F\u0130 \u0130STEY\u0130N\" \/>\n<meta name=\"robots\" content=\"index, follow, max-snippet:-1, max-image-preview:large, max-video-preview:-1\" \/>\n<link rel=\"canonical\" href=\"https:\/\/www.mtekstil.com\/tr\/urun\/imperteks-canta-ureticileri\/\" \/>\n<meta property=\"og:locale\" content=\"tr_TR\" \/>\n<meta property=\"og:type\" content=\"article\" \/>\n<meta property=\"og:title\" content=\"Toptan \u0130mperteks \u00c7anta (Bask\u0131l\u0131 &amp; Logolu) - \u0130mperteks \u00c7anta \u0130malat\u00e7\u0131lar\u0131\" \/>\n<meta property=\"og:description\" content=\"Toptan \u0130mperteks \u00c7anta (Bask\u0131l\u0131 &amp; Logolu) - \u0130mperteks \u00c7anta \u0130malat\u00e7\u0131lar\u0131: 35x45 - Ku\u015f g\u00f6z\u00fc detay\u0131 - Logo markalama | F\u0130YAT TEKL\u0130F\u0130 \u0130STEY\u0130N\" \/>\n<meta property=\"og:url\" content=\"https:\/\/www.mtekstil.com\/tr\/urun\/imperteks-canta-ureticileri\/\" \/>\n<meta property=\"og:site_name\" content=\"Mtekstil\" \/>\n<meta property=\"article:modified_time\" content=\"2023-01-30T06:55:58+00:00\" \/>\n<meta property=\"og:image\" content=\"https:\/\/www.mtekstil.com\/tr\/wp-content\/uploads\/2022\/04\/imperteks_canta_imalatcilari_1.jpg\" \/>\n\t<meta property=\"og:image:width\" content=\"1000\" \/>\n\t<meta property=\"og:image:height\" content=\"1000\" \/>\n\t<meta property=\"og:image:type\" content=\"image\/jpeg\" \/>\n<meta name=\"twitter:card\" content=\"summary_large_image\" \/>\n<meta name=\"twitter:label1\" content=\"Tahmini okuma s\u00fcresi\" \/>\n\t<meta name=\"twitter:data1\" content=\"1 dakika\" \/>\n<script type=\"application\/ld+json\" class=\"yoast-schema-graph\">{\"@context\":\"https:\/\/schema.org\",\"@graph\":[{\"@type\":\"WebSite\",\"@id\":\"https:\/\/www.mtekstil.com\/tr\/#website\",\"url\":\"https:\/\/www.mtekstil.com\/tr\/\",\"name\":\"Mtekstil\",\"description\":\"Tekstil Promosyon &Uuml;r&uuml;nleri\",\"potentialAction\":[{\"@type\":\"SearchAction\",\"target\":{\"@type\":\"EntryPoint\",\"urlTemplate\":\"https:\/\/www.mtekstil.com\/tr\/?s={search_term_string}\"},\"query-input\":\"required name=search_term_string\"}],\"inLanguage\":\"tr\"},{\"@type\":\"ImageObject\",\"inLanguage\":\"tr\",\"@id\":\"https:\/\/www.mtekstil.com\/tr\/urun\/imperteks-canta-ureticileri\/#primaryimage\",\"url\":\"https:\/\/www.mtekstil.com\/tr\/wp-content\/uploads\/2022\/04\/imperteks_canta_imalatcilari_1.jpg\",\"contentUrl\":\"https:\/\/www.mtekstil.com\/tr\/wp-content\/uploads\/2022\/04\/imperteks_canta_imalatcilari_1.jpg\",\"width\":1000,\"height\":1000,\"caption\":\"Topan \u0130mperteks \u00c7anta (Bask\u0131l\u0131 & Logolu) - \u0130mperteks \u00c7anta \u0130malat\u00e7\u0131lar\u0131\"},{\"@type\":\"WebPage\",\"@id\":\"https:\/\/www.mtekstil.com\/tr\/urun\/imperteks-canta-ureticileri\/#webpage\",\"url\":\"https:\/\/www.mtekstil.com\/tr\/urun\/imperteks-canta-ureticileri\/\",\"name\":\"Toptan \u0130mperteks \u00c7anta (Bask\u0131l\u0131 & Logolu) - \u0130mperteks \u00c7anta \u0130malat\u00e7\u0131lar\u0131\",\"isPartOf\":{\"@id\":\"https:\/\/www.mtekstil.com\/tr\/#website\"},\"primaryImageOfPage\":{\"@id\":\"https:\/\/www.mtekstil.com\/tr\/urun\/imperteks-canta-ureticileri\/#primaryimage\"},\"datePublished\":\"2022-04-07T11:37:38+00:00\",\"dateModified\":\"2023-01-30T06:55:58+00:00\",\"description\":\"Toptan \u0130mperteks \u00c7anta (Bask\u0131l\u0131 & Logolu) - \u0130mperteks \u00c7anta \u0130malat\u00e7\u0131lar\u0131: 35x45 - Ku\u015f g\u00f6z\u00fc detay\u0131 - Logo markalama | F\u0130YAT TEKL\u0130F\u0130 \u0130STEY\u0130N\",\"breadcrumb\":{\"@id\":\"https:\/\/www.mtekstil.com\/tr\/urun\/imperteks-canta-ureticileri\/#breadcrumb\"},\"inLanguage\":\"tr\",\"potentialAction\":[{\"@type\":\"ReadAction\",\"target\":[\"https:\/\/www.mtekstil.com\/tr\/urun\/imperteks-canta-ureticileri\/\"]}]},{\"@type\":\"BreadcrumbList\",\"@id\":\"https:\/\/www.mtekstil.com\/tr\/urun\/imperteks-canta-ureticileri\/#breadcrumb\",\"itemListElement\":[{\"@type\":\"ListItem\",\"position\":1,\"name\":\"Home\",\"item\":\"https:\/\/www.mtekstil.com\/tr\/\"},{\"@type\":\"ListItem\",\"position\":2,\"name\":\"\u00dcR\u00dcNLER\",\"item\":\"https:\/\/www.mtekstil.com\/tr\/urunler\/\"},{\"@type\":\"ListItem\",\"position\":3,\"name\":\"\u0130p B\u00fczg\u00fcl\u00fc \u0130mperteks \u00c7anta\"}]}]}<\/script>\n<!-- \/ Yoast SEO plugin. -->","yoast_head_json":{"title":"Toptan \u0130mperteks \u00c7anta (Bask\u0131l\u0131 & Logolu) - \u0130mperteks \u00c7anta \u0130malat\u00e7\u0131lar\u0131","description":"Toptan \u0130mperteks \u00c7anta (Bask\u0131l\u0131 & Logolu) - \u0130mperteks \u00c7anta \u0130malat\u00e7\u0131lar\u0131: 35x45 - Ku\u015f g\u00f6z\u00fc detay\u0131 - Logo markalama | F\u0130YAT TEKL\u0130F\u0130 \u0130STEY\u0130N","robots":{"index":"index","follow":"follow","max-snippet":"max-snippet:-1","max-image-preview":"max-image-preview:large","max-video-preview":"max-video-preview:-1"},"canonical":"https:\/\/www.mtekstil.com\/tr\/urun\/imperteks-canta-ureticileri\/","og_locale":"tr_TR","og_type":"article","og_title":"Toptan \u0130mperteks \u00c7anta (Bask\u0131l\u0131 & Logolu) - \u0130mperteks \u00c7anta \u0130malat\u00e7\u0131lar\u0131","og_description":"Toptan \u0130mperteks \u00c7anta (Bask\u0131l\u0131 & Logolu) - \u0130mperteks \u00c7anta \u0130malat\u00e7\u0131lar\u0131: 35x45 - Ku\u015f g\u00f6z\u00fc detay\u0131 - Logo markalama | F\u0130YAT TEKL\u0130F\u0130 \u0130STEY\u0130N","og_url":"https:\/\/www.mtekstil.com\/tr\/urun\/imperteks-canta-ureticileri\/","og_site_name":"Mtekstil","article_modified_time":"2023-01-30T06:55:58+00:00","og_image":[{"width":1000,"height":1000,"url":"https:\/\/www.mtekstil.com\/tr\/wp-content\/uploads\/2022\/04\/imperteks_canta_imalatcilari_1.jpg","type":"image\/jpeg"}],"twitter_card":"summary_large_image","twitter_misc":{"Tahmini okuma s\u00fcresi":"1 dakika"},"schema":{"@context":"https:\/\/schema.org","@graph":[{"@type":"WebSite","@id":"https:\/\/www.mtekstil.com\/tr\/#website","url":"https:\/\/www.mtekstil.com\/tr\/","name":"Mtekstil","description":"Tekstil Promosyon &Uuml;r&uuml;nleri","potentialAction":[{"@type":"SearchAction","target":{"@type":"EntryPoint","urlTemplate":"https:\/\/www.mtekstil.com\/tr\/?s={search_term_string}"},"query-input":"required name=search_term_string"}],"inLanguage":"tr"},{"@type":"ImageObject","inLanguage":"tr","@id":"https:\/\/www.mtekstil.com\/tr\/urun\/imperteks-canta-ureticileri\/#primaryimage","url":"https:\/\/www.mtekstil.com\/tr\/wp-content\/uploads\/2022\/04\/imperteks_canta_imalatcilari_1.jpg","contentUrl":"https:\/\/www.mtekstil.com\/tr\/wp-content\/uploads\/2022\/04\/imperteks_canta_imalatcilari_1.jpg","width":1000,"height":1000,"caption":"Topan \u0130mperteks \u00c7anta (Bask\u0131l\u0131 & Logolu) - \u0130mperteks \u00c7anta \u0130malat\u00e7\u0131lar\u0131"},{"@type":"WebPage","@id":"https:\/\/www.mtekstil.com\/tr\/urun\/imperteks-canta-ureticileri\/#webpage","url":"https:\/\/www.mtekstil.com\/tr\/urun\/imperteks-canta-ureticileri\/","name":"Toptan \u0130mperteks \u00c7anta (Bask\u0131l\u0131 & Logolu) - \u0130mperteks \u00c7anta \u0130malat\u00e7\u0131lar\u0131","isPartOf":{"@id":"https:\/\/www.mtekstil.com\/tr\/#website"},"primaryImageOfPage":{"@id":"https:\/\/www.mtekstil.com\/tr\/urun\/imperteks-canta-ureticileri\/#primaryimage"},"datePublished":"2022-04-07T11:37:38+00:00","dateModified":"2023-01-30T06:55:58+00:00","description":"Toptan \u0130mperteks \u00c7anta (Bask\u0131l\u0131 & Logolu) - \u0130mperteks \u00c7anta \u0130malat\u00e7\u0131lar\u0131: 35x45 - Ku\u015f g\u00f6z\u00fc detay\u0131 - Logo markalama | F\u0130YAT TEKL\u0130F\u0130 \u0130STEY\u0130N","breadcrumb":{"@id":"https:\/\/www.mtekstil.com\/tr\/urun\/imperteks-canta-ureticileri\/#breadcrumb"},"inLanguage":"tr","potentialAction":[{"@type":"ReadAction","target":["https:\/\/www.mtekstil.com\/tr\/urun\/imperteks-canta-ureticileri\/"]}]},{"@type":"BreadcrumbList","@id":"https:\/\/www.mtekstil.com\/tr\/urun\/imperteks-canta-ureticileri\/#breadcrumb","itemListElement":[{"@type":"ListItem","position":1,"name":"Home","item":"https:\/\/www.mtekstil.com\/tr\/"},{"@type":"ListItem","position":2,"name":"\u00dcR\u00dcNLER","item":"https:\/\/www.mtekstil.com\/tr\/urunler\/"},{"@type":"ListItem","position":3,"name":"\u0130p B\u00fczg\u00fcl\u00fc \u0130mperteks \u00c7anta"}]}]}},"_links":{"self":[{"href":"https:\/\/www.mtekstil.com\/tr\/wp-json\/wp\/v2\/product\/4151"}],"collection":[{"href":"https:\/\/www.mtekstil.com\/tr\/wp-json\/wp\/v2\/product"}],"about":[{"href":"https:\/\/www.mtekstil.com\/tr\/wp-json\/wp\/v2\/types\/product"}],"replies":[{"embeddable":true,"href":"https:\/\/www.mtekstil.com\/tr\/wp-json\/wp\/v2\/comments?post=4151"}],"wp:featuredmedia":[{"embeddable":true,"href":"https:\/\/www.mtekstil.com\/tr\/wp-json\/wp\/v2\/media\/6219"}],"wp:attachment":[{"href":"https:\/\/www.mtekstil.com\/tr\/wp-json\/wp\/v2\/media?parent=4151"}],"wp:term":[{"taxonomy":"product_cat","embeddable":true,"href":"https:\/\/www.mtekstil.com\/tr\/wp-json\/wp\/v2\/product_cat?post=4151"},{"taxonomy":"product_tag","embeddable":true,"href":"https:\/\/www.mtekstil.com\/tr\/wp-json\/wp\/v2\/product_tag?post=4151"}],"curies":[{"name":"wp","href":"https:\/\/api.w.org\/{rel}","templated":true}]}}