{"id":4159,"date":"2022-04-07T11:59:43","date_gmt":"2022-04-07T11:59:43","guid":{"rendered":"https:\/\/www.mtekstil.com\/?post_type=product&#038;p=4159"},"modified":"2023-01-23T07:53:59","modified_gmt":"2023-01-23T07:53:59","slug":"toptan-termos-canta","status":"publish","type":"product","link":"https:\/\/www.mtekstil.com\/tr\/urun\/toptan-termos-canta\/","title":{"rendered":"Termos \u00c7anta"},"content":{"rendered":"<h2>TERMOS \u00c7ANTA \u00d6ZEL\u0130KLER\u0130<\/h2>\n<ul>\n<li>600 denye kuma\u015f<\/li>\n<li>Tip 5 fermuar<\/li>\n<li>Bask\u0131 veya nak\u0131\u015f ile logo markalama<\/li>\n<li>2 mm metalize k\u00f6p\u00fck astar<\/li>\n<\/ul>\n","protected":false},"excerpt":{"rendered":"<p>TERMOS \u00c7ANTA \u00d6ZEL\u0130KLER\u0130 600 denye kuma\u015f Tip 5 fermuar Bask\u0131 veya nak\u0131\u015f ile logo markalama 2 mm metalize k\u00f6p\u00fck astar<\/p>\n","protected":false},"featured_media":6236,"comment_status":"open","ping_status":"closed","template":"","meta":[],"product_cat":[117],"product_tag":[],"yoast_head":"<!-- This site is optimized with the Yoast SEO plugin v18.8 - https:\/\/yoast.com\/wordpress\/plugins\/seo\/ -->\n<title>Toptan Termos \u00c7anta - Toptan Termal \u00c7anta - Termos \u00c7antas\u0131 Toptan<\/title>\n<meta name=\"description\" content=\"Toptan Termos \u00c7anta - Toptan Termal \u00c7anta - Termos \u00c7antas\u0131 Toptan: 600 denye - Tip 5 fermuar - 2 mm metalize k\u00f6p\u00fck astar | F\u0130YAT TEKL\u0130F\u0130 AL\" \/>\n<meta name=\"robots\" content=\"index, follow, max-snippet:-1, max-image-preview:large, max-video-preview:-1\" \/>\n<link rel=\"canonical\" href=\"https:\/\/www.mtekstil.com\/tr\/urun\/toptan-termos-canta\/\" \/>\n<meta property=\"og:locale\" content=\"tr_TR\" \/>\n<meta property=\"og:type\" content=\"article\" \/>\n<meta property=\"og:title\" content=\"Toptan Termos \u00c7anta - Toptan Termal \u00c7anta - Termos \u00c7antas\u0131 Toptan\" \/>\n<meta property=\"og:description\" content=\"Toptan Termos \u00c7anta - Toptan Termal \u00c7anta - Termos \u00c7antas\u0131 Toptan: 600 denye - Tip 5 fermuar - 2 mm metalize k\u00f6p\u00fck astar | F\u0130YAT TEKL\u0130F\u0130 AL\" \/>\n<meta property=\"og:url\" content=\"https:\/\/www.mtekstil.com\/tr\/urun\/toptan-termos-canta\/\" \/>\n<meta property=\"og:site_name\" content=\"Mtekstil\" \/>\n<meta property=\"article:modified_time\" content=\"2023-01-23T07:53:59+00:00\" \/>\n<meta property=\"og:image\" content=\"https:\/\/www.mtekstil.com\/tr\/wp-content\/uploads\/2022\/04\/toptan_termos_canta.jpg\" \/>\n\t<meta property=\"og:image:width\" content=\"1000\" \/>\n\t<meta property=\"og:image:height\" content=\"1499\" \/>\n\t<meta property=\"og:image:type\" content=\"image\/jpeg\" \/>\n<meta name=\"twitter:card\" content=\"summary_large_image\" \/>\n<meta name=\"twitter:label1\" content=\"Tahmini okuma s\u00fcresi\" \/>\n\t<meta name=\"twitter:data1\" content=\"1 dakika\" \/>\n<script type=\"application\/ld+json\" class=\"yoast-schema-graph\">{\"@context\":\"https:\/\/schema.org\",\"@graph\":[{\"@type\":\"WebSite\",\"@id\":\"https:\/\/www.mtekstil.com\/tr\/#website\",\"url\":\"https:\/\/www.mtekstil.com\/tr\/\",\"name\":\"Mtekstil\",\"description\":\"Tekstil Promosyon &Uuml;r&uuml;nleri\",\"potentialAction\":[{\"@type\":\"SearchAction\",\"target\":{\"@type\":\"EntryPoint\",\"urlTemplate\":\"https:\/\/www.mtekstil.com\/tr\/?s={search_term_string}\"},\"query-input\":\"required name=search_term_string\"}],\"inLanguage\":\"tr\"},{\"@type\":\"ImageObject\",\"inLanguage\":\"tr\",\"@id\":\"https:\/\/www.mtekstil.com\/tr\/urun\/toptan-termos-canta\/#primaryimage\",\"url\":\"https:\/\/www.mtekstil.com\/tr\/wp-content\/uploads\/2022\/04\/toptan_termos_canta.jpg\",\"contentUrl\":\"https:\/\/www.mtekstil.com\/tr\/wp-content\/uploads\/2022\/04\/toptan_termos_canta.jpg\",\"width\":1000,\"height\":1499,\"caption\":\"Toptan Termos \u00c7anta - Toptan Termal \u00c7anta - Termos \u00c7antas\u0131 Toptan\"},{\"@type\":\"WebPage\",\"@id\":\"https:\/\/www.mtekstil.com\/tr\/urun\/toptan-termos-canta\/#webpage\",\"url\":\"https:\/\/www.mtekstil.com\/tr\/urun\/toptan-termos-canta\/\",\"name\":\"Toptan Termos \u00c7anta - Toptan Termal \u00c7anta - Termos \u00c7antas\u0131 Toptan\",\"isPartOf\":{\"@id\":\"https:\/\/www.mtekstil.com\/tr\/#website\"},\"primaryImageOfPage\":{\"@id\":\"https:\/\/www.mtekstil.com\/tr\/urun\/toptan-termos-canta\/#primaryimage\"},\"datePublished\":\"2022-04-07T11:59:43+00:00\",\"dateModified\":\"2023-01-23T07:53:59+00:00\",\"description\":\"Toptan Termos \u00c7anta - Toptan Termal \u00c7anta - Termos \u00c7antas\u0131 Toptan: 600 denye - Tip 5 fermuar - 2 mm metalize k\u00f6p\u00fck astar | F\u0130YAT TEKL\u0130F\u0130 AL\",\"breadcrumb\":{\"@id\":\"https:\/\/www.mtekstil.com\/tr\/urun\/toptan-termos-canta\/#breadcrumb\"},\"inLanguage\":\"tr\",\"potentialAction\":[{\"@type\":\"ReadAction\",\"target\":[\"https:\/\/www.mtekstil.com\/tr\/urun\/toptan-termos-canta\/\"]}]},{\"@type\":\"BreadcrumbList\",\"@id\":\"https:\/\/www.mtekstil.com\/tr\/urun\/toptan-termos-canta\/#breadcrumb\",\"itemListElement\":[{\"@type\":\"ListItem\",\"position\":1,\"name\":\"Home\",\"item\":\"https:\/\/www.mtekstil.com\/tr\/\"},{\"@type\":\"ListItem\",\"position\":2,\"name\":\"\u00dcR\u00dcNLER\",\"item\":\"https:\/\/www.mtekstil.com\/tr\/urunler\/\"},{\"@type\":\"ListItem\",\"position\":3,\"name\":\"Termos \u00c7anta\"}]}]}<\/script>\n<!-- \/ Yoast SEO plugin. -->","yoast_head_json":{"title":"Toptan Termos \u00c7anta - Toptan Termal \u00c7anta - Termos \u00c7antas\u0131 Toptan","description":"Toptan Termos \u00c7anta - Toptan Termal \u00c7anta - Termos \u00c7antas\u0131 Toptan: 600 denye - Tip 5 fermuar - 2 mm metalize k\u00f6p\u00fck astar | F\u0130YAT TEKL\u0130F\u0130 AL","robots":{"index":"index","follow":"follow","max-snippet":"max-snippet:-1","max-image-preview":"max-image-preview:large","max-video-preview":"max-video-preview:-1"},"canonical":"https:\/\/www.mtekstil.com\/tr\/urun\/toptan-termos-canta\/","og_locale":"tr_TR","og_type":"article","og_title":"Toptan Termos \u00c7anta - Toptan Termal \u00c7anta - Termos \u00c7antas\u0131 Toptan","og_description":"Toptan Termos \u00c7anta - Toptan Termal \u00c7anta - Termos \u00c7antas\u0131 Toptan: 600 denye - Tip 5 fermuar - 2 mm metalize k\u00f6p\u00fck astar | F\u0130YAT TEKL\u0130F\u0130 AL","og_url":"https:\/\/www.mtekstil.com\/tr\/urun\/toptan-termos-canta\/","og_site_name":"Mtekstil","article_modified_time":"2023-01-23T07:53:59+00:00","og_image":[{"width":1000,"height":1499,"url":"https:\/\/www.mtekstil.com\/tr\/wp-content\/uploads\/2022\/04\/toptan_termos_canta.jpg","type":"image\/jpeg"}],"twitter_card":"summary_large_image","twitter_misc":{"Tahmini okuma s\u00fcresi":"1 dakika"},"schema":{"@context":"https:\/\/schema.org","@graph":[{"@type":"WebSite","@id":"https:\/\/www.mtekstil.com\/tr\/#website","url":"https:\/\/www.mtekstil.com\/tr\/","name":"Mtekstil","description":"Tekstil Promosyon &Uuml;r&uuml;nleri","potentialAction":[{"@type":"SearchAction","target":{"@type":"EntryPoint","urlTemplate":"https:\/\/www.mtekstil.com\/tr\/?s={search_term_string}"},"query-input":"required name=search_term_string"}],"inLanguage":"tr"},{"@type":"ImageObject","inLanguage":"tr","@id":"https:\/\/www.mtekstil.com\/tr\/urun\/toptan-termos-canta\/#primaryimage","url":"https:\/\/www.mtekstil.com\/tr\/wp-content\/uploads\/2022\/04\/toptan_termos_canta.jpg","contentUrl":"https:\/\/www.mtekstil.com\/tr\/wp-content\/uploads\/2022\/04\/toptan_termos_canta.jpg","width":1000,"height":1499,"caption":"Toptan Termos \u00c7anta - Toptan Termal \u00c7anta - Termos \u00c7antas\u0131 Toptan"},{"@type":"WebPage","@id":"https:\/\/www.mtekstil.com\/tr\/urun\/toptan-termos-canta\/#webpage","url":"https:\/\/www.mtekstil.com\/tr\/urun\/toptan-termos-canta\/","name":"Toptan Termos \u00c7anta - Toptan Termal \u00c7anta - Termos \u00c7antas\u0131 Toptan","isPartOf":{"@id":"https:\/\/www.mtekstil.com\/tr\/#website"},"primaryImageOfPage":{"@id":"https:\/\/www.mtekstil.com\/tr\/urun\/toptan-termos-canta\/#primaryimage"},"datePublished":"2022-04-07T11:59:43+00:00","dateModified":"2023-01-23T07:53:59+00:00","description":"Toptan Termos \u00c7anta - Toptan Termal \u00c7anta - Termos \u00c7antas\u0131 Toptan: 600 denye - Tip 5 fermuar - 2 mm metalize k\u00f6p\u00fck astar | F\u0130YAT TEKL\u0130F\u0130 AL","breadcrumb":{"@id":"https:\/\/www.mtekstil.com\/tr\/urun\/toptan-termos-canta\/#breadcrumb"},"inLanguage":"tr","potentialAction":[{"@type":"ReadAction","target":["https:\/\/www.mtekstil.com\/tr\/urun\/toptan-termos-canta\/"]}]},{"@type":"BreadcrumbList","@id":"https:\/\/www.mtekstil.com\/tr\/urun\/toptan-termos-canta\/#breadcrumb","itemListElement":[{"@type":"ListItem","position":1,"name":"Home","item":"https:\/\/www.mtekstil.com\/tr\/"},{"@type":"ListItem","position":2,"name":"\u00dcR\u00dcNLER","item":"https:\/\/www.mtekstil.com\/tr\/urunler\/"},{"@type":"ListItem","position":3,"name":"Termos \u00c7anta"}]}]}},"_links":{"self":[{"href":"https:\/\/www.mtekstil.com\/tr\/wp-json\/wp\/v2\/product\/4159"}],"collection":[{"href":"https:\/\/www.mtekstil.com\/tr\/wp-json\/wp\/v2\/product"}],"about":[{"href":"https:\/\/www.mtekstil.com\/tr\/wp-json\/wp\/v2\/types\/product"}],"replies":[{"embeddable":true,"href":"https:\/\/www.mtekstil.com\/tr\/wp-json\/wp\/v2\/comments?post=4159"}],"wp:featuredmedia":[{"embeddable":true,"href":"https:\/\/www.mtekstil.com\/tr\/wp-json\/wp\/v2\/media\/6236"}],"wp:attachment":[{"href":"https:\/\/www.mtekstil.com\/tr\/wp-json\/wp\/v2\/media?parent=4159"}],"wp:term":[{"taxonomy":"product_cat","embeddable":true,"href":"https:\/\/www.mtekstil.com\/tr\/wp-json\/wp\/v2\/product_cat?post=4159"},{"taxonomy":"product_tag","embeddable":true,"href":"https:\/\/www.mtekstil.com\/tr\/wp-json\/wp\/v2\/product_tag?post=4159"}],"curies":[{"name":"wp","href":"https:\/\/api.w.org\/{rel}","templated":true}]}}