{"id":4161,"date":"2022-04-07T12:09:42","date_gmt":"2022-04-07T12:09:42","guid":{"rendered":"https:\/\/www.mtekstil.com\/?post_type=product&#038;p=4161"},"modified":"2023-01-30T06:58:32","modified_gmt":"2023-01-30T06:58:32","slug":"sirket-logolu-sirt-cantasi","status":"publish","type":"product","link":"https:\/\/www.mtekstil.com\/tr\/urun\/sirket-logolu-sirt-cantasi\/","title":{"rendered":"Eastpak S\u0131rt \u00c7antas\u0131"},"content":{"rendered":"<h2>EASTPACK SIRT \u00c7ANTASI \u00d6ZELL\u0130KLER\u0130<\/h2>\n<ul>\n<li>600 denye kuma\u015f<\/li>\n<li>Tip 8 fermuar<\/li>\n<li>Bask\u0131 veya nak\u0131\u015f ile logo markalama<\/li>\n<li>Alt taraf\u0131 deri detayl\u0131<\/li>\n<li>Deri tutacak<\/li>\n<li>2 b\u00f6lmeli<\/li>\n<li>G\u00fc\u00e7lendirici deri biyeler<\/li>\n<\/ul>\n","protected":false},"excerpt":{"rendered":"<p>EASTPACK SIRT \u00c7ANTASI \u00d6ZELL\u0130KLER\u0130 600 denye kuma\u015f Tip 8 fermuar Bask\u0131 veya nak\u0131\u015f ile logo markalama Alt taraf\u0131 deri detayl\u0131&#8230;<\/p>\n","protected":false},"featured_media":6243,"comment_status":"open","ping_status":"closed","template":"","meta":[],"product_cat":[117,142],"product_tag":[],"yoast_head":"<!-- This site is optimized with the Yoast SEO plugin v18.8 - https:\/\/yoast.com\/wordpress\/plugins\/seo\/ -->\n<title>\u015eirket Logolu S\u0131rt \u00c7antas\u0131 - Toptan S\u0131rt \u00c7anta | Eastpak S\u0131rt \u00c7antas\u0131<\/title>\n<meta name=\"description\" content=\"\u015eirket Logolu S\u0131rt \u00c7antas\u0131 - Toptan S\u0131rt \u00c7anta: 600 denye - Tip 8 fermuar - Deri tutacak, g\u00fc\u00e7lendirici deri biyeler | F\u0130YAT TEKL\u0130F\u0130 \u0130STEY\u0130N\" \/>\n<meta name=\"robots\" content=\"index, follow, max-snippet:-1, max-image-preview:large, max-video-preview:-1\" \/>\n<link rel=\"canonical\" href=\"https:\/\/www.mtekstil.com\/tr\/urun\/sirket-logolu-sirt-cantasi\/\" \/>\n<meta property=\"og:locale\" content=\"tr_TR\" \/>\n<meta property=\"og:type\" content=\"article\" \/>\n<meta property=\"og:title\" content=\"\u015eirket Logolu S\u0131rt \u00c7antas\u0131 - Toptan S\u0131rt \u00c7anta | Eastpak S\u0131rt \u00c7antas\u0131\" \/>\n<meta property=\"og:description\" content=\"\u015eirket Logolu S\u0131rt \u00c7antas\u0131 - Toptan S\u0131rt \u00c7anta: 600 denye - Tip 8 fermuar - Deri tutacak, g\u00fc\u00e7lendirici deri biyeler | F\u0130YAT TEKL\u0130F\u0130 \u0130STEY\u0130N\" \/>\n<meta property=\"og:url\" content=\"https:\/\/www.mtekstil.com\/tr\/urun\/sirket-logolu-sirt-cantasi\/\" \/>\n<meta property=\"og:site_name\" content=\"Mtekstil\" \/>\n<meta property=\"article:modified_time\" content=\"2023-01-30T06:58:32+00:00\" \/>\n<meta property=\"og:image\" content=\"https:\/\/www.mtekstil.com\/tr\/wp-content\/uploads\/2022\/04\/sirket_logolu_sirt_cantasi.jpg\" \/>\n\t<meta property=\"og:image:width\" content=\"1000\" \/>\n\t<meta property=\"og:image:height\" content=\"1499\" \/>\n\t<meta property=\"og:image:type\" content=\"image\/jpeg\" \/>\n<meta name=\"twitter:card\" content=\"summary_large_image\" \/>\n<meta name=\"twitter:label1\" content=\"Tahmini okuma s\u00fcresi\" \/>\n\t<meta name=\"twitter:data1\" content=\"1 dakika\" \/>\n<script type=\"application\/ld+json\" class=\"yoast-schema-graph\">{\"@context\":\"https:\/\/schema.org\",\"@graph\":[{\"@type\":\"WebSite\",\"@id\":\"https:\/\/www.mtekstil.com\/tr\/#website\",\"url\":\"https:\/\/www.mtekstil.com\/tr\/\",\"name\":\"Mtekstil\",\"description\":\"Tekstil Promosyon &Uuml;r&uuml;nleri\",\"potentialAction\":[{\"@type\":\"SearchAction\",\"target\":{\"@type\":\"EntryPoint\",\"urlTemplate\":\"https:\/\/www.mtekstil.com\/tr\/?s={search_term_string}\"},\"query-input\":\"required name=search_term_string\"}],\"inLanguage\":\"tr\"},{\"@type\":\"ImageObject\",\"inLanguage\":\"tr\",\"@id\":\"https:\/\/www.mtekstil.com\/tr\/urun\/sirket-logolu-sirt-cantasi\/#primaryimage\",\"url\":\"https:\/\/www.mtekstil.com\/tr\/wp-content\/uploads\/2022\/04\/sirket_logolu_sirt_cantasi.jpg\",\"contentUrl\":\"https:\/\/www.mtekstil.com\/tr\/wp-content\/uploads\/2022\/04\/sirket_logolu_sirt_cantasi.jpg\",\"width\":1000,\"height\":1499,\"caption\":\"\u015eirket Logolu S\u0131rt \u00c7antas\u0131 - Toptan S\u0131rt \u00c7anta | Eastpak S\u0131rt \u00c7antas\u0131\"},{\"@type\":\"WebPage\",\"@id\":\"https:\/\/www.mtekstil.com\/tr\/urun\/sirket-logolu-sirt-cantasi\/#webpage\",\"url\":\"https:\/\/www.mtekstil.com\/tr\/urun\/sirket-logolu-sirt-cantasi\/\",\"name\":\"\u015eirket Logolu S\u0131rt \u00c7antas\u0131 - Toptan S\u0131rt \u00c7anta | Eastpak S\u0131rt \u00c7antas\u0131\",\"isPartOf\":{\"@id\":\"https:\/\/www.mtekstil.com\/tr\/#website\"},\"primaryImageOfPage\":{\"@id\":\"https:\/\/www.mtekstil.com\/tr\/urun\/sirket-logolu-sirt-cantasi\/#primaryimage\"},\"datePublished\":\"2022-04-07T12:09:42+00:00\",\"dateModified\":\"2023-01-30T06:58:32+00:00\",\"description\":\"\u015eirket Logolu S\u0131rt \u00c7antas\u0131 - Toptan S\u0131rt \u00c7anta: 600 denye - Tip 8 fermuar - Deri tutacak, g\u00fc\u00e7lendirici deri biyeler | F\u0130YAT TEKL\u0130F\u0130 \u0130STEY\u0130N\",\"breadcrumb\":{\"@id\":\"https:\/\/www.mtekstil.com\/tr\/urun\/sirket-logolu-sirt-cantasi\/#breadcrumb\"},\"inLanguage\":\"tr\",\"potentialAction\":[{\"@type\":\"ReadAction\",\"target\":[\"https:\/\/www.mtekstil.com\/tr\/urun\/sirket-logolu-sirt-cantasi\/\"]}]},{\"@type\":\"BreadcrumbList\",\"@id\":\"https:\/\/www.mtekstil.com\/tr\/urun\/sirket-logolu-sirt-cantasi\/#breadcrumb\",\"itemListElement\":[{\"@type\":\"ListItem\",\"position\":1,\"name\":\"Home\",\"item\":\"https:\/\/www.mtekstil.com\/tr\/\"},{\"@type\":\"ListItem\",\"position\":2,\"name\":\"\u00dcR\u00dcNLER\",\"item\":\"https:\/\/www.mtekstil.com\/tr\/urunler\/\"},{\"@type\":\"ListItem\",\"position\":3,\"name\":\"Eastpak S\u0131rt \u00c7antas\u0131\"}]}]}<\/script>\n<!-- \/ Yoast SEO plugin. -->","yoast_head_json":{"title":"\u015eirket Logolu S\u0131rt \u00c7antas\u0131 - Toptan S\u0131rt \u00c7anta | Eastpak S\u0131rt \u00c7antas\u0131","description":"\u015eirket Logolu S\u0131rt \u00c7antas\u0131 - Toptan S\u0131rt \u00c7anta: 600 denye - Tip 8 fermuar - Deri tutacak, g\u00fc\u00e7lendirici deri biyeler | F\u0130YAT TEKL\u0130F\u0130 \u0130STEY\u0130N","robots":{"index":"index","follow":"follow","max-snippet":"max-snippet:-1","max-image-preview":"max-image-preview:large","max-video-preview":"max-video-preview:-1"},"canonical":"https:\/\/www.mtekstil.com\/tr\/urun\/sirket-logolu-sirt-cantasi\/","og_locale":"tr_TR","og_type":"article","og_title":"\u015eirket Logolu S\u0131rt \u00c7antas\u0131 - Toptan S\u0131rt \u00c7anta | Eastpak S\u0131rt \u00c7antas\u0131","og_description":"\u015eirket Logolu S\u0131rt \u00c7antas\u0131 - Toptan S\u0131rt \u00c7anta: 600 denye - Tip 8 fermuar - Deri tutacak, g\u00fc\u00e7lendirici deri biyeler | F\u0130YAT TEKL\u0130F\u0130 \u0130STEY\u0130N","og_url":"https:\/\/www.mtekstil.com\/tr\/urun\/sirket-logolu-sirt-cantasi\/","og_site_name":"Mtekstil","article_modified_time":"2023-01-30T06:58:32+00:00","og_image":[{"width":1000,"height":1499,"url":"https:\/\/www.mtekstil.com\/tr\/wp-content\/uploads\/2022\/04\/sirket_logolu_sirt_cantasi.jpg","type":"image\/jpeg"}],"twitter_card":"summary_large_image","twitter_misc":{"Tahmini okuma s\u00fcresi":"1 dakika"},"schema":{"@context":"https:\/\/schema.org","@graph":[{"@type":"WebSite","@id":"https:\/\/www.mtekstil.com\/tr\/#website","url":"https:\/\/www.mtekstil.com\/tr\/","name":"Mtekstil","description":"Tekstil Promosyon &Uuml;r&uuml;nleri","potentialAction":[{"@type":"SearchAction","target":{"@type":"EntryPoint","urlTemplate":"https:\/\/www.mtekstil.com\/tr\/?s={search_term_string}"},"query-input":"required name=search_term_string"}],"inLanguage":"tr"},{"@type":"ImageObject","inLanguage":"tr","@id":"https:\/\/www.mtekstil.com\/tr\/urun\/sirket-logolu-sirt-cantasi\/#primaryimage","url":"https:\/\/www.mtekstil.com\/tr\/wp-content\/uploads\/2022\/04\/sirket_logolu_sirt_cantasi.jpg","contentUrl":"https:\/\/www.mtekstil.com\/tr\/wp-content\/uploads\/2022\/04\/sirket_logolu_sirt_cantasi.jpg","width":1000,"height":1499,"caption":"\u015eirket Logolu S\u0131rt \u00c7antas\u0131 - Toptan S\u0131rt \u00c7anta | Eastpak S\u0131rt \u00c7antas\u0131"},{"@type":"WebPage","@id":"https:\/\/www.mtekstil.com\/tr\/urun\/sirket-logolu-sirt-cantasi\/#webpage","url":"https:\/\/www.mtekstil.com\/tr\/urun\/sirket-logolu-sirt-cantasi\/","name":"\u015eirket Logolu S\u0131rt \u00c7antas\u0131 - Toptan S\u0131rt \u00c7anta | Eastpak S\u0131rt \u00c7antas\u0131","isPartOf":{"@id":"https:\/\/www.mtekstil.com\/tr\/#website"},"primaryImageOfPage":{"@id":"https:\/\/www.mtekstil.com\/tr\/urun\/sirket-logolu-sirt-cantasi\/#primaryimage"},"datePublished":"2022-04-07T12:09:42+00:00","dateModified":"2023-01-30T06:58:32+00:00","description":"\u015eirket Logolu S\u0131rt \u00c7antas\u0131 - Toptan S\u0131rt \u00c7anta: 600 denye - Tip 8 fermuar - Deri tutacak, g\u00fc\u00e7lendirici deri biyeler | F\u0130YAT TEKL\u0130F\u0130 \u0130STEY\u0130N","breadcrumb":{"@id":"https:\/\/www.mtekstil.com\/tr\/urun\/sirket-logolu-sirt-cantasi\/#breadcrumb"},"inLanguage":"tr","potentialAction":[{"@type":"ReadAction","target":["https:\/\/www.mtekstil.com\/tr\/urun\/sirket-logolu-sirt-cantasi\/"]}]},{"@type":"BreadcrumbList","@id":"https:\/\/www.mtekstil.com\/tr\/urun\/sirket-logolu-sirt-cantasi\/#breadcrumb","itemListElement":[{"@type":"ListItem","position":1,"name":"Home","item":"https:\/\/www.mtekstil.com\/tr\/"},{"@type":"ListItem","position":2,"name":"\u00dcR\u00dcNLER","item":"https:\/\/www.mtekstil.com\/tr\/urunler\/"},{"@type":"ListItem","position":3,"name":"Eastpak S\u0131rt \u00c7antas\u0131"}]}]}},"_links":{"self":[{"href":"https:\/\/www.mtekstil.com\/tr\/wp-json\/wp\/v2\/product\/4161"}],"collection":[{"href":"https:\/\/www.mtekstil.com\/tr\/wp-json\/wp\/v2\/product"}],"about":[{"href":"https:\/\/www.mtekstil.com\/tr\/wp-json\/wp\/v2\/types\/product"}],"replies":[{"embeddable":true,"href":"https:\/\/www.mtekstil.com\/tr\/wp-json\/wp\/v2\/comments?post=4161"}],"wp:featuredmedia":[{"embeddable":true,"href":"https:\/\/www.mtekstil.com\/tr\/wp-json\/wp\/v2\/media\/6243"}],"wp:attachment":[{"href":"https:\/\/www.mtekstil.com\/tr\/wp-json\/wp\/v2\/media?parent=4161"}],"wp:term":[{"taxonomy":"product_cat","embeddable":true,"href":"https:\/\/www.mtekstil.com\/tr\/wp-json\/wp\/v2\/product_cat?post=4161"},{"taxonomy":"product_tag","embeddable":true,"href":"https:\/\/www.mtekstil.com\/tr\/wp-json\/wp\/v2\/product_tag?post=4161"}],"curies":[{"name":"wp","href":"https:\/\/api.w.org\/{rel}","templated":true}]}}