{"id":4192,"date":"2022-04-08T00:55:24","date_gmt":"2022-04-08T00:55:24","guid":{"rendered":"https:\/\/www.mtekstil.com\/?post_type=product&#038;p=4192"},"modified":"2023-03-10T07:01:26","modified_gmt":"2023-03-10T07:01:26","slug":"toptan-spor-cantalari","status":"publish","type":"product","link":"https:\/\/www.mtekstil.com\/tr\/urun\/toptan-spor-cantalari\/","title":{"rendered":"Deri Spor \u00c7anta"},"content":{"rendered":"<h2>DER\u0130 SPOR \u00c7ANTA \u00d6ZELL\u0130KLER\u0130<\/h2>\n<ul>\n<li>Suni deri kuma\u015f<\/li>\n<li>Fermuarl\u0131 2 g\u00f6z<\/li>\n<li>Yanda fermuars\u0131z g\u00f6z<\/li>\n<li>4 cm kolon<\/li>\n<li>Ayarlanabilir ask\u0131l\u0131k<\/li>\n<\/ul>\n","protected":false},"excerpt":{"rendered":"<p>DER\u0130 SPOR \u00c7ANTA \u00d6ZELL\u0130KLER\u0130 Suni deri kuma\u015f Fermuarl\u0131 2 g\u00f6z Yanda fermuars\u0131z g\u00f6z 4 cm kolon Ayarlanabilir ask\u0131l\u0131k<\/p>\n","protected":false},"featured_media":6252,"comment_status":"open","ping_status":"closed","template":"","meta":[],"product_cat":[117,143],"product_tag":[],"yoast_head":"<!-- This site is optimized with the Yoast SEO plugin v18.8 - https:\/\/yoast.com\/wordpress\/plugins\/seo\/ -->\n<title>Toptan Spor \u00c7antalar\u0131 - Toptan Spor \u00c7anta Fiyatlar\u0131 | Spor Deri \u00c7anta<\/title>\n<meta name=\"description\" content=\"Toptan Spor \u00c7antalar\u0131 - Toptan Spor \u00c7anta Fiyatlar\u0131: Suni deri kuma\u015f - Fermuarl\u0131, fermuars\u0131z g\u00f6z - 4cm kolon | F\u0130YAT TEKL\u0130F\u0130 \u0130STEY\u0130N\" \/>\n<meta name=\"robots\" content=\"index, follow, max-snippet:-1, max-image-preview:large, max-video-preview:-1\" \/>\n<link rel=\"canonical\" href=\"https:\/\/www.mtekstil.com\/tr\/urun\/toptan-spor-cantalari\/\" \/>\n<meta property=\"og:locale\" content=\"tr_TR\" \/>\n<meta property=\"og:type\" content=\"article\" \/>\n<meta property=\"og:title\" content=\"Toptan Spor \u00c7antalar\u0131 - Toptan Spor \u00c7anta Fiyatlar\u0131 | Spor Deri \u00c7anta\" \/>\n<meta property=\"og:description\" content=\"Toptan Spor \u00c7antalar\u0131 - Toptan Spor \u00c7anta Fiyatlar\u0131: Suni deri kuma\u015f - Fermuarl\u0131, fermuars\u0131z g\u00f6z - 4cm kolon | F\u0130YAT TEKL\u0130F\u0130 \u0130STEY\u0130N\" \/>\n<meta property=\"og:url\" content=\"https:\/\/www.mtekstil.com\/tr\/urun\/toptan-spor-cantalari\/\" \/>\n<meta property=\"og:site_name\" content=\"Mtekstil\" \/>\n<meta property=\"article:modified_time\" content=\"2023-03-10T07:01:26+00:00\" \/>\n<meta property=\"og:image\" content=\"https:\/\/www.mtekstil.com\/tr\/wp-content\/uploads\/2022\/04\/toptan_spor_cantalari.jpg\" \/>\n\t<meta property=\"og:image:width\" content=\"1000\" \/>\n\t<meta property=\"og:image:height\" content=\"1499\" \/>\n\t<meta property=\"og:image:type\" content=\"image\/jpeg\" \/>\n<meta name=\"twitter:card\" content=\"summary_large_image\" \/>\n<meta name=\"twitter:label1\" content=\"Tahmini okuma s\u00fcresi\" \/>\n\t<meta name=\"twitter:data1\" content=\"1 dakika\" \/>\n<script type=\"application\/ld+json\" class=\"yoast-schema-graph\">{\"@context\":\"https:\/\/schema.org\",\"@graph\":[{\"@type\":\"WebSite\",\"@id\":\"https:\/\/www.mtekstil.com\/tr\/#website\",\"url\":\"https:\/\/www.mtekstil.com\/tr\/\",\"name\":\"Mtekstil\",\"description\":\"Tekstil Promosyon &Uuml;r&uuml;nleri\",\"potentialAction\":[{\"@type\":\"SearchAction\",\"target\":{\"@type\":\"EntryPoint\",\"urlTemplate\":\"https:\/\/www.mtekstil.com\/tr\/?s={search_term_string}\"},\"query-input\":\"required name=search_term_string\"}],\"inLanguage\":\"tr\"},{\"@type\":\"ImageObject\",\"inLanguage\":\"tr\",\"@id\":\"https:\/\/www.mtekstil.com\/tr\/urun\/toptan-spor-cantalari\/#primaryimage\",\"url\":\"https:\/\/www.mtekstil.com\/tr\/wp-content\/uploads\/2022\/04\/toptan_spor_cantalari.jpg\",\"contentUrl\":\"https:\/\/www.mtekstil.com\/tr\/wp-content\/uploads\/2022\/04\/toptan_spor_cantalari.jpg\",\"width\":1000,\"height\":1499,\"caption\":\"Toptan Spor \u00c7antalar\u0131 - Toptan Spor \u00c7anta Fiyatlar\u0131 | Spor Deri \u00c7anta\"},{\"@type\":\"WebPage\",\"@id\":\"https:\/\/www.mtekstil.com\/tr\/urun\/toptan-spor-cantalari\/#webpage\",\"url\":\"https:\/\/www.mtekstil.com\/tr\/urun\/toptan-spor-cantalari\/\",\"name\":\"Toptan Spor \u00c7antalar\u0131 - Toptan Spor \u00c7anta Fiyatlar\u0131 | Spor Deri \u00c7anta\",\"isPartOf\":{\"@id\":\"https:\/\/www.mtekstil.com\/tr\/#website\"},\"primaryImageOfPage\":{\"@id\":\"https:\/\/www.mtekstil.com\/tr\/urun\/toptan-spor-cantalari\/#primaryimage\"},\"datePublished\":\"2022-04-08T00:55:24+00:00\",\"dateModified\":\"2023-03-10T07:01:26+00:00\",\"description\":\"Toptan Spor \u00c7antalar\u0131 - Toptan Spor \u00c7anta Fiyatlar\u0131: Suni deri kuma\u015f - Fermuarl\u0131, fermuars\u0131z g\u00f6z - 4cm kolon | F\u0130YAT TEKL\u0130F\u0130 \u0130STEY\u0130N\",\"breadcrumb\":{\"@id\":\"https:\/\/www.mtekstil.com\/tr\/urun\/toptan-spor-cantalari\/#breadcrumb\"},\"inLanguage\":\"tr\",\"potentialAction\":[{\"@type\":\"ReadAction\",\"target\":[\"https:\/\/www.mtekstil.com\/tr\/urun\/toptan-spor-cantalari\/\"]}]},{\"@type\":\"BreadcrumbList\",\"@id\":\"https:\/\/www.mtekstil.com\/tr\/urun\/toptan-spor-cantalari\/#breadcrumb\",\"itemListElement\":[{\"@type\":\"ListItem\",\"position\":1,\"name\":\"Home\",\"item\":\"https:\/\/www.mtekstil.com\/tr\/\"},{\"@type\":\"ListItem\",\"position\":2,\"name\":\"\u00dcR\u00dcNLER\",\"item\":\"https:\/\/www.mtekstil.com\/tr\/urunler\/\"},{\"@type\":\"ListItem\",\"position\":3,\"name\":\"Deri Spor \u00c7anta\"}]}]}<\/script>\n<!-- \/ Yoast SEO plugin. -->","yoast_head_json":{"title":"Toptan Spor \u00c7antalar\u0131 - Toptan Spor \u00c7anta Fiyatlar\u0131 | Spor Deri \u00c7anta","description":"Toptan Spor \u00c7antalar\u0131 - Toptan Spor \u00c7anta Fiyatlar\u0131: Suni deri kuma\u015f - Fermuarl\u0131, fermuars\u0131z g\u00f6z - 4cm kolon | F\u0130YAT TEKL\u0130F\u0130 \u0130STEY\u0130N","robots":{"index":"index","follow":"follow","max-snippet":"max-snippet:-1","max-image-preview":"max-image-preview:large","max-video-preview":"max-video-preview:-1"},"canonical":"https:\/\/www.mtekstil.com\/tr\/urun\/toptan-spor-cantalari\/","og_locale":"tr_TR","og_type":"article","og_title":"Toptan Spor \u00c7antalar\u0131 - Toptan Spor \u00c7anta Fiyatlar\u0131 | Spor Deri \u00c7anta","og_description":"Toptan Spor \u00c7antalar\u0131 - Toptan Spor \u00c7anta Fiyatlar\u0131: Suni deri kuma\u015f - Fermuarl\u0131, fermuars\u0131z g\u00f6z - 4cm kolon | F\u0130YAT TEKL\u0130F\u0130 \u0130STEY\u0130N","og_url":"https:\/\/www.mtekstil.com\/tr\/urun\/toptan-spor-cantalari\/","og_site_name":"Mtekstil","article_modified_time":"2023-03-10T07:01:26+00:00","og_image":[{"width":1000,"height":1499,"url":"https:\/\/www.mtekstil.com\/tr\/wp-content\/uploads\/2022\/04\/toptan_spor_cantalari.jpg","type":"image\/jpeg"}],"twitter_card":"summary_large_image","twitter_misc":{"Tahmini okuma s\u00fcresi":"1 dakika"},"schema":{"@context":"https:\/\/schema.org","@graph":[{"@type":"WebSite","@id":"https:\/\/www.mtekstil.com\/tr\/#website","url":"https:\/\/www.mtekstil.com\/tr\/","name":"Mtekstil","description":"Tekstil Promosyon &Uuml;r&uuml;nleri","potentialAction":[{"@type":"SearchAction","target":{"@type":"EntryPoint","urlTemplate":"https:\/\/www.mtekstil.com\/tr\/?s={search_term_string}"},"query-input":"required name=search_term_string"}],"inLanguage":"tr"},{"@type":"ImageObject","inLanguage":"tr","@id":"https:\/\/www.mtekstil.com\/tr\/urun\/toptan-spor-cantalari\/#primaryimage","url":"https:\/\/www.mtekstil.com\/tr\/wp-content\/uploads\/2022\/04\/toptan_spor_cantalari.jpg","contentUrl":"https:\/\/www.mtekstil.com\/tr\/wp-content\/uploads\/2022\/04\/toptan_spor_cantalari.jpg","width":1000,"height":1499,"caption":"Toptan Spor \u00c7antalar\u0131 - Toptan Spor \u00c7anta Fiyatlar\u0131 | Spor Deri \u00c7anta"},{"@type":"WebPage","@id":"https:\/\/www.mtekstil.com\/tr\/urun\/toptan-spor-cantalari\/#webpage","url":"https:\/\/www.mtekstil.com\/tr\/urun\/toptan-spor-cantalari\/","name":"Toptan Spor \u00c7antalar\u0131 - Toptan Spor \u00c7anta Fiyatlar\u0131 | Spor Deri \u00c7anta","isPartOf":{"@id":"https:\/\/www.mtekstil.com\/tr\/#website"},"primaryImageOfPage":{"@id":"https:\/\/www.mtekstil.com\/tr\/urun\/toptan-spor-cantalari\/#primaryimage"},"datePublished":"2022-04-08T00:55:24+00:00","dateModified":"2023-03-10T07:01:26+00:00","description":"Toptan Spor \u00c7antalar\u0131 - Toptan Spor \u00c7anta Fiyatlar\u0131: Suni deri kuma\u015f - Fermuarl\u0131, fermuars\u0131z g\u00f6z - 4cm kolon | F\u0130YAT TEKL\u0130F\u0130 \u0130STEY\u0130N","breadcrumb":{"@id":"https:\/\/www.mtekstil.com\/tr\/urun\/toptan-spor-cantalari\/#breadcrumb"},"inLanguage":"tr","potentialAction":[{"@type":"ReadAction","target":["https:\/\/www.mtekstil.com\/tr\/urun\/toptan-spor-cantalari\/"]}]},{"@type":"BreadcrumbList","@id":"https:\/\/www.mtekstil.com\/tr\/urun\/toptan-spor-cantalari\/#breadcrumb","itemListElement":[{"@type":"ListItem","position":1,"name":"Home","item":"https:\/\/www.mtekstil.com\/tr\/"},{"@type":"ListItem","position":2,"name":"\u00dcR\u00dcNLER","item":"https:\/\/www.mtekstil.com\/tr\/urunler\/"},{"@type":"ListItem","position":3,"name":"Deri Spor \u00c7anta"}]}]}},"_links":{"self":[{"href":"https:\/\/www.mtekstil.com\/tr\/wp-json\/wp\/v2\/product\/4192"}],"collection":[{"href":"https:\/\/www.mtekstil.com\/tr\/wp-json\/wp\/v2\/product"}],"about":[{"href":"https:\/\/www.mtekstil.com\/tr\/wp-json\/wp\/v2\/types\/product"}],"replies":[{"embeddable":true,"href":"https:\/\/www.mtekstil.com\/tr\/wp-json\/wp\/v2\/comments?post=4192"}],"wp:featuredmedia":[{"embeddable":true,"href":"https:\/\/www.mtekstil.com\/tr\/wp-json\/wp\/v2\/media\/6252"}],"wp:attachment":[{"href":"https:\/\/www.mtekstil.com\/tr\/wp-json\/wp\/v2\/media?parent=4192"}],"wp:term":[{"taxonomy":"product_cat","embeddable":true,"href":"https:\/\/www.mtekstil.com\/tr\/wp-json\/wp\/v2\/product_cat?post=4192"},{"taxonomy":"product_tag","embeddable":true,"href":"https:\/\/www.mtekstil.com\/tr\/wp-json\/wp\/v2\/product_tag?post=4192"}],"curies":[{"name":"wp","href":"https:\/\/api.w.org\/{rel}","templated":true}]}}