{"id":5544,"date":"2022-10-27T08:05:13","date_gmt":"2022-10-27T08:05:13","guid":{"rendered":"https:\/\/www.mtekstil.com\/tr\/?post_type=product&#038;p=5544"},"modified":"2022-12-21T19:42:02","modified_gmt":"2022-12-21T19:42:02","slug":"toptan-baskisiz-yelek-mont","status":"publish","type":"product","link":"https:\/\/www.mtekstil.com\/tr\/urun\/toptan-baskisiz-yelek-mont\/","title":{"rendered":"Bask\u0131s\u0131z Yelek Mont"},"content":{"rendered":"<h2>TOPTAN BASKISIZ YELEK MONT \u00d6ZELL\u0130KLER\u0130<\/h2>\n<p>Toptan bask\u0131s\u0131z yelek mont erkek &amp; kad\u0131n <strong>renk, model ve kuma\u015f se\u00e7enekleri<\/strong> hakk\u0131nda bilgi almak i\u00e7in yukar\u0131daki <strong>F\u0130YAT TEKL\u0130F\u0130 \u0130STE<\/strong>\u00a0 veya <strong>DETAYLI B\u0130LG\u0130 AL<\/strong> formlar\u0131 ile taleplerinizi iletebilirsiniz. En k\u0131sa s\u00fcrede size d\u00f6n\u00fc\u015f yapaca\u011f\u0131z<\/p>\n","protected":false},"excerpt":{"rendered":"<p>TOPTAN BASKISIZ YELEK MONT \u00d6ZELL\u0130KLER\u0130 Toptan bask\u0131s\u0131z yelek mont erkek &amp; kad\u0131n renk, model ve kuma\u015f se\u00e7enekleri hakk\u0131nda bilgi almak&#8230;<\/p>\n","protected":false},"featured_media":5536,"comment_status":"open","ping_status":"closed","template":"","meta":[],"product_cat":[119],"product_tag":[],"yoast_head":"<!-- This site is optimized with the Yoast SEO plugin v18.8 - https:\/\/yoast.com\/wordpress\/plugins\/seo\/ -->\n<title>Toptan Bask\u0131s\u0131z Yelek Fiyatlar\u0131 &amp; Modelleri - Promosyon Bask\u0131s\u0131z Yelek<\/title>\n<meta name=\"description\" content=\"Toptan Bask\u0131s\u0131z Yelek Mont Fiyatlar\u0131 &amp; Modelleri - Promosyon Bask\u0131s\u0131z Yelek: Erkek, bayan bask\u0131s\u0131z toptan yelek modelleri i\u00e7in teklif al\u0131n...\" \/>\n<meta name=\"robots\" content=\"index, follow, max-snippet:-1, max-image-preview:large, max-video-preview:-1\" \/>\n<link rel=\"canonical\" href=\"https:\/\/www.mtekstil.com\/tr\/urun\/toptan-baskisiz-yelek-mont\/\" \/>\n<meta property=\"og:locale\" content=\"tr_TR\" \/>\n<meta property=\"og:type\" content=\"article\" \/>\n<meta property=\"og:title\" content=\"Toptan Bask\u0131s\u0131z Yelek Fiyatlar\u0131 &amp; Modelleri - Promosyon Bask\u0131s\u0131z Yelek\" \/>\n<meta property=\"og:description\" content=\"Toptan Bask\u0131s\u0131z Yelek Mont Fiyatlar\u0131 &amp; Modelleri - Promosyon Bask\u0131s\u0131z Yelek: Erkek, bayan bask\u0131s\u0131z toptan yelek modelleri i\u00e7in teklif al\u0131n...\" \/>\n<meta property=\"og:url\" content=\"https:\/\/www.mtekstil.com\/tr\/urun\/toptan-baskisiz-yelek-mont\/\" \/>\n<meta property=\"og:site_name\" content=\"Mtekstil\" \/>\n<meta property=\"article:modified_time\" content=\"2022-12-21T19:42:02+00:00\" \/>\n<meta property=\"og:image\" content=\"https:\/\/www.mtekstil.com\/tr\/wp-content\/uploads\/2022\/10\/toptan_baskisiz_yelek_5.jpg\" \/>\n\t<meta property=\"og:image:width\" content=\"1000\" \/>\n\t<meta property=\"og:image:height\" content=\"1499\" \/>\n\t<meta property=\"og:image:type\" content=\"image\/jpeg\" \/>\n<meta name=\"twitter:card\" content=\"summary_large_image\" \/>\n<meta name=\"twitter:label1\" content=\"Tahmini okuma s\u00fcresi\" \/>\n\t<meta name=\"twitter:data1\" content=\"1 dakika\" \/>\n<script type=\"application\/ld+json\" class=\"yoast-schema-graph\">{\"@context\":\"https:\/\/schema.org\",\"@graph\":[{\"@type\":\"WebSite\",\"@id\":\"https:\/\/www.mtekstil.com\/tr\/#website\",\"url\":\"https:\/\/www.mtekstil.com\/tr\/\",\"name\":\"Mtekstil\",\"description\":\"Tekstil Promosyon &Uuml;r&uuml;nleri\",\"potentialAction\":[{\"@type\":\"SearchAction\",\"target\":{\"@type\":\"EntryPoint\",\"urlTemplate\":\"https:\/\/www.mtekstil.com\/tr\/?s={search_term_string}\"},\"query-input\":\"required name=search_term_string\"}],\"inLanguage\":\"tr\"},{\"@type\":\"ImageObject\",\"inLanguage\":\"tr\",\"@id\":\"https:\/\/www.mtekstil.com\/tr\/urun\/toptan-baskisiz-yelek-mont\/#primaryimage\",\"url\":\"https:\/\/www.mtekstil.com\/tr\/wp-content\/uploads\/2022\/10\/toptan_baskisiz_yelek_5.jpg\",\"contentUrl\":\"https:\/\/www.mtekstil.com\/tr\/wp-content\/uploads\/2022\/10\/toptan_baskisiz_yelek_5.jpg\",\"width\":1000,\"height\":1499,\"caption\":\"Toptan Bask\u0131s\u0131z Yelek Fiyatlar\u0131 & Modelleri - Promosyon Bask\u0131s\u0131z Yelek\"},{\"@type\":\"WebPage\",\"@id\":\"https:\/\/www.mtekstil.com\/tr\/urun\/toptan-baskisiz-yelek-mont\/#webpage\",\"url\":\"https:\/\/www.mtekstil.com\/tr\/urun\/toptan-baskisiz-yelek-mont\/\",\"name\":\"Toptan Bask\u0131s\u0131z Yelek Fiyatlar\u0131 & Modelleri - Promosyon Bask\u0131s\u0131z Yelek\",\"isPartOf\":{\"@id\":\"https:\/\/www.mtekstil.com\/tr\/#website\"},\"primaryImageOfPage\":{\"@id\":\"https:\/\/www.mtekstil.com\/tr\/urun\/toptan-baskisiz-yelek-mont\/#primaryimage\"},\"datePublished\":\"2022-10-27T08:05:13+00:00\",\"dateModified\":\"2022-12-21T19:42:02+00:00\",\"description\":\"Toptan Bask\u0131s\u0131z Yelek Mont Fiyatlar\u0131 & Modelleri - Promosyon Bask\u0131s\u0131z Yelek: Erkek, bayan bask\u0131s\u0131z toptan yelek modelleri i\u00e7in teklif al\u0131n...\",\"breadcrumb\":{\"@id\":\"https:\/\/www.mtekstil.com\/tr\/urun\/toptan-baskisiz-yelek-mont\/#breadcrumb\"},\"inLanguage\":\"tr\",\"potentialAction\":[{\"@type\":\"ReadAction\",\"target\":[\"https:\/\/www.mtekstil.com\/tr\/urun\/toptan-baskisiz-yelek-mont\/\"]}]},{\"@type\":\"BreadcrumbList\",\"@id\":\"https:\/\/www.mtekstil.com\/tr\/urun\/toptan-baskisiz-yelek-mont\/#breadcrumb\",\"itemListElement\":[{\"@type\":\"ListItem\",\"position\":1,\"name\":\"Home\",\"item\":\"https:\/\/www.mtekstil.com\/tr\/\"},{\"@type\":\"ListItem\",\"position\":2,\"name\":\"\u00dcR\u00dcNLER\",\"item\":\"https:\/\/www.mtekstil.com\/tr\/urunler\/\"},{\"@type\":\"ListItem\",\"position\":3,\"name\":\"Bask\u0131s\u0131z Yelek Mont\"}]}]}<\/script>\n<!-- \/ Yoast SEO plugin. -->","yoast_head_json":{"title":"Toptan Bask\u0131s\u0131z Yelek Fiyatlar\u0131 & Modelleri - Promosyon Bask\u0131s\u0131z Yelek","description":"Toptan Bask\u0131s\u0131z Yelek Mont Fiyatlar\u0131 & Modelleri - Promosyon Bask\u0131s\u0131z Yelek: Erkek, bayan bask\u0131s\u0131z toptan yelek modelleri i\u00e7in teklif al\u0131n...","robots":{"index":"index","follow":"follow","max-snippet":"max-snippet:-1","max-image-preview":"max-image-preview:large","max-video-preview":"max-video-preview:-1"},"canonical":"https:\/\/www.mtekstil.com\/tr\/urun\/toptan-baskisiz-yelek-mont\/","og_locale":"tr_TR","og_type":"article","og_title":"Toptan Bask\u0131s\u0131z Yelek Fiyatlar\u0131 & Modelleri - Promosyon Bask\u0131s\u0131z Yelek","og_description":"Toptan Bask\u0131s\u0131z Yelek Mont Fiyatlar\u0131 & Modelleri - Promosyon Bask\u0131s\u0131z Yelek: Erkek, bayan bask\u0131s\u0131z toptan yelek modelleri i\u00e7in teklif al\u0131n...","og_url":"https:\/\/www.mtekstil.com\/tr\/urun\/toptan-baskisiz-yelek-mont\/","og_site_name":"Mtekstil","article_modified_time":"2022-12-21T19:42:02+00:00","og_image":[{"width":1000,"height":1499,"url":"https:\/\/www.mtekstil.com\/tr\/wp-content\/uploads\/2022\/10\/toptan_baskisiz_yelek_5.jpg","type":"image\/jpeg"}],"twitter_card":"summary_large_image","twitter_misc":{"Tahmini okuma s\u00fcresi":"1 dakika"},"schema":{"@context":"https:\/\/schema.org","@graph":[{"@type":"WebSite","@id":"https:\/\/www.mtekstil.com\/tr\/#website","url":"https:\/\/www.mtekstil.com\/tr\/","name":"Mtekstil","description":"Tekstil Promosyon &Uuml;r&uuml;nleri","potentialAction":[{"@type":"SearchAction","target":{"@type":"EntryPoint","urlTemplate":"https:\/\/www.mtekstil.com\/tr\/?s={search_term_string}"},"query-input":"required name=search_term_string"}],"inLanguage":"tr"},{"@type":"ImageObject","inLanguage":"tr","@id":"https:\/\/www.mtekstil.com\/tr\/urun\/toptan-baskisiz-yelek-mont\/#primaryimage","url":"https:\/\/www.mtekstil.com\/tr\/wp-content\/uploads\/2022\/10\/toptan_baskisiz_yelek_5.jpg","contentUrl":"https:\/\/www.mtekstil.com\/tr\/wp-content\/uploads\/2022\/10\/toptan_baskisiz_yelek_5.jpg","width":1000,"height":1499,"caption":"Toptan Bask\u0131s\u0131z Yelek Fiyatlar\u0131 & Modelleri - Promosyon Bask\u0131s\u0131z Yelek"},{"@type":"WebPage","@id":"https:\/\/www.mtekstil.com\/tr\/urun\/toptan-baskisiz-yelek-mont\/#webpage","url":"https:\/\/www.mtekstil.com\/tr\/urun\/toptan-baskisiz-yelek-mont\/","name":"Toptan Bask\u0131s\u0131z Yelek Fiyatlar\u0131 & Modelleri - Promosyon Bask\u0131s\u0131z Yelek","isPartOf":{"@id":"https:\/\/www.mtekstil.com\/tr\/#website"},"primaryImageOfPage":{"@id":"https:\/\/www.mtekstil.com\/tr\/urun\/toptan-baskisiz-yelek-mont\/#primaryimage"},"datePublished":"2022-10-27T08:05:13+00:00","dateModified":"2022-12-21T19:42:02+00:00","description":"Toptan Bask\u0131s\u0131z Yelek Mont Fiyatlar\u0131 & Modelleri - Promosyon Bask\u0131s\u0131z Yelek: Erkek, bayan bask\u0131s\u0131z toptan yelek modelleri i\u00e7in teklif al\u0131n...","breadcrumb":{"@id":"https:\/\/www.mtekstil.com\/tr\/urun\/toptan-baskisiz-yelek-mont\/#breadcrumb"},"inLanguage":"tr","potentialAction":[{"@type":"ReadAction","target":["https:\/\/www.mtekstil.com\/tr\/urun\/toptan-baskisiz-yelek-mont\/"]}]},{"@type":"BreadcrumbList","@id":"https:\/\/www.mtekstil.com\/tr\/urun\/toptan-baskisiz-yelek-mont\/#breadcrumb","itemListElement":[{"@type":"ListItem","position":1,"name":"Home","item":"https:\/\/www.mtekstil.com\/tr\/"},{"@type":"ListItem","position":2,"name":"\u00dcR\u00dcNLER","item":"https:\/\/www.mtekstil.com\/tr\/urunler\/"},{"@type":"ListItem","position":3,"name":"Bask\u0131s\u0131z Yelek Mont"}]}]}},"_links":{"self":[{"href":"https:\/\/www.mtekstil.com\/tr\/wp-json\/wp\/v2\/product\/5544"}],"collection":[{"href":"https:\/\/www.mtekstil.com\/tr\/wp-json\/wp\/v2\/product"}],"about":[{"href":"https:\/\/www.mtekstil.com\/tr\/wp-json\/wp\/v2\/types\/product"}],"replies":[{"embeddable":true,"href":"https:\/\/www.mtekstil.com\/tr\/wp-json\/wp\/v2\/comments?post=5544"}],"wp:featuredmedia":[{"embeddable":true,"href":"https:\/\/www.mtekstil.com\/tr\/wp-json\/wp\/v2\/media\/5536"}],"wp:attachment":[{"href":"https:\/\/www.mtekstil.com\/tr\/wp-json\/wp\/v2\/media?parent=5544"}],"wp:term":[{"taxonomy":"product_cat","embeddable":true,"href":"https:\/\/www.mtekstil.com\/tr\/wp-json\/wp\/v2\/product_cat?post=5544"},{"taxonomy":"product_tag","embeddable":true,"href":"https:\/\/www.mtekstil.com\/tr\/wp-json\/wp\/v2\/product_tag?post=5544"}],"curies":[{"name":"wp","href":"https:\/\/api.w.org\/{rel}","templated":true}]}}