{"id":6286,"date":"2023-02-01T06:59:56","date_gmt":"2023-02-01T06:59:56","guid":{"rendered":"https:\/\/www.mtekstil.com\/tr\/?post_type=product&#038;p=6286"},"modified":"2024-03-28T03:12:24","modified_gmt":"2024-03-28T03:12:24","slug":"toptan-baskili-bez-canta","status":"publish","type":"product","link":"https:\/\/www.mtekstil.com\/tr\/urun\/toptan-baskili-bez-canta\/","title":{"rendered":"Bask\u0131l\u0131 Bez \u00c7anta"},"content":{"rendered":"<h2>BASKILI BEZ \u00c7ANTA \u00d6ZELL\u0130KLER\u0130<\/h2>\n<p>Toptan bask\u0131l\u0131 bez \u00e7anta<strong>\u00a0renk ve model se\u00e7enekleri<\/strong>\u00a0hakk\u0131nda bilgi almak i\u00e7in yukar\u0131daki\u00a0<strong>F\u0130YAT TEKL\u0130F\u0130 \u0130STE<\/strong>\u00a0 veya\u00a0<strong>DETAYLI B\u0130LG\u0130 AL<\/strong> formlar\u0131na <strong>logo veya tasar\u0131m\u0131n\u0131z\u0131 de ekleyerek<\/strong> taleplerinizi iletebilirsiniz. En k\u0131sa s\u00fcrede size d\u00f6n\u00fc\u015f yapaca\u011f\u0131z<\/p>\n","protected":false},"excerpt":{"rendered":"<p>BASKILI BEZ \u00c7ANTA \u00d6ZELL\u0130KLER\u0130 Toptan bask\u0131l\u0131 bez \u00e7anta\u00a0renk ve model se\u00e7enekleri\u00a0hakk\u0131nda bilgi almak i\u00e7in yukar\u0131daki\u00a0F\u0130YAT TEKL\u0130F\u0130 \u0130STE\u00a0 veya\u00a0DETAYLI B\u0130LG\u0130 AL&#8230;<\/p>\n","protected":false},"featured_media":6281,"comment_status":"open","ping_status":"closed","template":"","meta":[],"product_cat":[117,141],"product_tag":[],"yoast_head":"<!-- This site is optimized with the Yoast SEO plugin v18.8 - https:\/\/yoast.com\/wordpress\/plugins\/seo\/ -->\n<title>Toptan Bask\u0131l\u0131 Bez \u00c7anta Fiyatlar\u0131 - Bask\u0131l\u0131 Ham Bez \u00c7anta Toptan \u0130stanbul<\/title>\n<meta name=\"description\" content=\"Toptan Bask\u0131l\u0131 Bez \u00c7anta Fiyatlar\u0131: Toptan bask\u0131l\u0131 ham bez \u00e7anta model ve renk \u00e7e\u015fitleri i\u00e7in t\u0131klay\u0131n. | F\u0130YAT TEKL\u0130F\u0130 \u0130STEY\u0130N\" \/>\n<meta name=\"robots\" content=\"index, follow, max-snippet:-1, max-image-preview:large, max-video-preview:-1\" \/>\n<link rel=\"canonical\" href=\"https:\/\/www.mtekstil.com\/tr\/urun\/toptan-baskili-bez-canta\/\" \/>\n<meta property=\"og:locale\" content=\"tr_TR\" \/>\n<meta property=\"og:type\" content=\"article\" \/>\n<meta property=\"og:title\" content=\"Toptan Bask\u0131l\u0131 Bez \u00c7anta Fiyatlar\u0131 - Bask\u0131l\u0131 Ham Bez \u00c7anta Toptan \u0130stanbul\" \/>\n<meta property=\"og:description\" content=\"Toptan Bask\u0131l\u0131 Bez \u00c7anta Fiyatlar\u0131: Toptan bask\u0131l\u0131 ham bez \u00e7anta model ve renk \u00e7e\u015fitleri i\u00e7in t\u0131klay\u0131n. | F\u0130YAT TEKL\u0130F\u0130 \u0130STEY\u0130N\" \/>\n<meta property=\"og:url\" content=\"https:\/\/www.mtekstil.com\/tr\/urun\/toptan-baskili-bez-canta\/\" \/>\n<meta property=\"og:site_name\" content=\"Mtekstil\" \/>\n<meta property=\"article:modified_time\" content=\"2024-03-28T03:12:24+00:00\" \/>\n<meta property=\"og:image\" content=\"https:\/\/www.mtekstil.com\/tr\/wp-content\/uploads\/2023\/02\/toptan_baskili_bez_canta_1.jpg\" \/>\n\t<meta property=\"og:image:width\" content=\"1000\" \/>\n\t<meta property=\"og:image:height\" content=\"1000\" \/>\n\t<meta property=\"og:image:type\" content=\"image\/jpeg\" \/>\n<meta name=\"twitter:card\" content=\"summary_large_image\" \/>\n<meta name=\"twitter:label1\" content=\"Tahmini okuma s\u00fcresi\" \/>\n\t<meta name=\"twitter:data1\" content=\"1 dakika\" \/>\n<script type=\"application\/ld+json\" class=\"yoast-schema-graph\">{\"@context\":\"https:\/\/schema.org\",\"@graph\":[{\"@type\":\"WebSite\",\"@id\":\"https:\/\/www.mtekstil.com\/tr\/#website\",\"url\":\"https:\/\/www.mtekstil.com\/tr\/\",\"name\":\"Mtekstil\",\"description\":\"Tekstil Promosyon &Uuml;r&uuml;nleri\",\"potentialAction\":[{\"@type\":\"SearchAction\",\"target\":{\"@type\":\"EntryPoint\",\"urlTemplate\":\"https:\/\/www.mtekstil.com\/tr\/?s={search_term_string}\"},\"query-input\":\"required name=search_term_string\"}],\"inLanguage\":\"tr\"},{\"@type\":\"ImageObject\",\"inLanguage\":\"tr\",\"@id\":\"https:\/\/www.mtekstil.com\/tr\/urun\/toptan-baskili-bez-canta\/#primaryimage\",\"url\":\"https:\/\/www.mtekstil.com\/tr\/wp-content\/uploads\/2023\/02\/toptan_baskili_bez_canta_1.jpg\",\"contentUrl\":\"https:\/\/www.mtekstil.com\/tr\/wp-content\/uploads\/2023\/02\/toptan_baskili_bez_canta_1.jpg\",\"width\":1000,\"height\":1000,\"caption\":\"Toptan Bask\u0131l\u0131 Bez \u00c7anta Fiyatlar\u0131 - Bask\u0131l\u0131 Ham Bez \u00c7anta Toptan \u0130stanbul\"},{\"@type\":\"WebPage\",\"@id\":\"https:\/\/www.mtekstil.com\/tr\/urun\/toptan-baskili-bez-canta\/#webpage\",\"url\":\"https:\/\/www.mtekstil.com\/tr\/urun\/toptan-baskili-bez-canta\/\",\"name\":\"Toptan Bask\u0131l\u0131 Bez \u00c7anta Fiyatlar\u0131 - Bask\u0131l\u0131 Ham Bez \u00c7anta Toptan \u0130stanbul\",\"isPartOf\":{\"@id\":\"https:\/\/www.mtekstil.com\/tr\/#website\"},\"primaryImageOfPage\":{\"@id\":\"https:\/\/www.mtekstil.com\/tr\/urun\/toptan-baskili-bez-canta\/#primaryimage\"},\"datePublished\":\"2023-02-01T06:59:56+00:00\",\"dateModified\":\"2024-03-28T03:12:24+00:00\",\"description\":\"Toptan Bask\u0131l\u0131 Bez \u00c7anta Fiyatlar\u0131: Toptan bask\u0131l\u0131 ham bez \u00e7anta model ve renk \u00e7e\u015fitleri i\u00e7in t\u0131klay\u0131n. | F\u0130YAT TEKL\u0130F\u0130 \u0130STEY\u0130N\",\"breadcrumb\":{\"@id\":\"https:\/\/www.mtekstil.com\/tr\/urun\/toptan-baskili-bez-canta\/#breadcrumb\"},\"inLanguage\":\"tr\",\"potentialAction\":[{\"@type\":\"ReadAction\",\"target\":[\"https:\/\/www.mtekstil.com\/tr\/urun\/toptan-baskili-bez-canta\/\"]}]},{\"@type\":\"BreadcrumbList\",\"@id\":\"https:\/\/www.mtekstil.com\/tr\/urun\/toptan-baskili-bez-canta\/#breadcrumb\",\"itemListElement\":[{\"@type\":\"ListItem\",\"position\":1,\"name\":\"Home\",\"item\":\"https:\/\/www.mtekstil.com\/tr\/\"},{\"@type\":\"ListItem\",\"position\":2,\"name\":\"\u00dcR\u00dcNLER\",\"item\":\"https:\/\/www.mtekstil.com\/tr\/urunler\/\"},{\"@type\":\"ListItem\",\"position\":3,\"name\":\"Bask\u0131l\u0131 Bez \u00c7anta\"}]}]}<\/script>\n<!-- \/ Yoast SEO plugin. -->","yoast_head_json":{"title":"Toptan Bask\u0131l\u0131 Bez \u00c7anta Fiyatlar\u0131 - Bask\u0131l\u0131 Ham Bez \u00c7anta Toptan \u0130stanbul","description":"Toptan Bask\u0131l\u0131 Bez \u00c7anta Fiyatlar\u0131: Toptan bask\u0131l\u0131 ham bez \u00e7anta model ve renk \u00e7e\u015fitleri i\u00e7in t\u0131klay\u0131n. | F\u0130YAT TEKL\u0130F\u0130 \u0130STEY\u0130N","robots":{"index":"index","follow":"follow","max-snippet":"max-snippet:-1","max-image-preview":"max-image-preview:large","max-video-preview":"max-video-preview:-1"},"canonical":"https:\/\/www.mtekstil.com\/tr\/urun\/toptan-baskili-bez-canta\/","og_locale":"tr_TR","og_type":"article","og_title":"Toptan Bask\u0131l\u0131 Bez \u00c7anta Fiyatlar\u0131 - Bask\u0131l\u0131 Ham Bez \u00c7anta Toptan \u0130stanbul","og_description":"Toptan Bask\u0131l\u0131 Bez \u00c7anta Fiyatlar\u0131: Toptan bask\u0131l\u0131 ham bez \u00e7anta model ve renk \u00e7e\u015fitleri i\u00e7in t\u0131klay\u0131n. | F\u0130YAT TEKL\u0130F\u0130 \u0130STEY\u0130N","og_url":"https:\/\/www.mtekstil.com\/tr\/urun\/toptan-baskili-bez-canta\/","og_site_name":"Mtekstil","article_modified_time":"2024-03-28T03:12:24+00:00","og_image":[{"width":1000,"height":1000,"url":"https:\/\/www.mtekstil.com\/tr\/wp-content\/uploads\/2023\/02\/toptan_baskili_bez_canta_1.jpg","type":"image\/jpeg"}],"twitter_card":"summary_large_image","twitter_misc":{"Tahmini okuma s\u00fcresi":"1 dakika"},"schema":{"@context":"https:\/\/schema.org","@graph":[{"@type":"WebSite","@id":"https:\/\/www.mtekstil.com\/tr\/#website","url":"https:\/\/www.mtekstil.com\/tr\/","name":"Mtekstil","description":"Tekstil Promosyon &Uuml;r&uuml;nleri","potentialAction":[{"@type":"SearchAction","target":{"@type":"EntryPoint","urlTemplate":"https:\/\/www.mtekstil.com\/tr\/?s={search_term_string}"},"query-input":"required name=search_term_string"}],"inLanguage":"tr"},{"@type":"ImageObject","inLanguage":"tr","@id":"https:\/\/www.mtekstil.com\/tr\/urun\/toptan-baskili-bez-canta\/#primaryimage","url":"https:\/\/www.mtekstil.com\/tr\/wp-content\/uploads\/2023\/02\/toptan_baskili_bez_canta_1.jpg","contentUrl":"https:\/\/www.mtekstil.com\/tr\/wp-content\/uploads\/2023\/02\/toptan_baskili_bez_canta_1.jpg","width":1000,"height":1000,"caption":"Toptan Bask\u0131l\u0131 Bez \u00c7anta Fiyatlar\u0131 - Bask\u0131l\u0131 Ham Bez \u00c7anta Toptan \u0130stanbul"},{"@type":"WebPage","@id":"https:\/\/www.mtekstil.com\/tr\/urun\/toptan-baskili-bez-canta\/#webpage","url":"https:\/\/www.mtekstil.com\/tr\/urun\/toptan-baskili-bez-canta\/","name":"Toptan Bask\u0131l\u0131 Bez \u00c7anta Fiyatlar\u0131 - Bask\u0131l\u0131 Ham Bez \u00c7anta Toptan \u0130stanbul","isPartOf":{"@id":"https:\/\/www.mtekstil.com\/tr\/#website"},"primaryImageOfPage":{"@id":"https:\/\/www.mtekstil.com\/tr\/urun\/toptan-baskili-bez-canta\/#primaryimage"},"datePublished":"2023-02-01T06:59:56+00:00","dateModified":"2024-03-28T03:12:24+00:00","description":"Toptan Bask\u0131l\u0131 Bez \u00c7anta Fiyatlar\u0131: Toptan bask\u0131l\u0131 ham bez \u00e7anta model ve renk \u00e7e\u015fitleri i\u00e7in t\u0131klay\u0131n. | F\u0130YAT TEKL\u0130F\u0130 \u0130STEY\u0130N","breadcrumb":{"@id":"https:\/\/www.mtekstil.com\/tr\/urun\/toptan-baskili-bez-canta\/#breadcrumb"},"inLanguage":"tr","potentialAction":[{"@type":"ReadAction","target":["https:\/\/www.mtekstil.com\/tr\/urun\/toptan-baskili-bez-canta\/"]}]},{"@type":"BreadcrumbList","@id":"https:\/\/www.mtekstil.com\/tr\/urun\/toptan-baskili-bez-canta\/#breadcrumb","itemListElement":[{"@type":"ListItem","position":1,"name":"Home","item":"https:\/\/www.mtekstil.com\/tr\/"},{"@type":"ListItem","position":2,"name":"\u00dcR\u00dcNLER","item":"https:\/\/www.mtekstil.com\/tr\/urunler\/"},{"@type":"ListItem","position":3,"name":"Bask\u0131l\u0131 Bez \u00c7anta"}]}]}},"_links":{"self":[{"href":"https:\/\/www.mtekstil.com\/tr\/wp-json\/wp\/v2\/product\/6286"}],"collection":[{"href":"https:\/\/www.mtekstil.com\/tr\/wp-json\/wp\/v2\/product"}],"about":[{"href":"https:\/\/www.mtekstil.com\/tr\/wp-json\/wp\/v2\/types\/product"}],"replies":[{"embeddable":true,"href":"https:\/\/www.mtekstil.com\/tr\/wp-json\/wp\/v2\/comments?post=6286"}],"wp:featuredmedia":[{"embeddable":true,"href":"https:\/\/www.mtekstil.com\/tr\/wp-json\/wp\/v2\/media\/6281"}],"wp:attachment":[{"href":"https:\/\/www.mtekstil.com\/tr\/wp-json\/wp\/v2\/media?parent=6286"}],"wp:term":[{"taxonomy":"product_cat","embeddable":true,"href":"https:\/\/www.mtekstil.com\/tr\/wp-json\/wp\/v2\/product_cat?post=6286"},{"taxonomy":"product_tag","embeddable":true,"href":"https:\/\/www.mtekstil.com\/tr\/wp-json\/wp\/v2\/product_tag?post=6286"}],"curies":[{"name":"wp","href":"https:\/\/api.w.org\/{rel}","templated":true}]}}