{"id":6742,"date":"2023-05-05T09:26:35","date_gmt":"2023-05-05T09:26:35","guid":{"rendered":"https:\/\/www.mtekstil.com\/tr\/?post_type=product&#038;p=6742"},"modified":"2023-05-05T12:32:29","modified_gmt":"2023-05-05T12:32:29","slug":"toptan-duz-sapka","status":"publish","type":"product","link":"https:\/\/www.mtekstil.com\/tr\/urun\/toptan-duz-sapka\/","title":{"rendered":"Bask\u0131s\u0131z D\u00fcz \u015eapka"},"content":{"rendered":"<h2>BASKISIZ D\u00dcZ \u015eAPKA \u00d6ZELL\u0130KLER\u0130<\/h2>\n<p>Toptan bask\u0131s\u0131z \u015fapka <strong>renk, model ve kuma\u015f se\u00e7enekleri<\/strong> hakk\u0131nda bilgi almak i\u00e7in yukar\u0131daki <strong>F\u0130YAT TEKL\u0130F\u0130 \u0130STE<\/strong>\u00a0 veya <strong>DETAYLI B\u0130LG\u0130 AL<\/strong> formlar\u0131 ile taleplerinizi iletebilirsiniz. En k\u0131sa s\u00fcrede size d\u00f6n\u00fc\u015f yapaca\u011f\u0131z.<\/p>\n","protected":false},"excerpt":{"rendered":"<p>BASKISIZ D\u00dcZ \u015eAPKA \u00d6ZELL\u0130KLER\u0130 Toptan bask\u0131s\u0131z \u015fapka renk, model ve kuma\u015f se\u00e7enekleri hakk\u0131nda bilgi almak i\u00e7in yukar\u0131daki F\u0130YAT TEKL\u0130F\u0130 \u0130STE\u00a0&#8230;<\/p>\n","protected":false},"featured_media":6748,"comment_status":"open","ping_status":"closed","template":"","meta":[],"product_cat":[114],"product_tag":[],"yoast_head":"<!-- This site is optimized with the Yoast SEO plugin v18.8 - https:\/\/yoast.com\/wordpress\/plugins\/seo\/ -->\n<title>Toptan D\u00fcz \u015eapka Fiyatlar\u0131 \u0130stanbul - Toptan Promosyon \u015eapka \u0130stanbul<\/title>\n<meta name=\"description\" content=\"Toptan D\u00fcz \u015eapka Fiyatlar\u0131 \u0130stanbul - Toptan Promosyon \u015eapka \u0130stanbul: Renk, model, kuma\u015f bilgisi ve F\u0130YAT TEKL\u0130F\u0130 ALMAK i\u00e7in t\u0131klay\u0131n...\" \/>\n<meta name=\"robots\" content=\"index, follow, max-snippet:-1, max-image-preview:large, max-video-preview:-1\" \/>\n<link rel=\"canonical\" href=\"https:\/\/www.mtekstil.com\/tr\/urun\/toptan-duz-sapka\/\" \/>\n<meta property=\"og:locale\" content=\"tr_TR\" \/>\n<meta property=\"og:type\" content=\"article\" \/>\n<meta property=\"og:title\" content=\"Toptan D\u00fcz \u015eapka Fiyatlar\u0131 \u0130stanbul - Toptan Promosyon \u015eapka \u0130stanbul\" \/>\n<meta property=\"og:description\" content=\"Toptan D\u00fcz \u015eapka Fiyatlar\u0131 \u0130stanbul - Toptan Promosyon \u015eapka \u0130stanbul: Renk, model, kuma\u015f bilgisi ve F\u0130YAT TEKL\u0130F\u0130 ALMAK i\u00e7in t\u0131klay\u0131n...\" \/>\n<meta property=\"og:url\" content=\"https:\/\/www.mtekstil.com\/tr\/urun\/toptan-duz-sapka\/\" \/>\n<meta property=\"og:site_name\" content=\"Mtekstil\" \/>\n<meta property=\"article:modified_time\" content=\"2023-05-05T12:32:29+00:00\" \/>\n<meta property=\"og:image\" content=\"https:\/\/www.mtekstil.com\/tr\/wp-content\/uploads\/2023\/05\/toptan_duz_sapka_4.jpg\" \/>\n\t<meta property=\"og:image:width\" content=\"640\" \/>\n\t<meta property=\"og:image:height\" content=\"959\" \/>\n\t<meta property=\"og:image:type\" content=\"image\/jpeg\" \/>\n<meta name=\"twitter:card\" content=\"summary_large_image\" \/>\n<meta name=\"twitter:label1\" content=\"Tahmini okuma s\u00fcresi\" \/>\n\t<meta name=\"twitter:data1\" content=\"1 dakika\" \/>\n<script type=\"application\/ld+json\" class=\"yoast-schema-graph\">{\"@context\":\"https:\/\/schema.org\",\"@graph\":[{\"@type\":\"WebSite\",\"@id\":\"https:\/\/www.mtekstil.com\/tr\/#website\",\"url\":\"https:\/\/www.mtekstil.com\/tr\/\",\"name\":\"Mtekstil\",\"description\":\"Tekstil Promosyon &Uuml;r&uuml;nleri\",\"potentialAction\":[{\"@type\":\"SearchAction\",\"target\":{\"@type\":\"EntryPoint\",\"urlTemplate\":\"https:\/\/www.mtekstil.com\/tr\/?s={search_term_string}\"},\"query-input\":\"required name=search_term_string\"}],\"inLanguage\":\"tr\"},{\"@type\":\"ImageObject\",\"inLanguage\":\"tr\",\"@id\":\"https:\/\/www.mtekstil.com\/tr\/urun\/toptan-duz-sapka\/#primaryimage\",\"url\":\"https:\/\/www.mtekstil.com\/tr\/wp-content\/uploads\/2023\/05\/toptan_duz_sapka_4.jpg\",\"contentUrl\":\"https:\/\/www.mtekstil.com\/tr\/wp-content\/uploads\/2023\/05\/toptan_duz_sapka_4.jpg\",\"width\":640,\"height\":959},{\"@type\":\"WebPage\",\"@id\":\"https:\/\/www.mtekstil.com\/tr\/urun\/toptan-duz-sapka\/#webpage\",\"url\":\"https:\/\/www.mtekstil.com\/tr\/urun\/toptan-duz-sapka\/\",\"name\":\"Toptan D\u00fcz \u015eapka Fiyatlar\u0131 \u0130stanbul - Toptan Promosyon \u015eapka \u0130stanbul\",\"isPartOf\":{\"@id\":\"https:\/\/www.mtekstil.com\/tr\/#website\"},\"primaryImageOfPage\":{\"@id\":\"https:\/\/www.mtekstil.com\/tr\/urun\/toptan-duz-sapka\/#primaryimage\"},\"datePublished\":\"2023-05-05T09:26:35+00:00\",\"dateModified\":\"2023-05-05T12:32:29+00:00\",\"description\":\"Toptan D\u00fcz \u015eapka Fiyatlar\u0131 \u0130stanbul - Toptan Promosyon \u015eapka \u0130stanbul: Renk, model, kuma\u015f bilgisi ve F\u0130YAT TEKL\u0130F\u0130 ALMAK i\u00e7in t\u0131klay\u0131n...\",\"breadcrumb\":{\"@id\":\"https:\/\/www.mtekstil.com\/tr\/urun\/toptan-duz-sapka\/#breadcrumb\"},\"inLanguage\":\"tr\",\"potentialAction\":[{\"@type\":\"ReadAction\",\"target\":[\"https:\/\/www.mtekstil.com\/tr\/urun\/toptan-duz-sapka\/\"]}]},{\"@type\":\"BreadcrumbList\",\"@id\":\"https:\/\/www.mtekstil.com\/tr\/urun\/toptan-duz-sapka\/#breadcrumb\",\"itemListElement\":[{\"@type\":\"ListItem\",\"position\":1,\"name\":\"Home\",\"item\":\"https:\/\/www.mtekstil.com\/tr\/\"},{\"@type\":\"ListItem\",\"position\":2,\"name\":\"\u00dcR\u00dcNLER\",\"item\":\"https:\/\/www.mtekstil.com\/tr\/urunler\/\"},{\"@type\":\"ListItem\",\"position\":3,\"name\":\"Bask\u0131s\u0131z D\u00fcz \u015eapka\"}]}]}<\/script>\n<!-- \/ Yoast SEO plugin. -->","yoast_head_json":{"title":"Toptan D\u00fcz \u015eapka Fiyatlar\u0131 \u0130stanbul - Toptan Promosyon \u015eapka \u0130stanbul","description":"Toptan D\u00fcz \u015eapka Fiyatlar\u0131 \u0130stanbul - Toptan Promosyon \u015eapka \u0130stanbul: Renk, model, kuma\u015f bilgisi ve F\u0130YAT TEKL\u0130F\u0130 ALMAK i\u00e7in t\u0131klay\u0131n...","robots":{"index":"index","follow":"follow","max-snippet":"max-snippet:-1","max-image-preview":"max-image-preview:large","max-video-preview":"max-video-preview:-1"},"canonical":"https:\/\/www.mtekstil.com\/tr\/urun\/toptan-duz-sapka\/","og_locale":"tr_TR","og_type":"article","og_title":"Toptan D\u00fcz \u015eapka Fiyatlar\u0131 \u0130stanbul - Toptan Promosyon \u015eapka \u0130stanbul","og_description":"Toptan D\u00fcz \u015eapka Fiyatlar\u0131 \u0130stanbul - Toptan Promosyon \u015eapka \u0130stanbul: Renk, model, kuma\u015f bilgisi ve F\u0130YAT TEKL\u0130F\u0130 ALMAK i\u00e7in t\u0131klay\u0131n...","og_url":"https:\/\/www.mtekstil.com\/tr\/urun\/toptan-duz-sapka\/","og_site_name":"Mtekstil","article_modified_time":"2023-05-05T12:32:29+00:00","og_image":[{"width":640,"height":959,"url":"https:\/\/www.mtekstil.com\/tr\/wp-content\/uploads\/2023\/05\/toptan_duz_sapka_4.jpg","type":"image\/jpeg"}],"twitter_card":"summary_large_image","twitter_misc":{"Tahmini okuma s\u00fcresi":"1 dakika"},"schema":{"@context":"https:\/\/schema.org","@graph":[{"@type":"WebSite","@id":"https:\/\/www.mtekstil.com\/tr\/#website","url":"https:\/\/www.mtekstil.com\/tr\/","name":"Mtekstil","description":"Tekstil Promosyon &Uuml;r&uuml;nleri","potentialAction":[{"@type":"SearchAction","target":{"@type":"EntryPoint","urlTemplate":"https:\/\/www.mtekstil.com\/tr\/?s={search_term_string}"},"query-input":"required name=search_term_string"}],"inLanguage":"tr"},{"@type":"ImageObject","inLanguage":"tr","@id":"https:\/\/www.mtekstil.com\/tr\/urun\/toptan-duz-sapka\/#primaryimage","url":"https:\/\/www.mtekstil.com\/tr\/wp-content\/uploads\/2023\/05\/toptan_duz_sapka_4.jpg","contentUrl":"https:\/\/www.mtekstil.com\/tr\/wp-content\/uploads\/2023\/05\/toptan_duz_sapka_4.jpg","width":640,"height":959},{"@type":"WebPage","@id":"https:\/\/www.mtekstil.com\/tr\/urun\/toptan-duz-sapka\/#webpage","url":"https:\/\/www.mtekstil.com\/tr\/urun\/toptan-duz-sapka\/","name":"Toptan D\u00fcz \u015eapka Fiyatlar\u0131 \u0130stanbul - Toptan Promosyon \u015eapka \u0130stanbul","isPartOf":{"@id":"https:\/\/www.mtekstil.com\/tr\/#website"},"primaryImageOfPage":{"@id":"https:\/\/www.mtekstil.com\/tr\/urun\/toptan-duz-sapka\/#primaryimage"},"datePublished":"2023-05-05T09:26:35+00:00","dateModified":"2023-05-05T12:32:29+00:00","description":"Toptan D\u00fcz \u015eapka Fiyatlar\u0131 \u0130stanbul - Toptan Promosyon \u015eapka \u0130stanbul: Renk, model, kuma\u015f bilgisi ve F\u0130YAT TEKL\u0130F\u0130 ALMAK i\u00e7in t\u0131klay\u0131n...","breadcrumb":{"@id":"https:\/\/www.mtekstil.com\/tr\/urun\/toptan-duz-sapka\/#breadcrumb"},"inLanguage":"tr","potentialAction":[{"@type":"ReadAction","target":["https:\/\/www.mtekstil.com\/tr\/urun\/toptan-duz-sapka\/"]}]},{"@type":"BreadcrumbList","@id":"https:\/\/www.mtekstil.com\/tr\/urun\/toptan-duz-sapka\/#breadcrumb","itemListElement":[{"@type":"ListItem","position":1,"name":"Home","item":"https:\/\/www.mtekstil.com\/tr\/"},{"@type":"ListItem","position":2,"name":"\u00dcR\u00dcNLER","item":"https:\/\/www.mtekstil.com\/tr\/urunler\/"},{"@type":"ListItem","position":3,"name":"Bask\u0131s\u0131z D\u00fcz \u015eapka"}]}]}},"_links":{"self":[{"href":"https:\/\/www.mtekstil.com\/tr\/wp-json\/wp\/v2\/product\/6742"}],"collection":[{"href":"https:\/\/www.mtekstil.com\/tr\/wp-json\/wp\/v2\/product"}],"about":[{"href":"https:\/\/www.mtekstil.com\/tr\/wp-json\/wp\/v2\/types\/product"}],"replies":[{"embeddable":true,"href":"https:\/\/www.mtekstil.com\/tr\/wp-json\/wp\/v2\/comments?post=6742"}],"wp:featuredmedia":[{"embeddable":true,"href":"https:\/\/www.mtekstil.com\/tr\/wp-json\/wp\/v2\/media\/6748"}],"wp:attachment":[{"href":"https:\/\/www.mtekstil.com\/tr\/wp-json\/wp\/v2\/media?parent=6742"}],"wp:term":[{"taxonomy":"product_cat","embeddable":true,"href":"https:\/\/www.mtekstil.com\/tr\/wp-json\/wp\/v2\/product_cat?post=6742"},{"taxonomy":"product_tag","embeddable":true,"href":"https:\/\/www.mtekstil.com\/tr\/wp-json\/wp\/v2\/product_tag?post=6742"}],"curies":[{"name":"wp","href":"https:\/\/api.w.org\/{rel}","templated":true}]}}